{"id":3877,"date":"2022-11-28T02:11:58","date_gmt":"2022-11-28T02:11:58","guid":{"rendered":"https:\/\/originshape.com\/?page_id=3877"},"modified":"2026-03-30T20:50:24","modified_gmt":"2026-03-30T20:50:24","slug":"membresia-origin","status":"publish","type":"page","link":"https:\/\/originshape.com\/es\/membresia-origin\/","title":{"rendered":"MEMBRES\u00cdA"},"content":{"rendered":"<p>\n<style type=\"text\/css\" data-created_by=\"avia_inline_auto\" id=\"style-css-av-lbglcxgd-090068f8d2fb483816f0df115c317264\">\n.avia-section.av-lbglcxgd-090068f8d2fb483816f0df115c317264{\nbackground-color:#c40000;\n}\n<\/style>\n<div id='av_section_1'  class='avia-section av-lbglcxgd-090068f8d2fb483816f0df115c317264 main_color avia-section-default avia-no-border-styling  avia-builder-el-0  el_before_av_section  avia-builder-el-first  avia-bg-style-scroll container_wrap fullsize'  ><div class='container av-section-cont-open' ><main  role=\"main\" itemprop=\"mainContentOfPage\"  class='template-page content  av-content-full alpha units'><div class='post-entry post-entry-type-page post-entry-3877'><div class='entry-content-wrapper clearfix'> \n<style type=\"text\/css\" data-created_by=\"avia_inline_auto\" id=\"style-css-av-lb05mfxn-1656961fede6b765d9afbd960b00bfce\">\n#top .av-special-heading.av-lb05mfxn-1656961fede6b765d9afbd960b00bfce{\npadding-bottom:10px;\ncolor:#ffffff;\n}\nbody .av-special-heading.av-lb05mfxn-1656961fede6b765d9afbd960b00bfce .av-special-heading-tag .heading-char{\nfont-size:25px;\n}\n.av-special-heading.av-lb05mfxn-1656961fede6b765d9afbd960b00bfce .special-heading-inner-border{\nborder-color:#ffffff;\n}\n.av-special-heading.av-lb05mfxn-1656961fede6b765d9afbd960b00bfce .av-subheading{\nfont-size:15px;\n}\n<\/style>\n<div  class='av-special-heading av-lb05mfxn-1656961fede6b765d9afbd960b00bfce av-special-heading-h6 custom-color-heading blockquote modern-quote modern-centered  avia-builder-el-1  avia-builder-el-no-sibling'><h6 class='av-special-heading-tag'  itemprop=\"headline\"  >MEMBRESIA ORIGIN<\/h6><div class=\"special-heading-border\"><div class=\"special-heading-inner-border\"><\/div><\/div><\/div>  <\/div><\/div><\/main><!-- close content main element --><\/div><\/div>\n<style type=\"text\/css\" data-created_by=\"avia_inline_auto\" id=\"style-css-av-lb2rl3hw-ee4e72463445b383970d1fa91bfdc337\">\n.avia-section.av-lb2rl3hw-ee4e72463445b383970d1fa91bfdc337{\nbackground-color:#000000;\n}\n<\/style>\n<div id='av_section_2'  class='avia-section av-lb2rl3hw-ee4e72463445b383970d1fa91bfdc337 main_color avia-section-default avia-no-border-styling  avia-builder-el-2  el_after_av_section  el_before_av_section  av-desktop-hide av-medium-hide av-small-hide avia-bg-style-scroll container_wrap fullsize'  ><div class='container av-section-cont-open' ><div class='template-page content  av-content-full alpha units'><div class='post-entry post-entry-type-page post-entry-3877'><div class='entry-content-wrapper clearfix'> \n<style type=\"text\/css\" data-created_by=\"avia_inline_auto\" id=\"style-css-av-19nye9h-27ae4a04abab90116ce366be6c525bb2\">\n.av_font_icon.av-19nye9h-27ae4a04abab90116ce366be6c525bb2 .av-icon-char{\nfont-size:55px;\nline-height:55px;\n}\n<\/style>\n<span  class='av_font_icon av-19nye9h-27ae4a04abab90116ce366be6c525bb2 avia_animate_when_visible av-icon-style- avia-icon-pos-center av-no-color avia-icon-animate'><span class='av-icon-char' aria-hidden='true' data-av_icon='\ue80c' data-av_iconfont='entypo-fontello' ><\/span><\/span> <section  class='av_textblock_section av-liabtjmo-e28407bfbaac4796e03e97a8991def23'  itemscope=\"itemscope\" itemtype=\"https:\/\/schema.org\/CreativeWork\" ><div class='avia_textblock'  itemprop=\"text\" ><p style=\"text-align: center;\"><em>Membres\u00eda Origin ofrece un plan de gimnasio revolucionario que combina entrenamientos presenciales en instalaciones de primer nivel con una gu\u00eda virtual completa. Disfruta de equipos modernos y espaciosas \u00e1reas de entrenamiento, mientras recibes orientaci\u00f3n paso a paso a trav\u00e9s de nuestra plataforma virtual. El enfoque h\u00edbrido te brinda flexibilidad y la oportunidad de personalizar tus rutinas de ejercicios, maximizando tus resultados. \u00danete a Membres\u00eda Origin y experimenta lo mejor de ambos mundos para alcanzar tus metas de acondicionamiento f\u00edsico.<\/em><\/p>\n<\/div><\/section> \n<style type=\"text\/css\" data-created_by=\"avia_inline_auto\" id=\"style-css-av-xru8at-75e76e80bdd83466ae82562f99fdc5c0\">\n.flex_column.av-xru8at-75e76e80bdd83466ae82562f99fdc5c0{\nborder-radius:0px 0px 0px 0px;\n-webkit-border-radius:0px 0px 0px 0px;\n-moz-border-radius:0px 0px 0px 0px;\n}\n<\/style>\n<div class='flex_column av-xru8at-75e76e80bdd83466ae82562f99fdc5c0 av_one_half  avia-builder-el-5  el_after_av_textblock  el_before_av_one_half  first flex_column_div av-zero-column-padding column-top-margin'   ><p> <div  class='hr av-gi9h11-4280656953af65737a4dd28e792d295d hr-short  avia-builder-el-6  el_before_av_textblock  avia-builder-el-first  hr-center'><span class='hr-inner'><span class=\"hr-inner-style\"><\/span><\/span><\/div> \n<style type=\"text\/css\" data-created_by=\"avia_inline_auto\" id=\"style-css-av-lb14yeno-fd50547095d82b4c55601e4f5668d099\">\n#top .av_textblock_section.av-lb14yeno-fd50547095d82b4c55601e4f5668d099 .avia_textblock{\nfont-size:16px;\ncolor:#666666;\n}\n<\/style>\n<section  class='av_textblock_section av-lb14yeno-fd50547095d82b4c55601e4f5668d099'  itemscope=\"itemscope\" itemtype=\"https:\/\/schema.org\/CreativeWork\" ><div class='avia_textblock av_inherit_color'  itemprop=\"text\" ><h3 style=\"text-align: center;\"><span style=\"color: #ffffff;\"><em><strong>Beneficios<\/strong><\/em><\/span><\/h3>\n<p style=\"text-align: center;\"><span style=\"color: #ffffff;\"><em><strong>&#8211; Access Card\u00a0<\/strong><\/em><\/span> <span style=\"color: #ffffff;\"> <em> <strong> - Seguimiento en grupo via WhatsApp<\/strong><\/em><\/span> <span style=\"color: #ffffff;\"> <em> <strong> - Plataforma Virtual de Entrenamientos y Rutinas  con Videos Explicativos<\/strong><\/em><\/span> <span style=\"color: #ffffff;\"><em><strong>- Guia de Entrenamiento<\/strong><\/em><\/span> <span style=\"color: #ffffff;\"> <em> <strong> &#8211; 4 Guests per month (Visiting days are Friday)<\/strong><\/em><\/span><\/p>\n<p style=\"text-align: center;\"><span style=\"color: #ffffff;\"><strong><em>&#8211; 10% DISCOUNT ON <a style=\"color: #ffffff;\" href=\"https:\/\/originshape.com\/es\/crosstraining\/\">CROSSTRAINING<\/a> GROUP WORKOUT<\/em><\/strong><\/span><\/p>\n<p style=\"text-align: center;\"><span style=\"color: #ffffff;\"><em><strong>&#8211; Schedule: 5am-9pm<\/strong><\/em><\/span><\/p>\n<p style=\"text-align: center;\"><span style=\"color: #ffffff;\"><em><strong>&#8211; Discounts Paying Full Year<\/strong><\/em><\/span><\/p>\n<p style=\"text-align: center;\"><span style=\"color: #ffffff;\"><a style=\"color: #ffffff;\" href=\"https:\/\/originshape.com\/es\/general-conditions\/\"><em>General Conditions<\/em><\/a><\/span><\/p>\n<p style=\"text-align: center;\">\u00a0<\/p>\n<\/div><\/section> <\/p><\/div>\n<style type=\"text\/css\" data-created_by=\"avia_inline_auto\" id=\"style-css-av-t5a03p-83d3f77a44130223f444d66d6741664e\">\n.flex_column.av-t5a03p-83d3f77a44130223f444d66d6741664e{\nborder-radius:0px 0px 0px 0px;\n-webkit-border-radius:0px 0px 0px 0px;\n-moz-border-radius:0px 0px 0px 0px;\n}\n<\/style>\n<div class='flex_column av-t5a03p-83d3f77a44130223f444d66d6741664e av_one_half  avia-builder-el-8  el_after_av_one_half  avia-builder-el-last  flex_column_div av-zero-column-padding column-top-margin'   ><p> <div  class='hr av-2wdsrp-cad46a448ebc987345a2f6c450f21921 hr-short  avia-builder-el-9  el_before_av_textblock  avia-builder-el-first  hr-center'><span class='hr-inner'><span class=\"hr-inner-style\"><\/span><\/span><\/div> \n<style type=\"text\/css\" data-created_by=\"avia_inline_auto\" id=\"style-css-av-q1uq8l-309bb290505c6eaee817e51fffdc923d\">\n#top .av_textblock_section.av-q1uq8l-309bb290505c6eaee817e51fffdc923d .avia_textblock{\nfont-size:16px;\ncolor:#666666;\n}\n<\/style>\n<section  class='av_textblock_section av-q1uq8l-309bb290505c6eaee817e51fffdc923d'  itemscope=\"itemscope\" itemtype=\"https:\/\/schema.org\/CreativeWork\" ><div class='avia_textblock av_inherit_color'  itemprop=\"text\" ><h2 style=\"text-align: center;\">\u00a0<\/h2>\n<h2 style=\"text-align: center;\">\u00a0<\/h2>\n<h4 style=\"text-align: center;\"><span style=\"color: #ffffff;\"><strong style=\"font-size: 16px;\">Inscripci\u00f3n:<\/strong><\/span><\/h4>\n<h4 style=\"text-align: center;\"><strong><span style=\"color: #ffffff;\">Cost\u00a0<\/span><\/strong><strong><span style=\"color: #c40808;\"><em><span style=\"color: #ffffff;\">Today: <span style=\"color: #c40808;\">US$95.00<\/span><\/span><\/em><\/span><\/strong><\/h4>\n<h4 style=\"text-align: center;\"><strong><span style=\"color: #ffffff;\">Membres\u00eda:<\/span><\/strong><\/h4>\n<h4 style=\"text-align: center;\"><strong><span style=\"color: #ffffff;\">Costo:<\/span> <span style=\"color: #c40808;\"><em>US$ 49.00<\/em><\/span> <span style=\"color: #ffffff;\">\/ Mensual<\/span><\/strong><\/h4>\n<p style=\"text-align: center;\">\u00a0<\/p>\n<\/div><\/section> \n<style type=\"text\/css\" data-created_by=\"avia_inline_auto\" id=\"style-css-av-6pup1-31d1d4d238c9ab615c80f2ddb0d49741\">\n#top .av_textblock_section.av-6pup1-31d1d4d238c9ab615c80f2ddb0d49741 .avia_textblock{\nfont-size:16px;\ncolor:#666666;\n}\n<\/style>\n<section  class='av_textblock_section av-6pup1-31d1d4d238c9ab615c80f2ddb0d49741'  itemscope=\"itemscope\" itemtype=\"https:\/\/schema.org\/CreativeWork\" ><div class='avia_textblock av_inherit_color'  itemprop=\"text\" ><h2 style=\"text-align: center;\">\u00a0<\/h2>\n<h2 style=\"text-align: center;\"><a href=\"https:\/\/originshape.com\/es\/consultation-appo\/\"><strong><em><span style=\"color: #ffffff; font-size: medium;\"><span style=\"caret-color: #ffffff;\">RESERVA YA!<\/span><\/span><\/em><\/strong><\/a><\/h2>\n<p style=\"padding-left: 40px; text-align: center;\">\u00a0<\/p>\n<p style=\"text-align: center;\">\u00a0<\/p>\n<\/div><\/section> <\/p><\/div><\/div><\/div><\/div><!-- close content main div --><\/div><\/div>\n<style type=\"text\/css\" data-created_by=\"avia_inline_auto\" id=\"style-css-av-lb2rlcxy-ca18e85ab0a367e372ee1c5f7d4eeca3\">\n.avia-section.av-lb2rlcxy-ca18e85ab0a367e372ee1c5f7d4eeca3{\nbackground-color:#000000;\n}\n<\/style>\n<div id='av_section_3'  class='avia-section av-lb2rlcxy-ca18e85ab0a367e372ee1c5f7d4eeca3 main_color avia-section-default avia-no-border-styling  avia-builder-el-12  el_after_av_section  avia-builder-el-last  av-mini-hide avia-bg-style-scroll container_wrap fullsize'  ><div class='container av-section-cont-open' ><div class='template-page content  av-content-full alpha units'><div class='post-entry post-entry-type-page post-entry-3877'><div class='entry-content-wrapper clearfix'> \n<style type=\"text\/css\" data-created_by=\"avia_inline_auto\" id=\"style-css-av-u2apb9-973f187bdc131dc2df8dbfed372e4230\">\n.av_font_icon.av-u2apb9-973f187bdc131dc2df8dbfed372e4230 .av-icon-char{\nfont-size:55px;\nline-height:55px;\n}\n<\/style>\n<span  class='av_font_icon av-u2apb9-973f187bdc131dc2df8dbfed372e4230 avia_animate_when_visible av-icon-style- avia-icon-pos-center av-no-color avia-icon-animate'><span class='av-icon-char' aria-hidden='true' data-av_icon='\ue80c' data-av_iconfont='entypo-fontello' ><\/span><\/span> <section  class='av_textblock_section av-18w605-1e91f98785ed973d1f3a753e2824668e'  itemscope=\"itemscope\" itemtype=\"https:\/\/schema.org\/CreativeWork\" ><div class='avia_textblock'  itemprop=\"text\" ><p style=\"text-align: center;\"><em>Membres\u00eda Origin ofrece un plan de gimnasio revolucionario que combina entrenamientos presenciales en instalaciones de primer nivel con una gu\u00eda virtual completa. Disfruta de equipos modernos y espaciosas \u00e1reas de entrenamiento, mientras recibes orientaci\u00f3n paso a paso a trav\u00e9s de nuestra plataforma virtual. El enfoque h\u00edbrido te brinda flexibilidad y la oportunidad de personalizar tus rutinas de ejercicios, maximizando tus resultados. \u00danete a Membres\u00eda Origin y experimenta lo mejor de ambos mundos para alcanzar tus metas de acondicionamiento f\u00edsico.<\/em><\/p>\n<\/div><\/section> \n<style type=\"text\/css\" data-created_by=\"avia_inline_auto\" id=\"style-css-av-6awt2d-109dd25fa3617a869cd3b9744fe8a40d\">\n.flex_column.av-6awt2d-109dd25fa3617a869cd3b9744fe8a40d{\nborder-radius:0px 0px 0px 0px;\n-webkit-border-radius:0px 0px 0px 0px;\n-moz-border-radius:0px 0px 0px 0px;\n}\n<\/style>\n<div class='flex_column av-6awt2d-109dd25fa3617a869cd3b9744fe8a40d av_one_half  avia-builder-el-15  el_after_av_textblock  el_before_av_one_half  first flex_column_div av-zero-column-padding column-top-margin'   ><p> <div  class='hr av-49x2at-fa40b8e4ecec422f3892040b15fb5798 hr-short  avia-builder-el-16  el_before_av_textblock  avia-builder-el-first  hr-center'><span class='hr-inner'><span class=\"hr-inner-style\"><\/span><\/span><\/div> \n<style type=\"text\/css\" data-created_by=\"avia_inline_auto\" id=\"style-css-av-266apx-a9eb2e7d1f253bc445f9e411999f2a9c\">\n#top .av_textblock_section.av-266apx-a9eb2e7d1f253bc445f9e411999f2a9c .avia_textblock{\nfont-size:16px;\ncolor:#666666;\n}\n<\/style>\n<section  class='av_textblock_section av-266apx-a9eb2e7d1f253bc445f9e411999f2a9c'  itemscope=\"itemscope\" itemtype=\"https:\/\/schema.org\/CreativeWork\" ><div class='avia_textblock av_inherit_color'  itemprop=\"text\" ><h3 style=\"text-align: center;\"><span style=\"color: #ffffff;\"><em><strong>Beneficios<\/strong><\/em><\/span><\/h3>\n<p style=\"text-align: center;\"><span style=\"color: #ffffff;\"><em><strong>&#8211; Access Card\u00a0<\/strong><\/em><\/span> <span style=\"color: #ffffff;\"> <em> <strong> - Seguimiento en grupo via WhatsApp<\/strong><\/em><\/span> <span style=\"color: #ffffff;\"> <em> <strong> - Plataforma Virtual de Entrenamientos y Rutinas  con Videos Explicativos<\/strong><\/em><\/span> <span style=\"color: #ffffff;\"><em><strong>- Guia de Entrenamiento<\/strong><\/em><\/span> <span style=\"color: #ffffff;\"> <em> <strong> &#8211; 4 Guests per month (Visiting days are Friday)<\/strong><\/em><\/span><\/p>\n<p style=\"text-align: center;\"><span style=\"color: #ffffff;\"><strong><em>&#8211; 10% DISCOUNT ON <a style=\"color: #ffffff;\" href=\"https:\/\/originshape.com\/es\/crosstraining\/\">CROSSTRAINING<\/a> GROUP WORKOUT<\/em><\/strong><\/span><\/p>\n<p style=\"text-align: center;\"><span style=\"color: #ffffff;\"><em><strong>&#8211; Schedule: 5am-9pm<\/strong><\/em><\/span><\/p>\n<p style=\"text-align: center;\"><span style=\"color: #ffffff;\"><em><strong>&#8211; Discounts Paying Full Year<\/strong><\/em><\/span><\/p>\n<p style=\"text-align: center;\"><span style=\"color: #ffffff;\"><a style=\"color: #ffffff;\" href=\"https:\/\/originshape.com\/es\/general-conditions\/\"><em>General Conditions<\/em><\/a><\/span><\/p>\n<p style=\"text-align: center;\">\u00a0<\/p>\n<\/div><\/section> <\/p><\/div>\n<style type=\"text\/css\" data-created_by=\"avia_inline_auto\" id=\"style-css-av-av_one_half-49f6e875884219cf77c24341e550af53\">\n.flex_column.av-av_one_half-49f6e875884219cf77c24341e550af53{\nborder-radius:0px 0px 0px 0px;\n-webkit-border-radius:0px 0px 0px 0px;\n-moz-border-radius:0px 0px 0px 0px;\n}\n<\/style>\n<div class='flex_column av-av_one_half-49f6e875884219cf77c24341e550af53 av_one_half  avia-builder-el-18  el_after_av_one_half  avia-builder-el-last  flex_column_div av-zero-column-padding column-top-margin'   ><p> <div  class='hr av-av_hr-403c6b7c4ef2832f2bba461a738e582c hr-short  avia-builder-el-19  el_before_av_textblock  avia-builder-el-first  hr-center'><span class='hr-inner'><span class=\"hr-inner-style\"><\/span><\/span><\/div> \n<style type=\"text\/css\" data-created_by=\"avia_inline_auto\" id=\"style-css-av-av_textblock-d72fcadd2d8e3356e138d2ba7a449783\">\n#top .av_textblock_section.av-av_textblock-d72fcadd2d8e3356e138d2ba7a449783 .avia_textblock{\nfont-size:16px;\ncolor:#666666;\n}\n<\/style>\n<section  class='av_textblock_section av-av_textblock-d72fcadd2d8e3356e138d2ba7a449783'  itemscope=\"itemscope\" itemtype=\"https:\/\/schema.org\/CreativeWork\" ><div class='avia_textblock av_inherit_color'  itemprop=\"text\" ><h2 style=\"text-align: center;\">\u00a0<\/h2>\n<h2 style=\"text-align: center;\">\u00a0<\/h2>\n<h4 style=\"text-align: center;\"><span style=\"color: #ffffff;\"><strong style=\"font-size: 16px;\">Inscripci\u00f3n:<\/strong><\/span><\/h4>\n<h4 style=\"text-align: center;\"><strong><span style=\"color: #ffffff;\">Cost\u00a0<\/span><\/strong><strong><span style=\"color: #c40808;\"><em><span style=\"color: #ffffff;\">Today: <span style=\"color: #c40808;\">US$95.00<\/span><\/span><\/em><\/span><\/strong><\/h4>\n<h4 style=\"text-align: center;\"><strong><span style=\"color: #ffffff;\">Membres\u00eda:<\/span><\/strong><\/h4>\n<h4 style=\"text-align: center;\"><strong><span style=\"color: #ffffff;\">Costo:<\/span> <span style=\"color: #c40808;\"><em>US$ 49.00<\/em><\/span> <span style=\"color: #ffffff;\">\/ Mensual<\/span><\/strong><\/h4>\n<p style=\"text-align: center;\">\u00a0<\/p>\n<\/div><\/section> \n<style type=\"text\/css\" data-created_by=\"avia_inline_auto\" id=\"style-css-av-av_textblock-49e793894c77ad2935f0f79c0363c70a\">\n#top .av_textblock_section.av-av_textblock-49e793894c77ad2935f0f79c0363c70a .avia_textblock{\nfont-size:16px;\ncolor:#666666;\n}\n<\/style>\n<section  class='av_textblock_section av-av_textblock-49e793894c77ad2935f0f79c0363c70a'  itemscope=\"itemscope\" itemtype=\"https:\/\/schema.org\/CreativeWork\" ><div class='avia_textblock av_inherit_color'  itemprop=\"text\" ><h2 style=\"text-align: center;\">\u00a0<\/h2>\n<h2 style=\"text-align: center;\"><a href=\"https:\/\/originshape.com\/es\/consultation-appo\/\"><strong><em><span style=\"color: #ffffff; font-size: medium;\"><span style=\"caret-color: #ffffff;\">RESERVA YA!<\/span><\/span><\/em><\/strong><\/a><\/h2>\n<p style=\"padding-left: 40px; text-align: center;\">\u00a0<\/p>\n<p style=\"text-align: center;\">\u00a0<\/p>\n<\/div><\/section> <\/p><\/div><\/p>","protected":false},"excerpt":{"rendered":"","protected":false},"author":88984,"featured_media":0,"parent":0,"menu_order":0,"comment_status":"closed","ping_status":"closed","template":"","meta":{"footnotes":""},"class_list":["post-3877","page","type-page","status-publish","hentry"],"yoast_head":"<!-- This site is optimized with the Yoast SEO plugin v24.0 - https:\/\/yoast.com\/wordpress\/plugins\/seo\/ -->\n<title>\u25b7Gimnasio en SANTIAGO, Rep Dom - ORIGIN SHAPE<\/title>\n<meta name=\"description\" content=\"OFERTA! Acceso al Gimnasio\/ Gym \ud83e\udd38\ud83c\udffe Centro de Nutrici\u00f3n Personalizada \ud83e\udd57 Entrenador Personal\ud83c\udfcb\ud83c\udffd\u200d\u2642\ufe0f Online Coaching \u2705 Comida Saludable \ud83e\udd69\" \/>\n<meta name=\"robots\" content=\"index, follow, max-snippet:-1, max-image-preview:large, max-video-preview:-1\" \/>\n<link rel=\"canonical\" href=\"https:\/\/originshape.com\/es\/membresia-origin\/\" \/>\n<meta property=\"og:locale\" content=\"es_ES\" \/>\n<meta property=\"og:type\" content=\"article\" \/>\n<meta property=\"og:title\" content=\"\u25b7Gimnasio en SANTIAGO, Rep Dom - ORIGIN SHAPE\" \/>\n<meta property=\"og:description\" content=\"OFERTA! Acceso al Gimnasio\/ Gym \ud83e\udd38\ud83c\udffe Centro de Nutrici\u00f3n Personalizada \ud83e\udd57 Entrenador Personal\ud83c\udfcb\ud83c\udffd\u200d\u2642\ufe0f Online Coaching \u2705 Comida Saludable \ud83e\udd69\" \/>\n<meta property=\"og:url\" content=\"https:\/\/originshape.com\/es\/membresia-origin\/\" \/>\n<meta property=\"og:site_name\" content=\"Origin Shape\" \/>\n<meta property=\"article:modified_time\" content=\"2026-03-30T20:50:24+00:00\" \/>\n<meta name=\"twitter:label1\" content=\"Est. reading time\" \/>\n\t<meta name=\"twitter:data1\" content=\"4 minutos\" \/>\n<script type=\"application\/ld+json\" class=\"yoast-schema-graph\">{\"@context\":\"https:\/\/schema.org\",\"@graph\":[{\"@type\":\"WebPage\",\"@id\":\"https:\/\/originshape.com\/membresia-origin\/\",\"url\":\"https:\/\/originshape.com\/membresia-origin\/\",\"name\":\"\u25b7Gimnasio en SANTIAGO, Rep Dom - ORIGIN SHAPE\",\"isPartOf\":{\"@id\":\"https:\/\/originshape.com\/#website\"},\"datePublished\":\"2022-11-28T02:11:58+00:00\",\"dateModified\":\"2026-03-30T20:50:24+00:00\",\"description\":\"OFERTA! Acceso al Gimnasio\/ Gym \ud83e\udd38\ud83c\udffe Centro de Nutrici\u00f3n Personalizada \ud83e\udd57 Entrenador Personal\ud83c\udfcb\ud83c\udffd\u200d\u2642\ufe0f Online Coaching \u2705 Comida Saludable \ud83e\udd69\",\"breadcrumb\":{\"@id\":\"https:\/\/originshape.com\/membresia-origin\/#breadcrumb\"},\"inLanguage\":\"es-DO\",\"potentialAction\":[{\"@type\":\"ReadAction\",\"target\":[\"https:\/\/originshape.com\/membresia-origin\/\"]}]},{\"@type\":\"BreadcrumbList\",\"@id\":\"https:\/\/originshape.com\/membresia-origin\/#breadcrumb\",\"itemListElement\":[{\"@type\":\"ListItem\",\"position\":1,\"name\":\"Home\",\"item\":\"https:\/\/originshape.com\/\"},{\"@type\":\"ListItem\",\"position\":2,\"name\":\"MEMBRES\u00cdA\"}]},{\"@type\":\"WebSite\",\"@id\":\"https:\/\/originshape.com\/#website\",\"url\":\"https:\/\/originshape.com\/\",\"name\":\"Origin Shape\",\"description\":\"Nutrition and Fitness\",\"publisher\":{\"@id\":\"https:\/\/originshape.com\/#organization\"},\"potentialAction\":[{\"@type\":\"SearchAction\",\"target\":{\"@type\":\"EntryPoint\",\"urlTemplate\":\"https:\/\/originshape.com\/?s={search_term_string}\"},\"query-input\":{\"@type\":\"PropertyValueSpecification\",\"valueRequired\":true,\"valueName\":\"search_term_string\"}}],\"inLanguage\":\"es-DO\"},{\"@type\":\"Organization\",\"@id\":\"https:\/\/originshape.com\/#organization\",\"name\":\"Origin Shape\",\"url\":\"https:\/\/originshape.com\/\",\"logo\":{\"@type\":\"ImageObject\",\"inLanguage\":\"es-DO\",\"@id\":\"https:\/\/originshape.com\/#\/schema\/logo\/image\/\",\"url\":\"https:\/\/originshape.com\/wp-content\/uploads\/2022\/12\/39C56CFB-F744-41B1-9128-E6E7FF57EA6D.png\",\"contentUrl\":\"https:\/\/originshape.com\/wp-content\/uploads\/2022\/12\/39C56CFB-F744-41B1-9128-E6E7FF57EA6D.png\",\"width\":512,\"height\":512,\"caption\":\"Origin Shape\"},\"image\":{\"@id\":\"https:\/\/originshape.com\/#\/schema\/logo\/image\/\"}}]}<\/script>\n<!-- \/ Yoast SEO plugin. -->","yoast_head_json":{"title":"\u25b7Gimnasio en SANTIAGO, Rep Dom - ORIGIN SHAPE","description":"OFERTA! Acceso al Gimnasio\/ Gym \ud83e\udd38\ud83c\udffe Centro de Nutrici\u00f3n Personalizada \ud83e\udd57 Entrenador Personal\ud83c\udfcb\ud83c\udffd\u200d\u2642\ufe0f Online Coaching \u2705 Comida Saludable \ud83e\udd69","robots":{"index":"index","follow":"follow","max-snippet":"max-snippet:-1","max-image-preview":"max-image-preview:large","max-video-preview":"max-video-preview:-1"},"canonical":"https:\/\/originshape.com\/es\/membresia-origin\/","og_locale":"es_ES","og_type":"article","og_title":"\u25b7Gimnasio en SANTIAGO, Rep Dom - ORIGIN SHAPE","og_description":"OFERTA! Acceso al Gimnasio\/ Gym \ud83e\udd38\ud83c\udffe Centro de Nutrici\u00f3n Personalizada \ud83e\udd57 Entrenador Personal\ud83c\udfcb\ud83c\udffd\u200d\u2642\ufe0f Online Coaching \u2705 Comida Saludable \ud83e\udd69","og_url":"https:\/\/originshape.com\/es\/membresia-origin\/","og_site_name":"Origin Shape","article_modified_time":"2026-03-30T20:50:24+00:00","twitter_misc":{"Est. reading time":"4 minutos"},"schema":{"@context":"https:\/\/schema.org","@graph":[{"@type":"WebPage","@id":"https:\/\/originshape.com\/membresia-origin\/","url":"https:\/\/originshape.com\/membresia-origin\/","name":"\u25b7Gimnasio en SANTIAGO, Rep Dom - ORIGIN SHAPE","isPartOf":{"@id":"https:\/\/originshape.com\/#website"},"datePublished":"2022-11-28T02:11:58+00:00","dateModified":"2026-03-30T20:50:24+00:00","description":"OFERTA! Acceso al Gimnasio\/ Gym \ud83e\udd38\ud83c\udffe Centro de Nutrici\u00f3n Personalizada \ud83e\udd57 Entrenador Personal\ud83c\udfcb\ud83c\udffd\u200d\u2642\ufe0f Online Coaching \u2705 Comida Saludable \ud83e\udd69","breadcrumb":{"@id":"https:\/\/originshape.com\/membresia-origin\/#breadcrumb"},"inLanguage":"es-DO","potentialAction":[{"@type":"ReadAction","target":["https:\/\/originshape.com\/membresia-origin\/"]}]},{"@type":"BreadcrumbList","@id":"https:\/\/originshape.com\/membresia-origin\/#breadcrumb","itemListElement":[{"@type":"ListItem","position":1,"name":"Home","item":"https:\/\/originshape.com\/"},{"@type":"ListItem","position":2,"name":"MEMBRES\u00cdA"}]},{"@type":"WebSite","@id":"https:\/\/originshape.com\/#website","url":"https:\/\/originshape.com\/","name":"Origin Shape","description":"Nutrition and Fitness","publisher":{"@id":"https:\/\/originshape.com\/#organization"},"potentialAction":[{"@type":"SearchAction","target":{"@type":"EntryPoint","urlTemplate":"https:\/\/originshape.com\/?s={search_term_string}"},"query-input":{"@type":"PropertyValueSpecification","valueRequired":true,"valueName":"search_term_string"}}],"inLanguage":"es-DO"},{"@type":"Organization","@id":"https:\/\/originshape.com\/#organization","name":"Origin Shape","url":"https:\/\/originshape.com\/","logo":{"@type":"ImageObject","inLanguage":"es-DO","@id":"https:\/\/originshape.com\/#\/schema\/logo\/image\/","url":"https:\/\/originshape.com\/wp-content\/uploads\/2022\/12\/39C56CFB-F744-41B1-9128-E6E7FF57EA6D.png","contentUrl":"https:\/\/originshape.com\/wp-content\/uploads\/2022\/12\/39C56CFB-F744-41B1-9128-E6E7FF57EA6D.png","width":512,"height":512,"caption":"Origin Shape"},"image":{"@id":"https:\/\/originshape.com\/#\/schema\/logo\/image\/"}}]}},"jetpack_sharing_enabled":true,"_links":{"self":[{"href":"https:\/\/originshape.com\/es\/wp-json\/wp\/v2\/pages\/3877","targetHints":{"allow":["GET"]}}],"collection":[{"href":"https:\/\/originshape.com\/es\/wp-json\/wp\/v2\/pages"}],"about":[{"href":"https:\/\/originshape.com\/es\/wp-json\/wp\/v2\/types\/page"}],"author":[{"embeddable":true,"href":"https:\/\/originshape.com\/es\/wp-json\/wp\/v2\/users\/88984"}],"replies":[{"embeddable":true,"href":"https:\/\/originshape.com\/es\/wp-json\/wp\/v2\/comments?post=3877"}],"version-history":[{"count":31,"href":"https:\/\/originshape.com\/es\/wp-json\/wp\/v2\/pages\/3877\/revisions"}],"predecessor-version":[{"id":9710,"href":"https:\/\/originshape.com\/es\/wp-json\/wp\/v2\/pages\/3877\/revisions\/9710"}],"wp:attachment":[{"href":"https:\/\/originshape.com\/es\/wp-json\/wp\/v2\/media?parent=3877"}],"curies":[{"name":"wp","href":"https:\/\/api.w.org\/{rel}","templated":true}]}}