{"id":4313,"date":"2022-12-01T04:01:34","date_gmt":"2022-12-01T04:01:34","guid":{"rendered":"https:\/\/originshape.com\/?page_id=4313"},"modified":"2023-07-12T01:03:45","modified_gmt":"2023-07-12T01:03:45","slug":"la-vida-pasada-y-su-alimentacion","status":"publish","type":"page","link":"https:\/\/originshape.com\/es\/la-vida-pasada-y-su-alimentacion\/","title":{"rendered":"La vida Pasada y su alimentaci\u00f3n."},"content":{"rendered":"<div  class='avia-button-wrap avia-button-center  avia-builder-el-0  el_before_av_section  avia-builder-el-no-sibling' ><a href='https:\/\/originshape.com\/es\/introduccion\/'  class='avia-button av-lb4jue0c-f3a624c1aa42eb6062de0ae31d5cb6bf avia-icon_select-yes-left-icon avia-size-small avia-position-center avia-color-dark' ><span class='avia_button_icon avia_button_icon_left' aria-hidden='true' data-av_icon='\ue84e' data-av_iconfont='entypo-fontello'><\/span><span class='avia_iconbox_title' >INTRODUCCI\u00d3N <\/span><\/a><\/div>\n<\/div><\/div><\/div><!-- close content main div --><\/div><\/div>\n<style type=\"text\/css\" data-created_by=\"avia_inline_auto\" id=\"style-css-av-lb4jvael-30b1e653d96402a5d18da7755bc99cb3\">\n.avia-section.av-lb4jvael-30b1e653d96402a5d18da7755bc99cb3{\nbackground-color:#0a0a0a;\nbackground-repeat:no-repeat;\nbackground-image:url(https:\/\/originshape.com\/wp-content\/uploads\/2022\/12\/39C56CFB-F744-41B1-9128-E6E7FF57EA6D.png);\nbackground-position:50% 100%;\nbackground-attachment:fixed;\n}\n<\/style>\n<div id='av_section_1'  class='avia-section av-lb4jvael-30b1e653d96402a5d18da7755bc99cb3 main_color avia-section-default avia-no-border-styling  avia-builder-el-1  el_after_av_button  avia-builder-el-last  av-desktop-hide av-medium-hide avia-bg-style-fixed container_wrap fullsize'  data-section-bg-repeat='no-repeat'><div class='container av-section-cont-open' ><div class='template-page content  av-content-full alpha units'><div class='post-entry post-entry-type-page post-entry-4313'><div class='entry-content-wrapper clearfix'>\n<div class='flex_column av-60a0jd-6e6abca98b15ebfef418729ef33221a6 av_one_full  avia-builder-el-2  el_before_av_two_fifth  avia-builder-el-first  first flex_column_div'   ><section  class='av_textblock_section av-lb4joqm1-45f79715d6748b6eac83cfbd4b57f50d'  itemscope=\"itemscope\" itemtype=\"https:\/\/schema.org\/CreativeWork\" ><div class='avia_textblock'  itemprop=\"text\" ><h2 style=\"text-align: center;\"><span style=\"color: #ffffff;\">VIDA PASADA<\/span><\/h2>\n<h2 style=\"text-align: center;\"><span style=\"color: #ffffff;\">&#038;<\/span><\/h2>\n<h2 style=\"text-align: center;\"><span style=\"color: #ffffff;\">\u00a0ALIMENTACI\u00d3N<\/span><\/h2>\n<\/div><\/section><br \/>\n\n<style type=\"text\/css\" data-created_by=\"avia_inline_auto\" id=\"style-css-av-2xk8vt-cbc0f5713474e754611008ce24f546f1\">\n#top .hr.av-2xk8vt-cbc0f5713474e754611008ce24f546f1{\nmargin-top:30px;\nmargin-bottom:30px;\n}\n.hr.av-2xk8vt-cbc0f5713474e754611008ce24f546f1 .hr-inner{\nwidth:50px;\nborder-color:#000000;\n}\n<\/style>\n<div  class='hr av-2xk8vt-cbc0f5713474e754611008ce24f546f1 hr-custom  avia-builder-el-4  el_after_av_textblock  el_before_av_video  hr-center hr-icon-no'><span class='hr-inner inner-border-av-border-thin'><span class=\"hr-inner-style\"><\/span><\/span><\/div><br \/>\n\n<style type=\"text\/css\" data-created_by=\"avia_inline_auto\" id=\"style-css-av-lj47n9u0-110f965755f1e63a8b934e522dbb4db2\">\n.avia-video.av-lj47n9u0-110f965755f1e63a8b934e522dbb4db2{\npadding-bottom:178%;\n}\n<\/style>\n<div  class='avia-video av-lj47n9u0-110f965755f1e63a8b934e522dbb4db2 avia-video-custom av-no-preview-image avia-video-load-always av-lazyload-immediate av-lazyload-video-embed'  itemprop=\"video\" itemtype=\"https:\/\/schema.org\/VideoObject\"  data-original_url='https:\/\/vimeo.com\/837778501?share=copy'><script type='text\/html' class='av-video-tmpl'><div class='avia-iframe-wrap'><iframe loading=\"lazy\" title=\"Vida pasada (Copy)\" src=\"https:\/\/player.vimeo.com\/video\/837778501?dnt=1&amp;app_id=122963&autoplay=0&loop=0&controls=1&muted=0\" width=\"563\" height=\"1000\" frameborder=\"0\" allow=\"autoplay; fullscreen; picture-in-picture\" allowfullscreen><\/iframe><\/div><\/script><div class='av-click-to-play-overlay'><div class=\"avia_playpause_icon\"><\/div><\/div><\/div><\/p><\/div>\n<style type=\"text\/css\" data-created_by=\"avia_inline_auto\" id=\"style-css-av-3vvgh5-a28ef47680a62b3527c81d520ced70cf\">\n.flex_column.av-3vvgh5-a28ef47680a62b3527c81d520ced70cf{\nborder-radius:0 0 0 0;\n-webkit-border-radius:0 0 0 0;\n-moz-border-radius:0 0 0 0;\n}\n<\/style>\n<div class='flex_column av-3vvgh5-a28ef47680a62b3527c81d520ced70cf av_two_fifth  avia-builder-el-6  el_after_av_one_full  el_before_av_one_third  first flex_column_div column-top-margin'   ><section  class='av_textblock_section av-21870p-0ba8a5d404285cd85395109875d60652'  itemscope=\"itemscope\" itemtype=\"https:\/\/schema.org\/CreativeWork\" ><div class='avia_textblock'  itemprop=\"text\" ><p style=\"text-align: JUSTIFY;\"><span style=\"color: #ffffff;\">Miles de a\u00f1os atr\u00e1s, cuando no hab\u00eda supermercados, neveras, frezzer, colmados, restaurantes. Mucho m\u00e1s atr\u00e1s de los comienzos de la ganader\u00eda y la agricultura, cuando se tenia que salir a cazar y recolectar. Se era n\u00f3mada o<span class=\"Apple-converted-space\">\u00a0 <\/span>se viv\u00eda en cavernas, chozas y el m\u00e9todo de alimentarse era completamente distinto. El hecho de salir a cazar y recolectar implicaba cierto grado de actividad f\u00edsica moderado-intenso. Incluso m\u00e1s intenso que moderado. Porque el recolectar implicaba caminar por varios kil\u00f3metros. Recolectaban<span class=\"Apple-converted-space\">\u00a0 <\/span>tub\u00e9rculos, ra\u00edces, algunas hojas, frutas y semillas. De igual manera, si fuera en \u00e1rboles altos para recolectar frutos y semillas se tendr\u00eda que escalar el \u00e1rbol, movimiento que ser\u00eda imposible si se estuviera en sobrepeso-obesidad. Agreg\u00e1ndole a eso, al recolectar, ir\u00edas incrementando peso en tus manos o en el canasto qu\u00e9 tuvieras para poner la recolecta. Eso har\u00eda se las caminatas<span class=\"Apple-converted-space\">\u00a0 <\/span>sean con carga, nada f\u00e1cil. De igual manera con el hecho de cazar. Dependiendo de lo que fueras a cazar se necesita una estrategia. Desde saber sobre c\u00f3mo manipular una lanza, hacha, machete, arco y flecha, entre otras herramientas que se usaban. Esto implica estar previamente entrenado para saber c\u00f3mo usar estas herramientas. Lo que confirma una actividad f\u00edsica por igual moderada-intensa previo a ir por la comida. M\u00e1s bien, no solo lo hac\u00edan por la comida, si no tambi\u00e9n como medio de supervivencia y seguridad.<span class=\"Apple-converted-space\">\u00a0 <\/span>Luego de la cazar\u00eda deb\u00edan volver a su tribu o donde fueran, completamente cargados de lo que cazaron. Estas cargas podr\u00edan andar desde las 30-150lbs o m\u00e1s, en caminatas de probablemente kil\u00f3metros de distancia para llegar a su destino. Cabe destacar que el cazar ser\u00eda un oficio m\u00e1s intenso que recolectar. El hecho de cazar en algunos casos podr\u00eda representar un escenario que podr\u00eda estar entre la vida y la muerte, ya sea por el tipo de animal que fueran a cazar.<span class=\"Apple-converted-space\">\u00a0<\/span><\/span><\/p>\n<p style=\"text-align: JUSTIFY;\">\n<\/div><\/section><\/div><div class='flex_column av-3kad1l-d5e203260e024ffbbcc7f2f2f805190f av_one_third  avia-builder-el-8  el_after_av_two_fifth  el_before_av_one_fourth  flex_column_div column-top-margin'   ><section  class='av_textblock_section av-lb4l537q-6e0bd94b13a5451e63b3185697003395'  itemscope=\"itemscope\" itemtype=\"https:\/\/schema.org\/CreativeWork\" ><div class='avia_textblock'  itemprop=\"text\" ><h3 style=\"text-align: center;\"><span style=\"color: #ffffff;\">Estilo de vida primitivo<\/span><\/h3>\n<\/div><\/section><br \/>\n<div  class='avia-video av-liw56h6c-313afd3376979912fb00d1b081af5286 avia-video-16-9 av-html5-fullscreen-btn av-no-preview-image avia-video-load-always av-lazyload-immediate av-lazyload-video-embed'  itemprop=\"video\" itemtype=\"https:\/\/schema.org\/VideoObject\"  data-original_url='https:\/\/www.youtube.com\/watch?v=1kevQdR0b68'><script type='text\/html' class='av-video-tmpl'><a href=\"https:\/\/www.youtube.com\/watch?v=1kevQdR0b68\">https:\/\/www.youtube.com\/watch?v=1kevQdR0b68<\/a><\/script><div class='av-click-to-play-overlay'><div class=\"avia_playpause_icon\"><\/div><\/div><\/div><br \/>\n<div  class='hr av-4lc60p-9c190fcea96c68c341115a424f9650b9 hr-short  avia-builder-el-11  el_after_av_video  el_before_av_video  hr-center'><span class='hr-inner'><span class=\"hr-inner-style\"><\/span><\/span><\/div><br \/>\n<div  class='avia-video av-liw56ruf-ca0ffd5c33821df851468764cc6006a8 avia-video-16-9 av-html5-fullscreen-btn av-no-preview-image avia-video-load-always av-lazyload-immediate av-lazyload-video-embed'  itemprop=\"video\" itemtype=\"https:\/\/schema.org\/VideoObject\"  data-original_url='https:\/\/www.youtube.com\/watch?v=9k5UEFPGpfU'><script type='text\/html' class='av-video-tmpl'><a href=\"https:\/\/www.youtube.com\/watch?v=9k5UEFPGpfU\">https:\/\/www.youtube.com\/watch?v=9k5UEFPGpfU<\/a><\/script><div class='av-click-to-play-overlay'><div class=\"avia_playpause_icon\"><\/div><\/div><\/div><\/p><\/div><div class='flex_column av-3au7o9-11400c45cadcc84d2720da8713da5425 av_one_fourth  avia-builder-el-13  el_after_av_one_third  el_before_av_two_fifth  flex_column_div column-top-margin'   ><section  class='av_textblock_section av-lb4zxw22-c01709bb9c711ce16fc560f66d6b3b7c'  itemscope=\"itemscope\" itemtype=\"https:\/\/schema.org\/CreativeWork\" ><div class='avia_textblock'  itemprop=\"text\" ><p style=\"text-align: center;\"><strong><span style=\"color: #ffffff;\">Esquema del intercambio de neurotrasmisores por la formula:<\/span><\/strong><\/p>\n<p style=\"text-align: center;\"><strong><span style=\"color: #ffffff;\">(recolectar\/cazar + comer + Experiencia en la Naturaleza = Vida).<\/span><\/strong><\/p>\n<\/div><\/section><br \/>\n<div  class='hr av-lb4jp3ti-44398c462c8dcc95d62473dc77786b71 hr-short  avia-builder-el-15  el_after_av_textblock  el_before_av_gallery  hr-center'><span class='hr-inner'><span class=\"hr-inner-style\"><\/span><\/span><\/div><br \/>\n\n<style type=\"text\/css\" data-created_by=\"avia_inline_auto\" id=\"style-css-av-lb5001bs-abcc10d0b82ddafea713ff2d70a04c5b\">\n#top .avia-gallery.av-lb5001bs-abcc10d0b82ddafea713ff2d70a04c5b .avia-gallery-thumb a{\nwidth:20%;\n}\n<\/style>\n<div  class='avia-gallery av-lb5001bs-abcc10d0b82ddafea713ff2d70a04c5b avia_animate_when_visible  avia-builder-el-16  el_after_av_hr  avia-builder-el-last  av-hide-gallery-thumbs deactivate_avia_lazyload avia-gallery-animate avia-gallery-1'  itemprop=\"image\" itemscope=\"itemscope\" itemtype=\"https:\/\/schema.org\/ImageObject\" ><meta itemprop=\"contentURL\" content=\"La vida Pasada y su alimentaci\u00f3n.\">La vida Pasada y su alimentaci\u00f3n.<\/meta><a class='avia-gallery-big fakeLightbox lightbox avia-gallery-big-crop-thumb' href=\"https:\/\/originshape.com\/wp-content\/uploads\/2022\/11\/Conexion-Naturaleza-Comer-CazarRecolect-3-1-1030x579.png\" data-srcset=\"https:\/\/originshape.com\/wp-content\/uploads\/2022\/11\/Conexion-Naturaleza-Comer-CazarRecolect-3-1-1030x579.png 1030w, https:\/\/originshape.com\/wp-content\/uploads\/2022\/11\/Conexion-Naturaleza-Comer-CazarRecolect-3-1-300x169.png 300w, https:\/\/originshape.com\/wp-content\/uploads\/2022\/11\/Conexion-Naturaleza-Comer-CazarRecolect-3-1-768x432.png 768w, https:\/\/originshape.com\/wp-content\/uploads\/2022\/11\/Conexion-Naturaleza-Comer-CazarRecolect-3-1-1536x864.png 1536w, https:\/\/originshape.com\/wp-content\/uploads\/2022\/11\/Conexion-Naturaleza-Comer-CazarRecolect-3-1.png 2048w, https:\/\/originshape.com\/wp-content\/uploads\/2022\/11\/Conexion-Naturaleza-Comer-CazarRecolect-3-1-1500x844.png 1500w, https:\/\/originshape.com\/wp-content\/uploads\/2022\/11\/Conexion-Naturaleza-Comer-CazarRecolect-3-1-705x397.png 705w, https:\/\/originshape.com\/wp-content\/uploads\/2022\/11\/Conexion-Naturaleza-Comer-CazarRecolect-3-1-450x253.png 450w, https:\/\/originshape.com\/wp-content\/uploads\/2022\/11\/Conexion-Naturaleza-Comer-CazarRecolect-3-1-600x338.png 600w\" data-sizes=\"(max-width: 1030px) 100vw, 1030px\"  data-onclick='1' title='' ><span class='avia-gallery-big-inner'  itemprop=\"thumbnailUrl\" ><img decoding=\"async\" class=\"wp-image-3950 avia-img-lazy-loading-not-3950\"  width=\"495\" height=\"400\" src=\"https:\/\/originshape.com\/wp-content\/uploads\/2022\/11\/Conexion-Naturaleza-Comer-CazarRecolect-3-1-495x400.png\" title='' alt='' srcset=\"https:\/\/originshape.com\/wp-content\/uploads\/2022\/11\/Conexion-Naturaleza-Comer-CazarRecolect-3-1-495x400.png 495w, https:\/\/originshape.com\/wp-content\/uploads\/2022\/11\/Conexion-Naturaleza-Comer-CazarRecolect-3-1-845x684.png 845w\" sizes=\"(max-width: 495px) 100vw, 495px\" \/><\/span><\/a><div class='avia-gallery-thumb'><a href=\"https:\/\/originshape.com\/wp-content\/uploads\/2022\/11\/Conexion-Naturaleza-Comer-CazarRecolect-3-1-1030x579.png\" data-srcset=\"https:\/\/originshape.com\/wp-content\/uploads\/2022\/11\/Conexion-Naturaleza-Comer-CazarRecolect-3-1-1030x579.png 1030w, https:\/\/originshape.com\/wp-content\/uploads\/2022\/11\/Conexion-Naturaleza-Comer-CazarRecolect-3-1-300x169.png 300w, https:\/\/originshape.com\/wp-content\/uploads\/2022\/11\/Conexion-Naturaleza-Comer-CazarRecolect-3-1-768x432.png 768w, https:\/\/originshape.com\/wp-content\/uploads\/2022\/11\/Conexion-Naturaleza-Comer-CazarRecolect-3-1-1536x864.png 1536w, https:\/\/originshape.com\/wp-content\/uploads\/2022\/11\/Conexion-Naturaleza-Comer-CazarRecolect-3-1.png 2048w, https:\/\/originshape.com\/wp-content\/uploads\/2022\/11\/Conexion-Naturaleza-Comer-CazarRecolect-3-1-1500x844.png 1500w, https:\/\/originshape.com\/wp-content\/uploads\/2022\/11\/Conexion-Naturaleza-Comer-CazarRecolect-3-1-705x397.png 705w, https:\/\/originshape.com\/wp-content\/uploads\/2022\/11\/Conexion-Naturaleza-Comer-CazarRecolect-3-1-450x253.png 450w, https:\/\/originshape.com\/wp-content\/uploads\/2022\/11\/Conexion-Naturaleza-Comer-CazarRecolect-3-1-600x338.png 600w\" data-sizes=\"(max-width: 1030px) 100vw, 1030px\" data-rel='gallery-1' data-prev-img='https:\/\/originshape.com\/wp-content\/uploads\/2022\/11\/Conexion-Naturaleza-Comer-CazarRecolect-3-1-495x400.png' class='first_thumb lightbox' data-onclick='1' title=''  itemprop=\"thumbnailUrl\"  ><img decoding=\"async\" class=\"wp-image-3950 avia-img-lazy-loading-not-3950\"   src=\"https:\/\/originshape.com\/wp-content\/uploads\/2022\/11\/Conexion-Naturaleza-Comer-CazarRecolect-3-1-495x400.png\" width=\"495\" height=\"400\"  title='' alt='' srcset=\"https:\/\/originshape.com\/wp-content\/uploads\/2022\/11\/Conexion-Naturaleza-Comer-CazarRecolect-3-1-495x400.png 495w, https:\/\/originshape.com\/wp-content\/uploads\/2022\/11\/Conexion-Naturaleza-Comer-CazarRecolect-3-1-845x684.png 845w\" sizes=\"(max-width: 495px) 100vw, 495px\" \/><div class='big-prev-fake'><img loading=\"lazy\" decoding=\"async\" class=\"wp-image-3950 avia-img-lazy-loading-3950\"  width=\"495\" height=\"400\" src=\"https:\/\/originshape.com\/wp-content\/uploads\/2022\/11\/Conexion-Naturaleza-Comer-CazarRecolect-3-1-495x400.png\" title='' alt='' srcset=\"https:\/\/originshape.com\/wp-content\/uploads\/2022\/11\/Conexion-Naturaleza-Comer-CazarRecolect-3-1-495x400.png 495w, https:\/\/originshape.com\/wp-content\/uploads\/2022\/11\/Conexion-Naturaleza-Comer-CazarRecolect-3-1-845x684.png 845w\" sizes=\"auto, (max-width: 495px) 100vw, 495px\" \/><\/div><\/a><\/div><\/div><\/p><\/div><div class='flex_column av-2pmytl-c89fabcb5dc3247a48a81b27aaed5931 av_two_fifth  avia-builder-el-17  el_after_av_one_fourth  el_before_av_one_third  first flex_column_div column-top-margin'   ><section  class='av_textblock_section av-lb4lobc1-a6ac36468ca063659557b72234906fb8'  itemscope=\"itemscope\" itemtype=\"https:\/\/schema.org\/CreativeWork\" ><div class='avia_textblock'  itemprop=\"text\" ><p style=\"text-align: JUSTIFY;\">\n<p style=\"text-align: JUSTIFY;\"><span style=\"color: #ffffff;\">Todo esto era una traves\u00eda sumergida a la naturaleza, haciendo que la experiencia al comer lo conseguido fuera un momento casi perfecto y muy placentero. No solamente porque estaban comiendo saludable, si no tambi\u00e9n por los neurotransmisores liberados por el hecho de lograr conseguir comida, m\u00e1s los neurotransmisores liberados por la actividad f\u00edsica que tuvieron. El contacto permanente con el ambiente y ecosistema de la naturaleza es una experiencia completamente distinta y mucho m\u00e1s placentera a nivel de la salud mental, comparado con el hecho de ir a un supermercado, comprar nachos, queso derretido moderno, algunas sodas y postres para luego sentarte a la televisi\u00f3n en una habitaci\u00f3n con el aire en 17. El detalle es que estas personas ni siquiera pensaban y analizaban esta ciencia detr\u00e1s del hecho de (recolectar\/cazar + comer + Experiencia en la Naturaleza = Vida). Pues era lo \u00fanico que ten\u00edan y no hab\u00eda manera de comparar ni analizar.<span class=\"Apple-converted-space\">\u00a0<\/span><\/span><\/p>\n<\/div><\/section><\/div><div class='flex_column av-2tjkjt-78fb349e2859288be845fb62f8e04760 av_one_third  avia-builder-el-19  el_after_av_two_fifth  avia-builder-el-last  flex_column_div column-top-margin'   ><section  class='av_textblock_section av-lb4ll8sx-34eeca9df123120d511eee6830bd62f1'  itemscope=\"itemscope\" itemtype=\"https:\/\/schema.org\/CreativeWork\" ><div class='avia_textblock'  itemprop=\"text\" ><\/div><\/section><\/div>","protected":false},"excerpt":{"rendered":"","protected":false},"author":88984,"featured_media":0,"parent":0,"menu_order":0,"comment_status":"closed","ping_status":"closed","template":"","meta":{"footnotes":""},"class_list":["post-4313","page","type-page","status-publish","hentry"],"yoast_head":"<!-- This site is optimized with the Yoast SEO plugin v24.0 - https:\/\/yoast.com\/wordpress\/plugins\/seo\/ -->\n<title>La vida Pasada y su alimentaci\u00f3n. - Origin Shape<\/title>\n<meta name=\"robots\" content=\"index, follow, max-snippet:-1, max-image-preview:large, max-video-preview:-1\" \/>\n<link rel=\"canonical\" href=\"https:\/\/originshape.com\/es\/la-vida-pasada-y-su-alimentacion\/\" \/>\n<meta property=\"og:locale\" content=\"es_ES\" \/>\n<meta property=\"og:type\" content=\"article\" \/>\n<meta property=\"og:title\" content=\"La vida Pasada y su alimentaci\u00f3n. - Origin Shape\" \/>\n<meta property=\"og:url\" content=\"https:\/\/originshape.com\/es\/la-vida-pasada-y-su-alimentacion\/\" \/>\n<meta property=\"og:site_name\" content=\"Origin Shape\" \/>\n<meta property=\"article:modified_time\" content=\"2023-07-12T01:03:45+00:00\" \/>\n<meta name=\"twitter:label1\" content=\"Est. reading time\" \/>\n\t<meta name=\"twitter:data1\" content=\"6 minutos\" \/>\n<script type=\"application\/ld+json\" class=\"yoast-schema-graph\">{\"@context\":\"https:\/\/schema.org\",\"@graph\":[{\"@type\":\"WebPage\",\"@id\":\"https:\/\/originshape.com\/la-vida-pasada-y-su-alimentacion\/\",\"url\":\"https:\/\/originshape.com\/la-vida-pasada-y-su-alimentacion\/\",\"name\":\"La vida Pasada y su alimentaci\u00f3n. - Origin Shape\",\"isPartOf\":{\"@id\":\"https:\/\/originshape.com\/#website\"},\"datePublished\":\"2022-12-01T04:01:34+00:00\",\"dateModified\":\"2023-07-12T01:03:45+00:00\",\"breadcrumb\":{\"@id\":\"https:\/\/originshape.com\/la-vida-pasada-y-su-alimentacion\/#breadcrumb\"},\"inLanguage\":\"es-DO\",\"potentialAction\":[{\"@type\":\"ReadAction\",\"target\":[\"https:\/\/originshape.com\/la-vida-pasada-y-su-alimentacion\/\"]}]},{\"@type\":\"BreadcrumbList\",\"@id\":\"https:\/\/originshape.com\/la-vida-pasada-y-su-alimentacion\/#breadcrumb\",\"itemListElement\":[{\"@type\":\"ListItem\",\"position\":1,\"name\":\"Home\",\"item\":\"https:\/\/originshape.com\/\"},{\"@type\":\"ListItem\",\"position\":2,\"name\":\"La vida Pasada y su alimentaci\u00f3n.\"}]},{\"@type\":\"WebSite\",\"@id\":\"https:\/\/originshape.com\/#website\",\"url\":\"https:\/\/originshape.com\/\",\"name\":\"Origin Shape\",\"description\":\"Nutrition and Fitness\",\"publisher\":{\"@id\":\"https:\/\/originshape.com\/#organization\"},\"potentialAction\":[{\"@type\":\"SearchAction\",\"target\":{\"@type\":\"EntryPoint\",\"urlTemplate\":\"https:\/\/originshape.com\/?s={search_term_string}\"},\"query-input\":{\"@type\":\"PropertyValueSpecification\",\"valueRequired\":true,\"valueName\":\"search_term_string\"}}],\"inLanguage\":\"es-DO\"},{\"@type\":\"Organization\",\"@id\":\"https:\/\/originshape.com\/#organization\",\"name\":\"Origin Shape\",\"url\":\"https:\/\/originshape.com\/\",\"logo\":{\"@type\":\"ImageObject\",\"inLanguage\":\"es-DO\",\"@id\":\"https:\/\/originshape.com\/#\/schema\/logo\/image\/\",\"url\":\"https:\/\/originshape.com\/wp-content\/uploads\/2022\/12\/39C56CFB-F744-41B1-9128-E6E7FF57EA6D.png\",\"contentUrl\":\"https:\/\/originshape.com\/wp-content\/uploads\/2022\/12\/39C56CFB-F744-41B1-9128-E6E7FF57EA6D.png\",\"width\":512,\"height\":512,\"caption\":\"Origin Shape\"},\"image\":{\"@id\":\"https:\/\/originshape.com\/#\/schema\/logo\/image\/\"}}]}<\/script>\n<!-- \/ Yoast SEO plugin. -->","yoast_head_json":{"title":"La vida Pasada y su alimentaci\u00f3n. - Origin Shape","robots":{"index":"index","follow":"follow","max-snippet":"max-snippet:-1","max-image-preview":"max-image-preview:large","max-video-preview":"max-video-preview:-1"},"canonical":"https:\/\/originshape.com\/es\/la-vida-pasada-y-su-alimentacion\/","og_locale":"es_ES","og_type":"article","og_title":"La vida Pasada y su alimentaci\u00f3n. - Origin Shape","og_url":"https:\/\/originshape.com\/es\/la-vida-pasada-y-su-alimentacion\/","og_site_name":"Origin Shape","article_modified_time":"2023-07-12T01:03:45+00:00","twitter_misc":{"Est. reading time":"6 minutos"},"schema":{"@context":"https:\/\/schema.org","@graph":[{"@type":"WebPage","@id":"https:\/\/originshape.com\/la-vida-pasada-y-su-alimentacion\/","url":"https:\/\/originshape.com\/la-vida-pasada-y-su-alimentacion\/","name":"La vida Pasada y su alimentaci\u00f3n. - Origin Shape","isPartOf":{"@id":"https:\/\/originshape.com\/#website"},"datePublished":"2022-12-01T04:01:34+00:00","dateModified":"2023-07-12T01:03:45+00:00","breadcrumb":{"@id":"https:\/\/originshape.com\/la-vida-pasada-y-su-alimentacion\/#breadcrumb"},"inLanguage":"es-DO","potentialAction":[{"@type":"ReadAction","target":["https:\/\/originshape.com\/la-vida-pasada-y-su-alimentacion\/"]}]},{"@type":"BreadcrumbList","@id":"https:\/\/originshape.com\/la-vida-pasada-y-su-alimentacion\/#breadcrumb","itemListElement":[{"@type":"ListItem","position":1,"name":"Home","item":"https:\/\/originshape.com\/"},{"@type":"ListItem","position":2,"name":"La vida Pasada y su alimentaci\u00f3n."}]},{"@type":"WebSite","@id":"https:\/\/originshape.com\/#website","url":"https:\/\/originshape.com\/","name":"Origin Shape","description":"Nutrition and Fitness","publisher":{"@id":"https:\/\/originshape.com\/#organization"},"potentialAction":[{"@type":"SearchAction","target":{"@type":"EntryPoint","urlTemplate":"https:\/\/originshape.com\/?s={search_term_string}"},"query-input":{"@type":"PropertyValueSpecification","valueRequired":true,"valueName":"search_term_string"}}],"inLanguage":"es-DO"},{"@type":"Organization","@id":"https:\/\/originshape.com\/#organization","name":"Origin Shape","url":"https:\/\/originshape.com\/","logo":{"@type":"ImageObject","inLanguage":"es-DO","@id":"https:\/\/originshape.com\/#\/schema\/logo\/image\/","url":"https:\/\/originshape.com\/wp-content\/uploads\/2022\/12\/39C56CFB-F744-41B1-9128-E6E7FF57EA6D.png","contentUrl":"https:\/\/originshape.com\/wp-content\/uploads\/2022\/12\/39C56CFB-F744-41B1-9128-E6E7FF57EA6D.png","width":512,"height":512,"caption":"Origin Shape"},"image":{"@id":"https:\/\/originshape.com\/#\/schema\/logo\/image\/"}}]}},"jetpack_sharing_enabled":true,"_links":{"self":[{"href":"https:\/\/originshape.com\/es\/wp-json\/wp\/v2\/pages\/4313","targetHints":{"allow":["GET"]}}],"collection":[{"href":"https:\/\/originshape.com\/es\/wp-json\/wp\/v2\/pages"}],"about":[{"href":"https:\/\/originshape.com\/es\/wp-json\/wp\/v2\/types\/page"}],"author":[{"embeddable":true,"href":"https:\/\/originshape.com\/es\/wp-json\/wp\/v2\/users\/88984"}],"replies":[{"embeddable":true,"href":"https:\/\/originshape.com\/es\/wp-json\/wp\/v2\/comments?post=4313"}],"version-history":[{"count":20,"href":"https:\/\/originshape.com\/es\/wp-json\/wp\/v2\/pages\/4313\/revisions"}],"predecessor-version":[{"id":7431,"href":"https:\/\/originshape.com\/es\/wp-json\/wp\/v2\/pages\/4313\/revisions\/7431"}],"wp:attachment":[{"href":"https:\/\/originshape.com\/es\/wp-json\/wp\/v2\/media?parent=4313"}],"curies":[{"name":"wp","href":"https:\/\/api.w.org\/{rel}","templated":true}]}}