{"id":6872,"date":"2023-05-29T23:40:59","date_gmt":"2023-05-29T23:40:59","guid":{"rendered":"https:\/\/originshape.com\/?page_id=6872"},"modified":"2023-05-29T23:41:04","modified_gmt":"2023-05-29T23:41:04","slug":"general-conditions","status":"publish","type":"page","link":"https:\/\/originshape.com\/es\/general-conditions\/","title":{"rendered":"General Conditions"},"content":{"rendered":"<div id='av_section_1'  class='avia-section av-av_section-68cbe8eb599f50afd1222931565f192b main_color avia-section-default avia-no-border-styling  avia-builder-el-0  avia-builder-el-no-sibling  avia-bg-style-scroll container_wrap fullsize'  ><div class='container av-section-cont-open' ><main  role=\"main\" itemprop=\"mainContentOfPage\"  class='template-page content  av-content-full alpha units'><div class='post-entry post-entry-type-page post-entry-6872'><div class='entry-content-wrapper clearfix'>\n\n<style type=\"text\/css\" data-created_by=\"avia_inline_auto\" id=\"style-css-av-av_textblock-49e793894c77ad2935f0f79c0363c70a\">\n#top .av_textblock_section.av-av_textblock-49e793894c77ad2935f0f79c0363c70a .avia_textblock{\nfont-size:16px;\ncolor:#666666;\n}\n<\/style>\n<section  class='av_textblock_section av-av_textblock-49e793894c77ad2935f0f79c0363c70a'  itemscope=\"itemscope\" itemtype=\"https:\/\/schema.org\/CreativeWork\" ><div class='avia_textblock av_inherit_color'  itemprop=\"text\" ><h2 style=\"text-align: center;\">Condiciones generales:<\/h2>\n<h1 style=\"text-align: center;\"><strong style=\"font-size: 16px;\"> - 12 meses de permanencia<\/strong><\/h1>\n<p style=\"text-align: center;\"><strong> - Se requiere el uso de targeta de cr\u00e9dito o debito para los cargos de que se aplicar\u00edan por concepto de manera autom\u00e1tica. No aceptamos EFECTIVO<\/strong><br \/>\n<strong> - Descuento al pagar la anualidad del plan.<\/strong><\/p>\n<p style=\"text-align: center;\">\n<p style=\"text-align: center;\">\n<\/div><\/section>\n<div  class='hr av-av_hr-403c6b7c4ef2832f2bba461a738e582c hr-short  avia-builder-el-2  el_after_av_textblock  el_before_av_textblock  hr-center'><span class='hr-inner'><span class=\"hr-inner-style\"><\/span><\/span><\/div>\n\n<style type=\"text\/css\" data-created_by=\"avia_inline_auto\" id=\"style-css-av-av_textblock-49e793894c77ad2935f0f79c0363c70a\">\n#top .av_textblock_section.av-av_textblock-49e793894c77ad2935f0f79c0363c70a .avia_textblock{\nfont-size:16px;\ncolor:#666666;\n}\n<\/style>\n<section  class='av_textblock_section av-av_textblock-49e793894c77ad2935f0f79c0363c70a'  itemscope=\"itemscope\" itemtype=\"https:\/\/schema.org\/CreativeWork\" ><div class='avia_textblock av_inherit_color'  itemprop=\"text\" ><p style=\"text-align: center;\">\n<h3 style=\"text-align: center;\"><strong>Condiciones para entrenar<\/strong><\/h3>\n<p style=\"text-align: center;\"><strong>- Evaluaci\u00f3n Fisica &amp; Antropometrica.<\/strong><br \/>\n<strong> - Consulta Nutricional<\/strong><\/p>\n<p style=\"text-align: center;\">\n<\/div><\/section>\n<div  class='hr av-av_hr-403c6b7c4ef2832f2bba461a738e582c hr-short  avia-builder-el-4  el_after_av_textblock  el_before_av_textblock  hr-center'><span class='hr-inner'><span class=\"hr-inner-style\"><\/span><\/span><\/div>\n\n<style type=\"text\/css\" data-created_by=\"avia_inline_auto\" id=\"style-css-av-av_textblock-49e793894c77ad2935f0f79c0363c70a\">\n#top .av_textblock_section.av-av_textblock-49e793894c77ad2935f0f79c0363c70a .avia_textblock{\nfont-size:16px;\ncolor:#666666;\n}\n<\/style>\n<section  class='av_textblock_section av-av_textblock-49e793894c77ad2935f0f79c0363c70a'  itemscope=\"itemscope\" itemtype=\"https:\/\/schema.org\/CreativeWork\" ><div class='avia_textblock av_inherit_color'  itemprop=\"text\" ><p style=\"text-align: center;\">\n<h3 style=\"text-align: center;\"><strong>Horas de la plataforma<\/strong><\/h3>\n<p style=\"text-align: center;\"><strong>Lunes - Viernes 6:00AM - 9:00PM<\/strong><\/p>\n<p style=\"text-align: center;\">\n<\/div><\/section>","protected":false},"excerpt":{"rendered":"","protected":false},"author":88984,"featured_media":0,"parent":0,"menu_order":0,"comment_status":"closed","ping_status":"closed","template":"","meta":{"footnotes":""},"class_list":["post-6872","page","type-page","status-publish","hentry"],"yoast_head":"<!-- This site is optimized with the Yoast SEO plugin v24.0 - https:\/\/yoast.com\/wordpress\/plugins\/seo\/ -->\n<title>General Conditions - Origin Shape<\/title>\n<meta name=\"robots\" content=\"index, follow, max-snippet:-1, max-image-preview:large, max-video-preview:-1\" \/>\n<link rel=\"canonical\" href=\"https:\/\/originshape.com\/es\/general-conditions\/\" \/>\n<meta property=\"og:locale\" content=\"es_ES\" \/>\n<meta property=\"og:type\" content=\"article\" \/>\n<meta property=\"og:title\" content=\"General Conditions - Origin Shape\" \/>\n<meta property=\"og:url\" content=\"https:\/\/originshape.com\/es\/general-conditions\/\" \/>\n<meta property=\"og:site_name\" content=\"Origin Shape\" \/>\n<meta property=\"article:modified_time\" content=\"2023-05-29T23:41:04+00:00\" \/>\n<meta name=\"twitter:label1\" content=\"Est. reading time\" \/>\n\t<meta name=\"twitter:data1\" content=\"1 minuto\" \/>\n<script type=\"application\/ld+json\" class=\"yoast-schema-graph\">{\"@context\":\"https:\/\/schema.org\",\"@graph\":[{\"@type\":\"WebPage\",\"@id\":\"https:\/\/originshape.com\/general-conditions\/\",\"url\":\"https:\/\/originshape.com\/general-conditions\/\",\"name\":\"General Conditions - Origin Shape\",\"isPartOf\":{\"@id\":\"https:\/\/originshape.com\/#website\"},\"datePublished\":\"2023-05-29T23:40:59+00:00\",\"dateModified\":\"2023-05-29T23:41:04+00:00\",\"breadcrumb\":{\"@id\":\"https:\/\/originshape.com\/general-conditions\/#breadcrumb\"},\"inLanguage\":\"es-DO\",\"potentialAction\":[{\"@type\":\"ReadAction\",\"target\":[\"https:\/\/originshape.com\/general-conditions\/\"]}]},{\"@type\":\"BreadcrumbList\",\"@id\":\"https:\/\/originshape.com\/general-conditions\/#breadcrumb\",\"itemListElement\":[{\"@type\":\"ListItem\",\"position\":1,\"name\":\"Home\",\"item\":\"https:\/\/originshape.com\/\"},{\"@type\":\"ListItem\",\"position\":2,\"name\":\"General Conditions\"}]},{\"@type\":\"WebSite\",\"@id\":\"https:\/\/originshape.com\/#website\",\"url\":\"https:\/\/originshape.com\/\",\"name\":\"Origin Shape\",\"description\":\"Nutrition and Fitness\",\"publisher\":{\"@id\":\"https:\/\/originshape.com\/#organization\"},\"potentialAction\":[{\"@type\":\"SearchAction\",\"target\":{\"@type\":\"EntryPoint\",\"urlTemplate\":\"https:\/\/originshape.com\/?s={search_term_string}\"},\"query-input\":{\"@type\":\"PropertyValueSpecification\",\"valueRequired\":true,\"valueName\":\"search_term_string\"}}],\"inLanguage\":\"es-DO\"},{\"@type\":\"Organization\",\"@id\":\"https:\/\/originshape.com\/#organization\",\"name\":\"Origin Shape\",\"url\":\"https:\/\/originshape.com\/\",\"logo\":{\"@type\":\"ImageObject\",\"inLanguage\":\"es-DO\",\"@id\":\"https:\/\/originshape.com\/#\/schema\/logo\/image\/\",\"url\":\"https:\/\/originshape.com\/wp-content\/uploads\/2022\/12\/39C56CFB-F744-41B1-9128-E6E7FF57EA6D.png\",\"contentUrl\":\"https:\/\/originshape.com\/wp-content\/uploads\/2022\/12\/39C56CFB-F744-41B1-9128-E6E7FF57EA6D.png\",\"width\":512,\"height\":512,\"caption\":\"Origin Shape\"},\"image\":{\"@id\":\"https:\/\/originshape.com\/#\/schema\/logo\/image\/\"}}]}<\/script>\n<!-- \/ Yoast SEO plugin. -->","yoast_head_json":{"title":"General Conditions - Origin Shape","robots":{"index":"index","follow":"follow","max-snippet":"max-snippet:-1","max-image-preview":"max-image-preview:large","max-video-preview":"max-video-preview:-1"},"canonical":"https:\/\/originshape.com\/es\/general-conditions\/","og_locale":"es_ES","og_type":"article","og_title":"General Conditions - Origin Shape","og_url":"https:\/\/originshape.com\/es\/general-conditions\/","og_site_name":"Origin Shape","article_modified_time":"2023-05-29T23:41:04+00:00","twitter_misc":{"Est. reading time":"1 minuto"},"schema":{"@context":"https:\/\/schema.org","@graph":[{"@type":"WebPage","@id":"https:\/\/originshape.com\/general-conditions\/","url":"https:\/\/originshape.com\/general-conditions\/","name":"General Conditions - Origin Shape","isPartOf":{"@id":"https:\/\/originshape.com\/#website"},"datePublished":"2023-05-29T23:40:59+00:00","dateModified":"2023-05-29T23:41:04+00:00","breadcrumb":{"@id":"https:\/\/originshape.com\/general-conditions\/#breadcrumb"},"inLanguage":"es-DO","potentialAction":[{"@type":"ReadAction","target":["https:\/\/originshape.com\/general-conditions\/"]}]},{"@type":"BreadcrumbList","@id":"https:\/\/originshape.com\/general-conditions\/#breadcrumb","itemListElement":[{"@type":"ListItem","position":1,"name":"Home","item":"https:\/\/originshape.com\/"},{"@type":"ListItem","position":2,"name":"General Conditions"}]},{"@type":"WebSite","@id":"https:\/\/originshape.com\/#website","url":"https:\/\/originshape.com\/","name":"Origin Shape","description":"Nutrition and Fitness","publisher":{"@id":"https:\/\/originshape.com\/#organization"},"potentialAction":[{"@type":"SearchAction","target":{"@type":"EntryPoint","urlTemplate":"https:\/\/originshape.com\/?s={search_term_string}"},"query-input":{"@type":"PropertyValueSpecification","valueRequired":true,"valueName":"search_term_string"}}],"inLanguage":"es-DO"},{"@type":"Organization","@id":"https:\/\/originshape.com\/#organization","name":"Origin Shape","url":"https:\/\/originshape.com\/","logo":{"@type":"ImageObject","inLanguage":"es-DO","@id":"https:\/\/originshape.com\/#\/schema\/logo\/image\/","url":"https:\/\/originshape.com\/wp-content\/uploads\/2022\/12\/39C56CFB-F744-41B1-9128-E6E7FF57EA6D.png","contentUrl":"https:\/\/originshape.com\/wp-content\/uploads\/2022\/12\/39C56CFB-F744-41B1-9128-E6E7FF57EA6D.png","width":512,"height":512,"caption":"Origin Shape"},"image":{"@id":"https:\/\/originshape.com\/#\/schema\/logo\/image\/"}}]}},"jetpack_sharing_enabled":true,"_links":{"self":[{"href":"https:\/\/originshape.com\/es\/wp-json\/wp\/v2\/pages\/6872","targetHints":{"allow":["GET"]}}],"collection":[{"href":"https:\/\/originshape.com\/es\/wp-json\/wp\/v2\/pages"}],"about":[{"href":"https:\/\/originshape.com\/es\/wp-json\/wp\/v2\/types\/page"}],"author":[{"embeddable":true,"href":"https:\/\/originshape.com\/es\/wp-json\/wp\/v2\/users\/88984"}],"replies":[{"embeddable":true,"href":"https:\/\/originshape.com\/es\/wp-json\/wp\/v2\/comments?post=6872"}],"version-history":[{"count":1,"href":"https:\/\/originshape.com\/es\/wp-json\/wp\/v2\/pages\/6872\/revisions"}],"predecessor-version":[{"id":6873,"href":"https:\/\/originshape.com\/es\/wp-json\/wp\/v2\/pages\/6872\/revisions\/6873"}],"wp:attachment":[{"href":"https:\/\/originshape.com\/es\/wp-json\/wp\/v2\/media?parent=6872"}],"curies":[{"name":"wp","href":"https:\/\/api.w.org\/{rel}","templated":true}]}}