{"id":7394,"date":"2023-07-08T20:21:23","date_gmt":"2023-07-08T20:21:23","guid":{"rendered":"https:\/\/originshape.com\/?page_id=7394"},"modified":"2023-07-24T00:34:45","modified_gmt":"2023-07-24T00:34:45","slug":"habitos-que-influyen-en-mis-resultados","status":"publish","type":"page","link":"https:\/\/originshape.com\/es\/habitos-que-influyen-en-mis-resultados\/","title":{"rendered":"HABITOS QUE INFLUYEN EN MIS RESULTADOS"},"content":{"rendered":"<div  class='avia-button-wrap avia-button-center  avia-builder-el-0  el_before_av_section  avia-builder-el-no-sibling' ><a href='https:\/\/originshape.com\/es\/como-interactuan-los-alimentos-con-mi-cuerpo\/'  class='avia-button av-ljug9tpk-61bee0c8119830057b60d6e807f6d83e avia-icon_select-no avia-size-small avia-position-center avia-color-dark' ><span class='avia_iconbox_title' >M\u00d3DULO II<\/span><\/a><\/div>\n<\/div><\/div><\/div><!-- close content main div --><\/div><\/div>\n<style type=\"text\/css\" data-created_by=\"avia_inline_auto\" id=\"style-css-av-ljugfl7f-8e2adcad4df981eb0aa5f26e8bb71f03\">\n.avia-section.av-ljugfl7f-8e2adcad4df981eb0aa5f26e8bb71f03{\nbackground-color:#000000;\n}\n<\/style>\n<div id='av_section_1'  class='avia-section av-ljugfl7f-8e2adcad4df981eb0aa5f26e8bb71f03 main_color avia-section-default avia-no-border-styling  avia-builder-el-1  el_after_av_button  avia-builder-el-last  avia-bg-style-scroll container_wrap fullsize'  ><div class='container av-section-cont-open' ><div class='template-page content  av-content-full alpha units'><div class='post-entry post-entry-type-page post-entry-7394'><div class='entry-content-wrapper clearfix'>\n<div class='flex_column av-4gues2-db0aa445be20d7a85459d5d804191d8e av_one_fourth  avia-builder-el-2  el_before_av_one_half  avia-builder-el-first  first flex_column_div'   ><\/div><div class='flex_column av-6t68wi-dd259122212c08f0b63eb699b509ad1e av_one_half  avia-builder-el-3  el_after_av_one_fourth  el_before_av_one_fourth  flex_column_div'   ><section  class='av_textblock_section av-6b1dte-80a842bc2e7a33cc8a64c15166adbd96'  itemscope=\"itemscope\" itemtype=\"https:\/\/schema.org\/CreativeWork\" ><div class='avia_textblock'  itemprop=\"text\" ><h1 style=\"text-align: center;\"><span style=\"color: #ffffff;\">H\u00c1BITOS QUE INFLUYEN EN MIS RESULTADOS<\/span><\/h1>\n<\/div><\/section><br \/>\n\n<style type=\"text\/css\" data-created_by=\"avia_inline_auto\" id=\"style-css-av-43evde-f8a7aab8f16b0b0ccdfb181cf3f18fa0\">\n.avia-video.av-43evde-f8a7aab8f16b0b0ccdfb181cf3f18fa0{\npadding-bottom:178%;\n}\n<\/style>\n<div  class='avia-video av-43evde-f8a7aab8f16b0b0ccdfb181cf3f18fa0 avia-video-custom av-no-preview-image avia-video-load-always av-lazyload-immediate av-lazyload-video-embed'  itemprop=\"video\" itemtype=\"https:\/\/schema.org\/VideoObject\"  data-original_url='https:\/\/vimeo.com\/844361136?share=copy'><script type='text\/html' class='av-video-tmpl'><div class='avia-iframe-wrap'><iframe loading=\"lazy\" title=\"H\u00e1bitos (Copy)\" src=\"https:\/\/player.vimeo.com\/video\/844361136?dnt=1&amp;app_id=122963&autoplay=0&loop=0&controls=1&muted=0\" width=\"563\" height=\"1000\" frameborder=\"0\" allow=\"autoplay; fullscreen; picture-in-picture\" allowfullscreen><\/iframe><\/div><\/script><div class='av-click-to-play-overlay'><div class=\"avia_playpause_icon\"><\/div><\/div><\/div><\/p><\/div><div class='flex_column av-26cdhe-a9bef7c9aef04cd143a6356a72f7c097 av_one_fourth flex_column_div'   ><\/div><div class='flex_column av-av_one_fourth-a93934ecd89fbb8a9566d39e89cd3725 av_one_fourth first flex_column_div'   ><\/div><div class='flex_column av-av_one_half-d06667205e6186ec8414c6eb7605d406 av_one_half flex_column_div'   ><section  class='av_textblock_section av-ljyq97hq-e3a855ff40a12bed0100ea6c33ecd82a'  itemscope=\"itemscope\" itemtype=\"https:\/\/schema.org\/CreativeWork\" ><div class='avia_textblock'  itemprop=\"text\" ><p style=\"text-align: justify;\"><span style=\"color: #ffffff;\">El consumo de alcohol puede disminuir los niveles de testosterona debido a varios factores. En primer lugar, el alcohol suprime el funcionamiento del eje hipotal\u00e1mico-hipofisario, que regula las hormonas sexuales, incluyendo la testosterona. Esto puede inhibir la liberaci\u00f3n de hormonas como la hormona luteinizante (LH), que estimula la producci\u00f3n de testosterona en los test\u00edculos.<\/span><\/p>\n<p style=\"text-align: justify;\"><span style=\"color: #ffffff;\">Adem\u00e1s, el alcohol puede aumentar los niveles de estr\u00f3geno en el cuerpo al activar la enzima aromatasa. Esta enzima convierte la testosterona en estr\u00f3geno, lo que puede desequilibrar la relaci\u00f3n entre estas hormonas y disminuir los niveles de testosterona. El l\u00fapulo utilizado en la producci\u00f3n de cerveza tambi\u00e9n contiene compuestos estrog\u00e9nicos, lo que puede contribuir a una disminuci\u00f3n de la testosterona.<\/span><\/p>\n<p style=\"text-align: justify;\"><span style=\"color: #ffffff;\">El consumo cr\u00f3nico y excesivo de alcohol tambi\u00e9n puede da\u00f1ar los test\u00edculos y reducir la producci\u00f3n de testosterona. El alcohol puede causar atrofia testicular, lo que disminuye la capacidad de los test\u00edculos para producir testosterona de manera eficiente.<\/span><\/p>\n<p style=\"text-align: justify;\"><span style=\"color: #ffffff;\">Adem\u00e1s, el alcohol puede aumentar la conversi\u00f3n de testosterona a dihidrotestosterona (DHT), una forma m\u00e1s activa de la testosterona. Sin embargo, altos niveles de DHT se han asociado con problemas como la ca\u00edda del cabello y la hiperplasia prost\u00e1tica benigna.<\/span><\/p>\n<p style=\"text-align: justify;\"><span style=\"color: #ffffff;\">Adicionalmente, el consumo excesivo de alcohol puede llevar al aumento de grasa abdominal. El alcohol aporta muchas calor\u00edas, y cuando se combina con otros ingredientes como jugos, jarabes o refrescos, puede resultar en bebidas alcoh\u00f3licas con un alto contenido cal\u00f3rico. Estas &#8220;calor\u00edas vac\u00edas&#8221; no proporcionan nutrientes beneficiosos y pueden contribuir al aumento de peso y a la acumulaci\u00f3n de grasa corporal, lo cual puede afectar los niveles de testosterona.<\/span><\/p>\n<p style=\"text-align: justify;\"><span style=\"color: #ffffff;\">Es importante tener en cuenta que la relaci\u00f3n entre el consumo de alcohol y los niveles de testosterona puede variar seg\u00fan factores individuales, como la cantidad, frecuencia y duraci\u00f3n del consumo, as\u00ed como la gen\u00e9tica. Aunque los efectos negativos del consumo excesivo de alcohol en los niveles de testosterona son generalmente observados, es recomendable buscar asesoramiento m\u00e9dico para obtener informaci\u00f3n espec\u00edfica y personalizada.<\/span><\/p>\n<\/div><\/section><\/div><div class='flex_column av-av_one_fourth-d06667205e6186ec8414c6eb7605d406 av_one_fourth flex_column_div'   ><\/div>","protected":false},"excerpt":{"rendered":"","protected":false},"author":88984,"featured_media":0,"parent":0,"menu_order":0,"comment_status":"closed","ping_status":"closed","template":"","meta":{"footnotes":""},"class_list":["post-7394","page","type-page","status-publish","hentry"],"yoast_head":"<!-- This site is optimized with the Yoast SEO plugin v24.0 - https:\/\/yoast.com\/wordpress\/plugins\/seo\/ -->\n<title>HABITOS QUE INFLUYEN EN MIS RESULTADOS - Origin Shape<\/title>\n<meta name=\"robots\" content=\"index, follow, max-snippet:-1, max-image-preview:large, max-video-preview:-1\" \/>\n<link rel=\"canonical\" href=\"https:\/\/originshape.com\/es\/habitos-que-influyen-en-mis-resultados\/\" \/>\n<meta property=\"og:locale\" content=\"es_ES\" \/>\n<meta property=\"og:type\" content=\"article\" \/>\n<meta property=\"og:title\" content=\"HABITOS QUE INFLUYEN EN MIS RESULTADOS - Origin Shape\" \/>\n<meta property=\"og:url\" content=\"https:\/\/originshape.com\/es\/habitos-que-influyen-en-mis-resultados\/\" \/>\n<meta property=\"og:site_name\" content=\"Origin Shape\" \/>\n<meta property=\"article:modified_time\" content=\"2023-07-24T00:34:45+00:00\" \/>\n<meta name=\"twitter:label1\" content=\"Est. reading time\" \/>\n\t<meta name=\"twitter:data1\" content=\"4 minutos\" \/>\n<script type=\"application\/ld+json\" class=\"yoast-schema-graph\">{\"@context\":\"https:\/\/schema.org\",\"@graph\":[{\"@type\":\"WebPage\",\"@id\":\"https:\/\/originshape.com\/habitos-que-influyen-en-mis-resultados\/\",\"url\":\"https:\/\/originshape.com\/habitos-que-influyen-en-mis-resultados\/\",\"name\":\"HABITOS QUE INFLUYEN EN MIS RESULTADOS - Origin Shape\",\"isPartOf\":{\"@id\":\"https:\/\/originshape.com\/#website\"},\"datePublished\":\"2023-07-08T20:21:23+00:00\",\"dateModified\":\"2023-07-24T00:34:45+00:00\",\"breadcrumb\":{\"@id\":\"https:\/\/originshape.com\/habitos-que-influyen-en-mis-resultados\/#breadcrumb\"},\"inLanguage\":\"es-DO\",\"potentialAction\":[{\"@type\":\"ReadAction\",\"target\":[\"https:\/\/originshape.com\/habitos-que-influyen-en-mis-resultados\/\"]}]},{\"@type\":\"BreadcrumbList\",\"@id\":\"https:\/\/originshape.com\/habitos-que-influyen-en-mis-resultados\/#breadcrumb\",\"itemListElement\":[{\"@type\":\"ListItem\",\"position\":1,\"name\":\"Home\",\"item\":\"https:\/\/originshape.com\/\"},{\"@type\":\"ListItem\",\"position\":2,\"name\":\"HABITOS QUE INFLUYEN EN MIS RESULTADOS\"}]},{\"@type\":\"WebSite\",\"@id\":\"https:\/\/originshape.com\/#website\",\"url\":\"https:\/\/originshape.com\/\",\"name\":\"Origin Shape\",\"description\":\"Nutrition and Fitness\",\"publisher\":{\"@id\":\"https:\/\/originshape.com\/#organization\"},\"potentialAction\":[{\"@type\":\"SearchAction\",\"target\":{\"@type\":\"EntryPoint\",\"urlTemplate\":\"https:\/\/originshape.com\/?s={search_term_string}\"},\"query-input\":{\"@type\":\"PropertyValueSpecification\",\"valueRequired\":true,\"valueName\":\"search_term_string\"}}],\"inLanguage\":\"es-DO\"},{\"@type\":\"Organization\",\"@id\":\"https:\/\/originshape.com\/#organization\",\"name\":\"Origin Shape\",\"url\":\"https:\/\/originshape.com\/\",\"logo\":{\"@type\":\"ImageObject\",\"inLanguage\":\"es-DO\",\"@id\":\"https:\/\/originshape.com\/#\/schema\/logo\/image\/\",\"url\":\"https:\/\/originshape.com\/wp-content\/uploads\/2022\/12\/39C56CFB-F744-41B1-9128-E6E7FF57EA6D.png\",\"contentUrl\":\"https:\/\/originshape.com\/wp-content\/uploads\/2022\/12\/39C56CFB-F744-41B1-9128-E6E7FF57EA6D.png\",\"width\":512,\"height\":512,\"caption\":\"Origin Shape\"},\"image\":{\"@id\":\"https:\/\/originshape.com\/#\/schema\/logo\/image\/\"}}]}<\/script>\n<!-- \/ Yoast SEO plugin. -->","yoast_head_json":{"title":"HABITOS QUE INFLUYEN EN MIS RESULTADOS - Origin Shape","robots":{"index":"index","follow":"follow","max-snippet":"max-snippet:-1","max-image-preview":"max-image-preview:large","max-video-preview":"max-video-preview:-1"},"canonical":"https:\/\/originshape.com\/es\/habitos-que-influyen-en-mis-resultados\/","og_locale":"es_ES","og_type":"article","og_title":"HABITOS QUE INFLUYEN EN MIS RESULTADOS - Origin Shape","og_url":"https:\/\/originshape.com\/es\/habitos-que-influyen-en-mis-resultados\/","og_site_name":"Origin Shape","article_modified_time":"2023-07-24T00:34:45+00:00","twitter_misc":{"Est. reading time":"4 minutos"},"schema":{"@context":"https:\/\/schema.org","@graph":[{"@type":"WebPage","@id":"https:\/\/originshape.com\/habitos-que-influyen-en-mis-resultados\/","url":"https:\/\/originshape.com\/habitos-que-influyen-en-mis-resultados\/","name":"HABITOS QUE INFLUYEN EN MIS RESULTADOS - Origin Shape","isPartOf":{"@id":"https:\/\/originshape.com\/#website"},"datePublished":"2023-07-08T20:21:23+00:00","dateModified":"2023-07-24T00:34:45+00:00","breadcrumb":{"@id":"https:\/\/originshape.com\/habitos-que-influyen-en-mis-resultados\/#breadcrumb"},"inLanguage":"es-DO","potentialAction":[{"@type":"ReadAction","target":["https:\/\/originshape.com\/habitos-que-influyen-en-mis-resultados\/"]}]},{"@type":"BreadcrumbList","@id":"https:\/\/originshape.com\/habitos-que-influyen-en-mis-resultados\/#breadcrumb","itemListElement":[{"@type":"ListItem","position":1,"name":"Home","item":"https:\/\/originshape.com\/"},{"@type":"ListItem","position":2,"name":"HABITOS QUE INFLUYEN EN MIS RESULTADOS"}]},{"@type":"WebSite","@id":"https:\/\/originshape.com\/#website","url":"https:\/\/originshape.com\/","name":"Origin Shape","description":"Nutrition and Fitness","publisher":{"@id":"https:\/\/originshape.com\/#organization"},"potentialAction":[{"@type":"SearchAction","target":{"@type":"EntryPoint","urlTemplate":"https:\/\/originshape.com\/?s={search_term_string}"},"query-input":{"@type":"PropertyValueSpecification","valueRequired":true,"valueName":"search_term_string"}}],"inLanguage":"es-DO"},{"@type":"Organization","@id":"https:\/\/originshape.com\/#organization","name":"Origin Shape","url":"https:\/\/originshape.com\/","logo":{"@type":"ImageObject","inLanguage":"es-DO","@id":"https:\/\/originshape.com\/#\/schema\/logo\/image\/","url":"https:\/\/originshape.com\/wp-content\/uploads\/2022\/12\/39C56CFB-F744-41B1-9128-E6E7FF57EA6D.png","contentUrl":"https:\/\/originshape.com\/wp-content\/uploads\/2022\/12\/39C56CFB-F744-41B1-9128-E6E7FF57EA6D.png","width":512,"height":512,"caption":"Origin Shape"},"image":{"@id":"https:\/\/originshape.com\/#\/schema\/logo\/image\/"}}]}},"jetpack_sharing_enabled":true,"_links":{"self":[{"href":"https:\/\/originshape.com\/es\/wp-json\/wp\/v2\/pages\/7394","targetHints":{"allow":["GET"]}}],"collection":[{"href":"https:\/\/originshape.com\/es\/wp-json\/wp\/v2\/pages"}],"about":[{"href":"https:\/\/originshape.com\/es\/wp-json\/wp\/v2\/types\/page"}],"author":[{"embeddable":true,"href":"https:\/\/originshape.com\/es\/wp-json\/wp\/v2\/users\/88984"}],"replies":[{"embeddable":true,"href":"https:\/\/originshape.com\/es\/wp-json\/wp\/v2\/comments?post=7394"}],"version-history":[{"count":9,"href":"https:\/\/originshape.com\/es\/wp-json\/wp\/v2\/pages\/7394\/revisions"}],"predecessor-version":[{"id":7413,"href":"https:\/\/originshape.com\/es\/wp-json\/wp\/v2\/pages\/7394\/revisions\/7413"}],"wp:attachment":[{"href":"https:\/\/originshape.com\/es\/wp-json\/wp\/v2\/media?parent=7394"}],"curies":[{"name":"wp","href":"https:\/\/api.w.org\/{rel}","templated":true}]}}