{"id":4599,"date":"2022-12-02T22:13:16","date_gmt":"2022-12-02T22:13:16","guid":{"rendered":"https:\/\/originshape.com\/?post_type=product&#038;p=4599"},"modified":"2023-06-10T18:55:26","modified_gmt":"2023-06-10T18:55:26","slug":"dr-mercola-suplemento-dietetico-vitamins-d3-y-k2-90-porciones","status":"publish","type":"product","link":"https:\/\/originshape.com\/es\/product\/dr-mercola-suplemento-dietetico-vitamins-d3-y-k2-90-porciones\/","title":{"rendered":"Dr. Mercola Suplemento diet\u00e9tico Vitamins D3 y K2, 90 porciones"},"content":{"rendered":"<h1 class=\"a-size-base-plus a-text-bold\">Sobre este art\u00edculo<\/h1>\n<ul class=\"a-unordered-list a-vertical a-spacing-mini\">\n<li><span class=\"a-list-item\">Cada botella de vitaminas D3 y K2 contiene 90 porciones <\/span><\/li>\n<li><span class=\"a-list-item\">Siguiendo la creencia del Dr. Mercola en proporcionar productos de la mejor calidad, este producto es libre de OMG, sin gluten y sin soja <\/span><\/li>\n<li><span class=\"a-list-item\">Nuestras vitaminas D3 y K2 suministran 5.000 UI de vitamina D3 o colecalciferol, el nivel \u00f3ptimo de la forma preferida de vitamina D para proporcionar una dosis diaria eficaz para la mayor\u00eda de las personas* <\/span><\/li>\n<li><span class=\"a-list-item\">Nuestra f\u00f3rmula proporciona 180 mcg de vitamina K2 en la forma patentada MK-7 (MenaQ7) cl\u00ednicamente apoyada. Utiliza solo ingredientes no biodise\u00f1ados y utiliza vitamina K2 producida a partir de garbanzos, que es una de las fuentes m\u00e1s biodisponibles y estables <\/span><\/li>\n<li><span class=\"a-list-item\">Todos los productos Dr. Mercola est\u00e1n respaldados por una garant\u00eda completa de devoluci\u00f3n de dinero de 90 d\u00edas. Si por alguna raz\u00f3n no est\u00e1s satisfecho con tu compra, simplemente devu\u00e9lvala para que te devuelvas tu dinero, sin preguntas<\/span><\/li>\n<\/ul>","protected":false},"excerpt":{"rendered":"<p>Sobre este art\u00edculo Cada botella de vitaminas D3 y K2 contiene 90 porciones Siguiendo la creencia del Dr. Mercola en proporcionar productos de la mejor calidad, este producto es libre de OMG, sin gluten y sin soja Nuestras vitaminas D3 y K2 suministran 5.000 UI de vitamina D3 o colecalciferol, el nivel \u00f3ptimo de la [&hellip;]<\/p>","protected":false},"featured_media":6253,"comment_status":"closed","ping_status":"closed","template":"","meta":[],"product_brand":[],"product_cat":[86,94],"product_tag":[],"class_list":{"0":"post-4599","1":"product","2":"type-product","3":"status-publish","4":"has-post-thumbnail","6":"product_cat-suplementos","7":"product_cat-vitamins","9":"first","10":"instock","11":"taxable","12":"shipping-taxable","13":"product-type-external"},"yoast_head":"<!-- This site is optimized with the Yoast SEO plugin v24.0 - https:\/\/yoast.com\/wordpress\/plugins\/seo\/ -->\n<title>Dr. Mercola Suplemento diet\u00e9tico Vitamins D3 y K2, 90 porciones - Origin Shape<\/title>\n<meta name=\"robots\" content=\"index, follow, max-snippet:-1, max-image-preview:large, max-video-preview:-1\" \/>\n<link rel=\"canonical\" href=\"https:\/\/originshape.com\/es\/product\/dr-mercola-suplemento-dietetico-vitamins-d3-y-k2-90-porciones\/\" \/>\n<meta property=\"og:locale\" content=\"es_ES\" \/>\n<meta property=\"og:type\" content=\"article\" \/>\n<meta property=\"og:title\" content=\"Dr. Mercola Suplemento diet\u00e9tico Vitamins D3 y K2, 90 porciones - Origin Shape\" \/>\n<meta property=\"og:description\" content=\"Sobre este art\u00edculo Cada botella de vitaminas D3 y K2 contiene 90 porciones Siguiendo la creencia del Dr. Mercola en proporcionar productos de la mejor calidad, este producto es libre de OMG, sin gluten y sin soja Nuestras vitaminas D3 y K2 suministran 5.000 UI de vitamina D3 o colecalciferol, el nivel \u00f3ptimo de la [&hellip;]\" \/>\n<meta property=\"og:url\" content=\"https:\/\/originshape.com\/es\/product\/dr-mercola-suplemento-dietetico-vitamins-d3-y-k2-90-porciones\/\" \/>\n<meta property=\"og:site_name\" content=\"Origin Shape\" \/>\n<meta property=\"article:modified_time\" content=\"2023-06-10T18:55:26+00:00\" \/>\n<meta property=\"og:image\" content=\"https:\/\/originshape.com\/wp-content\/uploads\/2022\/12\/Vit-D-2.jpg\" \/>\n\t<meta property=\"og:image:width\" content=\"729\" \/>\n\t<meta property=\"og:image:height\" content=\"1412\" \/>\n\t<meta property=\"og:image:type\" content=\"image\/jpeg\" \/>\n<meta name=\"twitter:label1\" content=\"Est. reading time\" \/>\n\t<meta name=\"twitter:data1\" content=\"1 minuto\" \/>\n<script type=\"application\/ld+json\" class=\"yoast-schema-graph\">{\"@context\":\"https:\/\/schema.org\",\"@graph\":[{\"@type\":\"WebPage\",\"@id\":\"https:\/\/originshape.com\/product\/dr-mercola-suplemento-dietetico-vitamins-d3-y-k2-90-porciones\/\",\"url\":\"https:\/\/originshape.com\/product\/dr-mercola-suplemento-dietetico-vitamins-d3-y-k2-90-porciones\/\",\"name\":\"Dr. Mercola Suplemento diet\u00e9tico Vitamins D3 y K2, 90 porciones - Origin Shape\",\"isPartOf\":{\"@id\":\"https:\/\/originshape.com\/#website\"},\"primaryImageOfPage\":{\"@id\":\"https:\/\/originshape.com\/product\/dr-mercola-suplemento-dietetico-vitamins-d3-y-k2-90-porciones\/#primaryimage\"},\"image\":{\"@id\":\"https:\/\/originshape.com\/product\/dr-mercola-suplemento-dietetico-vitamins-d3-y-k2-90-porciones\/#primaryimage\"},\"thumbnailUrl\":\"https:\/\/originshape.com\/wp-content\/uploads\/2022\/12\/Vit-D-2.jpg\",\"datePublished\":\"2022-12-02T22:13:16+00:00\",\"dateModified\":\"2023-06-10T18:55:26+00:00\",\"breadcrumb\":{\"@id\":\"https:\/\/originshape.com\/product\/dr-mercola-suplemento-dietetico-vitamins-d3-y-k2-90-porciones\/#breadcrumb\"},\"inLanguage\":\"es-DO\",\"potentialAction\":[{\"@type\":\"ReadAction\",\"target\":[\"https:\/\/originshape.com\/product\/dr-mercola-suplemento-dietetico-vitamins-d3-y-k2-90-porciones\/\"]}]},{\"@type\":\"ImageObject\",\"inLanguage\":\"es-DO\",\"@id\":\"https:\/\/originshape.com\/product\/dr-mercola-suplemento-dietetico-vitamins-d3-y-k2-90-porciones\/#primaryimage\",\"url\":\"https:\/\/originshape.com\/wp-content\/uploads\/2022\/12\/Vit-D-2.jpg\",\"contentUrl\":\"https:\/\/originshape.com\/wp-content\/uploads\/2022\/12\/Vit-D-2.jpg\",\"width\":729,\"height\":1412},{\"@type\":\"BreadcrumbList\",\"@id\":\"https:\/\/originshape.com\/product\/dr-mercola-suplemento-dietetico-vitamins-d3-y-k2-90-porciones\/#breadcrumb\",\"itemListElement\":[{\"@type\":\"ListItem\",\"position\":1,\"name\":\"Home\",\"item\":\"https:\/\/originshape.com\/\"},{\"@type\":\"ListItem\",\"position\":2,\"name\":\"Store clothes\",\"item\":\"https:\/\/originshape.com\/store-2\/\"},{\"@type\":\"ListItem\",\"position\":3,\"name\":\"Dr. Mercola Suplemento diet\u00e9tico Vitamins D3 y K2, 90 porciones\"}]},{\"@type\":\"WebSite\",\"@id\":\"https:\/\/originshape.com\/#website\",\"url\":\"https:\/\/originshape.com\/\",\"name\":\"Origin Shape\",\"description\":\"Nutrition and Fitness\",\"publisher\":{\"@id\":\"https:\/\/originshape.com\/#organization\"},\"potentialAction\":[{\"@type\":\"SearchAction\",\"target\":{\"@type\":\"EntryPoint\",\"urlTemplate\":\"https:\/\/originshape.com\/?s={search_term_string}\"},\"query-input\":{\"@type\":\"PropertyValueSpecification\",\"valueRequired\":true,\"valueName\":\"search_term_string\"}}],\"inLanguage\":\"es-DO\"},{\"@type\":\"Organization\",\"@id\":\"https:\/\/originshape.com\/#organization\",\"name\":\"Origin Shape\",\"url\":\"https:\/\/originshape.com\/\",\"logo\":{\"@type\":\"ImageObject\",\"inLanguage\":\"es-DO\",\"@id\":\"https:\/\/originshape.com\/#\/schema\/logo\/image\/\",\"url\":\"https:\/\/originshape.com\/wp-content\/uploads\/2022\/12\/39C56CFB-F744-41B1-9128-E6E7FF57EA6D.png\",\"contentUrl\":\"https:\/\/originshape.com\/wp-content\/uploads\/2022\/12\/39C56CFB-F744-41B1-9128-E6E7FF57EA6D.png\",\"width\":512,\"height\":512,\"caption\":\"Origin Shape\"},\"image\":{\"@id\":\"https:\/\/originshape.com\/#\/schema\/logo\/image\/\"}}]}<\/script>\n<!-- \/ Yoast SEO plugin. -->","yoast_head_json":{"title":"Dr. Mercola Suplemento diet\u00e9tico Vitamins D3 y K2, 90 porciones - Origin Shape","robots":{"index":"index","follow":"follow","max-snippet":"max-snippet:-1","max-image-preview":"max-image-preview:large","max-video-preview":"max-video-preview:-1"},"canonical":"https:\/\/originshape.com\/es\/product\/dr-mercola-suplemento-dietetico-vitamins-d3-y-k2-90-porciones\/","og_locale":"es_ES","og_type":"article","og_title":"Dr. Mercola Suplemento diet\u00e9tico Vitamins D3 y K2, 90 porciones - Origin Shape","og_description":"Sobre este art\u00edculo Cada botella de vitaminas D3 y K2 contiene 90 porciones Siguiendo la creencia del Dr. Mercola en proporcionar productos de la mejor calidad, este producto es libre de OMG, sin gluten y sin soja Nuestras vitaminas D3 y K2 suministran 5.000 UI de vitamina D3 o colecalciferol, el nivel \u00f3ptimo de la [&hellip;]","og_url":"https:\/\/originshape.com\/es\/product\/dr-mercola-suplemento-dietetico-vitamins-d3-y-k2-90-porciones\/","og_site_name":"Origin Shape","article_modified_time":"2023-06-10T18:55:26+00:00","og_image":[{"width":729,"height":1412,"url":"https:\/\/originshape.com\/wp-content\/uploads\/2022\/12\/Vit-D-2.jpg","type":"image\/jpeg"}],"twitter_misc":{"Est. reading time":"1 minuto"},"schema":{"@context":"https:\/\/schema.org","@graph":[{"@type":"WebPage","@id":"https:\/\/originshape.com\/product\/dr-mercola-suplemento-dietetico-vitamins-d3-y-k2-90-porciones\/","url":"https:\/\/originshape.com\/product\/dr-mercola-suplemento-dietetico-vitamins-d3-y-k2-90-porciones\/","name":"Dr. Mercola Suplemento diet\u00e9tico Vitamins D3 y K2, 90 porciones - Origin Shape","isPartOf":{"@id":"https:\/\/originshape.com\/#website"},"primaryImageOfPage":{"@id":"https:\/\/originshape.com\/product\/dr-mercola-suplemento-dietetico-vitamins-d3-y-k2-90-porciones\/#primaryimage"},"image":{"@id":"https:\/\/originshape.com\/product\/dr-mercola-suplemento-dietetico-vitamins-d3-y-k2-90-porciones\/#primaryimage"},"thumbnailUrl":"https:\/\/originshape.com\/wp-content\/uploads\/2022\/12\/Vit-D-2.jpg","datePublished":"2022-12-02T22:13:16+00:00","dateModified":"2023-06-10T18:55:26+00:00","breadcrumb":{"@id":"https:\/\/originshape.com\/product\/dr-mercola-suplemento-dietetico-vitamins-d3-y-k2-90-porciones\/#breadcrumb"},"inLanguage":"es-DO","potentialAction":[{"@type":"ReadAction","target":["https:\/\/originshape.com\/product\/dr-mercola-suplemento-dietetico-vitamins-d3-y-k2-90-porciones\/"]}]},{"@type":"ImageObject","inLanguage":"es-DO","@id":"https:\/\/originshape.com\/product\/dr-mercola-suplemento-dietetico-vitamins-d3-y-k2-90-porciones\/#primaryimage","url":"https:\/\/originshape.com\/wp-content\/uploads\/2022\/12\/Vit-D-2.jpg","contentUrl":"https:\/\/originshape.com\/wp-content\/uploads\/2022\/12\/Vit-D-2.jpg","width":729,"height":1412},{"@type":"BreadcrumbList","@id":"https:\/\/originshape.com\/product\/dr-mercola-suplemento-dietetico-vitamins-d3-y-k2-90-porciones\/#breadcrumb","itemListElement":[{"@type":"ListItem","position":1,"name":"Home","item":"https:\/\/originshape.com\/"},{"@type":"ListItem","position":2,"name":"Store clothes","item":"https:\/\/originshape.com\/store-2\/"},{"@type":"ListItem","position":3,"name":"Dr. Mercola Suplemento diet\u00e9tico Vitamins D3 y K2, 90 porciones"}]},{"@type":"WebSite","@id":"https:\/\/originshape.com\/#website","url":"https:\/\/originshape.com\/","name":"Origin Shape","description":"Nutrition and Fitness","publisher":{"@id":"https:\/\/originshape.com\/#organization"},"potentialAction":[{"@type":"SearchAction","target":{"@type":"EntryPoint","urlTemplate":"https:\/\/originshape.com\/?s={search_term_string}"},"query-input":{"@type":"PropertyValueSpecification","valueRequired":true,"valueName":"search_term_string"}}],"inLanguage":"es-DO"},{"@type":"Organization","@id":"https:\/\/originshape.com\/#organization","name":"Origin Shape","url":"https:\/\/originshape.com\/","logo":{"@type":"ImageObject","inLanguage":"es-DO","@id":"https:\/\/originshape.com\/#\/schema\/logo\/image\/","url":"https:\/\/originshape.com\/wp-content\/uploads\/2022\/12\/39C56CFB-F744-41B1-9128-E6E7FF57EA6D.png","contentUrl":"https:\/\/originshape.com\/wp-content\/uploads\/2022\/12\/39C56CFB-F744-41B1-9128-E6E7FF57EA6D.png","width":512,"height":512,"caption":"Origin Shape"},"image":{"@id":"https:\/\/originshape.com\/#\/schema\/logo\/image\/"}}]}},"jetpack_sharing_enabled":true,"_links":{"self":[{"href":"https:\/\/originshape.com\/es\/wp-json\/wp\/v2\/product\/4599","targetHints":{"allow":["GET"]}}],"collection":[{"href":"https:\/\/originshape.com\/es\/wp-json\/wp\/v2\/product"}],"about":[{"href":"https:\/\/originshape.com\/es\/wp-json\/wp\/v2\/types\/product"}],"replies":[{"embeddable":true,"href":"https:\/\/originshape.com\/es\/wp-json\/wp\/v2\/comments?post=4599"}],"wp:featuredmedia":[{"embeddable":true,"href":"https:\/\/originshape.com\/es\/wp-json\/wp\/v2\/media\/6253"}],"wp:attachment":[{"href":"https:\/\/originshape.com\/es\/wp-json\/wp\/v2\/media?parent=4599"}],"wp:term":[{"taxonomy":"product_brand","embeddable":true,"href":"https:\/\/originshape.com\/es\/wp-json\/wp\/v2\/product_brand?post=4599"},{"taxonomy":"product_cat","embeddable":true,"href":"https:\/\/originshape.com\/es\/wp-json\/wp\/v2\/product_cat?post=4599"},{"taxonomy":"product_tag","embeddable":true,"href":"https:\/\/originshape.com\/es\/wp-json\/wp\/v2\/product_tag?post=4599"}],"curies":[{"name":"wp","href":"https:\/\/api.w.org\/{rel}","templated":true}]}}