{"id":4602,"date":"2022-12-02T22:15:36","date_gmt":"2022-12-02T22:15:36","guid":{"rendered":"https:\/\/originshape.com\/?post_type=product&#038;p=4602"},"modified":"2023-06-10T18:52:23","modified_gmt":"2023-06-10T18:52:23","slug":"magnesiol-threonate-de-dr-mercola-90-capsulas","status":"publish","type":"product","link":"https:\/\/originshape.com\/es\/product\/magnesiol-threonate-de-dr-mercola-90-capsulas\/","title":{"rendered":"Magnesio\u200bL-Threonate de Dr. Mercola, 90 c\u00e1psulas"},"content":{"rendered":"<div id=\"featurebullets_feature_div\" class=\"celwidget\" data-feature-name=\"featurebullets\" data-csa-c-type=\"widget\" data-csa-c-content-id=\"featurebullets\" data-csa-c-slot-id=\"featurebullets_feature_div\" data-csa-c-asin=\"B01N4OZM0R\" data-csa-c-is-in-initial-active-row=\"false\" data-csa-c-id=\"sonewn-ixw84h-65mjod-ka8yw8\" data-cel-widget=\"featurebullets_feature_div\">\n<div id=\"feature-bullets\" class=\"a-section a-spacing-medium a-spacing-top-small\">\n<h1 class=\"a-size-base-plus a-text-bold\">Sobre este art\u00edculo<\/h1>\n<ul class=\"a-unordered-list a-vertical a-spacing-mini\">\n<li><span class=\"a-list-item\">Magnesio L-Threonate 90 c\u00e1psulas <\/span><\/li>\n<li><span class=\"a-list-item\">Tiene caracter\u00edsticas de absorci\u00f3n superiores de cualquier forma de magnesio tiene altas caracter\u00edsticas de penetraci\u00f3n celular para permitir que cruza su barrera sangu\u00ednea-cerebro y penetre membranas celulares* <\/span><\/li>\n<\/ul>\n<\/div>\n<\/div>\n<div id=\"provenanceCertifications_feature_div\" class=\"celwidget\" data-feature-name=\"provenanceCertifications\" data-csa-c-type=\"widget\" data-csa-c-content-id=\"provenanceCertifications\" data-csa-c-slot-id=\"provenanceCertifications_feature_div\" data-csa-c-asin=\"B01N4OZM0R\" data-csa-c-is-in-initial-active-row=\"false\" data-csa-c-id=\"l1suz4-s5peif-on117x-hw4v8c\" data-cel-widget=\"provenanceCertifications_feature_div\"><\/div>\n<div id=\"serviceCapabilities_feature_div\" class=\"celwidget\" data-feature-name=\"serviceCapabilities\" data-csa-c-type=\"widget\" data-csa-c-content-id=\"serviceCapabilities\" data-csa-c-slot-id=\"serviceCapabilities_feature_div\" data-csa-c-asin=\"B01N4OZM0R\" data-csa-c-is-in-initial-active-row=\"false\" data-csa-c-id=\"m4i8we-gq88l-mbhe6d-cku9gw\" data-cel-widget=\"serviceCapabilities_feature_div\"><\/div>","protected":false},"excerpt":{"rendered":"<p>Sobre este art\u00edculo Magnesio L-Threonate 90 c\u00e1psulas Tiene caracter\u00edsticas de absorci\u00f3n superiores de cualquier forma de magnesio tiene altas caracter\u00edsticas de penetraci\u00f3n celular para permitir que cruza su barrera sangu\u00ednea-cerebro y penetre membranas celulares*<\/p>","protected":false},"featured_media":4603,"comment_status":"closed","ping_status":"closed","template":"","meta":[],"product_brand":[],"product_cat":[93,86],"product_tag":[],"class_list":{"0":"post-4602","1":"product","2":"type-product","3":"status-publish","4":"has-post-thumbnail","6":"product_cat-minerals","7":"product_cat-suplementos","9":"first","10":"instock","11":"taxable","12":"shipping-taxable","13":"product-type-external"},"yoast_head":"<!-- This site is optimized with the Yoast SEO plugin v24.0 - https:\/\/yoast.com\/wordpress\/plugins\/seo\/ -->\n<title>Magnesio\u200bL-Threonate de Dr. Mercola, 90 c\u00e1psulas - Origin Shape<\/title>\n<meta name=\"robots\" content=\"index, follow, max-snippet:-1, max-image-preview:large, max-video-preview:-1\" \/>\n<link rel=\"canonical\" href=\"https:\/\/originshape.com\/es\/product\/magnesiol-threonate-de-dr-mercola-90-capsulas\/\" \/>\n<meta property=\"og:locale\" content=\"es_ES\" \/>\n<meta property=\"og:type\" content=\"article\" \/>\n<meta property=\"og:title\" content=\"Magnesio\u200bL-Threonate de Dr. Mercola, 90 c\u00e1psulas - Origin Shape\" \/>\n<meta property=\"og:description\" content=\"Sobre este art\u00edculo Magnesio L-Threonate 90 c\u00e1psulas Tiene caracter\u00edsticas de absorci\u00f3n superiores de cualquier forma de magnesio tiene altas caracter\u00edsticas de penetraci\u00f3n celular para permitir que cruza su barrera sangu\u00ednea-cerebro y penetre membranas celulares*\" \/>\n<meta property=\"og:url\" content=\"https:\/\/originshape.com\/es\/product\/magnesiol-threonate-de-dr-mercola-90-capsulas\/\" \/>\n<meta property=\"og:site_name\" content=\"Origin Shape\" \/>\n<meta property=\"article:modified_time\" content=\"2023-06-10T18:52:23+00:00\" \/>\n<meta property=\"og:image\" content=\"https:\/\/originshape.com\/wp-content\/uploads\/2022\/12\/treonato-de-magnesio.jpg\" \/>\n\t<meta property=\"og:image:width\" content=\"808\" \/>\n\t<meta property=\"og:image:height\" content=\"1500\" \/>\n\t<meta property=\"og:image:type\" content=\"image\/jpeg\" \/>\n<meta name=\"twitter:label1\" content=\"Est. reading time\" \/>\n\t<meta name=\"twitter:data1\" content=\"1 minuto\" \/>\n<script type=\"application\/ld+json\" class=\"yoast-schema-graph\">{\"@context\":\"https:\/\/schema.org\",\"@graph\":[{\"@type\":\"WebPage\",\"@id\":\"https:\/\/originshape.com\/product\/magnesiol-threonate-de-dr-mercola-90-capsulas\/\",\"url\":\"https:\/\/originshape.com\/product\/magnesiol-threonate-de-dr-mercola-90-capsulas\/\",\"name\":\"Magnesio\u200bL-Threonate de Dr. Mercola, 90 c\u00e1psulas - Origin Shape\",\"isPartOf\":{\"@id\":\"https:\/\/originshape.com\/#website\"},\"primaryImageOfPage\":{\"@id\":\"https:\/\/originshape.com\/product\/magnesiol-threonate-de-dr-mercola-90-capsulas\/#primaryimage\"},\"image\":{\"@id\":\"https:\/\/originshape.com\/product\/magnesiol-threonate-de-dr-mercola-90-capsulas\/#primaryimage\"},\"thumbnailUrl\":\"https:\/\/originshape.com\/wp-content\/uploads\/2022\/12\/treonato-de-magnesio.jpg\",\"datePublished\":\"2022-12-02T22:15:36+00:00\",\"dateModified\":\"2023-06-10T18:52:23+00:00\",\"breadcrumb\":{\"@id\":\"https:\/\/originshape.com\/product\/magnesiol-threonate-de-dr-mercola-90-capsulas\/#breadcrumb\"},\"inLanguage\":\"es-DO\",\"potentialAction\":[{\"@type\":\"ReadAction\",\"target\":[\"https:\/\/originshape.com\/product\/magnesiol-threonate-de-dr-mercola-90-capsulas\/\"]}]},{\"@type\":\"ImageObject\",\"inLanguage\":\"es-DO\",\"@id\":\"https:\/\/originshape.com\/product\/magnesiol-threonate-de-dr-mercola-90-capsulas\/#primaryimage\",\"url\":\"https:\/\/originshape.com\/wp-content\/uploads\/2022\/12\/treonato-de-magnesio.jpg\",\"contentUrl\":\"https:\/\/originshape.com\/wp-content\/uploads\/2022\/12\/treonato-de-magnesio.jpg\",\"width\":808,\"height\":1500},{\"@type\":\"BreadcrumbList\",\"@id\":\"https:\/\/originshape.com\/product\/magnesiol-threonate-de-dr-mercola-90-capsulas\/#breadcrumb\",\"itemListElement\":[{\"@type\":\"ListItem\",\"position\":1,\"name\":\"Home\",\"item\":\"https:\/\/originshape.com\/\"},{\"@type\":\"ListItem\",\"position\":2,\"name\":\"Store clothes\",\"item\":\"https:\/\/originshape.com\/store-2\/\"},{\"@type\":\"ListItem\",\"position\":3,\"name\":\"Magnesio\u200bL-Threonate de Dr. Mercola, 90 c\u00e1psulas\"}]},{\"@type\":\"WebSite\",\"@id\":\"https:\/\/originshape.com\/#website\",\"url\":\"https:\/\/originshape.com\/\",\"name\":\"Origin Shape\",\"description\":\"Nutrition and Fitness\",\"publisher\":{\"@id\":\"https:\/\/originshape.com\/#organization\"},\"potentialAction\":[{\"@type\":\"SearchAction\",\"target\":{\"@type\":\"EntryPoint\",\"urlTemplate\":\"https:\/\/originshape.com\/?s={search_term_string}\"},\"query-input\":{\"@type\":\"PropertyValueSpecification\",\"valueRequired\":true,\"valueName\":\"search_term_string\"}}],\"inLanguage\":\"es-DO\"},{\"@type\":\"Organization\",\"@id\":\"https:\/\/originshape.com\/#organization\",\"name\":\"Origin Shape\",\"url\":\"https:\/\/originshape.com\/\",\"logo\":{\"@type\":\"ImageObject\",\"inLanguage\":\"es-DO\",\"@id\":\"https:\/\/originshape.com\/#\/schema\/logo\/image\/\",\"url\":\"https:\/\/originshape.com\/wp-content\/uploads\/2022\/12\/39C56CFB-F744-41B1-9128-E6E7FF57EA6D.png\",\"contentUrl\":\"https:\/\/originshape.com\/wp-content\/uploads\/2022\/12\/39C56CFB-F744-41B1-9128-E6E7FF57EA6D.png\",\"width\":512,\"height\":512,\"caption\":\"Origin Shape\"},\"image\":{\"@id\":\"https:\/\/originshape.com\/#\/schema\/logo\/image\/\"}}]}<\/script>\n<!-- \/ Yoast SEO plugin. -->","yoast_head_json":{"title":"Magnesio\u200bL-Threonate de Dr. Mercola, 90 c\u00e1psulas - Origin Shape","robots":{"index":"index","follow":"follow","max-snippet":"max-snippet:-1","max-image-preview":"max-image-preview:large","max-video-preview":"max-video-preview:-1"},"canonical":"https:\/\/originshape.com\/es\/product\/magnesiol-threonate-de-dr-mercola-90-capsulas\/","og_locale":"es_ES","og_type":"article","og_title":"Magnesio\u200bL-Threonate de Dr. Mercola, 90 c\u00e1psulas - Origin Shape","og_description":"Sobre este art\u00edculo Magnesio L-Threonate 90 c\u00e1psulas Tiene caracter\u00edsticas de absorci\u00f3n superiores de cualquier forma de magnesio tiene altas caracter\u00edsticas de penetraci\u00f3n celular para permitir que cruza su barrera sangu\u00ednea-cerebro y penetre membranas celulares*","og_url":"https:\/\/originshape.com\/es\/product\/magnesiol-threonate-de-dr-mercola-90-capsulas\/","og_site_name":"Origin Shape","article_modified_time":"2023-06-10T18:52:23+00:00","og_image":[{"width":808,"height":1500,"url":"https:\/\/originshape.com\/wp-content\/uploads\/2022\/12\/treonato-de-magnesio.jpg","type":"image\/jpeg"}],"twitter_misc":{"Est. reading time":"1 minuto"},"schema":{"@context":"https:\/\/schema.org","@graph":[{"@type":"WebPage","@id":"https:\/\/originshape.com\/product\/magnesiol-threonate-de-dr-mercola-90-capsulas\/","url":"https:\/\/originshape.com\/product\/magnesiol-threonate-de-dr-mercola-90-capsulas\/","name":"Magnesio\u200bL-Threonate de Dr. Mercola, 90 c\u00e1psulas - Origin Shape","isPartOf":{"@id":"https:\/\/originshape.com\/#website"},"primaryImageOfPage":{"@id":"https:\/\/originshape.com\/product\/magnesiol-threonate-de-dr-mercola-90-capsulas\/#primaryimage"},"image":{"@id":"https:\/\/originshape.com\/product\/magnesiol-threonate-de-dr-mercola-90-capsulas\/#primaryimage"},"thumbnailUrl":"https:\/\/originshape.com\/wp-content\/uploads\/2022\/12\/treonato-de-magnesio.jpg","datePublished":"2022-12-02T22:15:36+00:00","dateModified":"2023-06-10T18:52:23+00:00","breadcrumb":{"@id":"https:\/\/originshape.com\/product\/magnesiol-threonate-de-dr-mercola-90-capsulas\/#breadcrumb"},"inLanguage":"es-DO","potentialAction":[{"@type":"ReadAction","target":["https:\/\/originshape.com\/product\/magnesiol-threonate-de-dr-mercola-90-capsulas\/"]}]},{"@type":"ImageObject","inLanguage":"es-DO","@id":"https:\/\/originshape.com\/product\/magnesiol-threonate-de-dr-mercola-90-capsulas\/#primaryimage","url":"https:\/\/originshape.com\/wp-content\/uploads\/2022\/12\/treonato-de-magnesio.jpg","contentUrl":"https:\/\/originshape.com\/wp-content\/uploads\/2022\/12\/treonato-de-magnesio.jpg","width":808,"height":1500},{"@type":"BreadcrumbList","@id":"https:\/\/originshape.com\/product\/magnesiol-threonate-de-dr-mercola-90-capsulas\/#breadcrumb","itemListElement":[{"@type":"ListItem","position":1,"name":"Home","item":"https:\/\/originshape.com\/"},{"@type":"ListItem","position":2,"name":"Store clothes","item":"https:\/\/originshape.com\/store-2\/"},{"@type":"ListItem","position":3,"name":"Magnesio\u200bL-Threonate de Dr. Mercola, 90 c\u00e1psulas"}]},{"@type":"WebSite","@id":"https:\/\/originshape.com\/#website","url":"https:\/\/originshape.com\/","name":"Origin Shape","description":"Nutrition and Fitness","publisher":{"@id":"https:\/\/originshape.com\/#organization"},"potentialAction":[{"@type":"SearchAction","target":{"@type":"EntryPoint","urlTemplate":"https:\/\/originshape.com\/?s={search_term_string}"},"query-input":{"@type":"PropertyValueSpecification","valueRequired":true,"valueName":"search_term_string"}}],"inLanguage":"es-DO"},{"@type":"Organization","@id":"https:\/\/originshape.com\/#organization","name":"Origin Shape","url":"https:\/\/originshape.com\/","logo":{"@type":"ImageObject","inLanguage":"es-DO","@id":"https:\/\/originshape.com\/#\/schema\/logo\/image\/","url":"https:\/\/originshape.com\/wp-content\/uploads\/2022\/12\/39C56CFB-F744-41B1-9128-E6E7FF57EA6D.png","contentUrl":"https:\/\/originshape.com\/wp-content\/uploads\/2022\/12\/39C56CFB-F744-41B1-9128-E6E7FF57EA6D.png","width":512,"height":512,"caption":"Origin Shape"},"image":{"@id":"https:\/\/originshape.com\/#\/schema\/logo\/image\/"}}]}},"jetpack_sharing_enabled":true,"_links":{"self":[{"href":"https:\/\/originshape.com\/es\/wp-json\/wp\/v2\/product\/4602","targetHints":{"allow":["GET"]}}],"collection":[{"href":"https:\/\/originshape.com\/es\/wp-json\/wp\/v2\/product"}],"about":[{"href":"https:\/\/originshape.com\/es\/wp-json\/wp\/v2\/types\/product"}],"replies":[{"embeddable":true,"href":"https:\/\/originshape.com\/es\/wp-json\/wp\/v2\/comments?post=4602"}],"wp:featuredmedia":[{"embeddable":true,"href":"https:\/\/originshape.com\/es\/wp-json\/wp\/v2\/media\/4603"}],"wp:attachment":[{"href":"https:\/\/originshape.com\/es\/wp-json\/wp\/v2\/media?parent=4602"}],"wp:term":[{"taxonomy":"product_brand","embeddable":true,"href":"https:\/\/originshape.com\/es\/wp-json\/wp\/v2\/product_brand?post=4602"},{"taxonomy":"product_cat","embeddable":true,"href":"https:\/\/originshape.com\/es\/wp-json\/wp\/v2\/product_cat?post=4602"},{"taxonomy":"product_tag","embeddable":true,"href":"https:\/\/originshape.com\/es\/wp-json\/wp\/v2\/product_tag?post=4602"}],"curies":[{"name":"wp","href":"https:\/\/api.w.org\/{rel}","templated":true}]}}