{"id":4625,"date":"2022-12-02T22:44:11","date_gmt":"2022-12-02T22:44:11","guid":{"rendered":"https:\/\/originshape.com\/?post_type=product&#038;p=4625"},"modified":"2023-06-09T00:38:38","modified_gmt":"2023-06-09T00:38:38","slug":"4625","status":"publish","type":"product","link":"https:\/\/originshape.com\/es\/product\/4625\/","title":{"rendered":"Optimum Nutrition Creatina Micronizada Monohidrato en polvo"},"content":{"rendered":"<p>sin sabor, amistoso con Keto, 120 porciones<\/p>\n<h1 class=\"a-size-base-plus a-text-bold\">Sobre este art\u00edculo<\/h1>\n<ul class=\"a-unordered-list a-vertical a-spacing-mini\">\n<li><span class=\"a-list-item\">Monohidrato de creatina pura por porci\u00f3n de 5 gramos <\/span><\/li>\n<li><span class=\"a-list-item\">Ayuda a aumentar la energ\u00eda, la resistencia y la recuperaci\u00f3n <\/span><\/li>\n<li><span class=\"a-list-item\">M\u00e1xima potencia soporta el tama\u00f1o muscular, la fuerza y la potencia <\/span><\/li>\n<li><span class=\"a-list-item\">Absorci\u00f3n suprema micronizada para obtener el m\u00e1ximo provecho de cada dosis <\/span><\/li>\n<li><span class=\"a-list-item\">Sin sabor se puede mezclar en tu bebida favorita con facilidad. El producto no viene con una cuchara<\/span><\/li>\n<\/ul>","protected":false},"excerpt":{"rendered":"<p>sin sabor, amistoso con Keto, 120 porciones Sobre este art\u00edculo Monohidrato de creatina pura por porci\u00f3n de 5 gramos Ayuda a aumentar la energ\u00eda, la resistencia y la recuperaci\u00f3n M\u00e1xima potencia soporta el tama\u00f1o muscular, la fuerza y la potencia Absorci\u00f3n suprema micronizada para obtener el m\u00e1ximo provecho de cada dosis Sin sabor se puede [&hellip;]<\/p>","protected":false},"featured_media":4626,"comment_status":"closed","ping_status":"closed","template":"","meta":[],"product_brand":[],"product_cat":[96,86],"product_tag":[],"class_list":{"0":"post-4625","1":"product","2":"type-product","3":"status-publish","4":"has-post-thumbnail","6":"product_cat-preworkouts","7":"product_cat-suplementos","9":"first","10":"instock","11":"taxable","12":"shipping-taxable","13":"product-type-external"},"yoast_head":"<!-- This site is optimized with the Yoast SEO plugin v24.0 - https:\/\/yoast.com\/wordpress\/plugins\/seo\/ -->\n<title>Optimum Nutrition Creatina Micronizada Monohidrato en polvo - Origin Shape<\/title>\n<meta name=\"robots\" content=\"index, follow, max-snippet:-1, max-image-preview:large, max-video-preview:-1\" \/>\n<link rel=\"canonical\" href=\"https:\/\/originshape.com\/es\/product\/4625\/\" \/>\n<meta property=\"og:locale\" content=\"es_ES\" \/>\n<meta property=\"og:type\" content=\"article\" \/>\n<meta property=\"og:title\" content=\"Optimum Nutrition Creatina Micronizada Monohidrato en polvo - Origin Shape\" \/>\n<meta property=\"og:description\" content=\"sin sabor, amistoso con Keto, 120 porciones Sobre este art\u00edculo Monohidrato de creatina pura por porci\u00f3n de 5 gramos Ayuda a aumentar la energ\u00eda, la resistencia y la recuperaci\u00f3n M\u00e1xima potencia soporta el tama\u00f1o muscular, la fuerza y la potencia Absorci\u00f3n suprema micronizada para obtener el m\u00e1ximo provecho de cada dosis Sin sabor se puede [&hellip;]\" \/>\n<meta property=\"og:url\" content=\"https:\/\/originshape.com\/es\/product\/4625\/\" \/>\n<meta property=\"og:site_name\" content=\"Origin Shape\" \/>\n<meta property=\"article:modified_time\" content=\"2023-06-09T00:38:38+00:00\" \/>\n<meta property=\"og:image\" content=\"https:\/\/originshape.com\/wp-content\/uploads\/2022\/12\/creatina.jpg\" \/>\n\t<meta property=\"og:image:width\" content=\"831\" \/>\n\t<meta property=\"og:image:height\" content=\"1394\" \/>\n\t<meta property=\"og:image:type\" content=\"image\/jpeg\" \/>\n<meta name=\"twitter:label1\" content=\"Est. reading time\" \/>\n\t<meta name=\"twitter:data1\" content=\"1 minuto\" \/>\n<script type=\"application\/ld+json\" class=\"yoast-schema-graph\">{\"@context\":\"https:\/\/schema.org\",\"@graph\":[{\"@type\":\"WebPage\",\"@id\":\"https:\/\/originshape.com\/product\/4625\/\",\"url\":\"https:\/\/originshape.com\/product\/4625\/\",\"name\":\"Optimum Nutrition Creatina Micronizada Monohidrato en polvo - Origin Shape\",\"isPartOf\":{\"@id\":\"https:\/\/originshape.com\/#website\"},\"primaryImageOfPage\":{\"@id\":\"https:\/\/originshape.com\/product\/4625\/#primaryimage\"},\"image\":{\"@id\":\"https:\/\/originshape.com\/product\/4625\/#primaryimage\"},\"thumbnailUrl\":\"https:\/\/originshape.com\/wp-content\/uploads\/2022\/12\/creatina.jpg\",\"datePublished\":\"2022-12-02T22:44:11+00:00\",\"dateModified\":\"2023-06-09T00:38:38+00:00\",\"breadcrumb\":{\"@id\":\"https:\/\/originshape.com\/product\/4625\/#breadcrumb\"},\"inLanguage\":\"es-DO\",\"potentialAction\":[{\"@type\":\"ReadAction\",\"target\":[\"https:\/\/originshape.com\/product\/4625\/\"]}]},{\"@type\":\"ImageObject\",\"inLanguage\":\"es-DO\",\"@id\":\"https:\/\/originshape.com\/product\/4625\/#primaryimage\",\"url\":\"https:\/\/originshape.com\/wp-content\/uploads\/2022\/12\/creatina.jpg\",\"contentUrl\":\"https:\/\/originshape.com\/wp-content\/uploads\/2022\/12\/creatina.jpg\",\"width\":831,\"height\":1394},{\"@type\":\"BreadcrumbList\",\"@id\":\"https:\/\/originshape.com\/product\/4625\/#breadcrumb\",\"itemListElement\":[{\"@type\":\"ListItem\",\"position\":1,\"name\":\"Home\",\"item\":\"https:\/\/originshape.com\/\"},{\"@type\":\"ListItem\",\"position\":2,\"name\":\"Store clothes\",\"item\":\"https:\/\/originshape.com\/store-2\/\"},{\"@type\":\"ListItem\",\"position\":3,\"name\":\"Optimum Nutrition Creatina Micronizada Monohidrato en polvo\"}]},{\"@type\":\"WebSite\",\"@id\":\"https:\/\/originshape.com\/#website\",\"url\":\"https:\/\/originshape.com\/\",\"name\":\"Origin Shape\",\"description\":\"Nutrition and Fitness\",\"publisher\":{\"@id\":\"https:\/\/originshape.com\/#organization\"},\"potentialAction\":[{\"@type\":\"SearchAction\",\"target\":{\"@type\":\"EntryPoint\",\"urlTemplate\":\"https:\/\/originshape.com\/?s={search_term_string}\"},\"query-input\":{\"@type\":\"PropertyValueSpecification\",\"valueRequired\":true,\"valueName\":\"search_term_string\"}}],\"inLanguage\":\"es-DO\"},{\"@type\":\"Organization\",\"@id\":\"https:\/\/originshape.com\/#organization\",\"name\":\"Origin Shape\",\"url\":\"https:\/\/originshape.com\/\",\"logo\":{\"@type\":\"ImageObject\",\"inLanguage\":\"es-DO\",\"@id\":\"https:\/\/originshape.com\/#\/schema\/logo\/image\/\",\"url\":\"https:\/\/originshape.com\/wp-content\/uploads\/2022\/12\/39C56CFB-F744-41B1-9128-E6E7FF57EA6D.png\",\"contentUrl\":\"https:\/\/originshape.com\/wp-content\/uploads\/2022\/12\/39C56CFB-F744-41B1-9128-E6E7FF57EA6D.png\",\"width\":512,\"height\":512,\"caption\":\"Origin Shape\"},\"image\":{\"@id\":\"https:\/\/originshape.com\/#\/schema\/logo\/image\/\"}}]}<\/script>\n<!-- \/ Yoast SEO plugin. -->","yoast_head_json":{"title":"Optimum Nutrition Creatina Micronizada Monohidrato en polvo - Origin Shape","robots":{"index":"index","follow":"follow","max-snippet":"max-snippet:-1","max-image-preview":"max-image-preview:large","max-video-preview":"max-video-preview:-1"},"canonical":"https:\/\/originshape.com\/es\/product\/4625\/","og_locale":"es_ES","og_type":"article","og_title":"Optimum Nutrition Creatina Micronizada Monohidrato en polvo - Origin Shape","og_description":"sin sabor, amistoso con Keto, 120 porciones Sobre este art\u00edculo Monohidrato de creatina pura por porci\u00f3n de 5 gramos Ayuda a aumentar la energ\u00eda, la resistencia y la recuperaci\u00f3n M\u00e1xima potencia soporta el tama\u00f1o muscular, la fuerza y la potencia Absorci\u00f3n suprema micronizada para obtener el m\u00e1ximo provecho de cada dosis Sin sabor se puede [&hellip;]","og_url":"https:\/\/originshape.com\/es\/product\/4625\/","og_site_name":"Origin Shape","article_modified_time":"2023-06-09T00:38:38+00:00","og_image":[{"width":831,"height":1394,"url":"https:\/\/originshape.com\/wp-content\/uploads\/2022\/12\/creatina.jpg","type":"image\/jpeg"}],"twitter_misc":{"Est. reading time":"1 minuto"},"schema":{"@context":"https:\/\/schema.org","@graph":[{"@type":"WebPage","@id":"https:\/\/originshape.com\/product\/4625\/","url":"https:\/\/originshape.com\/product\/4625\/","name":"Optimum Nutrition Creatina Micronizada Monohidrato en polvo - Origin Shape","isPartOf":{"@id":"https:\/\/originshape.com\/#website"},"primaryImageOfPage":{"@id":"https:\/\/originshape.com\/product\/4625\/#primaryimage"},"image":{"@id":"https:\/\/originshape.com\/product\/4625\/#primaryimage"},"thumbnailUrl":"https:\/\/originshape.com\/wp-content\/uploads\/2022\/12\/creatina.jpg","datePublished":"2022-12-02T22:44:11+00:00","dateModified":"2023-06-09T00:38:38+00:00","breadcrumb":{"@id":"https:\/\/originshape.com\/product\/4625\/#breadcrumb"},"inLanguage":"es-DO","potentialAction":[{"@type":"ReadAction","target":["https:\/\/originshape.com\/product\/4625\/"]}]},{"@type":"ImageObject","inLanguage":"es-DO","@id":"https:\/\/originshape.com\/product\/4625\/#primaryimage","url":"https:\/\/originshape.com\/wp-content\/uploads\/2022\/12\/creatina.jpg","contentUrl":"https:\/\/originshape.com\/wp-content\/uploads\/2022\/12\/creatina.jpg","width":831,"height":1394},{"@type":"BreadcrumbList","@id":"https:\/\/originshape.com\/product\/4625\/#breadcrumb","itemListElement":[{"@type":"ListItem","position":1,"name":"Home","item":"https:\/\/originshape.com\/"},{"@type":"ListItem","position":2,"name":"Store clothes","item":"https:\/\/originshape.com\/store-2\/"},{"@type":"ListItem","position":3,"name":"Optimum Nutrition Creatina Micronizada Monohidrato en polvo"}]},{"@type":"WebSite","@id":"https:\/\/originshape.com\/#website","url":"https:\/\/originshape.com\/","name":"Origin Shape","description":"Nutrition and Fitness","publisher":{"@id":"https:\/\/originshape.com\/#organization"},"potentialAction":[{"@type":"SearchAction","target":{"@type":"EntryPoint","urlTemplate":"https:\/\/originshape.com\/?s={search_term_string}"},"query-input":{"@type":"PropertyValueSpecification","valueRequired":true,"valueName":"search_term_string"}}],"inLanguage":"es-DO"},{"@type":"Organization","@id":"https:\/\/originshape.com\/#organization","name":"Origin Shape","url":"https:\/\/originshape.com\/","logo":{"@type":"ImageObject","inLanguage":"es-DO","@id":"https:\/\/originshape.com\/#\/schema\/logo\/image\/","url":"https:\/\/originshape.com\/wp-content\/uploads\/2022\/12\/39C56CFB-F744-41B1-9128-E6E7FF57EA6D.png","contentUrl":"https:\/\/originshape.com\/wp-content\/uploads\/2022\/12\/39C56CFB-F744-41B1-9128-E6E7FF57EA6D.png","width":512,"height":512,"caption":"Origin Shape"},"image":{"@id":"https:\/\/originshape.com\/#\/schema\/logo\/image\/"}}]}},"jetpack_sharing_enabled":true,"_links":{"self":[{"href":"https:\/\/originshape.com\/es\/wp-json\/wp\/v2\/product\/4625","targetHints":{"allow":["GET"]}}],"collection":[{"href":"https:\/\/originshape.com\/es\/wp-json\/wp\/v2\/product"}],"about":[{"href":"https:\/\/originshape.com\/es\/wp-json\/wp\/v2\/types\/product"}],"replies":[{"embeddable":true,"href":"https:\/\/originshape.com\/es\/wp-json\/wp\/v2\/comments?post=4625"}],"wp:featuredmedia":[{"embeddable":true,"href":"https:\/\/originshape.com\/es\/wp-json\/wp\/v2\/media\/4626"}],"wp:attachment":[{"href":"https:\/\/originshape.com\/es\/wp-json\/wp\/v2\/media?parent=4625"}],"wp:term":[{"taxonomy":"product_brand","embeddable":true,"href":"https:\/\/originshape.com\/es\/wp-json\/wp\/v2\/product_brand?post=4625"},{"taxonomy":"product_cat","embeddable":true,"href":"https:\/\/originshape.com\/es\/wp-json\/wp\/v2\/product_cat?post=4625"},{"taxonomy":"product_tag","embeddable":true,"href":"https:\/\/originshape.com\/es\/wp-json\/wp\/v2\/product_tag?post=4625"}],"curies":[{"name":"wp","href":"https:\/\/api.w.org\/{rel}","templated":true}]}}