{"id":4628,"date":"2022-12-02T22:47:52","date_gmt":"2022-12-02T22:47:52","guid":{"rendered":"https:\/\/originshape.com\/?post_type=product&#038;p=4628"},"modified":"2023-06-09T00:36:50","modified_gmt":"2023-06-09T00:36:50","slug":"isopure-proteina-en-polvo-con-cero-carbohidratos-100-aislado-de-proteina-de-suero-keto-friendly","status":"publish","type":"product","link":"https:\/\/originshape.com\/es\/product\/isopure-proteina-en-polvo-con-cero-carbohidratos-100-aislado-de-proteina-de-suero-keto-friendly\/","title":{"rendered":"Isopure Prote\u00edna en polvo con cero carbohidratos"},"content":{"rendered":"<p>100% aislado de prote\u00edna de suero, Keto Friendly<\/p>\n<ul>\n<li><span class=\"a-list-item\">BCAA, biotina, calcio, cromo, CLA, cobre, fibra, \u00e1cido f\u00f3lico, hierro, L-glutamina, Lecitina, magnesio, prote\u00ednas, selenio, salsa de soja, taurina, vitamina A, vitamina B, vitamina C, vitamina E, zinc<\/span><\/li>\n<\/ul>","protected":false},"excerpt":{"rendered":"<p>100% aislado de prote\u00edna de suero, Keto Friendly BCAA, biotina, calcio, cromo, CLA, cobre, fibra, \u00e1cido f\u00f3lico, hierro, L-glutamina, Lecitina, magnesio, prote\u00ednas, selenio, salsa de soja, taurina, vitamina A, vitamina B, vitamina C, vitamina E, zinc<\/p>","protected":false},"featured_media":4629,"comment_status":"closed","ping_status":"closed","template":"","meta":[],"product_brand":[],"product_cat":[95,86],"product_tag":[],"class_list":{"0":"post-4628","1":"product","2":"type-product","3":"status-publish","4":"has-post-thumbnail","6":"product_cat-proteins","7":"product_cat-suplementos","9":"first","10":"instock","11":"taxable","12":"shipping-taxable","13":"product-type-external"},"yoast_head":"<!-- This site is optimized with the Yoast SEO plugin v24.0 - https:\/\/yoast.com\/wordpress\/plugins\/seo\/ -->\n<title>Isopure Prote\u00edna en polvo con cero carbohidratos - Origin Shape<\/title>\n<meta name=\"robots\" content=\"index, follow, max-snippet:-1, max-image-preview:large, max-video-preview:-1\" \/>\n<link rel=\"canonical\" href=\"https:\/\/originshape.com\/es\/product\/isopure-proteina-en-polvo-con-cero-carbohidratos-100-aislado-de-proteina-de-suero-keto-friendly\/\" \/>\n<meta property=\"og:locale\" content=\"es_ES\" \/>\n<meta property=\"og:type\" content=\"article\" \/>\n<meta property=\"og:title\" content=\"Isopure Prote\u00edna en polvo con cero carbohidratos - Origin Shape\" \/>\n<meta property=\"og:description\" content=\"100% aislado de prote\u00edna de suero, Keto Friendly BCAA, biotina, calcio, cromo, CLA, cobre, fibra, \u00e1cido f\u00f3lico, hierro, L-glutamina, Lecitina, magnesio, prote\u00ednas, selenio, salsa de soja, taurina, vitamina A, vitamina B, vitamina C, vitamina E, zinc\" \/>\n<meta property=\"og:url\" content=\"https:\/\/originshape.com\/es\/product\/isopure-proteina-en-polvo-con-cero-carbohidratos-100-aislado-de-proteina-de-suero-keto-friendly\/\" \/>\n<meta property=\"og:site_name\" content=\"Origin Shape\" \/>\n<meta property=\"article:modified_time\" content=\"2023-06-09T00:36:50+00:00\" \/>\n<meta property=\"og:image\" content=\"https:\/\/originshape.com\/wp-content\/uploads\/2022\/12\/isopure.jpg\" \/>\n\t<meta property=\"og:image:width\" content=\"752\" \/>\n\t<meta property=\"og:image:height\" content=\"1428\" \/>\n\t<meta property=\"og:image:type\" content=\"image\/jpeg\" \/>\n<meta name=\"twitter:label1\" content=\"Est. reading time\" \/>\n\t<meta name=\"twitter:data1\" content=\"1 minuto\" \/>\n<script type=\"application\/ld+json\" class=\"yoast-schema-graph\">{\"@context\":\"https:\/\/schema.org\",\"@graph\":[{\"@type\":\"WebPage\",\"@id\":\"https:\/\/originshape.com\/product\/isopure-proteina-en-polvo-con-cero-carbohidratos-100-aislado-de-proteina-de-suero-keto-friendly\/\",\"url\":\"https:\/\/originshape.com\/product\/isopure-proteina-en-polvo-con-cero-carbohidratos-100-aislado-de-proteina-de-suero-keto-friendly\/\",\"name\":\"Isopure Prote\u00edna en polvo con cero carbohidratos - Origin Shape\",\"isPartOf\":{\"@id\":\"https:\/\/originshape.com\/#website\"},\"primaryImageOfPage\":{\"@id\":\"https:\/\/originshape.com\/product\/isopure-proteina-en-polvo-con-cero-carbohidratos-100-aislado-de-proteina-de-suero-keto-friendly\/#primaryimage\"},\"image\":{\"@id\":\"https:\/\/originshape.com\/product\/isopure-proteina-en-polvo-con-cero-carbohidratos-100-aislado-de-proteina-de-suero-keto-friendly\/#primaryimage\"},\"thumbnailUrl\":\"https:\/\/originshape.com\/wp-content\/uploads\/2022\/12\/isopure.jpg\",\"datePublished\":\"2022-12-02T22:47:52+00:00\",\"dateModified\":\"2023-06-09T00:36:50+00:00\",\"breadcrumb\":{\"@id\":\"https:\/\/originshape.com\/product\/isopure-proteina-en-polvo-con-cero-carbohidratos-100-aislado-de-proteina-de-suero-keto-friendly\/#breadcrumb\"},\"inLanguage\":\"es-DO\",\"potentialAction\":[{\"@type\":\"ReadAction\",\"target\":[\"https:\/\/originshape.com\/product\/isopure-proteina-en-polvo-con-cero-carbohidratos-100-aislado-de-proteina-de-suero-keto-friendly\/\"]}]},{\"@type\":\"ImageObject\",\"inLanguage\":\"es-DO\",\"@id\":\"https:\/\/originshape.com\/product\/isopure-proteina-en-polvo-con-cero-carbohidratos-100-aislado-de-proteina-de-suero-keto-friendly\/#primaryimage\",\"url\":\"https:\/\/originshape.com\/wp-content\/uploads\/2022\/12\/isopure.jpg\",\"contentUrl\":\"https:\/\/originshape.com\/wp-content\/uploads\/2022\/12\/isopure.jpg\",\"width\":752,\"height\":1428},{\"@type\":\"BreadcrumbList\",\"@id\":\"https:\/\/originshape.com\/product\/isopure-proteina-en-polvo-con-cero-carbohidratos-100-aislado-de-proteina-de-suero-keto-friendly\/#breadcrumb\",\"itemListElement\":[{\"@type\":\"ListItem\",\"position\":1,\"name\":\"Home\",\"item\":\"https:\/\/originshape.com\/\"},{\"@type\":\"ListItem\",\"position\":2,\"name\":\"Store clothes\",\"item\":\"https:\/\/originshape.com\/store-2\/\"},{\"@type\":\"ListItem\",\"position\":3,\"name\":\"Isopure Prote\u00edna en polvo con cero carbohidratos\"}]},{\"@type\":\"WebSite\",\"@id\":\"https:\/\/originshape.com\/#website\",\"url\":\"https:\/\/originshape.com\/\",\"name\":\"Origin Shape\",\"description\":\"Nutrition and Fitness\",\"publisher\":{\"@id\":\"https:\/\/originshape.com\/#organization\"},\"potentialAction\":[{\"@type\":\"SearchAction\",\"target\":{\"@type\":\"EntryPoint\",\"urlTemplate\":\"https:\/\/originshape.com\/?s={search_term_string}\"},\"query-input\":{\"@type\":\"PropertyValueSpecification\",\"valueRequired\":true,\"valueName\":\"search_term_string\"}}],\"inLanguage\":\"es-DO\"},{\"@type\":\"Organization\",\"@id\":\"https:\/\/originshape.com\/#organization\",\"name\":\"Origin Shape\",\"url\":\"https:\/\/originshape.com\/\",\"logo\":{\"@type\":\"ImageObject\",\"inLanguage\":\"es-DO\",\"@id\":\"https:\/\/originshape.com\/#\/schema\/logo\/image\/\",\"url\":\"https:\/\/originshape.com\/wp-content\/uploads\/2022\/12\/39C56CFB-F744-41B1-9128-E6E7FF57EA6D.png\",\"contentUrl\":\"https:\/\/originshape.com\/wp-content\/uploads\/2022\/12\/39C56CFB-F744-41B1-9128-E6E7FF57EA6D.png\",\"width\":512,\"height\":512,\"caption\":\"Origin Shape\"},\"image\":{\"@id\":\"https:\/\/originshape.com\/#\/schema\/logo\/image\/\"}}]}<\/script>\n<!-- \/ Yoast SEO plugin. -->","yoast_head_json":{"title":"Isopure Prote\u00edna en polvo con cero carbohidratos - Origin Shape","robots":{"index":"index","follow":"follow","max-snippet":"max-snippet:-1","max-image-preview":"max-image-preview:large","max-video-preview":"max-video-preview:-1"},"canonical":"https:\/\/originshape.com\/es\/product\/isopure-proteina-en-polvo-con-cero-carbohidratos-100-aislado-de-proteina-de-suero-keto-friendly\/","og_locale":"es_ES","og_type":"article","og_title":"Isopure Prote\u00edna en polvo con cero carbohidratos - Origin Shape","og_description":"100% aislado de prote\u00edna de suero, Keto Friendly BCAA, biotina, calcio, cromo, CLA, cobre, fibra, \u00e1cido f\u00f3lico, hierro, L-glutamina, Lecitina, magnesio, prote\u00ednas, selenio, salsa de soja, taurina, vitamina A, vitamina B, vitamina C, vitamina E, zinc","og_url":"https:\/\/originshape.com\/es\/product\/isopure-proteina-en-polvo-con-cero-carbohidratos-100-aislado-de-proteina-de-suero-keto-friendly\/","og_site_name":"Origin Shape","article_modified_time":"2023-06-09T00:36:50+00:00","og_image":[{"width":752,"height":1428,"url":"https:\/\/originshape.com\/wp-content\/uploads\/2022\/12\/isopure.jpg","type":"image\/jpeg"}],"twitter_misc":{"Est. reading time":"1 minuto"},"schema":{"@context":"https:\/\/schema.org","@graph":[{"@type":"WebPage","@id":"https:\/\/originshape.com\/product\/isopure-proteina-en-polvo-con-cero-carbohidratos-100-aislado-de-proteina-de-suero-keto-friendly\/","url":"https:\/\/originshape.com\/product\/isopure-proteina-en-polvo-con-cero-carbohidratos-100-aislado-de-proteina-de-suero-keto-friendly\/","name":"Isopure Prote\u00edna en polvo con cero carbohidratos - Origin Shape","isPartOf":{"@id":"https:\/\/originshape.com\/#website"},"primaryImageOfPage":{"@id":"https:\/\/originshape.com\/product\/isopure-proteina-en-polvo-con-cero-carbohidratos-100-aislado-de-proteina-de-suero-keto-friendly\/#primaryimage"},"image":{"@id":"https:\/\/originshape.com\/product\/isopure-proteina-en-polvo-con-cero-carbohidratos-100-aislado-de-proteina-de-suero-keto-friendly\/#primaryimage"},"thumbnailUrl":"https:\/\/originshape.com\/wp-content\/uploads\/2022\/12\/isopure.jpg","datePublished":"2022-12-02T22:47:52+00:00","dateModified":"2023-06-09T00:36:50+00:00","breadcrumb":{"@id":"https:\/\/originshape.com\/product\/isopure-proteina-en-polvo-con-cero-carbohidratos-100-aislado-de-proteina-de-suero-keto-friendly\/#breadcrumb"},"inLanguage":"es-DO","potentialAction":[{"@type":"ReadAction","target":["https:\/\/originshape.com\/product\/isopure-proteina-en-polvo-con-cero-carbohidratos-100-aislado-de-proteina-de-suero-keto-friendly\/"]}]},{"@type":"ImageObject","inLanguage":"es-DO","@id":"https:\/\/originshape.com\/product\/isopure-proteina-en-polvo-con-cero-carbohidratos-100-aislado-de-proteina-de-suero-keto-friendly\/#primaryimage","url":"https:\/\/originshape.com\/wp-content\/uploads\/2022\/12\/isopure.jpg","contentUrl":"https:\/\/originshape.com\/wp-content\/uploads\/2022\/12\/isopure.jpg","width":752,"height":1428},{"@type":"BreadcrumbList","@id":"https:\/\/originshape.com\/product\/isopure-proteina-en-polvo-con-cero-carbohidratos-100-aislado-de-proteina-de-suero-keto-friendly\/#breadcrumb","itemListElement":[{"@type":"ListItem","position":1,"name":"Home","item":"https:\/\/originshape.com\/"},{"@type":"ListItem","position":2,"name":"Store clothes","item":"https:\/\/originshape.com\/store-2\/"},{"@type":"ListItem","position":3,"name":"Isopure Prote\u00edna en polvo con cero carbohidratos"}]},{"@type":"WebSite","@id":"https:\/\/originshape.com\/#website","url":"https:\/\/originshape.com\/","name":"Origin Shape","description":"Nutrition and Fitness","publisher":{"@id":"https:\/\/originshape.com\/#organization"},"potentialAction":[{"@type":"SearchAction","target":{"@type":"EntryPoint","urlTemplate":"https:\/\/originshape.com\/?s={search_term_string}"},"query-input":{"@type":"PropertyValueSpecification","valueRequired":true,"valueName":"search_term_string"}}],"inLanguage":"es-DO"},{"@type":"Organization","@id":"https:\/\/originshape.com\/#organization","name":"Origin Shape","url":"https:\/\/originshape.com\/","logo":{"@type":"ImageObject","inLanguage":"es-DO","@id":"https:\/\/originshape.com\/#\/schema\/logo\/image\/","url":"https:\/\/originshape.com\/wp-content\/uploads\/2022\/12\/39C56CFB-F744-41B1-9128-E6E7FF57EA6D.png","contentUrl":"https:\/\/originshape.com\/wp-content\/uploads\/2022\/12\/39C56CFB-F744-41B1-9128-E6E7FF57EA6D.png","width":512,"height":512,"caption":"Origin Shape"},"image":{"@id":"https:\/\/originshape.com\/#\/schema\/logo\/image\/"}}]}},"jetpack_sharing_enabled":true,"_links":{"self":[{"href":"https:\/\/originshape.com\/es\/wp-json\/wp\/v2\/product\/4628","targetHints":{"allow":["GET"]}}],"collection":[{"href":"https:\/\/originshape.com\/es\/wp-json\/wp\/v2\/product"}],"about":[{"href":"https:\/\/originshape.com\/es\/wp-json\/wp\/v2\/types\/product"}],"replies":[{"embeddable":true,"href":"https:\/\/originshape.com\/es\/wp-json\/wp\/v2\/comments?post=4628"}],"wp:featuredmedia":[{"embeddable":true,"href":"https:\/\/originshape.com\/es\/wp-json\/wp\/v2\/media\/4629"}],"wp:attachment":[{"href":"https:\/\/originshape.com\/es\/wp-json\/wp\/v2\/media?parent=4628"}],"wp:term":[{"taxonomy":"product_brand","embeddable":true,"href":"https:\/\/originshape.com\/es\/wp-json\/wp\/v2\/product_brand?post=4628"},{"taxonomy":"product_cat","embeddable":true,"href":"https:\/\/originshape.com\/es\/wp-json\/wp\/v2\/product_cat?post=4628"},{"taxonomy":"product_tag","embeddable":true,"href":"https:\/\/originshape.com\/es\/wp-json\/wp\/v2\/product_tag?post=4628"}],"curies":[{"name":"wp","href":"https:\/\/api.w.org\/{rel}","templated":true}]}}