{"id":4634,"date":"2022-12-02T22:57:12","date_gmt":"2022-12-02T22:57:12","guid":{"rendered":"https:\/\/originshape.com\/?post_type=product&#038;p=4634"},"modified":"2023-06-09T00:32:42","modified_gmt":"2023-06-09T00:32:42","slug":"proteina-purepaleo-vainilla-de-designs-for-health-0-74-oz-de-hydrobeef-altamente-concentrado-caldo-de-hueso-polvo-proteinico-28-6-oz","status":"publish","type":"product","link":"https:\/\/originshape.com\/es\/product\/proteina-purepaleo-vainilla-de-designs-for-health-0-74-oz-de-hydrobeef-altamente-concentrado-caldo-de-hueso-polvo-proteinico-28-6-oz\/","title":{"rendered":"Prote\u00edna PurePaleo vainilla de Designs For Health"},"content":{"rendered":"<p>0.74 oz de HydroBEEF altamente concentrado, caldo de hueso, polvo prote\u00ednico, 28.6 oz<\/p>\n<div id=\"featurebullets_feature_div\" class=\"celwidget\" data-feature-name=\"featurebullets\" data-csa-c-type=\"widget\" data-csa-c-content-id=\"featurebullets\" data-csa-c-slot-id=\"featurebullets_feature_div\" data-csa-c-asin=\"B016025BBO\" data-csa-c-is-in-initial-active-row=\"false\" data-csa-c-id=\"nq42km-9pflg9-nmlaho-kzdzik\" data-cel-widget=\"featurebullets_feature_div\">\n<div id=\"feature-bullets\" class=\"a-section a-spacing-medium a-spacing-top-small\">\n<h1 class=\"a-size-base-plus a-text-bold\">Sobre este art\u00edculo<\/h1>\n<ul class=\"a-unordered-list a-vertical a-spacing-mini\">\n<li><span class=\"a-list-item\">P\u00e9ptidos de col\u00e1geno verdadero: muchas prote\u00ednas de caldo de hueso son simplemente col\u00e1geno a\u00f1adido a la prote\u00edna. PurePaleo libre de l\u00e1cteos contiene prote\u00ednas completas y amino\u00e1cidos espec\u00edficos de col\u00e1geno, que pueden soportar el tejido conectivo. * <\/span><\/li>\n<li><span class=\"a-list-item\">0.74\u00a0oz de prote\u00edna de hidr\u00f3fugo: Hydrobee es m\u00e1s del 97% de prote\u00edna pura, repleta de amino\u00e1cidos de cadena ramificada, que son cr\u00edticos para la recuperaci\u00f3n. Este producto contiene carne de vacuno procedente de animales criados en Suecia sin ning\u00fan tipo de cereales OMG, hierba y ensilaje. * <\/span><\/li>\n<li><span class=\"a-list-item\">Entrenamientos de apoyo: PurePaleo tiene una puntuaci\u00f3n de nitr\u00f3geno de m\u00e1s de 100 (m\u00e1s alto que el suero de leche) por lo que es muy f\u00e1cil de digerir y permite que la prote\u00edna se hidrolize en m\u00e1s p\u00e9ptidos, lo que resulta en una absorci\u00f3n y asimilaci\u00f3n m\u00e1s sencillas. * <\/span><\/li>\n<li><span class=\"a-list-item\">M\u00e1s altos est\u00e1ndares. Mejores resultados: los dise\u00f1os para la salud mantienen un enfoque estricto y sin compromisos para la selecci\u00f3n de materias primas de calidad. Nunca cortamos esquinas con ingredientes de calidad inferior. Este producto no contiene OMG ni gluten. <\/span><\/li>\n<li><span class=\"a-list-item\">M\u00e1s de 50.000 m\u00e9dicos \u2013 Dise\u00f1os para la salud es la elecci\u00f3n del m\u00e9dico para suplementos de fuerza profesional de alta calidad desde 1989. Nuestra filosof\u00eda de &#8220;Science First&#8221; garantiza que nuestros productos se basan en la investigaci\u00f3n m\u00e1s reciente y utilizan ingredientes crudos de la m\u00e1s alta calidad. <\/span><\/li>\n<\/ul>\n<\/div>\n<\/div>\n<div id=\"provenanceCertifications_feature_div\" class=\"celwidget\" data-feature-name=\"provenanceCertifications\" data-csa-c-type=\"widget\" data-csa-c-content-id=\"provenanceCertifications\" data-csa-c-slot-id=\"provenanceCertifications_feature_div\" data-csa-c-asin=\"B016025BBO\" data-csa-c-is-in-initial-active-row=\"false\" data-csa-c-id=\"fg1e5r-6xsot8-2j8t93-hswed7\" data-cel-widget=\"provenanceCertifications_feature_div\"><\/div>\n<div id=\"serviceCapabilities_feature_div\" class=\"celwidget\" data-feature-name=\"serviceCapabilities\" data-csa-c-type=\"widget\" data-csa-c-content-id=\"serviceCapabilities\" data-csa-c-slot-id=\"serviceCapabilities_feature_div\" data-csa-c-asin=\"B016025BBO\" data-csa-c-is-in-initial-active-row=\"false\" data-csa-c-id=\"804p48-jsvttu-m9s6ml-rbjaq7\" data-cel-widget=\"serviceCapabilities_feature_div\">\n<div id=\"vas-service-capabilities\" class=\"a-section a-spacing-none a-spacing-top-micro\"><\/div>\n<div id=\"globalStoreInfoBullets_feature_div\" class=\"celwidget\" data-feature-name=\"globalStoreInfoBullets\" data-csa-c-type=\"widget\" data-csa-c-content-id=\"globalStoreInfoBullets\" data-csa-c-slot-id=\"globalStoreInfoBullets_feature_div\" data-csa-c-asin=\"B016025BBO\" data-csa-c-is-in-initial-active-row=\"false\" data-csa-c-id=\"yg8d8e-eoc0mi-dfgkoz-75fqme\" data-cel-widget=\"globalStoreInfoBullets_feature_div\"><\/div>\n<div id=\"topBusinessReviews_feature_div\" class=\"celwidget\" data-feature-name=\"topBusinessReviews\" data-csa-c-type=\"widget\" data-csa-c-content-id=\"topBusinessReviews\" data-csa-c-slot-id=\"topBusinessReviews_feature_div\" data-csa-c-asin=\"B016025BBO\" data-csa-c-is-in-initial-active-row=\"false\" data-csa-c-id=\"ezojsz-vw9vf1-1r9ncf-ae7zo3\" data-cel-widget=\"topBusinessReviews_feature_div\">\n<div class=\"celwidget c-f\" data-csa-op-log-render=\"\" data-csa-c-content-id=\"DsUnknown\" data-csa-c-slot-id=\"DsUnknown-4\" data-csa-c-type=\"widget\" data-csa-c-painter=\"top-business-reviews-card-cards\" data-csa-c-id=\"7p1co8-au7uft-ayfk2q-8roajc\" data-cel-widget=\"top-business-reviews-card_DetailPage_3\">\n<div id=\"CardInstanceZsbA_nnY_SAttboQU5Wl1g\" class=\"a-section a-spacing-none _top-business-reviews-card_style_topBusinessReview__3v8km\" data-card-metrics-id=\"top-business-reviews-card_DetailPage_3\" data-mix-claimed=\"true\"><\/div>\n<\/div>\n<\/div>\n<\/div>","protected":false},"excerpt":{"rendered":"<div id=\"featurebullets_feature_div\" class=\"celwidget\" data-feature-name=\"featurebullets\" data-csa-c-type=\"widget\" data-csa-c-content-id=\"featurebullets\" data-csa-c-slot-id=\"featurebullets_feature_div\" data-csa-c-asin=\"B016025BBO\" data-csa-c-is-in-initial-active-row=\"false\" data-csa-c-id=\"nq42km-9pflg9-nmlaho-kzdzik\" data-cel-widget=\"featurebullets_feature_div\">\n<div id=\"feature-bullets\" class=\"a-section a-spacing-medium a-spacing-top-small\"><\/div>\n<\/div>\n<div id=\"serviceCapabilities_feature_div\" class=\"celwidget\" data-feature-name=\"serviceCapabilities\" data-csa-c-type=\"widget\" data-csa-c-content-id=\"serviceCapabilities\" data-csa-c-slot-id=\"serviceCapabilities_feature_div\" data-csa-c-asin=\"B016025BBO\" data-csa-c-is-in-initial-active-row=\"false\" data-csa-c-id=\"804p48-jsvttu-m9s6ml-rbjaq7\" data-cel-widget=\"serviceCapabilities_feature_div\">\n<div id=\"topBusinessReviews_feature_div\" class=\"celwidget\" data-feature-name=\"topBusinessReviews\" data-csa-c-type=\"widget\" data-csa-c-content-id=\"topBusinessReviews\" data-csa-c-slot-id=\"topBusinessReviews_feature_div\" data-csa-c-asin=\"B016025BBO\" data-csa-c-is-in-initial-active-row=\"false\" data-csa-c-id=\"ezojsz-vw9vf1-1r9ncf-ae7zo3\" data-cel-widget=\"topBusinessReviews_feature_div\">\n<div class=\"celwidget c-f\" data-csa-op-log-render=\"\" data-csa-c-content-id=\"DsUnknown\" data-csa-c-slot-id=\"DsUnknown-4\" data-csa-c-type=\"widget\" data-csa-c-painter=\"top-business-reviews-card-cards\" data-csa-c-id=\"7p1co8-au7uft-ayfk2q-8roajc\" data-cel-widget=\"top-business-reviews-card_DetailPage_3\">\n<div id=\"CardInstanceZsbA_nnY_SAttboQU5Wl1g\" class=\"a-section a-spacing-none _top-business-reviews-card_style_topBusinessReview__3v8km\" data-card-metrics-id=\"top-business-reviews-card_DetailPage_3\" data-mix-claimed=\"true\"><\/div>\n<\/div>\n<\/div>\n<div id=\"HLCXComparisonJumplink_feature_div\"><\/div>\n<\/div>","protected":false},"featured_media":4635,"comment_status":"closed","ping_status":"closed","template":"","meta":[],"product_brand":[],"product_cat":[95,86],"product_tag":[],"class_list":{"0":"post-4634","1":"product","2":"type-product","3":"status-publish","4":"has-post-thumbnail","6":"product_cat-proteins","7":"product_cat-suplementos","9":"first","10":"instock","11":"taxable","12":"shipping-taxable","13":"product-type-external"},"yoast_head":"<!-- This site is optimized with the Yoast SEO plugin v24.0 - https:\/\/yoast.com\/wordpress\/plugins\/seo\/ -->\n<title>Prote\u00edna PurePaleo vainilla de Designs For Health - Origin Shape<\/title>\n<meta name=\"robots\" content=\"index, follow, max-snippet:-1, max-image-preview:large, max-video-preview:-1\" \/>\n<link rel=\"canonical\" href=\"https:\/\/originshape.com\/es\/product\/proteina-purepaleo-vainilla-de-designs-for-health-0-74-oz-de-hydrobeef-altamente-concentrado-caldo-de-hueso-polvo-proteinico-28-6-oz\/\" \/>\n<meta property=\"og:locale\" content=\"es_ES\" \/>\n<meta property=\"og:type\" content=\"article\" \/>\n<meta property=\"og:title\" content=\"Prote\u00edna PurePaleo vainilla de Designs For Health - Origin Shape\" \/>\n<meta property=\"og:url\" content=\"https:\/\/originshape.com\/es\/product\/proteina-purepaleo-vainilla-de-designs-for-health-0-74-oz-de-hydrobeef-altamente-concentrado-caldo-de-hueso-polvo-proteinico-28-6-oz\/\" \/>\n<meta property=\"og:site_name\" content=\"Origin Shape\" \/>\n<meta property=\"article:modified_time\" content=\"2023-06-09T00:32:42+00:00\" \/>\n<meta property=\"og:image\" content=\"https:\/\/originshape.com\/wp-content\/uploads\/2022\/12\/pure-paleo.jpg\" \/>\n\t<meta property=\"og:image:width\" content=\"664\" \/>\n\t<meta property=\"og:image:height\" content=\"1000\" \/>\n\t<meta property=\"og:image:type\" content=\"image\/jpeg\" \/>\n<meta name=\"twitter:label1\" content=\"Est. reading time\" \/>\n\t<meta name=\"twitter:data1\" content=\"2 minutos\" \/>\n<script type=\"application\/ld+json\" class=\"yoast-schema-graph\">{\"@context\":\"https:\/\/schema.org\",\"@graph\":[{\"@type\":\"WebPage\",\"@id\":\"https:\/\/originshape.com\/product\/proteina-purepaleo-vainilla-de-designs-for-health-0-74-oz-de-hydrobeef-altamente-concentrado-caldo-de-hueso-polvo-proteinico-28-6-oz\/\",\"url\":\"https:\/\/originshape.com\/product\/proteina-purepaleo-vainilla-de-designs-for-health-0-74-oz-de-hydrobeef-altamente-concentrado-caldo-de-hueso-polvo-proteinico-28-6-oz\/\",\"name\":\"Prote\u00edna PurePaleo vainilla de Designs For Health - Origin Shape\",\"isPartOf\":{\"@id\":\"https:\/\/originshape.com\/#website\"},\"primaryImageOfPage\":{\"@id\":\"https:\/\/originshape.com\/product\/proteina-purepaleo-vainilla-de-designs-for-health-0-74-oz-de-hydrobeef-altamente-concentrado-caldo-de-hueso-polvo-proteinico-28-6-oz\/#primaryimage\"},\"image\":{\"@id\":\"https:\/\/originshape.com\/product\/proteina-purepaleo-vainilla-de-designs-for-health-0-74-oz-de-hydrobeef-altamente-concentrado-caldo-de-hueso-polvo-proteinico-28-6-oz\/#primaryimage\"},\"thumbnailUrl\":\"https:\/\/originshape.com\/wp-content\/uploads\/2022\/12\/pure-paleo.jpg\",\"datePublished\":\"2022-12-02T22:57:12+00:00\",\"dateModified\":\"2023-06-09T00:32:42+00:00\",\"breadcrumb\":{\"@id\":\"https:\/\/originshape.com\/product\/proteina-purepaleo-vainilla-de-designs-for-health-0-74-oz-de-hydrobeef-altamente-concentrado-caldo-de-hueso-polvo-proteinico-28-6-oz\/#breadcrumb\"},\"inLanguage\":\"es-DO\",\"potentialAction\":[{\"@type\":\"ReadAction\",\"target\":[\"https:\/\/originshape.com\/product\/proteina-purepaleo-vainilla-de-designs-for-health-0-74-oz-de-hydrobeef-altamente-concentrado-caldo-de-hueso-polvo-proteinico-28-6-oz\/\"]}]},{\"@type\":\"ImageObject\",\"inLanguage\":\"es-DO\",\"@id\":\"https:\/\/originshape.com\/product\/proteina-purepaleo-vainilla-de-designs-for-health-0-74-oz-de-hydrobeef-altamente-concentrado-caldo-de-hueso-polvo-proteinico-28-6-oz\/#primaryimage\",\"url\":\"https:\/\/originshape.com\/wp-content\/uploads\/2022\/12\/pure-paleo.jpg\",\"contentUrl\":\"https:\/\/originshape.com\/wp-content\/uploads\/2022\/12\/pure-paleo.jpg\",\"width\":664,\"height\":1000},{\"@type\":\"BreadcrumbList\",\"@id\":\"https:\/\/originshape.com\/product\/proteina-purepaleo-vainilla-de-designs-for-health-0-74-oz-de-hydrobeef-altamente-concentrado-caldo-de-hueso-polvo-proteinico-28-6-oz\/#breadcrumb\",\"itemListElement\":[{\"@type\":\"ListItem\",\"position\":1,\"name\":\"Home\",\"item\":\"https:\/\/originshape.com\/\"},{\"@type\":\"ListItem\",\"position\":2,\"name\":\"Store clothes\",\"item\":\"https:\/\/originshape.com\/store-2\/\"},{\"@type\":\"ListItem\",\"position\":3,\"name\":\"Prote\u00edna PurePaleo vainilla de Designs For Health\"}]},{\"@type\":\"WebSite\",\"@id\":\"https:\/\/originshape.com\/#website\",\"url\":\"https:\/\/originshape.com\/\",\"name\":\"Origin Shape\",\"description\":\"Nutrition and Fitness\",\"publisher\":{\"@id\":\"https:\/\/originshape.com\/#organization\"},\"potentialAction\":[{\"@type\":\"SearchAction\",\"target\":{\"@type\":\"EntryPoint\",\"urlTemplate\":\"https:\/\/originshape.com\/?s={search_term_string}\"},\"query-input\":{\"@type\":\"PropertyValueSpecification\",\"valueRequired\":true,\"valueName\":\"search_term_string\"}}],\"inLanguage\":\"es-DO\"},{\"@type\":\"Organization\",\"@id\":\"https:\/\/originshape.com\/#organization\",\"name\":\"Origin Shape\",\"url\":\"https:\/\/originshape.com\/\",\"logo\":{\"@type\":\"ImageObject\",\"inLanguage\":\"es-DO\",\"@id\":\"https:\/\/originshape.com\/#\/schema\/logo\/image\/\",\"url\":\"https:\/\/originshape.com\/wp-content\/uploads\/2022\/12\/39C56CFB-F744-41B1-9128-E6E7FF57EA6D.png\",\"contentUrl\":\"https:\/\/originshape.com\/wp-content\/uploads\/2022\/12\/39C56CFB-F744-41B1-9128-E6E7FF57EA6D.png\",\"width\":512,\"height\":512,\"caption\":\"Origin Shape\"},\"image\":{\"@id\":\"https:\/\/originshape.com\/#\/schema\/logo\/image\/\"}}]}<\/script>\n<!-- \/ Yoast SEO plugin. -->","yoast_head_json":{"title":"Prote\u00edna PurePaleo vainilla de Designs For Health - Origin Shape","robots":{"index":"index","follow":"follow","max-snippet":"max-snippet:-1","max-image-preview":"max-image-preview:large","max-video-preview":"max-video-preview:-1"},"canonical":"https:\/\/originshape.com\/es\/product\/proteina-purepaleo-vainilla-de-designs-for-health-0-74-oz-de-hydrobeef-altamente-concentrado-caldo-de-hueso-polvo-proteinico-28-6-oz\/","og_locale":"es_ES","og_type":"article","og_title":"Prote\u00edna PurePaleo vainilla de Designs For Health - Origin Shape","og_url":"https:\/\/originshape.com\/es\/product\/proteina-purepaleo-vainilla-de-designs-for-health-0-74-oz-de-hydrobeef-altamente-concentrado-caldo-de-hueso-polvo-proteinico-28-6-oz\/","og_site_name":"Origin Shape","article_modified_time":"2023-06-09T00:32:42+00:00","og_image":[{"width":664,"height":1000,"url":"https:\/\/originshape.com\/wp-content\/uploads\/2022\/12\/pure-paleo.jpg","type":"image\/jpeg"}],"twitter_misc":{"Est. reading time":"2 minutos"},"schema":{"@context":"https:\/\/schema.org","@graph":[{"@type":"WebPage","@id":"https:\/\/originshape.com\/product\/proteina-purepaleo-vainilla-de-designs-for-health-0-74-oz-de-hydrobeef-altamente-concentrado-caldo-de-hueso-polvo-proteinico-28-6-oz\/","url":"https:\/\/originshape.com\/product\/proteina-purepaleo-vainilla-de-designs-for-health-0-74-oz-de-hydrobeef-altamente-concentrado-caldo-de-hueso-polvo-proteinico-28-6-oz\/","name":"Prote\u00edna PurePaleo vainilla de Designs For Health - Origin Shape","isPartOf":{"@id":"https:\/\/originshape.com\/#website"},"primaryImageOfPage":{"@id":"https:\/\/originshape.com\/product\/proteina-purepaleo-vainilla-de-designs-for-health-0-74-oz-de-hydrobeef-altamente-concentrado-caldo-de-hueso-polvo-proteinico-28-6-oz\/#primaryimage"},"image":{"@id":"https:\/\/originshape.com\/product\/proteina-purepaleo-vainilla-de-designs-for-health-0-74-oz-de-hydrobeef-altamente-concentrado-caldo-de-hueso-polvo-proteinico-28-6-oz\/#primaryimage"},"thumbnailUrl":"https:\/\/originshape.com\/wp-content\/uploads\/2022\/12\/pure-paleo.jpg","datePublished":"2022-12-02T22:57:12+00:00","dateModified":"2023-06-09T00:32:42+00:00","breadcrumb":{"@id":"https:\/\/originshape.com\/product\/proteina-purepaleo-vainilla-de-designs-for-health-0-74-oz-de-hydrobeef-altamente-concentrado-caldo-de-hueso-polvo-proteinico-28-6-oz\/#breadcrumb"},"inLanguage":"es-DO","potentialAction":[{"@type":"ReadAction","target":["https:\/\/originshape.com\/product\/proteina-purepaleo-vainilla-de-designs-for-health-0-74-oz-de-hydrobeef-altamente-concentrado-caldo-de-hueso-polvo-proteinico-28-6-oz\/"]}]},{"@type":"ImageObject","inLanguage":"es-DO","@id":"https:\/\/originshape.com\/product\/proteina-purepaleo-vainilla-de-designs-for-health-0-74-oz-de-hydrobeef-altamente-concentrado-caldo-de-hueso-polvo-proteinico-28-6-oz\/#primaryimage","url":"https:\/\/originshape.com\/wp-content\/uploads\/2022\/12\/pure-paleo.jpg","contentUrl":"https:\/\/originshape.com\/wp-content\/uploads\/2022\/12\/pure-paleo.jpg","width":664,"height":1000},{"@type":"BreadcrumbList","@id":"https:\/\/originshape.com\/product\/proteina-purepaleo-vainilla-de-designs-for-health-0-74-oz-de-hydrobeef-altamente-concentrado-caldo-de-hueso-polvo-proteinico-28-6-oz\/#breadcrumb","itemListElement":[{"@type":"ListItem","position":1,"name":"Home","item":"https:\/\/originshape.com\/"},{"@type":"ListItem","position":2,"name":"Store clothes","item":"https:\/\/originshape.com\/store-2\/"},{"@type":"ListItem","position":3,"name":"Prote\u00edna PurePaleo vainilla de Designs For Health"}]},{"@type":"WebSite","@id":"https:\/\/originshape.com\/#website","url":"https:\/\/originshape.com\/","name":"Origin Shape","description":"Nutrition and Fitness","publisher":{"@id":"https:\/\/originshape.com\/#organization"},"potentialAction":[{"@type":"SearchAction","target":{"@type":"EntryPoint","urlTemplate":"https:\/\/originshape.com\/?s={search_term_string}"},"query-input":{"@type":"PropertyValueSpecification","valueRequired":true,"valueName":"search_term_string"}}],"inLanguage":"es-DO"},{"@type":"Organization","@id":"https:\/\/originshape.com\/#organization","name":"Origin Shape","url":"https:\/\/originshape.com\/","logo":{"@type":"ImageObject","inLanguage":"es-DO","@id":"https:\/\/originshape.com\/#\/schema\/logo\/image\/","url":"https:\/\/originshape.com\/wp-content\/uploads\/2022\/12\/39C56CFB-F744-41B1-9128-E6E7FF57EA6D.png","contentUrl":"https:\/\/originshape.com\/wp-content\/uploads\/2022\/12\/39C56CFB-F744-41B1-9128-E6E7FF57EA6D.png","width":512,"height":512,"caption":"Origin Shape"},"image":{"@id":"https:\/\/originshape.com\/#\/schema\/logo\/image\/"}}]}},"jetpack_sharing_enabled":true,"_links":{"self":[{"href":"https:\/\/originshape.com\/es\/wp-json\/wp\/v2\/product\/4634","targetHints":{"allow":["GET"]}}],"collection":[{"href":"https:\/\/originshape.com\/es\/wp-json\/wp\/v2\/product"}],"about":[{"href":"https:\/\/originshape.com\/es\/wp-json\/wp\/v2\/types\/product"}],"replies":[{"embeddable":true,"href":"https:\/\/originshape.com\/es\/wp-json\/wp\/v2\/comments?post=4634"}],"wp:featuredmedia":[{"embeddable":true,"href":"https:\/\/originshape.com\/es\/wp-json\/wp\/v2\/media\/4635"}],"wp:attachment":[{"href":"https:\/\/originshape.com\/es\/wp-json\/wp\/v2\/media?parent=4634"}],"wp:term":[{"taxonomy":"product_brand","embeddable":true,"href":"https:\/\/originshape.com\/es\/wp-json\/wp\/v2\/product_brand?post=4634"},{"taxonomy":"product_cat","embeddable":true,"href":"https:\/\/originshape.com\/es\/wp-json\/wp\/v2\/product_cat?post=4634"},{"taxonomy":"product_tag","embeddable":true,"href":"https:\/\/originshape.com\/es\/wp-json\/wp\/v2\/product_tag?post=4634"}],"curies":[{"name":"wp","href":"https:\/\/api.w.org\/{rel}","templated":true}]}}