{"id":4643,"date":"2022-12-02T23:07:53","date_gmt":"2022-12-02T23:07:53","guid":{"rendered":"https:\/\/originshape.com\/?post_type=product&#038;p=4643"},"modified":"2023-06-09T00:16:49","modified_gmt":"2023-06-09T00:16:49","slug":"ancestral-supplements-suplemento-de-organo-de-res-alimentado-con-pasto-apoya-el-bienestar-de-todo-el-cuerpo-con-una-mezcla-patentada-de-higado-corazon-rinon-pancreas-bazo-carne-de-res-liofilizad","status":"publish","type":"product","link":"https:\/\/originshape.com\/es\/product\/ancestral-supplements-suplemento-de-organo-de-res-alimentado-con-pasto-apoya-el-bienestar-de-todo-el-cuerpo-con-una-mezcla-patentada-de-higado-corazon-rinon-pancreas-bazo-carne-de-res-liofilizad\/","title":{"rendered":"Ancestral Supplements Suplemento de \u00f3rgano de res alimentado con pasto"},"content":{"rendered":"<p>Apoya el bienestar de todo \u00a0el cuerpo con una mezcla patentada de h\u00edgado, coraz\u00f3n, ri\u00f1\u00f3n, p\u00e1ncreas, bazo, carne de res liofilizada, sin OMG, 180 c\u00e1psulas<\/p>\n<h1 class=\"a-size-base-plus a-text-bold\">Sobre este art\u00edculo<\/h1>\n<ul class=\"a-unordered-list a-vertical a-spacing-mini\">\n<li><span class=\"a-list-item\">H\u00edgado alimentado con pasto: con 600 mg de h\u00edgado, nuestro suplemento de h\u00edgado de res alimentado con hierba proporciona el superalimento m\u00e1s denso en nutrientes de la naturaleza; el h\u00edgado es la fuente m\u00e1s biodisponible de vitamina A* (rica en hierro heme y B12); apoya la producci\u00f3n de energ\u00eda \u00f3ptima, desintoxicaci\u00f3n y digesti\u00f3n <\/span><\/li>\n<li><span class=\"a-list-item\">Coraz\u00f3n alimentado con hierba: con 600 mg de coraz\u00f3n, la fuente m\u00e1s rica de coenzima Q10 natural (CoQ10), estos suplementos de salud card\u00edaca apoyan una salud card\u00edaca \u00f3ptima, regulaci\u00f3n de la presi\u00f3n arterial y son una potencia nutricional para la producci\u00f3n de energ\u00eda <\/span><\/li>\n<li><span class=\"a-list-item\">Ri\u00f1\u00f3n alimentado con pasto: fabricado con 600 mg de ri\u00f1\u00f3n de ternera, una potente fuente bio-disponible de enzimas naturales de selenio, B12 y DAO, este suplemento de apoyo renal promueve una fuerte salud renal y el sistema de defensa antioxidante y apoya las v\u00edas de desintoxicaci\u00f3n de histamina <\/span><\/li>\n<li><span class=\"a-list-item\">P\u00e1ncreas alimentadas con pasto: 600 mg de p\u00e1ncreas proporciona una fuente natural de enzimas para apoyar una digesti\u00f3n saludable <\/span><\/li>\n<li><span class=\"a-list-item\">Bazo alimentado con pasto: este suplemento contiene 600 mg de bazo, la fuente m\u00e1s concentrada de hierro heme de la naturaleza; apoya una fuerte respuesta inmune y promueve la salud metab\u00f3lica de las c\u00e9lulas sangu\u00edneas<\/span><\/li>\n<\/ul>","protected":false},"excerpt":{"rendered":"<p>Apoya el bienestar de todo \u00a0el cuerpo con una mezcla patentada de h\u00edgado, coraz\u00f3n, ri\u00f1\u00f3n, p\u00e1ncreas, bazo, carne de res liofilizada, sin OMG, 180 c\u00e1psulas Sobre este art\u00edculo H\u00edgado alimentado con pasto: con 600 mg de h\u00edgado, nuestro suplemento de h\u00edgado de res alimentado con hierba proporciona el superalimento m\u00e1s denso en nutrientes de la [&hellip;]<\/p>","protected":false},"featured_media":6235,"comment_status":"closed","ping_status":"closed","template":"","meta":[],"product_brand":[],"product_cat":[97,86],"product_tag":[],"class_list":{"0":"post-4643","1":"product","2":"type-product","3":"status-publish","4":"has-post-thumbnail","6":"product_cat-specialty-supplements","7":"product_cat-suplementos","9":"first","10":"instock","11":"taxable","12":"shipping-taxable","13":"product-type-external"},"yoast_head":"<!-- This site is optimized with the Yoast SEO plugin v24.0 - https:\/\/yoast.com\/wordpress\/plugins\/seo\/ -->\n<title>Ancestral Supplements Suplemento de \u00f3rgano de res alimentado con pasto - Origin Shape<\/title>\n<meta name=\"robots\" content=\"index, follow, max-snippet:-1, max-image-preview:large, max-video-preview:-1\" \/>\n<link rel=\"canonical\" href=\"https:\/\/originshape.com\/es\/product\/ancestral-supplements-suplemento-de-organo-de-res-alimentado-con-pasto-apoya-el-bienestar-de-todo-el-cuerpo-con-una-mezcla-patentada-de-higado-corazon-rinon-pancreas-bazo-carne-de-res-liofilizad\/\" \/>\n<meta property=\"og:locale\" content=\"es_ES\" \/>\n<meta property=\"og:type\" content=\"article\" \/>\n<meta property=\"og:title\" content=\"Ancestral Supplements Suplemento de \u00f3rgano de res alimentado con pasto - Origin Shape\" \/>\n<meta property=\"og:description\" content=\"Apoya el bienestar de todo \u00a0el cuerpo con una mezcla patentada de h\u00edgado, coraz\u00f3n, ri\u00f1\u00f3n, p\u00e1ncreas, bazo, carne de res liofilizada, sin OMG, 180 c\u00e1psulas Sobre este art\u00edculo H\u00edgado alimentado con pasto: con 600 mg de h\u00edgado, nuestro suplemento de h\u00edgado de res alimentado con hierba proporciona el superalimento m\u00e1s denso en nutrientes de la [&hellip;]\" \/>\n<meta property=\"og:url\" content=\"https:\/\/originshape.com\/es\/product\/ancestral-supplements-suplemento-de-organo-de-res-alimentado-con-pasto-apoya-el-bienestar-de-todo-el-cuerpo-con-una-mezcla-patentada-de-higado-corazon-rinon-pancreas-bazo-carne-de-res-liofilizad\/\" \/>\n<meta property=\"og:site_name\" content=\"Origin Shape\" \/>\n<meta property=\"article:modified_time\" content=\"2023-06-09T00:16:49+00:00\" \/>\n<meta property=\"og:image\" content=\"https:\/\/originshape.com\/wp-content\/uploads\/2022\/12\/grassfed-organs-1.jpg\" \/>\n\t<meta property=\"og:image:width\" content=\"854\" \/>\n\t<meta property=\"og:image:height\" content=\"1500\" \/>\n\t<meta property=\"og:image:type\" content=\"image\/jpeg\" \/>\n<meta name=\"twitter:label1\" content=\"Est. reading time\" \/>\n\t<meta name=\"twitter:data1\" content=\"1 minuto\" \/>\n<script type=\"application\/ld+json\" class=\"yoast-schema-graph\">{\"@context\":\"https:\/\/schema.org\",\"@graph\":[{\"@type\":\"WebPage\",\"@id\":\"https:\/\/originshape.com\/product\/ancestral-supplements-suplemento-de-organo-de-res-alimentado-con-pasto-apoya-el-bienestar-de-todo-el-cuerpo-con-una-mezcla-patentada-de-higado-corazon-rinon-pancreas-bazo-carne-de-res-liofilizad\/\",\"url\":\"https:\/\/originshape.com\/product\/ancestral-supplements-suplemento-de-organo-de-res-alimentado-con-pasto-apoya-el-bienestar-de-todo-el-cuerpo-con-una-mezcla-patentada-de-higado-corazon-rinon-pancreas-bazo-carne-de-res-liofilizad\/\",\"name\":\"Ancestral Supplements Suplemento de \u00f3rgano de res alimentado con pasto - Origin Shape\",\"isPartOf\":{\"@id\":\"https:\/\/originshape.com\/#website\"},\"primaryImageOfPage\":{\"@id\":\"https:\/\/originshape.com\/product\/ancestral-supplements-suplemento-de-organo-de-res-alimentado-con-pasto-apoya-el-bienestar-de-todo-el-cuerpo-con-una-mezcla-patentada-de-higado-corazon-rinon-pancreas-bazo-carne-de-res-liofilizad\/#primaryimage\"},\"image\":{\"@id\":\"https:\/\/originshape.com\/product\/ancestral-supplements-suplemento-de-organo-de-res-alimentado-con-pasto-apoya-el-bienestar-de-todo-el-cuerpo-con-una-mezcla-patentada-de-higado-corazon-rinon-pancreas-bazo-carne-de-res-liofilizad\/#primaryimage\"},\"thumbnailUrl\":\"https:\/\/originshape.com\/wp-content\/uploads\/2022\/12\/grassfed-organs-1.jpg\",\"datePublished\":\"2022-12-02T23:07:53+00:00\",\"dateModified\":\"2023-06-09T00:16:49+00:00\",\"breadcrumb\":{\"@id\":\"https:\/\/originshape.com\/product\/ancestral-supplements-suplemento-de-organo-de-res-alimentado-con-pasto-apoya-el-bienestar-de-todo-el-cuerpo-con-una-mezcla-patentada-de-higado-corazon-rinon-pancreas-bazo-carne-de-res-liofilizad\/#breadcrumb\"},\"inLanguage\":\"es-DO\",\"potentialAction\":[{\"@type\":\"ReadAction\",\"target\":[\"https:\/\/originshape.com\/product\/ancestral-supplements-suplemento-de-organo-de-res-alimentado-con-pasto-apoya-el-bienestar-de-todo-el-cuerpo-con-una-mezcla-patentada-de-higado-corazon-rinon-pancreas-bazo-carne-de-res-liofilizad\/\"]}]},{\"@type\":\"ImageObject\",\"inLanguage\":\"es-DO\",\"@id\":\"https:\/\/originshape.com\/product\/ancestral-supplements-suplemento-de-organo-de-res-alimentado-con-pasto-apoya-el-bienestar-de-todo-el-cuerpo-con-una-mezcla-patentada-de-higado-corazon-rinon-pancreas-bazo-carne-de-res-liofilizad\/#primaryimage\",\"url\":\"https:\/\/originshape.com\/wp-content\/uploads\/2022\/12\/grassfed-organs-1.jpg\",\"contentUrl\":\"https:\/\/originshape.com\/wp-content\/uploads\/2022\/12\/grassfed-organs-1.jpg\",\"width\":854,\"height\":1500},{\"@type\":\"BreadcrumbList\",\"@id\":\"https:\/\/originshape.com\/product\/ancestral-supplements-suplemento-de-organo-de-res-alimentado-con-pasto-apoya-el-bienestar-de-todo-el-cuerpo-con-una-mezcla-patentada-de-higado-corazon-rinon-pancreas-bazo-carne-de-res-liofilizad\/#breadcrumb\",\"itemListElement\":[{\"@type\":\"ListItem\",\"position\":1,\"name\":\"Home\",\"item\":\"https:\/\/originshape.com\/\"},{\"@type\":\"ListItem\",\"position\":2,\"name\":\"Store clothes\",\"item\":\"https:\/\/originshape.com\/store-2\/\"},{\"@type\":\"ListItem\",\"position\":3,\"name\":\"Ancestral Supplements Suplemento de \u00f3rgano de res alimentado con pasto\"}]},{\"@type\":\"WebSite\",\"@id\":\"https:\/\/originshape.com\/#website\",\"url\":\"https:\/\/originshape.com\/\",\"name\":\"Origin Shape\",\"description\":\"Nutrition and Fitness\",\"publisher\":{\"@id\":\"https:\/\/originshape.com\/#organization\"},\"potentialAction\":[{\"@type\":\"SearchAction\",\"target\":{\"@type\":\"EntryPoint\",\"urlTemplate\":\"https:\/\/originshape.com\/?s={search_term_string}\"},\"query-input\":{\"@type\":\"PropertyValueSpecification\",\"valueRequired\":true,\"valueName\":\"search_term_string\"}}],\"inLanguage\":\"es-DO\"},{\"@type\":\"Organization\",\"@id\":\"https:\/\/originshape.com\/#organization\",\"name\":\"Origin Shape\",\"url\":\"https:\/\/originshape.com\/\",\"logo\":{\"@type\":\"ImageObject\",\"inLanguage\":\"es-DO\",\"@id\":\"https:\/\/originshape.com\/#\/schema\/logo\/image\/\",\"url\":\"https:\/\/originshape.com\/wp-content\/uploads\/2022\/12\/39C56CFB-F744-41B1-9128-E6E7FF57EA6D.png\",\"contentUrl\":\"https:\/\/originshape.com\/wp-content\/uploads\/2022\/12\/39C56CFB-F744-41B1-9128-E6E7FF57EA6D.png\",\"width\":512,\"height\":512,\"caption\":\"Origin Shape\"},\"image\":{\"@id\":\"https:\/\/originshape.com\/#\/schema\/logo\/image\/\"}}]}<\/script>\n<!-- \/ Yoast SEO plugin. -->","yoast_head_json":{"title":"Ancestral Supplements Suplemento de \u00f3rgano de res alimentado con pasto - Origin Shape","robots":{"index":"index","follow":"follow","max-snippet":"max-snippet:-1","max-image-preview":"max-image-preview:large","max-video-preview":"max-video-preview:-1"},"canonical":"https:\/\/originshape.com\/es\/product\/ancestral-supplements-suplemento-de-organo-de-res-alimentado-con-pasto-apoya-el-bienestar-de-todo-el-cuerpo-con-una-mezcla-patentada-de-higado-corazon-rinon-pancreas-bazo-carne-de-res-liofilizad\/","og_locale":"es_ES","og_type":"article","og_title":"Ancestral Supplements Suplemento de \u00f3rgano de res alimentado con pasto - Origin Shape","og_description":"Apoya el bienestar de todo \u00a0el cuerpo con una mezcla patentada de h\u00edgado, coraz\u00f3n, ri\u00f1\u00f3n, p\u00e1ncreas, bazo, carne de res liofilizada, sin OMG, 180 c\u00e1psulas Sobre este art\u00edculo H\u00edgado alimentado con pasto: con 600 mg de h\u00edgado, nuestro suplemento de h\u00edgado de res alimentado con hierba proporciona el superalimento m\u00e1s denso en nutrientes de la [&hellip;]","og_url":"https:\/\/originshape.com\/es\/product\/ancestral-supplements-suplemento-de-organo-de-res-alimentado-con-pasto-apoya-el-bienestar-de-todo-el-cuerpo-con-una-mezcla-patentada-de-higado-corazon-rinon-pancreas-bazo-carne-de-res-liofilizad\/","og_site_name":"Origin Shape","article_modified_time":"2023-06-09T00:16:49+00:00","og_image":[{"width":854,"height":1500,"url":"https:\/\/originshape.com\/wp-content\/uploads\/2022\/12\/grassfed-organs-1.jpg","type":"image\/jpeg"}],"twitter_misc":{"Est. reading time":"1 minuto"},"schema":{"@context":"https:\/\/schema.org","@graph":[{"@type":"WebPage","@id":"https:\/\/originshape.com\/product\/ancestral-supplements-suplemento-de-organo-de-res-alimentado-con-pasto-apoya-el-bienestar-de-todo-el-cuerpo-con-una-mezcla-patentada-de-higado-corazon-rinon-pancreas-bazo-carne-de-res-liofilizad\/","url":"https:\/\/originshape.com\/product\/ancestral-supplements-suplemento-de-organo-de-res-alimentado-con-pasto-apoya-el-bienestar-de-todo-el-cuerpo-con-una-mezcla-patentada-de-higado-corazon-rinon-pancreas-bazo-carne-de-res-liofilizad\/","name":"Ancestral Supplements Suplemento de \u00f3rgano de res alimentado con pasto - Origin Shape","isPartOf":{"@id":"https:\/\/originshape.com\/#website"},"primaryImageOfPage":{"@id":"https:\/\/originshape.com\/product\/ancestral-supplements-suplemento-de-organo-de-res-alimentado-con-pasto-apoya-el-bienestar-de-todo-el-cuerpo-con-una-mezcla-patentada-de-higado-corazon-rinon-pancreas-bazo-carne-de-res-liofilizad\/#primaryimage"},"image":{"@id":"https:\/\/originshape.com\/product\/ancestral-supplements-suplemento-de-organo-de-res-alimentado-con-pasto-apoya-el-bienestar-de-todo-el-cuerpo-con-una-mezcla-patentada-de-higado-corazon-rinon-pancreas-bazo-carne-de-res-liofilizad\/#primaryimage"},"thumbnailUrl":"https:\/\/originshape.com\/wp-content\/uploads\/2022\/12\/grassfed-organs-1.jpg","datePublished":"2022-12-02T23:07:53+00:00","dateModified":"2023-06-09T00:16:49+00:00","breadcrumb":{"@id":"https:\/\/originshape.com\/product\/ancestral-supplements-suplemento-de-organo-de-res-alimentado-con-pasto-apoya-el-bienestar-de-todo-el-cuerpo-con-una-mezcla-patentada-de-higado-corazon-rinon-pancreas-bazo-carne-de-res-liofilizad\/#breadcrumb"},"inLanguage":"es-DO","potentialAction":[{"@type":"ReadAction","target":["https:\/\/originshape.com\/product\/ancestral-supplements-suplemento-de-organo-de-res-alimentado-con-pasto-apoya-el-bienestar-de-todo-el-cuerpo-con-una-mezcla-patentada-de-higado-corazon-rinon-pancreas-bazo-carne-de-res-liofilizad\/"]}]},{"@type":"ImageObject","inLanguage":"es-DO","@id":"https:\/\/originshape.com\/product\/ancestral-supplements-suplemento-de-organo-de-res-alimentado-con-pasto-apoya-el-bienestar-de-todo-el-cuerpo-con-una-mezcla-patentada-de-higado-corazon-rinon-pancreas-bazo-carne-de-res-liofilizad\/#primaryimage","url":"https:\/\/originshape.com\/wp-content\/uploads\/2022\/12\/grassfed-organs-1.jpg","contentUrl":"https:\/\/originshape.com\/wp-content\/uploads\/2022\/12\/grassfed-organs-1.jpg","width":854,"height":1500},{"@type":"BreadcrumbList","@id":"https:\/\/originshape.com\/product\/ancestral-supplements-suplemento-de-organo-de-res-alimentado-con-pasto-apoya-el-bienestar-de-todo-el-cuerpo-con-una-mezcla-patentada-de-higado-corazon-rinon-pancreas-bazo-carne-de-res-liofilizad\/#breadcrumb","itemListElement":[{"@type":"ListItem","position":1,"name":"Home","item":"https:\/\/originshape.com\/"},{"@type":"ListItem","position":2,"name":"Store clothes","item":"https:\/\/originshape.com\/store-2\/"},{"@type":"ListItem","position":3,"name":"Ancestral Supplements Suplemento de \u00f3rgano de res alimentado con pasto"}]},{"@type":"WebSite","@id":"https:\/\/originshape.com\/#website","url":"https:\/\/originshape.com\/","name":"Origin Shape","description":"Nutrition and Fitness","publisher":{"@id":"https:\/\/originshape.com\/#organization"},"potentialAction":[{"@type":"SearchAction","target":{"@type":"EntryPoint","urlTemplate":"https:\/\/originshape.com\/?s={search_term_string}"},"query-input":{"@type":"PropertyValueSpecification","valueRequired":true,"valueName":"search_term_string"}}],"inLanguage":"es-DO"},{"@type":"Organization","@id":"https:\/\/originshape.com\/#organization","name":"Origin Shape","url":"https:\/\/originshape.com\/","logo":{"@type":"ImageObject","inLanguage":"es-DO","@id":"https:\/\/originshape.com\/#\/schema\/logo\/image\/","url":"https:\/\/originshape.com\/wp-content\/uploads\/2022\/12\/39C56CFB-F744-41B1-9128-E6E7FF57EA6D.png","contentUrl":"https:\/\/originshape.com\/wp-content\/uploads\/2022\/12\/39C56CFB-F744-41B1-9128-E6E7FF57EA6D.png","width":512,"height":512,"caption":"Origin Shape"},"image":{"@id":"https:\/\/originshape.com\/#\/schema\/logo\/image\/"}}]}},"jetpack_sharing_enabled":true,"_links":{"self":[{"href":"https:\/\/originshape.com\/es\/wp-json\/wp\/v2\/product\/4643","targetHints":{"allow":["GET"]}}],"collection":[{"href":"https:\/\/originshape.com\/es\/wp-json\/wp\/v2\/product"}],"about":[{"href":"https:\/\/originshape.com\/es\/wp-json\/wp\/v2\/types\/product"}],"replies":[{"embeddable":true,"href":"https:\/\/originshape.com\/es\/wp-json\/wp\/v2\/comments?post=4643"}],"wp:featuredmedia":[{"embeddable":true,"href":"https:\/\/originshape.com\/es\/wp-json\/wp\/v2\/media\/6235"}],"wp:attachment":[{"href":"https:\/\/originshape.com\/es\/wp-json\/wp\/v2\/media?parent=4643"}],"wp:term":[{"taxonomy":"product_brand","embeddable":true,"href":"https:\/\/originshape.com\/es\/wp-json\/wp\/v2\/product_brand?post=4643"},{"taxonomy":"product_cat","embeddable":true,"href":"https:\/\/originshape.com\/es\/wp-json\/wp\/v2\/product_cat?post=4643"},{"taxonomy":"product_tag","embeddable":true,"href":"https:\/\/originshape.com\/es\/wp-json\/wp\/v2\/product_tag?post=4643"}],"curies":[{"name":"wp","href":"https:\/\/api.w.org\/{rel}","templated":true}]}}