{"id":4646,"date":"2022-12-02T23:09:14","date_gmt":"2022-12-02T23:09:14","guid":{"rendered":"https:\/\/originshape.com\/?post_type=product&#038;p=4646"},"modified":"2023-06-09T00:14:52","modified_gmt":"2023-06-09T00:14:52","slug":"ancestral-supplements-higado-vacuno-alimentado-con-pastura-disecado-hierro-natural-vitamina-a-b12-para-energia-180-capsulas","status":"publish","type":"product","link":"https:\/\/originshape.com\/es\/product\/ancestral-supplements-higado-vacuno-alimentado-con-pastura-disecado-hierro-natural-vitamina-a-b12-para-energia-180-capsulas\/","title":{"rendered":"Ancestral Supplements H\u00edgado vacuno alimentado con pastura (disecado)."},"content":{"rendered":"<p>Hierro natural, vitamina A, B12 para energ\u00eda (180 C\u00e1psulas)<\/p>\n<h1 class=\"a-size-base-plus a-text-bold\">Sobre este art\u00edculo<\/h1>\n<ul class=\"a-unordered-list a-vertical a-spacing-mini\">\n<li><span class=\"a-list-item\">Fabricado con altos est\u00e1ndares: pastos planteado en Nueva Zelanda, grass-fed y grass-finished, undefatted, hormone-free, sin insecticida y 100% ultra Pure significa que no hay de regalo, no hay agentes de flujo y no estearato de magnesio sin OGM. 100% Freeze Dried a conservar los nutrientes sensible, co-factors de calor y la actividad biol\u00f3gica de forma \u00f3ptima. <\/span><\/li>\n<li><span class=\"a-list-item\">Nutritionally denso super alimentos: alta en vitamina A, B12\u00a0preformado para energ\u00eda, CoQ10, Colina, Folato, \u00e1cido hialur\u00f3nico y bio-available hemo hierro. proporciona todos los soluble en grasa vitaminas (a, D, K &amp; e) en cantidades muy \u00fatil formas, y significativa de cobre, zinc y cromo. <\/span><\/li>\n<li><span class=\"a-list-item\">Alimente su manera de salud: para los dientes, las enc\u00edas, piel y pelo saludable. soporta el metabolismo de la energ\u00eda, el estado de \u00e1nimo, y metilaci\u00f3n. para fuertes y sanas las articulaciones, tela conectivo y col\u00e1geno. soporta coraz\u00f3n, cerebro y salud del h\u00edgado. soporta un fuerte sistema inmunol\u00f3gico y glutati\u00f3n Master antioxidante de estado (el cuerpo). <\/span><\/li>\n<li><span class=\"a-list-item\">Todo complemento alimenticio: Obtener toda la alimentaci\u00f3n que s\u00f3lo los alimentos (y toda la actividad biol\u00f3gica) puede proporcionar. obtener todo el co-factors, sinergia de nutrientes y suplementos alimenticios que H\u00edgado hace tan incre\u00edble para usted Paleo&#8230; Primal friendly&#8230; ketogenic amigable&#8230; Compatible Alta demanda de energ\u00eda para un estilo de vida activo. <\/span><\/li>\n<li><span class=\"a-list-item\">100% garant\u00eda de satisfacci\u00f3n: Fabricado con los m\u00e1s altos est\u00e1ndares de cuna a tumba. para obtener los mejores resultados, tome de forma continua durante 3\u00a0meses. si usted tiene una pregunta, por todos los medios, pregunte. si no est\u00e1s satisfecho con este producto por cualquier raz\u00f3n, usted puede en un plazo de 90\u00a0d\u00edas para un reembolso completo.<\/span><\/li>\n<\/ul>","protected":false},"excerpt":{"rendered":"<p>Hierro natural, vitamina A, B12 para energ\u00eda (180 C\u00e1psulas) Sobre este art\u00edculo Fabricado con altos est\u00e1ndares: pastos planteado en Nueva Zelanda, grass-fed y grass-finished, undefatted, hormone-free, sin insecticida y 100% ultra Pure significa que no hay de regalo, no hay agentes de flujo y no estearato de magnesio sin OGM. 100% Freeze Dried a conservar [&hellip;]<\/p>","protected":false},"featured_media":6230,"comment_status":"closed","ping_status":"closed","template":"","meta":[],"product_brand":[],"product_cat":[97,86],"product_tag":[],"class_list":{"0":"post-4646","1":"product","2":"type-product","3":"status-publish","4":"has-post-thumbnail","6":"product_cat-specialty-supplements","7":"product_cat-suplementos","9":"first","10":"instock","11":"taxable","12":"shipping-taxable","13":"product-type-external"},"yoast_head":"<!-- This site is optimized with the Yoast SEO plugin v24.0 - https:\/\/yoast.com\/wordpress\/plugins\/seo\/ -->\n<title>Ancestral Supplements H\u00edgado vacuno alimentado con pastura (disecado). - Origin Shape<\/title>\n<meta name=\"robots\" content=\"index, follow, max-snippet:-1, max-image-preview:large, max-video-preview:-1\" \/>\n<link rel=\"canonical\" href=\"https:\/\/originshape.com\/es\/product\/ancestral-supplements-higado-vacuno-alimentado-con-pastura-disecado-hierro-natural-vitamina-a-b12-para-energia-180-capsulas\/\" \/>\n<meta property=\"og:locale\" content=\"es_ES\" \/>\n<meta property=\"og:type\" content=\"article\" \/>\n<meta property=\"og:title\" content=\"Ancestral Supplements H\u00edgado vacuno alimentado con pastura (disecado). - Origin Shape\" \/>\n<meta property=\"og:description\" content=\"Hierro natural, vitamina A, B12 para energ\u00eda (180 C\u00e1psulas) Sobre este art\u00edculo Fabricado con altos est\u00e1ndares: pastos planteado en Nueva Zelanda, grass-fed y grass-finished, undefatted, hormone-free, sin insecticida y 100% ultra Pure significa que no hay de regalo, no hay agentes de flujo y no estearato de magnesio sin OGM. 100% Freeze Dried a conservar [&hellip;]\" \/>\n<meta property=\"og:url\" content=\"https:\/\/originshape.com\/es\/product\/ancestral-supplements-higado-vacuno-alimentado-con-pastura-disecado-hierro-natural-vitamina-a-b12-para-energia-180-capsulas\/\" \/>\n<meta property=\"og:site_name\" content=\"Origin Shape\" \/>\n<meta property=\"article:modified_time\" content=\"2023-06-09T00:14:52+00:00\" \/>\n<meta property=\"og:image\" content=\"https:\/\/originshape.com\/wp-content\/uploads\/2022\/12\/grasfed-liver-1.jpg\" \/>\n\t<meta property=\"og:image:width\" content=\"856\" \/>\n\t<meta property=\"og:image:height\" content=\"1500\" \/>\n\t<meta property=\"og:image:type\" content=\"image\/jpeg\" \/>\n<meta name=\"twitter:label1\" content=\"Est. reading time\" \/>\n\t<meta name=\"twitter:data1\" content=\"2 minutos\" \/>\n<script type=\"application\/ld+json\" class=\"yoast-schema-graph\">{\"@context\":\"https:\/\/schema.org\",\"@graph\":[{\"@type\":\"WebPage\",\"@id\":\"https:\/\/originshape.com\/product\/ancestral-supplements-higado-vacuno-alimentado-con-pastura-disecado-hierro-natural-vitamina-a-b12-para-energia-180-capsulas\/\",\"url\":\"https:\/\/originshape.com\/product\/ancestral-supplements-higado-vacuno-alimentado-con-pastura-disecado-hierro-natural-vitamina-a-b12-para-energia-180-capsulas\/\",\"name\":\"Ancestral Supplements H\u00edgado vacuno alimentado con pastura (disecado). - Origin Shape\",\"isPartOf\":{\"@id\":\"https:\/\/originshape.com\/#website\"},\"primaryImageOfPage\":{\"@id\":\"https:\/\/originshape.com\/product\/ancestral-supplements-higado-vacuno-alimentado-con-pastura-disecado-hierro-natural-vitamina-a-b12-para-energia-180-capsulas\/#primaryimage\"},\"image\":{\"@id\":\"https:\/\/originshape.com\/product\/ancestral-supplements-higado-vacuno-alimentado-con-pastura-disecado-hierro-natural-vitamina-a-b12-para-energia-180-capsulas\/#primaryimage\"},\"thumbnailUrl\":\"https:\/\/originshape.com\/wp-content\/uploads\/2022\/12\/grasfed-liver-1.jpg\",\"datePublished\":\"2022-12-02T23:09:14+00:00\",\"dateModified\":\"2023-06-09T00:14:52+00:00\",\"breadcrumb\":{\"@id\":\"https:\/\/originshape.com\/product\/ancestral-supplements-higado-vacuno-alimentado-con-pastura-disecado-hierro-natural-vitamina-a-b12-para-energia-180-capsulas\/#breadcrumb\"},\"inLanguage\":\"es-DO\",\"potentialAction\":[{\"@type\":\"ReadAction\",\"target\":[\"https:\/\/originshape.com\/product\/ancestral-supplements-higado-vacuno-alimentado-con-pastura-disecado-hierro-natural-vitamina-a-b12-para-energia-180-capsulas\/\"]}]},{\"@type\":\"ImageObject\",\"inLanguage\":\"es-DO\",\"@id\":\"https:\/\/originshape.com\/product\/ancestral-supplements-higado-vacuno-alimentado-con-pastura-disecado-hierro-natural-vitamina-a-b12-para-energia-180-capsulas\/#primaryimage\",\"url\":\"https:\/\/originshape.com\/wp-content\/uploads\/2022\/12\/grasfed-liver-1.jpg\",\"contentUrl\":\"https:\/\/originshape.com\/wp-content\/uploads\/2022\/12\/grasfed-liver-1.jpg\",\"width\":856,\"height\":1500},{\"@type\":\"BreadcrumbList\",\"@id\":\"https:\/\/originshape.com\/product\/ancestral-supplements-higado-vacuno-alimentado-con-pastura-disecado-hierro-natural-vitamina-a-b12-para-energia-180-capsulas\/#breadcrumb\",\"itemListElement\":[{\"@type\":\"ListItem\",\"position\":1,\"name\":\"Home\",\"item\":\"https:\/\/originshape.com\/\"},{\"@type\":\"ListItem\",\"position\":2,\"name\":\"Store clothes\",\"item\":\"https:\/\/originshape.com\/store-2\/\"},{\"@type\":\"ListItem\",\"position\":3,\"name\":\"Ancestral Supplements H\u00edgado vacuno alimentado con pastura (disecado).\"}]},{\"@type\":\"WebSite\",\"@id\":\"https:\/\/originshape.com\/#website\",\"url\":\"https:\/\/originshape.com\/\",\"name\":\"Origin Shape\",\"description\":\"Nutrition and Fitness\",\"publisher\":{\"@id\":\"https:\/\/originshape.com\/#organization\"},\"potentialAction\":[{\"@type\":\"SearchAction\",\"target\":{\"@type\":\"EntryPoint\",\"urlTemplate\":\"https:\/\/originshape.com\/?s={search_term_string}\"},\"query-input\":{\"@type\":\"PropertyValueSpecification\",\"valueRequired\":true,\"valueName\":\"search_term_string\"}}],\"inLanguage\":\"es-DO\"},{\"@type\":\"Organization\",\"@id\":\"https:\/\/originshape.com\/#organization\",\"name\":\"Origin Shape\",\"url\":\"https:\/\/originshape.com\/\",\"logo\":{\"@type\":\"ImageObject\",\"inLanguage\":\"es-DO\",\"@id\":\"https:\/\/originshape.com\/#\/schema\/logo\/image\/\",\"url\":\"https:\/\/originshape.com\/wp-content\/uploads\/2022\/12\/39C56CFB-F744-41B1-9128-E6E7FF57EA6D.png\",\"contentUrl\":\"https:\/\/originshape.com\/wp-content\/uploads\/2022\/12\/39C56CFB-F744-41B1-9128-E6E7FF57EA6D.png\",\"width\":512,\"height\":512,\"caption\":\"Origin Shape\"},\"image\":{\"@id\":\"https:\/\/originshape.com\/#\/schema\/logo\/image\/\"}}]}<\/script>\n<!-- \/ Yoast SEO plugin. -->","yoast_head_json":{"title":"Ancestral Supplements H\u00edgado vacuno alimentado con pastura (disecado). - Origin Shape","robots":{"index":"index","follow":"follow","max-snippet":"max-snippet:-1","max-image-preview":"max-image-preview:large","max-video-preview":"max-video-preview:-1"},"canonical":"https:\/\/originshape.com\/es\/product\/ancestral-supplements-higado-vacuno-alimentado-con-pastura-disecado-hierro-natural-vitamina-a-b12-para-energia-180-capsulas\/","og_locale":"es_ES","og_type":"article","og_title":"Ancestral Supplements H\u00edgado vacuno alimentado con pastura (disecado). - Origin Shape","og_description":"Hierro natural, vitamina A, B12 para energ\u00eda (180 C\u00e1psulas) Sobre este art\u00edculo Fabricado con altos est\u00e1ndares: pastos planteado en Nueva Zelanda, grass-fed y grass-finished, undefatted, hormone-free, sin insecticida y 100% ultra Pure significa que no hay de regalo, no hay agentes de flujo y no estearato de magnesio sin OGM. 100% Freeze Dried a conservar [&hellip;]","og_url":"https:\/\/originshape.com\/es\/product\/ancestral-supplements-higado-vacuno-alimentado-con-pastura-disecado-hierro-natural-vitamina-a-b12-para-energia-180-capsulas\/","og_site_name":"Origin Shape","article_modified_time":"2023-06-09T00:14:52+00:00","og_image":[{"width":856,"height":1500,"url":"https:\/\/originshape.com\/wp-content\/uploads\/2022\/12\/grasfed-liver-1.jpg","type":"image\/jpeg"}],"twitter_misc":{"Est. reading time":"2 minutos"},"schema":{"@context":"https:\/\/schema.org","@graph":[{"@type":"WebPage","@id":"https:\/\/originshape.com\/product\/ancestral-supplements-higado-vacuno-alimentado-con-pastura-disecado-hierro-natural-vitamina-a-b12-para-energia-180-capsulas\/","url":"https:\/\/originshape.com\/product\/ancestral-supplements-higado-vacuno-alimentado-con-pastura-disecado-hierro-natural-vitamina-a-b12-para-energia-180-capsulas\/","name":"Ancestral Supplements H\u00edgado vacuno alimentado con pastura (disecado). - Origin Shape","isPartOf":{"@id":"https:\/\/originshape.com\/#website"},"primaryImageOfPage":{"@id":"https:\/\/originshape.com\/product\/ancestral-supplements-higado-vacuno-alimentado-con-pastura-disecado-hierro-natural-vitamina-a-b12-para-energia-180-capsulas\/#primaryimage"},"image":{"@id":"https:\/\/originshape.com\/product\/ancestral-supplements-higado-vacuno-alimentado-con-pastura-disecado-hierro-natural-vitamina-a-b12-para-energia-180-capsulas\/#primaryimage"},"thumbnailUrl":"https:\/\/originshape.com\/wp-content\/uploads\/2022\/12\/grasfed-liver-1.jpg","datePublished":"2022-12-02T23:09:14+00:00","dateModified":"2023-06-09T00:14:52+00:00","breadcrumb":{"@id":"https:\/\/originshape.com\/product\/ancestral-supplements-higado-vacuno-alimentado-con-pastura-disecado-hierro-natural-vitamina-a-b12-para-energia-180-capsulas\/#breadcrumb"},"inLanguage":"es-DO","potentialAction":[{"@type":"ReadAction","target":["https:\/\/originshape.com\/product\/ancestral-supplements-higado-vacuno-alimentado-con-pastura-disecado-hierro-natural-vitamina-a-b12-para-energia-180-capsulas\/"]}]},{"@type":"ImageObject","inLanguage":"es-DO","@id":"https:\/\/originshape.com\/product\/ancestral-supplements-higado-vacuno-alimentado-con-pastura-disecado-hierro-natural-vitamina-a-b12-para-energia-180-capsulas\/#primaryimage","url":"https:\/\/originshape.com\/wp-content\/uploads\/2022\/12\/grasfed-liver-1.jpg","contentUrl":"https:\/\/originshape.com\/wp-content\/uploads\/2022\/12\/grasfed-liver-1.jpg","width":856,"height":1500},{"@type":"BreadcrumbList","@id":"https:\/\/originshape.com\/product\/ancestral-supplements-higado-vacuno-alimentado-con-pastura-disecado-hierro-natural-vitamina-a-b12-para-energia-180-capsulas\/#breadcrumb","itemListElement":[{"@type":"ListItem","position":1,"name":"Home","item":"https:\/\/originshape.com\/"},{"@type":"ListItem","position":2,"name":"Store clothes","item":"https:\/\/originshape.com\/store-2\/"},{"@type":"ListItem","position":3,"name":"Ancestral Supplements H\u00edgado vacuno alimentado con pastura (disecado)."}]},{"@type":"WebSite","@id":"https:\/\/originshape.com\/#website","url":"https:\/\/originshape.com\/","name":"Origin Shape","description":"Nutrition and Fitness","publisher":{"@id":"https:\/\/originshape.com\/#organization"},"potentialAction":[{"@type":"SearchAction","target":{"@type":"EntryPoint","urlTemplate":"https:\/\/originshape.com\/?s={search_term_string}"},"query-input":{"@type":"PropertyValueSpecification","valueRequired":true,"valueName":"search_term_string"}}],"inLanguage":"es-DO"},{"@type":"Organization","@id":"https:\/\/originshape.com\/#organization","name":"Origin Shape","url":"https:\/\/originshape.com\/","logo":{"@type":"ImageObject","inLanguage":"es-DO","@id":"https:\/\/originshape.com\/#\/schema\/logo\/image\/","url":"https:\/\/originshape.com\/wp-content\/uploads\/2022\/12\/39C56CFB-F744-41B1-9128-E6E7FF57EA6D.png","contentUrl":"https:\/\/originshape.com\/wp-content\/uploads\/2022\/12\/39C56CFB-F744-41B1-9128-E6E7FF57EA6D.png","width":512,"height":512,"caption":"Origin Shape"},"image":{"@id":"https:\/\/originshape.com\/#\/schema\/logo\/image\/"}}]}},"jetpack_sharing_enabled":true,"_links":{"self":[{"href":"https:\/\/originshape.com\/es\/wp-json\/wp\/v2\/product\/4646","targetHints":{"allow":["GET"]}}],"collection":[{"href":"https:\/\/originshape.com\/es\/wp-json\/wp\/v2\/product"}],"about":[{"href":"https:\/\/originshape.com\/es\/wp-json\/wp\/v2\/types\/product"}],"replies":[{"embeddable":true,"href":"https:\/\/originshape.com\/es\/wp-json\/wp\/v2\/comments?post=4646"}],"wp:featuredmedia":[{"embeddable":true,"href":"https:\/\/originshape.com\/es\/wp-json\/wp\/v2\/media\/6230"}],"wp:attachment":[{"href":"https:\/\/originshape.com\/es\/wp-json\/wp\/v2\/media?parent=4646"}],"wp:term":[{"taxonomy":"product_brand","embeddable":true,"href":"https:\/\/originshape.com\/es\/wp-json\/wp\/v2\/product_brand?post=4646"},{"taxonomy":"product_cat","embeddable":true,"href":"https:\/\/originshape.com\/es\/wp-json\/wp\/v2\/product_cat?post=4646"},{"taxonomy":"product_tag","embeddable":true,"href":"https:\/\/originshape.com\/es\/wp-json\/wp\/v2\/product_tag?post=4646"}],"curies":[{"name":"wp","href":"https:\/\/api.w.org\/{rel}","templated":true}]}}