{"id":4683,"date":"2022-12-03T00:45:47","date_gmt":"2022-12-03T00:45:47","guid":{"rendered":"https:\/\/originshape.com\/?post_type=product&#038;p=4683"},"modified":"2023-06-09T00:11:22","modified_gmt":"2023-06-09T00:11:22","slug":"designs-for-health-gaba-masticable-200-mg-de-pharmagaba-masticable-fermentado-suplemento-de-gaba-biodisponible-para-apoyar-la-calma-sin-omg-sin-gluten-60-tabletas","status":"publish","type":"product","link":"https:\/\/originshape.com\/es\/product\/designs-for-health-gaba-masticable-200-mg-de-pharmagaba-masticable-fermentado-suplemento-de-gaba-biodisponible-para-apoyar-la-calma-sin-omg-sin-gluten-60-tabletas\/","title":{"rendered":"Designs for Health GABA masticable"},"content":{"rendered":"<p>200 mg de PharmaGABA masticable, fermentado + suplemento de GABA biodisponible para apoyar la calma, sin OMG + sin gluten (60 tabletas)<\/p>\n<h1 class=\"a-size-base-plus a-text-bold\">Sobre este art\u00edculo<\/h1>\n<ul class=\"a-unordered-list a-vertical a-spacing-mini\">\n<li><span class=\"a-list-item\">Mente relajada: debido al efecto de GABA en el sistema nervioso parasimp\u00e1tico, que es responsable del relajante estado de &#8220;descanso y digesti\u00f3n&#8221;, en lugar de los sentimientos de &#8220;lucha o vuelo&#8221; inducidos por el sistema nervioso simp\u00e1tico, PharmaGABA puede ser de gran beneficio en situaciones en las que es necesario un estado de \u00e1nimo relajado. * <\/span><\/li>\n<li><span class=\"a-list-item\">Absorci\u00f3n r\u00e1pida: PharmaGABA se proporciona como tabletas masticables, ya que este m\u00e9todo de entrega permite una absorci\u00f3n y asimilaci\u00f3n r\u00e1pidas y eficientes. Como resultado, los beneficios se pueden sentir muy r\u00e1pidamente, lo que podr\u00eda ser \u00fatil en situaciones agudamente estresantes. * <\/span><\/li>\n<li><span class=\"a-list-item\">Est\u00e1ndares m\u00e1s altos. Mejores resultados: Designs for Health mantiene un enfoque estricto y sin concesiones para la selecci\u00f3n de materias primas de calidad. Nunca cortamos esquinas con ingredientes deficientes. Este producto no es OMG, sin gluten y apto para vegetarianos. <\/span><\/li>\n<li><span class=\"a-list-item\">M\u00e1s de 50.000 m\u00e9dicos de acuerdo &#8211; Designs for Health es la elecci\u00f3n del m\u00e9dico para suplementos de fuerza profesionales de alta calidad desde 1989. Nuestra filosof\u00eda &#8220;Science First&#8221; garantiza que nuestros productos se basen en las investigaciones m\u00e1s recientes y utilicen ingredientes crudos de la m\u00e1s alta calidad. <\/span><\/li>\n<li><span class=\"a-list-item\">#1 en satisfacci\u00f3n del consumidor: Designs for Health fue votado como #1 en satisfacci\u00f3n del consumidor en 2016 y 2017 en una encuesta de Consumer Labs de marcas profesionales de la salud.<\/span><\/li>\n<\/ul>","protected":false},"excerpt":{"rendered":"<p>200 mg de PharmaGABA masticable, fermentado + suplemento de GABA biodisponible para apoyar la calma, sin OMG + sin gluten (60 tabletas) Sobre este art\u00edculo Mente relajada: debido al efecto de GABA en el sistema nervioso parasimp\u00e1tico, que es responsable del relajante estado de &#8220;descanso y digesti\u00f3n&#8221;, en lugar de los sentimientos de &#8220;lucha o [&hellip;]<\/p>","protected":false},"featured_media":4684,"comment_status":"closed","ping_status":"closed","template":"","meta":[],"product_brand":[],"product_cat":[97,86],"product_tag":[],"class_list":{"0":"post-4683","1":"product","2":"type-product","3":"status-publish","4":"has-post-thumbnail","6":"product_cat-specialty-supplements","7":"product_cat-suplementos","9":"first","10":"instock","11":"taxable","12":"shipping-taxable","13":"product-type-external"},"yoast_head":"<!-- This site is optimized with the Yoast SEO plugin v24.0 - https:\/\/yoast.com\/wordpress\/plugins\/seo\/ -->\n<title>Designs for Health GABA masticable - Origin Shape<\/title>\n<meta name=\"robots\" content=\"index, follow, max-snippet:-1, max-image-preview:large, max-video-preview:-1\" \/>\n<link rel=\"canonical\" href=\"https:\/\/originshape.com\/es\/product\/designs-for-health-gaba-masticable-200-mg-de-pharmagaba-masticable-fermentado-suplemento-de-gaba-biodisponible-para-apoyar-la-calma-sin-omg-sin-gluten-60-tabletas\/\" \/>\n<meta property=\"og:locale\" content=\"es_ES\" \/>\n<meta property=\"og:type\" content=\"article\" \/>\n<meta property=\"og:title\" content=\"Designs for Health GABA masticable - Origin Shape\" \/>\n<meta property=\"og:description\" content=\"200 mg de PharmaGABA masticable, fermentado + suplemento de GABA biodisponible para apoyar la calma, sin OMG + sin gluten (60 tabletas) Sobre este art\u00edculo Mente relajada: debido al efecto de GABA en el sistema nervioso parasimp\u00e1tico, que es responsable del relajante estado de &#8220;descanso y digesti\u00f3n&#8221;, en lugar de los sentimientos de &#8220;lucha o [&hellip;]\" \/>\n<meta property=\"og:url\" content=\"https:\/\/originshape.com\/es\/product\/designs-for-health-gaba-masticable-200-mg-de-pharmagaba-masticable-fermentado-suplemento-de-gaba-biodisponible-para-apoyar-la-calma-sin-omg-sin-gluten-60-tabletas\/\" \/>\n<meta property=\"og:site_name\" content=\"Origin Shape\" \/>\n<meta property=\"article:modified_time\" content=\"2023-06-09T00:11:22+00:00\" \/>\n<meta property=\"og:image\" content=\"https:\/\/originshape.com\/wp-content\/uploads\/2022\/12\/GABA.jpg\" \/>\n\t<meta property=\"og:image:width\" content=\"791\" \/>\n\t<meta property=\"og:image:height\" content=\"1500\" \/>\n\t<meta property=\"og:image:type\" content=\"image\/jpeg\" \/>\n<meta name=\"twitter:label1\" content=\"Est. reading time\" \/>\n\t<meta name=\"twitter:data1\" content=\"2 minutos\" \/>\n<script type=\"application\/ld+json\" class=\"yoast-schema-graph\">{\"@context\":\"https:\/\/schema.org\",\"@graph\":[{\"@type\":\"WebPage\",\"@id\":\"https:\/\/originshape.com\/product\/designs-for-health-gaba-masticable-200-mg-de-pharmagaba-masticable-fermentado-suplemento-de-gaba-biodisponible-para-apoyar-la-calma-sin-omg-sin-gluten-60-tabletas\/\",\"url\":\"https:\/\/originshape.com\/product\/designs-for-health-gaba-masticable-200-mg-de-pharmagaba-masticable-fermentado-suplemento-de-gaba-biodisponible-para-apoyar-la-calma-sin-omg-sin-gluten-60-tabletas\/\",\"name\":\"Designs for Health GABA masticable - Origin Shape\",\"isPartOf\":{\"@id\":\"https:\/\/originshape.com\/#website\"},\"primaryImageOfPage\":{\"@id\":\"https:\/\/originshape.com\/product\/designs-for-health-gaba-masticable-200-mg-de-pharmagaba-masticable-fermentado-suplemento-de-gaba-biodisponible-para-apoyar-la-calma-sin-omg-sin-gluten-60-tabletas\/#primaryimage\"},\"image\":{\"@id\":\"https:\/\/originshape.com\/product\/designs-for-health-gaba-masticable-200-mg-de-pharmagaba-masticable-fermentado-suplemento-de-gaba-biodisponible-para-apoyar-la-calma-sin-omg-sin-gluten-60-tabletas\/#primaryimage\"},\"thumbnailUrl\":\"https:\/\/originshape.com\/wp-content\/uploads\/2022\/12\/GABA.jpg\",\"datePublished\":\"2022-12-03T00:45:47+00:00\",\"dateModified\":\"2023-06-09T00:11:22+00:00\",\"breadcrumb\":{\"@id\":\"https:\/\/originshape.com\/product\/designs-for-health-gaba-masticable-200-mg-de-pharmagaba-masticable-fermentado-suplemento-de-gaba-biodisponible-para-apoyar-la-calma-sin-omg-sin-gluten-60-tabletas\/#breadcrumb\"},\"inLanguage\":\"es-DO\",\"potentialAction\":[{\"@type\":\"ReadAction\",\"target\":[\"https:\/\/originshape.com\/product\/designs-for-health-gaba-masticable-200-mg-de-pharmagaba-masticable-fermentado-suplemento-de-gaba-biodisponible-para-apoyar-la-calma-sin-omg-sin-gluten-60-tabletas\/\"]}]},{\"@type\":\"ImageObject\",\"inLanguage\":\"es-DO\",\"@id\":\"https:\/\/originshape.com\/product\/designs-for-health-gaba-masticable-200-mg-de-pharmagaba-masticable-fermentado-suplemento-de-gaba-biodisponible-para-apoyar-la-calma-sin-omg-sin-gluten-60-tabletas\/#primaryimage\",\"url\":\"https:\/\/originshape.com\/wp-content\/uploads\/2022\/12\/GABA.jpg\",\"contentUrl\":\"https:\/\/originshape.com\/wp-content\/uploads\/2022\/12\/GABA.jpg\",\"width\":791,\"height\":1500},{\"@type\":\"BreadcrumbList\",\"@id\":\"https:\/\/originshape.com\/product\/designs-for-health-gaba-masticable-200-mg-de-pharmagaba-masticable-fermentado-suplemento-de-gaba-biodisponible-para-apoyar-la-calma-sin-omg-sin-gluten-60-tabletas\/#breadcrumb\",\"itemListElement\":[{\"@type\":\"ListItem\",\"position\":1,\"name\":\"Home\",\"item\":\"https:\/\/originshape.com\/\"},{\"@type\":\"ListItem\",\"position\":2,\"name\":\"Store clothes\",\"item\":\"https:\/\/originshape.com\/store-2\/\"},{\"@type\":\"ListItem\",\"position\":3,\"name\":\"Designs for Health GABA masticable\"}]},{\"@type\":\"WebSite\",\"@id\":\"https:\/\/originshape.com\/#website\",\"url\":\"https:\/\/originshape.com\/\",\"name\":\"Origin Shape\",\"description\":\"Nutrition and Fitness\",\"publisher\":{\"@id\":\"https:\/\/originshape.com\/#organization\"},\"potentialAction\":[{\"@type\":\"SearchAction\",\"target\":{\"@type\":\"EntryPoint\",\"urlTemplate\":\"https:\/\/originshape.com\/?s={search_term_string}\"},\"query-input\":{\"@type\":\"PropertyValueSpecification\",\"valueRequired\":true,\"valueName\":\"search_term_string\"}}],\"inLanguage\":\"es-DO\"},{\"@type\":\"Organization\",\"@id\":\"https:\/\/originshape.com\/#organization\",\"name\":\"Origin Shape\",\"url\":\"https:\/\/originshape.com\/\",\"logo\":{\"@type\":\"ImageObject\",\"inLanguage\":\"es-DO\",\"@id\":\"https:\/\/originshape.com\/#\/schema\/logo\/image\/\",\"url\":\"https:\/\/originshape.com\/wp-content\/uploads\/2022\/12\/39C56CFB-F744-41B1-9128-E6E7FF57EA6D.png\",\"contentUrl\":\"https:\/\/originshape.com\/wp-content\/uploads\/2022\/12\/39C56CFB-F744-41B1-9128-E6E7FF57EA6D.png\",\"width\":512,\"height\":512,\"caption\":\"Origin Shape\"},\"image\":{\"@id\":\"https:\/\/originshape.com\/#\/schema\/logo\/image\/\"}}]}<\/script>\n<!-- \/ Yoast SEO plugin. -->","yoast_head_json":{"title":"Designs for Health GABA masticable - Origin Shape","robots":{"index":"index","follow":"follow","max-snippet":"max-snippet:-1","max-image-preview":"max-image-preview:large","max-video-preview":"max-video-preview:-1"},"canonical":"https:\/\/originshape.com\/es\/product\/designs-for-health-gaba-masticable-200-mg-de-pharmagaba-masticable-fermentado-suplemento-de-gaba-biodisponible-para-apoyar-la-calma-sin-omg-sin-gluten-60-tabletas\/","og_locale":"es_ES","og_type":"article","og_title":"Designs for Health GABA masticable - Origin Shape","og_description":"200 mg de PharmaGABA masticable, fermentado + suplemento de GABA biodisponible para apoyar la calma, sin OMG + sin gluten (60 tabletas) Sobre este art\u00edculo Mente relajada: debido al efecto de GABA en el sistema nervioso parasimp\u00e1tico, que es responsable del relajante estado de &#8220;descanso y digesti\u00f3n&#8221;, en lugar de los sentimientos de &#8220;lucha o [&hellip;]","og_url":"https:\/\/originshape.com\/es\/product\/designs-for-health-gaba-masticable-200-mg-de-pharmagaba-masticable-fermentado-suplemento-de-gaba-biodisponible-para-apoyar-la-calma-sin-omg-sin-gluten-60-tabletas\/","og_site_name":"Origin Shape","article_modified_time":"2023-06-09T00:11:22+00:00","og_image":[{"width":791,"height":1500,"url":"https:\/\/originshape.com\/wp-content\/uploads\/2022\/12\/GABA.jpg","type":"image\/jpeg"}],"twitter_misc":{"Est. reading time":"2 minutos"},"schema":{"@context":"https:\/\/schema.org","@graph":[{"@type":"WebPage","@id":"https:\/\/originshape.com\/product\/designs-for-health-gaba-masticable-200-mg-de-pharmagaba-masticable-fermentado-suplemento-de-gaba-biodisponible-para-apoyar-la-calma-sin-omg-sin-gluten-60-tabletas\/","url":"https:\/\/originshape.com\/product\/designs-for-health-gaba-masticable-200-mg-de-pharmagaba-masticable-fermentado-suplemento-de-gaba-biodisponible-para-apoyar-la-calma-sin-omg-sin-gluten-60-tabletas\/","name":"Designs for Health GABA masticable - Origin Shape","isPartOf":{"@id":"https:\/\/originshape.com\/#website"},"primaryImageOfPage":{"@id":"https:\/\/originshape.com\/product\/designs-for-health-gaba-masticable-200-mg-de-pharmagaba-masticable-fermentado-suplemento-de-gaba-biodisponible-para-apoyar-la-calma-sin-omg-sin-gluten-60-tabletas\/#primaryimage"},"image":{"@id":"https:\/\/originshape.com\/product\/designs-for-health-gaba-masticable-200-mg-de-pharmagaba-masticable-fermentado-suplemento-de-gaba-biodisponible-para-apoyar-la-calma-sin-omg-sin-gluten-60-tabletas\/#primaryimage"},"thumbnailUrl":"https:\/\/originshape.com\/wp-content\/uploads\/2022\/12\/GABA.jpg","datePublished":"2022-12-03T00:45:47+00:00","dateModified":"2023-06-09T00:11:22+00:00","breadcrumb":{"@id":"https:\/\/originshape.com\/product\/designs-for-health-gaba-masticable-200-mg-de-pharmagaba-masticable-fermentado-suplemento-de-gaba-biodisponible-para-apoyar-la-calma-sin-omg-sin-gluten-60-tabletas\/#breadcrumb"},"inLanguage":"es-DO","potentialAction":[{"@type":"ReadAction","target":["https:\/\/originshape.com\/product\/designs-for-health-gaba-masticable-200-mg-de-pharmagaba-masticable-fermentado-suplemento-de-gaba-biodisponible-para-apoyar-la-calma-sin-omg-sin-gluten-60-tabletas\/"]}]},{"@type":"ImageObject","inLanguage":"es-DO","@id":"https:\/\/originshape.com\/product\/designs-for-health-gaba-masticable-200-mg-de-pharmagaba-masticable-fermentado-suplemento-de-gaba-biodisponible-para-apoyar-la-calma-sin-omg-sin-gluten-60-tabletas\/#primaryimage","url":"https:\/\/originshape.com\/wp-content\/uploads\/2022\/12\/GABA.jpg","contentUrl":"https:\/\/originshape.com\/wp-content\/uploads\/2022\/12\/GABA.jpg","width":791,"height":1500},{"@type":"BreadcrumbList","@id":"https:\/\/originshape.com\/product\/designs-for-health-gaba-masticable-200-mg-de-pharmagaba-masticable-fermentado-suplemento-de-gaba-biodisponible-para-apoyar-la-calma-sin-omg-sin-gluten-60-tabletas\/#breadcrumb","itemListElement":[{"@type":"ListItem","position":1,"name":"Home","item":"https:\/\/originshape.com\/"},{"@type":"ListItem","position":2,"name":"Store clothes","item":"https:\/\/originshape.com\/store-2\/"},{"@type":"ListItem","position":3,"name":"Designs for Health GABA masticable"}]},{"@type":"WebSite","@id":"https:\/\/originshape.com\/#website","url":"https:\/\/originshape.com\/","name":"Origin Shape","description":"Nutrition and Fitness","publisher":{"@id":"https:\/\/originshape.com\/#organization"},"potentialAction":[{"@type":"SearchAction","target":{"@type":"EntryPoint","urlTemplate":"https:\/\/originshape.com\/?s={search_term_string}"},"query-input":{"@type":"PropertyValueSpecification","valueRequired":true,"valueName":"search_term_string"}}],"inLanguage":"es-DO"},{"@type":"Organization","@id":"https:\/\/originshape.com\/#organization","name":"Origin Shape","url":"https:\/\/originshape.com\/","logo":{"@type":"ImageObject","inLanguage":"es-DO","@id":"https:\/\/originshape.com\/#\/schema\/logo\/image\/","url":"https:\/\/originshape.com\/wp-content\/uploads\/2022\/12\/39C56CFB-F744-41B1-9128-E6E7FF57EA6D.png","contentUrl":"https:\/\/originshape.com\/wp-content\/uploads\/2022\/12\/39C56CFB-F744-41B1-9128-E6E7FF57EA6D.png","width":512,"height":512,"caption":"Origin Shape"},"image":{"@id":"https:\/\/originshape.com\/#\/schema\/logo\/image\/"}}]}},"jetpack_sharing_enabled":true,"_links":{"self":[{"href":"https:\/\/originshape.com\/es\/wp-json\/wp\/v2\/product\/4683","targetHints":{"allow":["GET"]}}],"collection":[{"href":"https:\/\/originshape.com\/es\/wp-json\/wp\/v2\/product"}],"about":[{"href":"https:\/\/originshape.com\/es\/wp-json\/wp\/v2\/types\/product"}],"replies":[{"embeddable":true,"href":"https:\/\/originshape.com\/es\/wp-json\/wp\/v2\/comments?post=4683"}],"wp:featuredmedia":[{"embeddable":true,"href":"https:\/\/originshape.com\/es\/wp-json\/wp\/v2\/media\/4684"}],"wp:attachment":[{"href":"https:\/\/originshape.com\/es\/wp-json\/wp\/v2\/media?parent=4683"}],"wp:term":[{"taxonomy":"product_brand","embeddable":true,"href":"https:\/\/originshape.com\/es\/wp-json\/wp\/v2\/product_brand?post=4683"},{"taxonomy":"product_cat","embeddable":true,"href":"https:\/\/originshape.com\/es\/wp-json\/wp\/v2\/product_cat?post=4683"},{"taxonomy":"product_tag","embeddable":true,"href":"https:\/\/originshape.com\/es\/wp-json\/wp\/v2\/product_tag?post=4683"}],"curies":[{"name":"wp","href":"https:\/\/api.w.org\/{rel}","templated":true}]}}