{"id":4689,"date":"2022-12-03T00:54:38","date_gmt":"2022-12-03T00:54:38","guid":{"rendered":"https:\/\/originshape.com\/?post_type=product&#038;p=4689"},"modified":"2023-06-09T00:08:37","modified_gmt":"2023-06-09T00:08:37","slug":"designs-for-health-colageno-de-cuerpo-entero-colageno-hidrolizado-en-polvo-colageno-hidrolizado-respaldado-por-la-investigacion-para-la-piel-los-huesos-y-la-salud-de-las-articulaciones-polvo-de-pe","status":"publish","type":"product","link":"https:\/\/originshape.com\/es\/product\/designs-for-health-colageno-de-cuerpo-entero-colageno-hidrolizado-en-polvo-colageno-hidrolizado-respaldado-por-la-investigacion-para-la-piel-los-huesos-y-la-salud-de-las-articulaciones-polvo-de-pe\/","title":{"rendered":"Designs for Health Col\u00e1geno de cuerpo entero"},"content":{"rendered":"<p>Col\u00e1geno hidrolizado en polvo, col\u00e1geno hidrolizado respaldado por la investigaci\u00f3n para la piel, los huesos y la salud de las articulaciones, polvo de p\u00e9ptidos de col\u00e1geno sin sabor (30 porciones)<\/p>\n<h1>Sobre este articulo:<\/h1>\n<ul class=\"a-unordered-list a-vertical a-spacing-mini\">\n<li><span class=\"a-list-item\">Apoya la salud \u00f3sea, piel y articulaciones: estos p\u00e9ptidos est\u00e1n respaldados por investigaciones cl\u00ednicas que muestran su eficacia para promover la producci\u00f3n de col\u00e1geno, la fuerza \u00f3sea, la salud e integridad de las articulaciones, la elasticidad de la piel y mucho m\u00e1s. * <\/span><\/li>\n<li><span class=\"a-list-item\">P\u00e9ptidos de col\u00e1geno puros y patentados: todos los p\u00e9ptidos de col\u00e1geno premium en col\u00e1geno corporal entero est\u00e1n patentados y han sido seleccionados por los beneficios espec\u00edficos que promueven. <\/span><\/li>\n<li><span class=\"a-list-item\">Sabor limpio y neutro: mezcla estos p\u00e9ptidos puros en batidos, batidos y otros alimentos y bebidas. <\/span><\/li>\n<li><span class=\"a-list-item\">Est\u00e1ndares m\u00e1s altos. Mejores resultados: Designs for Health mantiene un enfoque estricto y sin concesiones para la selecci\u00f3n de materias primas de calidad. Nunca cortamos esquinas con ingredientes deficientes. Este producto no contiene OMG y gluten. <\/span><\/li>\n<li><span class=\"a-list-item\">M\u00e1s de 50.000 m\u00e9dicos de acuerdo &#8211; Designs for Health es la elecci\u00f3n del m\u00e9dico para suplementos de fuerza profesionales de alta calidad desde 1989. Nuestra filosof\u00eda &#8220;Science First&#8221; garantiza que nuestros productos se basen en las investigaciones m\u00e1s recientes y utilicen ingredientes crudos de la m\u00e1s alta calidad.<\/span><\/li>\n<\/ul>","protected":false},"excerpt":{"rendered":"<p>Col\u00e1geno hidrolizado en polvo, col\u00e1geno hidrolizado respaldado por la investigaci\u00f3n para la piel, los huesos y la salud de las articulaciones, polvo de p\u00e9ptidos de col\u00e1geno sin sabor (30 porciones) Sobre este articulo: Apoya la salud \u00f3sea, piel y articulaciones: estos p\u00e9ptidos est\u00e1n respaldados por investigaciones cl\u00ednicas que muestran su eficacia para promover la producci\u00f3n [&hellip;]<\/p>","protected":false},"featured_media":4690,"comment_status":"closed","ping_status":"closed","template":"","meta":[],"product_brand":[],"product_cat":[95,86],"product_tag":[],"class_list":{"0":"post-4689","1":"product","2":"type-product","3":"status-publish","4":"has-post-thumbnail","6":"product_cat-proteins","7":"product_cat-suplementos","9":"first","10":"instock","11":"taxable","12":"shipping-taxable","13":"product-type-external"},"yoast_head":"<!-- This site is optimized with the Yoast SEO plugin v24.0 - https:\/\/yoast.com\/wordpress\/plugins\/seo\/ -->\n<title>Designs for Health Col\u00e1geno de cuerpo entero - Origin Shape<\/title>\n<meta name=\"robots\" content=\"index, follow, max-snippet:-1, max-image-preview:large, max-video-preview:-1\" \/>\n<link rel=\"canonical\" href=\"https:\/\/originshape.com\/es\/product\/designs-for-health-colageno-de-cuerpo-entero-colageno-hidrolizado-en-polvo-colageno-hidrolizado-respaldado-por-la-investigacion-para-la-piel-los-huesos-y-la-salud-de-las-articulaciones-polvo-de-pe\/\" \/>\n<meta property=\"og:locale\" content=\"es_ES\" \/>\n<meta property=\"og:type\" content=\"article\" \/>\n<meta property=\"og:title\" content=\"Designs for Health Col\u00e1geno de cuerpo entero - Origin Shape\" \/>\n<meta property=\"og:description\" content=\"Col\u00e1geno hidrolizado en polvo, col\u00e1geno hidrolizado respaldado por la investigaci\u00f3n para la piel, los huesos y la salud de las articulaciones, polvo de p\u00e9ptidos de col\u00e1geno sin sabor (30 porciones) Sobre este articulo: Apoya la salud \u00f3sea, piel y articulaciones: estos p\u00e9ptidos est\u00e1n respaldados por investigaciones cl\u00ednicas que muestran su eficacia para promover la producci\u00f3n [&hellip;]\" \/>\n<meta property=\"og:url\" content=\"https:\/\/originshape.com\/es\/product\/designs-for-health-colageno-de-cuerpo-entero-colageno-hidrolizado-en-polvo-colageno-hidrolizado-respaldado-por-la-investigacion-para-la-piel-los-huesos-y-la-salud-de-las-articulaciones-polvo-de-pe\/\" \/>\n<meta property=\"og:site_name\" content=\"Origin Shape\" \/>\n<meta property=\"article:modified_time\" content=\"2023-06-09T00:08:37+00:00\" \/>\n<meta property=\"og:image\" content=\"https:\/\/originshape.com\/wp-content\/uploads\/2022\/12\/Desing-colagen.jpg\" \/>\n\t<meta property=\"og:image:width\" content=\"596\" \/>\n\t<meta property=\"og:image:height\" content=\"830\" \/>\n\t<meta property=\"og:image:type\" content=\"image\/jpeg\" \/>\n<meta name=\"twitter:label1\" content=\"Est. reading time\" \/>\n\t<meta name=\"twitter:data1\" content=\"1 minuto\" \/>\n<script type=\"application\/ld+json\" class=\"yoast-schema-graph\">{\"@context\":\"https:\/\/schema.org\",\"@graph\":[{\"@type\":\"WebPage\",\"@id\":\"https:\/\/originshape.com\/product\/designs-for-health-colageno-de-cuerpo-entero-colageno-hidrolizado-en-polvo-colageno-hidrolizado-respaldado-por-la-investigacion-para-la-piel-los-huesos-y-la-salud-de-las-articulaciones-polvo-de-pe\/\",\"url\":\"https:\/\/originshape.com\/product\/designs-for-health-colageno-de-cuerpo-entero-colageno-hidrolizado-en-polvo-colageno-hidrolizado-respaldado-por-la-investigacion-para-la-piel-los-huesos-y-la-salud-de-las-articulaciones-polvo-de-pe\/\",\"name\":\"Designs for Health Col\u00e1geno de cuerpo entero - Origin Shape\",\"isPartOf\":{\"@id\":\"https:\/\/originshape.com\/#website\"},\"primaryImageOfPage\":{\"@id\":\"https:\/\/originshape.com\/product\/designs-for-health-colageno-de-cuerpo-entero-colageno-hidrolizado-en-polvo-colageno-hidrolizado-respaldado-por-la-investigacion-para-la-piel-los-huesos-y-la-salud-de-las-articulaciones-polvo-de-pe\/#primaryimage\"},\"image\":{\"@id\":\"https:\/\/originshape.com\/product\/designs-for-health-colageno-de-cuerpo-entero-colageno-hidrolizado-en-polvo-colageno-hidrolizado-respaldado-por-la-investigacion-para-la-piel-los-huesos-y-la-salud-de-las-articulaciones-polvo-de-pe\/#primaryimage\"},\"thumbnailUrl\":\"https:\/\/originshape.com\/wp-content\/uploads\/2022\/12\/Desing-colagen.jpg\",\"datePublished\":\"2022-12-03T00:54:38+00:00\",\"dateModified\":\"2023-06-09T00:08:37+00:00\",\"breadcrumb\":{\"@id\":\"https:\/\/originshape.com\/product\/designs-for-health-colageno-de-cuerpo-entero-colageno-hidrolizado-en-polvo-colageno-hidrolizado-respaldado-por-la-investigacion-para-la-piel-los-huesos-y-la-salud-de-las-articulaciones-polvo-de-pe\/#breadcrumb\"},\"inLanguage\":\"es-DO\",\"potentialAction\":[{\"@type\":\"ReadAction\",\"target\":[\"https:\/\/originshape.com\/product\/designs-for-health-colageno-de-cuerpo-entero-colageno-hidrolizado-en-polvo-colageno-hidrolizado-respaldado-por-la-investigacion-para-la-piel-los-huesos-y-la-salud-de-las-articulaciones-polvo-de-pe\/\"]}]},{\"@type\":\"ImageObject\",\"inLanguage\":\"es-DO\",\"@id\":\"https:\/\/originshape.com\/product\/designs-for-health-colageno-de-cuerpo-entero-colageno-hidrolizado-en-polvo-colageno-hidrolizado-respaldado-por-la-investigacion-para-la-piel-los-huesos-y-la-salud-de-las-articulaciones-polvo-de-pe\/#primaryimage\",\"url\":\"https:\/\/originshape.com\/wp-content\/uploads\/2022\/12\/Desing-colagen.jpg\",\"contentUrl\":\"https:\/\/originshape.com\/wp-content\/uploads\/2022\/12\/Desing-colagen.jpg\",\"width\":596,\"height\":830},{\"@type\":\"BreadcrumbList\",\"@id\":\"https:\/\/originshape.com\/product\/designs-for-health-colageno-de-cuerpo-entero-colageno-hidrolizado-en-polvo-colageno-hidrolizado-respaldado-por-la-investigacion-para-la-piel-los-huesos-y-la-salud-de-las-articulaciones-polvo-de-pe\/#breadcrumb\",\"itemListElement\":[{\"@type\":\"ListItem\",\"position\":1,\"name\":\"Home\",\"item\":\"https:\/\/originshape.com\/\"},{\"@type\":\"ListItem\",\"position\":2,\"name\":\"Store clothes\",\"item\":\"https:\/\/originshape.com\/store-2\/\"},{\"@type\":\"ListItem\",\"position\":3,\"name\":\"Designs for Health Col\u00e1geno de cuerpo entero\"}]},{\"@type\":\"WebSite\",\"@id\":\"https:\/\/originshape.com\/#website\",\"url\":\"https:\/\/originshape.com\/\",\"name\":\"Origin Shape\",\"description\":\"Nutrition and Fitness\",\"publisher\":{\"@id\":\"https:\/\/originshape.com\/#organization\"},\"potentialAction\":[{\"@type\":\"SearchAction\",\"target\":{\"@type\":\"EntryPoint\",\"urlTemplate\":\"https:\/\/originshape.com\/?s={search_term_string}\"},\"query-input\":{\"@type\":\"PropertyValueSpecification\",\"valueRequired\":true,\"valueName\":\"search_term_string\"}}],\"inLanguage\":\"es-DO\"},{\"@type\":\"Organization\",\"@id\":\"https:\/\/originshape.com\/#organization\",\"name\":\"Origin Shape\",\"url\":\"https:\/\/originshape.com\/\",\"logo\":{\"@type\":\"ImageObject\",\"inLanguage\":\"es-DO\",\"@id\":\"https:\/\/originshape.com\/#\/schema\/logo\/image\/\",\"url\":\"https:\/\/originshape.com\/wp-content\/uploads\/2022\/12\/39C56CFB-F744-41B1-9128-E6E7FF57EA6D.png\",\"contentUrl\":\"https:\/\/originshape.com\/wp-content\/uploads\/2022\/12\/39C56CFB-F744-41B1-9128-E6E7FF57EA6D.png\",\"width\":512,\"height\":512,\"caption\":\"Origin Shape\"},\"image\":{\"@id\":\"https:\/\/originshape.com\/#\/schema\/logo\/image\/\"}}]}<\/script>\n<!-- \/ Yoast SEO plugin. -->","yoast_head_json":{"title":"Designs for Health Col\u00e1geno de cuerpo entero - Origin Shape","robots":{"index":"index","follow":"follow","max-snippet":"max-snippet:-1","max-image-preview":"max-image-preview:large","max-video-preview":"max-video-preview:-1"},"canonical":"https:\/\/originshape.com\/es\/product\/designs-for-health-colageno-de-cuerpo-entero-colageno-hidrolizado-en-polvo-colageno-hidrolizado-respaldado-por-la-investigacion-para-la-piel-los-huesos-y-la-salud-de-las-articulaciones-polvo-de-pe\/","og_locale":"es_ES","og_type":"article","og_title":"Designs for Health Col\u00e1geno de cuerpo entero - Origin Shape","og_description":"Col\u00e1geno hidrolizado en polvo, col\u00e1geno hidrolizado respaldado por la investigaci\u00f3n para la piel, los huesos y la salud de las articulaciones, polvo de p\u00e9ptidos de col\u00e1geno sin sabor (30 porciones) Sobre este articulo: Apoya la salud \u00f3sea, piel y articulaciones: estos p\u00e9ptidos est\u00e1n respaldados por investigaciones cl\u00ednicas que muestran su eficacia para promover la producci\u00f3n [&hellip;]","og_url":"https:\/\/originshape.com\/es\/product\/designs-for-health-colageno-de-cuerpo-entero-colageno-hidrolizado-en-polvo-colageno-hidrolizado-respaldado-por-la-investigacion-para-la-piel-los-huesos-y-la-salud-de-las-articulaciones-polvo-de-pe\/","og_site_name":"Origin Shape","article_modified_time":"2023-06-09T00:08:37+00:00","og_image":[{"width":596,"height":830,"url":"https:\/\/originshape.com\/wp-content\/uploads\/2022\/12\/Desing-colagen.jpg","type":"image\/jpeg"}],"twitter_misc":{"Est. reading time":"1 minuto"},"schema":{"@context":"https:\/\/schema.org","@graph":[{"@type":"WebPage","@id":"https:\/\/originshape.com\/product\/designs-for-health-colageno-de-cuerpo-entero-colageno-hidrolizado-en-polvo-colageno-hidrolizado-respaldado-por-la-investigacion-para-la-piel-los-huesos-y-la-salud-de-las-articulaciones-polvo-de-pe\/","url":"https:\/\/originshape.com\/product\/designs-for-health-colageno-de-cuerpo-entero-colageno-hidrolizado-en-polvo-colageno-hidrolizado-respaldado-por-la-investigacion-para-la-piel-los-huesos-y-la-salud-de-las-articulaciones-polvo-de-pe\/","name":"Designs for Health Col\u00e1geno de cuerpo entero - Origin Shape","isPartOf":{"@id":"https:\/\/originshape.com\/#website"},"primaryImageOfPage":{"@id":"https:\/\/originshape.com\/product\/designs-for-health-colageno-de-cuerpo-entero-colageno-hidrolizado-en-polvo-colageno-hidrolizado-respaldado-por-la-investigacion-para-la-piel-los-huesos-y-la-salud-de-las-articulaciones-polvo-de-pe\/#primaryimage"},"image":{"@id":"https:\/\/originshape.com\/product\/designs-for-health-colageno-de-cuerpo-entero-colageno-hidrolizado-en-polvo-colageno-hidrolizado-respaldado-por-la-investigacion-para-la-piel-los-huesos-y-la-salud-de-las-articulaciones-polvo-de-pe\/#primaryimage"},"thumbnailUrl":"https:\/\/originshape.com\/wp-content\/uploads\/2022\/12\/Desing-colagen.jpg","datePublished":"2022-12-03T00:54:38+00:00","dateModified":"2023-06-09T00:08:37+00:00","breadcrumb":{"@id":"https:\/\/originshape.com\/product\/designs-for-health-colageno-de-cuerpo-entero-colageno-hidrolizado-en-polvo-colageno-hidrolizado-respaldado-por-la-investigacion-para-la-piel-los-huesos-y-la-salud-de-las-articulaciones-polvo-de-pe\/#breadcrumb"},"inLanguage":"es-DO","potentialAction":[{"@type":"ReadAction","target":["https:\/\/originshape.com\/product\/designs-for-health-colageno-de-cuerpo-entero-colageno-hidrolizado-en-polvo-colageno-hidrolizado-respaldado-por-la-investigacion-para-la-piel-los-huesos-y-la-salud-de-las-articulaciones-polvo-de-pe\/"]}]},{"@type":"ImageObject","inLanguage":"es-DO","@id":"https:\/\/originshape.com\/product\/designs-for-health-colageno-de-cuerpo-entero-colageno-hidrolizado-en-polvo-colageno-hidrolizado-respaldado-por-la-investigacion-para-la-piel-los-huesos-y-la-salud-de-las-articulaciones-polvo-de-pe\/#primaryimage","url":"https:\/\/originshape.com\/wp-content\/uploads\/2022\/12\/Desing-colagen.jpg","contentUrl":"https:\/\/originshape.com\/wp-content\/uploads\/2022\/12\/Desing-colagen.jpg","width":596,"height":830},{"@type":"BreadcrumbList","@id":"https:\/\/originshape.com\/product\/designs-for-health-colageno-de-cuerpo-entero-colageno-hidrolizado-en-polvo-colageno-hidrolizado-respaldado-por-la-investigacion-para-la-piel-los-huesos-y-la-salud-de-las-articulaciones-polvo-de-pe\/#breadcrumb","itemListElement":[{"@type":"ListItem","position":1,"name":"Home","item":"https:\/\/originshape.com\/"},{"@type":"ListItem","position":2,"name":"Store clothes","item":"https:\/\/originshape.com\/store-2\/"},{"@type":"ListItem","position":3,"name":"Designs for Health Col\u00e1geno de cuerpo entero"}]},{"@type":"WebSite","@id":"https:\/\/originshape.com\/#website","url":"https:\/\/originshape.com\/","name":"Origin Shape","description":"Nutrition and Fitness","publisher":{"@id":"https:\/\/originshape.com\/#organization"},"potentialAction":[{"@type":"SearchAction","target":{"@type":"EntryPoint","urlTemplate":"https:\/\/originshape.com\/?s={search_term_string}"},"query-input":{"@type":"PropertyValueSpecification","valueRequired":true,"valueName":"search_term_string"}}],"inLanguage":"es-DO"},{"@type":"Organization","@id":"https:\/\/originshape.com\/#organization","name":"Origin Shape","url":"https:\/\/originshape.com\/","logo":{"@type":"ImageObject","inLanguage":"es-DO","@id":"https:\/\/originshape.com\/#\/schema\/logo\/image\/","url":"https:\/\/originshape.com\/wp-content\/uploads\/2022\/12\/39C56CFB-F744-41B1-9128-E6E7FF57EA6D.png","contentUrl":"https:\/\/originshape.com\/wp-content\/uploads\/2022\/12\/39C56CFB-F744-41B1-9128-E6E7FF57EA6D.png","width":512,"height":512,"caption":"Origin Shape"},"image":{"@id":"https:\/\/originshape.com\/#\/schema\/logo\/image\/"}}]}},"jetpack_sharing_enabled":true,"_links":{"self":[{"href":"https:\/\/originshape.com\/es\/wp-json\/wp\/v2\/product\/4689","targetHints":{"allow":["GET"]}}],"collection":[{"href":"https:\/\/originshape.com\/es\/wp-json\/wp\/v2\/product"}],"about":[{"href":"https:\/\/originshape.com\/es\/wp-json\/wp\/v2\/types\/product"}],"replies":[{"embeddable":true,"href":"https:\/\/originshape.com\/es\/wp-json\/wp\/v2\/comments?post=4689"}],"wp:featuredmedia":[{"embeddable":true,"href":"https:\/\/originshape.com\/es\/wp-json\/wp\/v2\/media\/4690"}],"wp:attachment":[{"href":"https:\/\/originshape.com\/es\/wp-json\/wp\/v2\/media?parent=4689"}],"wp:term":[{"taxonomy":"product_brand","embeddable":true,"href":"https:\/\/originshape.com\/es\/wp-json\/wp\/v2\/product_brand?post=4689"},{"taxonomy":"product_cat","embeddable":true,"href":"https:\/\/originshape.com\/es\/wp-json\/wp\/v2\/product_cat?post=4689"},{"taxonomy":"product_tag","embeddable":true,"href":"https:\/\/originshape.com\/es\/wp-json\/wp\/v2\/product_tag?post=4689"}],"curies":[{"name":"wp","href":"https:\/\/api.w.org\/{rel}","templated":true}]}}