{"id":4697,"date":"2022-12-03T01:30:37","date_gmt":"2022-12-03T01:30:37","guid":{"rendered":"https:\/\/originshape.com\/?post_type=product&#038;p=4697"},"modified":"2023-06-10T19:28:19","modified_gmt":"2023-06-10T19:28:19","slug":"bowflex-selecttech-552-adjustable-dumbbells","status":"publish","type":"product","link":"https:\/\/originshape.com\/es\/product\/bowflex-selecttech-552-adjustable-dumbbells\/","title":{"rendered":"Bowflex SelectTech 552 Adjustable Dumbbells"},"content":{"rendered":"","protected":false},"excerpt":{"rendered":"<ul class=\"a-unordered-list a-vertical a-spacing-mini\">\n<li><span class=\"a-list-item\">Incluye membres\u00eda JRNY de 1 a\u00f1o (valor de 149 d\u00f3lares; se renueva autom\u00e1ticamente cuando termina la prueba a menos que se cancele 48 horas antes de la fecha de finalizaci\u00f3n de la prueba) <\/span><\/li>\n<li><span class=\"a-list-item\">5 &#8211; 52.5 libras por mancuerna ajustable <\/span><\/li>\n<li><span class=\"a-list-item\">Diales de selecci\u00f3n f\u00e1ciles de usar <\/span><\/li>\n<li><span class=\"a-list-item\">5, 7.5, 10, 12.5, 15, 17.5, 20, 22.5, 25, 30, 35, 40, 45, 50 y 52.5 libras. <\/span><\/li>\n<li><span class=\"a-list-item\">Fuerza funcional de cuerpo completo para tus piernas, espalda, pecho, abdominales, hombros y brazos <\/span><\/li>\n<li><span class=\"a-list-item\">Clases de fuerza de cuerpo completo bajo demanda ahora disponibles en la aplicaci\u00f3n JRNY (se requiere membres\u00eda JRNY) <\/span><\/li>\n<li><span class=\"a-list-item\">Dimensiones: 16.9 pulgadas de largo x 8.3 pulgadas de ancho x 9 pulgadas de alto<\/span><\/li>\n<\/ul>","protected":false},"featured_media":6209,"comment_status":"closed","ping_status":"closed","template":"","meta":[],"product_brand":[],"product_cat":[87,89],"product_tag":[],"class_list":{"0":"post-4697","1":"product","2":"type-product","3":"status-publish","4":"has-post-thumbnail","6":"product_cat-gym-equipments","7":"product_cat-mancuernas","9":"first","10":"instock","11":"taxable","12":"shipping-taxable","13":"product-type-external"},"yoast_head":"<!-- This site is optimized with the Yoast SEO plugin v24.0 - https:\/\/yoast.com\/wordpress\/plugins\/seo\/ -->\n<title>Bowflex SelectTech 552 Adjustable Dumbbells - Origin Shape<\/title>\n<meta name=\"robots\" content=\"index, follow, max-snippet:-1, max-image-preview:large, max-video-preview:-1\" \/>\n<link rel=\"canonical\" href=\"https:\/\/originshape.com\/es\/product\/bowflex-selecttech-552-adjustable-dumbbells\/\" \/>\n<meta property=\"og:locale\" content=\"es_ES\" \/>\n<meta property=\"og:type\" content=\"article\" \/>\n<meta property=\"og:title\" content=\"Bowflex SelectTech 552 Adjustable Dumbbells - Origin Shape\" \/>\n<meta property=\"og:description\" content=\"Incluye membres\u00eda JRNY de 1 a\u00f1o (valor de 149 d\u00f3lares; se renueva autom\u00e1ticamente cuando termina la prueba a menos que se cancele 48 horas antes de la fecha de finalizaci\u00f3n de la prueba)   5 - 52.5 libras por mancuerna ajustable   Diales de selecci\u00f3n f\u00e1ciles de usar   5, 7.5, 10, 12.5, 15, 17.5, 20, 22.5, 25, 30, 35, 40, 45, 50 y 52.5 libras.   Fuerza funcional de cuerpo completo para tus piernas, espalda, pecho, abdominales, hombros y brazos   Clases de fuerza de cuerpo completo bajo demanda ahora disponibles en la aplicaci\u00f3n JRNY (se requiere membres\u00eda JRNY)   Dimensiones: 16.9 pulgadas de largo x 8.3 pulgadas de ancho x 9 pulgadas de alto\" \/>\n<meta property=\"og:url\" content=\"https:\/\/originshape.com\/es\/product\/bowflex-selecttech-552-adjustable-dumbbells\/\" \/>\n<meta property=\"og:site_name\" content=\"Origin Shape\" \/>\n<meta property=\"article:modified_time\" content=\"2023-06-10T19:28:19+00:00\" \/>\n<meta property=\"og:image\" content=\"https:\/\/originshape.com\/wp-content\/uploads\/2022\/12\/Mancuernas-1.jpg\" \/>\n\t<meta property=\"og:image:width\" content=\"1500\" \/>\n\t<meta property=\"og:image:height\" content=\"951\" \/>\n\t<meta property=\"og:image:type\" content=\"image\/jpeg\" \/>\n<script type=\"application\/ld+json\" class=\"yoast-schema-graph\">{\"@context\":\"https:\/\/schema.org\",\"@graph\":[{\"@type\":\"WebPage\",\"@id\":\"https:\/\/originshape.com\/product\/bowflex-selecttech-552-adjustable-dumbbells\/\",\"url\":\"https:\/\/originshape.com\/product\/bowflex-selecttech-552-adjustable-dumbbells\/\",\"name\":\"Bowflex SelectTech 552 Adjustable Dumbbells - Origin Shape\",\"isPartOf\":{\"@id\":\"https:\/\/originshape.com\/#website\"},\"primaryImageOfPage\":{\"@id\":\"https:\/\/originshape.com\/product\/bowflex-selecttech-552-adjustable-dumbbells\/#primaryimage\"},\"image\":{\"@id\":\"https:\/\/originshape.com\/product\/bowflex-selecttech-552-adjustable-dumbbells\/#primaryimage\"},\"thumbnailUrl\":\"https:\/\/originshape.com\/wp-content\/uploads\/2022\/12\/Mancuernas-1.jpg\",\"datePublished\":\"2022-12-03T01:30:37+00:00\",\"dateModified\":\"2023-06-10T19:28:19+00:00\",\"breadcrumb\":{\"@id\":\"https:\/\/originshape.com\/product\/bowflex-selecttech-552-adjustable-dumbbells\/#breadcrumb\"},\"inLanguage\":\"es-DO\",\"potentialAction\":[{\"@type\":\"ReadAction\",\"target\":[\"https:\/\/originshape.com\/product\/bowflex-selecttech-552-adjustable-dumbbells\/\"]}]},{\"@type\":\"ImageObject\",\"inLanguage\":\"es-DO\",\"@id\":\"https:\/\/originshape.com\/product\/bowflex-selecttech-552-adjustable-dumbbells\/#primaryimage\",\"url\":\"https:\/\/originshape.com\/wp-content\/uploads\/2022\/12\/Mancuernas-1.jpg\",\"contentUrl\":\"https:\/\/originshape.com\/wp-content\/uploads\/2022\/12\/Mancuernas-1.jpg\",\"width\":1500,\"height\":951},{\"@type\":\"BreadcrumbList\",\"@id\":\"https:\/\/originshape.com\/product\/bowflex-selecttech-552-adjustable-dumbbells\/#breadcrumb\",\"itemListElement\":[{\"@type\":\"ListItem\",\"position\":1,\"name\":\"Home\",\"item\":\"https:\/\/originshape.com\/\"},{\"@type\":\"ListItem\",\"position\":2,\"name\":\"Store clothes\",\"item\":\"https:\/\/originshape.com\/store-2\/\"},{\"@type\":\"ListItem\",\"position\":3,\"name\":\"Bowflex SelectTech 552 Adjustable Dumbbells\"}]},{\"@type\":\"WebSite\",\"@id\":\"https:\/\/originshape.com\/#website\",\"url\":\"https:\/\/originshape.com\/\",\"name\":\"Origin Shape\",\"description\":\"Nutrition and Fitness\",\"publisher\":{\"@id\":\"https:\/\/originshape.com\/#organization\"},\"potentialAction\":[{\"@type\":\"SearchAction\",\"target\":{\"@type\":\"EntryPoint\",\"urlTemplate\":\"https:\/\/originshape.com\/?s={search_term_string}\"},\"query-input\":{\"@type\":\"PropertyValueSpecification\",\"valueRequired\":true,\"valueName\":\"search_term_string\"}}],\"inLanguage\":\"es-DO\"},{\"@type\":\"Organization\",\"@id\":\"https:\/\/originshape.com\/#organization\",\"name\":\"Origin Shape\",\"url\":\"https:\/\/originshape.com\/\",\"logo\":{\"@type\":\"ImageObject\",\"inLanguage\":\"es-DO\",\"@id\":\"https:\/\/originshape.com\/#\/schema\/logo\/image\/\",\"url\":\"https:\/\/originshape.com\/wp-content\/uploads\/2022\/12\/39C56CFB-F744-41B1-9128-E6E7FF57EA6D.png\",\"contentUrl\":\"https:\/\/originshape.com\/wp-content\/uploads\/2022\/12\/39C56CFB-F744-41B1-9128-E6E7FF57EA6D.png\",\"width\":512,\"height\":512,\"caption\":\"Origin Shape\"},\"image\":{\"@id\":\"https:\/\/originshape.com\/#\/schema\/logo\/image\/\"}}]}<\/script>\n<!-- \/ Yoast SEO plugin. -->","yoast_head_json":{"title":"Bowflex SelectTech 552 Adjustable Dumbbells - Origin Shape","robots":{"index":"index","follow":"follow","max-snippet":"max-snippet:-1","max-image-preview":"max-image-preview:large","max-video-preview":"max-video-preview:-1"},"canonical":"https:\/\/originshape.com\/es\/product\/bowflex-selecttech-552-adjustable-dumbbells\/","og_locale":"es_ES","og_type":"article","og_title":"Bowflex SelectTech 552 Adjustable Dumbbells - Origin Shape","og_description":"Incluye membres\u00eda JRNY de 1 a\u00f1o (valor de 149 d\u00f3lares; se renueva autom\u00e1ticamente cuando termina la prueba a menos que se cancele 48 horas antes de la fecha de finalizaci\u00f3n de la prueba)   5 - 52.5 libras por mancuerna ajustable   Diales de selecci\u00f3n f\u00e1ciles de usar   5, 7.5, 10, 12.5, 15, 17.5, 20, 22.5, 25, 30, 35, 40, 45, 50 y 52.5 libras.   Fuerza funcional de cuerpo completo para tus piernas, espalda, pecho, abdominales, hombros y brazos   Clases de fuerza de cuerpo completo bajo demanda ahora disponibles en la aplicaci\u00f3n JRNY (se requiere membres\u00eda JRNY)   Dimensiones: 16.9 pulgadas de largo x 8.3 pulgadas de ancho x 9 pulgadas de alto","og_url":"https:\/\/originshape.com\/es\/product\/bowflex-selecttech-552-adjustable-dumbbells\/","og_site_name":"Origin Shape","article_modified_time":"2023-06-10T19:28:19+00:00","og_image":[{"width":1500,"height":951,"url":"https:\/\/originshape.com\/wp-content\/uploads\/2022\/12\/Mancuernas-1.jpg","type":"image\/jpeg"}],"schema":{"@context":"https:\/\/schema.org","@graph":[{"@type":"WebPage","@id":"https:\/\/originshape.com\/product\/bowflex-selecttech-552-adjustable-dumbbells\/","url":"https:\/\/originshape.com\/product\/bowflex-selecttech-552-adjustable-dumbbells\/","name":"Bowflex SelectTech 552 Adjustable Dumbbells - Origin Shape","isPartOf":{"@id":"https:\/\/originshape.com\/#website"},"primaryImageOfPage":{"@id":"https:\/\/originshape.com\/product\/bowflex-selecttech-552-adjustable-dumbbells\/#primaryimage"},"image":{"@id":"https:\/\/originshape.com\/product\/bowflex-selecttech-552-adjustable-dumbbells\/#primaryimage"},"thumbnailUrl":"https:\/\/originshape.com\/wp-content\/uploads\/2022\/12\/Mancuernas-1.jpg","datePublished":"2022-12-03T01:30:37+00:00","dateModified":"2023-06-10T19:28:19+00:00","breadcrumb":{"@id":"https:\/\/originshape.com\/product\/bowflex-selecttech-552-adjustable-dumbbells\/#breadcrumb"},"inLanguage":"es-DO","potentialAction":[{"@type":"ReadAction","target":["https:\/\/originshape.com\/product\/bowflex-selecttech-552-adjustable-dumbbells\/"]}]},{"@type":"ImageObject","inLanguage":"es-DO","@id":"https:\/\/originshape.com\/product\/bowflex-selecttech-552-adjustable-dumbbells\/#primaryimage","url":"https:\/\/originshape.com\/wp-content\/uploads\/2022\/12\/Mancuernas-1.jpg","contentUrl":"https:\/\/originshape.com\/wp-content\/uploads\/2022\/12\/Mancuernas-1.jpg","width":1500,"height":951},{"@type":"BreadcrumbList","@id":"https:\/\/originshape.com\/product\/bowflex-selecttech-552-adjustable-dumbbells\/#breadcrumb","itemListElement":[{"@type":"ListItem","position":1,"name":"Home","item":"https:\/\/originshape.com\/"},{"@type":"ListItem","position":2,"name":"Store clothes","item":"https:\/\/originshape.com\/store-2\/"},{"@type":"ListItem","position":3,"name":"Bowflex SelectTech 552 Adjustable Dumbbells"}]},{"@type":"WebSite","@id":"https:\/\/originshape.com\/#website","url":"https:\/\/originshape.com\/","name":"Origin Shape","description":"Nutrition and Fitness","publisher":{"@id":"https:\/\/originshape.com\/#organization"},"potentialAction":[{"@type":"SearchAction","target":{"@type":"EntryPoint","urlTemplate":"https:\/\/originshape.com\/?s={search_term_string}"},"query-input":{"@type":"PropertyValueSpecification","valueRequired":true,"valueName":"search_term_string"}}],"inLanguage":"es-DO"},{"@type":"Organization","@id":"https:\/\/originshape.com\/#organization","name":"Origin Shape","url":"https:\/\/originshape.com\/","logo":{"@type":"ImageObject","inLanguage":"es-DO","@id":"https:\/\/originshape.com\/#\/schema\/logo\/image\/","url":"https:\/\/originshape.com\/wp-content\/uploads\/2022\/12\/39C56CFB-F744-41B1-9128-E6E7FF57EA6D.png","contentUrl":"https:\/\/originshape.com\/wp-content\/uploads\/2022\/12\/39C56CFB-F744-41B1-9128-E6E7FF57EA6D.png","width":512,"height":512,"caption":"Origin Shape"},"image":{"@id":"https:\/\/originshape.com\/#\/schema\/logo\/image\/"}}]}},"jetpack_sharing_enabled":true,"_links":{"self":[{"href":"https:\/\/originshape.com\/es\/wp-json\/wp\/v2\/product\/4697","targetHints":{"allow":["GET"]}}],"collection":[{"href":"https:\/\/originshape.com\/es\/wp-json\/wp\/v2\/product"}],"about":[{"href":"https:\/\/originshape.com\/es\/wp-json\/wp\/v2\/types\/product"}],"replies":[{"embeddable":true,"href":"https:\/\/originshape.com\/es\/wp-json\/wp\/v2\/comments?post=4697"}],"wp:featuredmedia":[{"embeddable":true,"href":"https:\/\/originshape.com\/es\/wp-json\/wp\/v2\/media\/6209"}],"wp:attachment":[{"href":"https:\/\/originshape.com\/es\/wp-json\/wp\/v2\/media?parent=4697"}],"wp:term":[{"taxonomy":"product_brand","embeddable":true,"href":"https:\/\/originshape.com\/es\/wp-json\/wp\/v2\/product_brand?post=4697"},{"taxonomy":"product_cat","embeddable":true,"href":"https:\/\/originshape.com\/es\/wp-json\/wp\/v2\/product_cat?post=4697"},{"taxonomy":"product_tag","embeddable":true,"href":"https:\/\/originshape.com\/es\/wp-json\/wp\/v2\/product_tag?post=4697"}],"curies":[{"name":"wp","href":"https:\/\/api.w.org\/{rel}","templated":true}]}}