{"id":4705,"date":"2022-12-03T02:06:57","date_gmt":"2022-12-03T02:06:57","guid":{"rendered":"https:\/\/originshape.com\/?post_type=product&#038;p=4705"},"modified":"2023-06-10T20:02:45","modified_gmt":"2023-06-10T20:02:45","slug":"iron-infidel","status":"publish","type":"product","link":"https:\/\/originshape.com\/es\/product\/iron-infidel\/","title":{"rendered":"Iron Infidel"},"content":{"rendered":"<h1 id=\"title\" class=\"a-size-large a-spacing-none\"><span id=\"productTitle\" class=\"a-size-large product-title-word-break\">Bandas de asistencia para entrenar, juego de bandas de resistencia para hombres, ejercicio, fitness, fuerza, levantamiento de peso, entrenamiento, levantamiento de pesas, estiramiento, crossfit, ejercicio del d\u00eda<\/span><\/h1>\n<h1 class=\"a-size-base-plus a-text-bold\">Sobre este art\u00edculo<\/h1>\n<ul class=\"a-unordered-list a-vertical a-spacing-mini\">\n<li><span class=\"a-list-item\">5 niveles de resistencia, perfecto para todos los niveles de resistencia. Las bandas de entrenamiento se pueden a\u00f1adir para aumentar tu rendimiento en peso muerto, press de banca, sentadillas, prensa de hombros, as\u00ed como ayudar con el estiramiento y la flexibilidad. Ideal para hombres o mujeres. <\/span><\/li>\n<li><span class=\"a-list-item\">Vers\u00e1til: a\u00f1ade a tu equipo de gimnasio en casa o ll\u00e9valos en tus viajes para un entrenamiento eficiente en la habitaci\u00f3n de hotel. Gana m\u00fasculo, potencia, velocidad y explosividad. Cambia los niveles de resistencia a medida que aumenta tu fuerza. Siempre puedes a\u00f1adir m\u00e1s resistencia o asistencia seg\u00fan tus objetivos. <\/span><\/li>\n<li><span class=\"a-list-item\">Entrenamiento funcional: ya sea entrenando en casa o en el gimnasio, lleva tu programa de levantamiento de peso al siguiente nivel con las bandas de ejercicio, una t\u00e9cnica avanzada de construcci\u00f3n de fuerza. Ideal para asistencia con flexiones o mayor resistencia a todos los levantamientos principales. Finalmente, hay bandas de fitness para aquellos de que no queremos bandas de color p\u00farpura ne\u00f3n. Presentamos nuestros colores t\u00e1cticos. <\/span><\/li>\n<li><span class=\"a-list-item\">Natural y sin olor: hecho de l\u00e1tex 100 % natural inodoro. Extremadamente duradero y hecho para mantener su elasticidad y resistencia. Cuidado con el horrible olor de las marcas que utilizan materiales m\u00e1s baratos.<\/span><\/li>\n<\/ul>","protected":false},"excerpt":{"rendered":"<p>Bandas de asistencia para entrenar, juego de bandas de resistencia para hombres, ejercicio, fitness, fuerza, levantamiento de peso, entrenamiento, levantamiento de pesas, estiramiento, crossfit, ejercicio del d\u00eda Sobre este art\u00edculo 5 niveles de resistencia, perfecto para todos los niveles de resistencia. Las bandas de entrenamiento se pueden a\u00f1adir para aumentar tu rendimiento en peso muerto, [&hellip;]<\/p>","protected":false},"featured_media":6197,"comment_status":"closed","ping_status":"closed","template":"","meta":[],"product_brand":[],"product_cat":[88,87],"product_tag":[],"class_list":{"0":"post-4705","1":"product","2":"type-product","3":"status-publish","4":"has-post-thumbnail","6":"product_cat-accesorios-amaz","7":"product_cat-gym-equipments","9":"first","10":"instock","11":"taxable","12":"shipping-taxable","13":"product-type-external"},"yoast_head":"<!-- This site is optimized with the Yoast SEO plugin v24.0 - https:\/\/yoast.com\/wordpress\/plugins\/seo\/ -->\n<title>Iron Infidel - Origin Shape<\/title>\n<meta name=\"robots\" content=\"index, follow, max-snippet:-1, max-image-preview:large, max-video-preview:-1\" \/>\n<link rel=\"canonical\" href=\"https:\/\/originshape.com\/es\/product\/iron-infidel\/\" \/>\n<meta property=\"og:locale\" content=\"es_ES\" \/>\n<meta property=\"og:type\" content=\"article\" \/>\n<meta property=\"og:title\" content=\"Iron Infidel - Origin Shape\" \/>\n<meta property=\"og:description\" content=\"Bandas de asistencia para entrenar, juego de bandas de resistencia para hombres, ejercicio, fitness, fuerza, levantamiento de peso, entrenamiento, levantamiento de pesas, estiramiento, crossfit, ejercicio del d\u00eda Sobre este art\u00edculo 5 niveles de resistencia, perfecto para todos los niveles de resistencia. Las bandas de entrenamiento se pueden a\u00f1adir para aumentar tu rendimiento en peso muerto, [&hellip;]\" \/>\n<meta property=\"og:url\" content=\"https:\/\/originshape.com\/es\/product\/iron-infidel\/\" \/>\n<meta property=\"og:site_name\" content=\"Origin Shape\" \/>\n<meta property=\"article:modified_time\" content=\"2023-06-10T20:02:45+00:00\" \/>\n<meta property=\"og:image\" content=\"https:\/\/originshape.com\/wp-content\/uploads\/2022\/12\/Bandas-de-cross-1.jpg\" \/>\n\t<meta property=\"og:image:width\" content=\"1500\" \/>\n\t<meta property=\"og:image:height\" content=\"1314\" \/>\n\t<meta property=\"og:image:type\" content=\"image\/jpeg\" \/>\n<meta name=\"twitter:label1\" content=\"Est. reading time\" \/>\n\t<meta name=\"twitter:data1\" content=\"1 minuto\" \/>\n<script type=\"application\/ld+json\" class=\"yoast-schema-graph\">{\"@context\":\"https:\/\/schema.org\",\"@graph\":[{\"@type\":\"WebPage\",\"@id\":\"https:\/\/originshape.com\/product\/iron-infidel\/\",\"url\":\"https:\/\/originshape.com\/product\/iron-infidel\/\",\"name\":\"Iron Infidel - Origin Shape\",\"isPartOf\":{\"@id\":\"https:\/\/originshape.com\/#website\"},\"primaryImageOfPage\":{\"@id\":\"https:\/\/originshape.com\/product\/iron-infidel\/#primaryimage\"},\"image\":{\"@id\":\"https:\/\/originshape.com\/product\/iron-infidel\/#primaryimage\"},\"thumbnailUrl\":\"https:\/\/originshape.com\/wp-content\/uploads\/2022\/12\/Bandas-de-cross-1.jpg\",\"datePublished\":\"2022-12-03T02:06:57+00:00\",\"dateModified\":\"2023-06-10T20:02:45+00:00\",\"breadcrumb\":{\"@id\":\"https:\/\/originshape.com\/product\/iron-infidel\/#breadcrumb\"},\"inLanguage\":\"es-DO\",\"potentialAction\":[{\"@type\":\"ReadAction\",\"target\":[\"https:\/\/originshape.com\/product\/iron-infidel\/\"]}]},{\"@type\":\"ImageObject\",\"inLanguage\":\"es-DO\",\"@id\":\"https:\/\/originshape.com\/product\/iron-infidel\/#primaryimage\",\"url\":\"https:\/\/originshape.com\/wp-content\/uploads\/2022\/12\/Bandas-de-cross-1.jpg\",\"contentUrl\":\"https:\/\/originshape.com\/wp-content\/uploads\/2022\/12\/Bandas-de-cross-1.jpg\",\"width\":1500,\"height\":1314},{\"@type\":\"BreadcrumbList\",\"@id\":\"https:\/\/originshape.com\/product\/iron-infidel\/#breadcrumb\",\"itemListElement\":[{\"@type\":\"ListItem\",\"position\":1,\"name\":\"Home\",\"item\":\"https:\/\/originshape.com\/\"},{\"@type\":\"ListItem\",\"position\":2,\"name\":\"Store clothes\",\"item\":\"https:\/\/originshape.com\/store-2\/\"},{\"@type\":\"ListItem\",\"position\":3,\"name\":\"Iron Infidel\"}]},{\"@type\":\"WebSite\",\"@id\":\"https:\/\/originshape.com\/#website\",\"url\":\"https:\/\/originshape.com\/\",\"name\":\"Origin Shape\",\"description\":\"Nutrition and Fitness\",\"publisher\":{\"@id\":\"https:\/\/originshape.com\/#organization\"},\"potentialAction\":[{\"@type\":\"SearchAction\",\"target\":{\"@type\":\"EntryPoint\",\"urlTemplate\":\"https:\/\/originshape.com\/?s={search_term_string}\"},\"query-input\":{\"@type\":\"PropertyValueSpecification\",\"valueRequired\":true,\"valueName\":\"search_term_string\"}}],\"inLanguage\":\"es-DO\"},{\"@type\":\"Organization\",\"@id\":\"https:\/\/originshape.com\/#organization\",\"name\":\"Origin Shape\",\"url\":\"https:\/\/originshape.com\/\",\"logo\":{\"@type\":\"ImageObject\",\"inLanguage\":\"es-DO\",\"@id\":\"https:\/\/originshape.com\/#\/schema\/logo\/image\/\",\"url\":\"https:\/\/originshape.com\/wp-content\/uploads\/2022\/12\/39C56CFB-F744-41B1-9128-E6E7FF57EA6D.png\",\"contentUrl\":\"https:\/\/originshape.com\/wp-content\/uploads\/2022\/12\/39C56CFB-F744-41B1-9128-E6E7FF57EA6D.png\",\"width\":512,\"height\":512,\"caption\":\"Origin Shape\"},\"image\":{\"@id\":\"https:\/\/originshape.com\/#\/schema\/logo\/image\/\"}}]}<\/script>\n<!-- \/ Yoast SEO plugin. -->","yoast_head_json":{"title":"Iron Infidel - Origin Shape","robots":{"index":"index","follow":"follow","max-snippet":"max-snippet:-1","max-image-preview":"max-image-preview:large","max-video-preview":"max-video-preview:-1"},"canonical":"https:\/\/originshape.com\/es\/product\/iron-infidel\/","og_locale":"es_ES","og_type":"article","og_title":"Iron Infidel - Origin Shape","og_description":"Bandas de asistencia para entrenar, juego de bandas de resistencia para hombres, ejercicio, fitness, fuerza, levantamiento de peso, entrenamiento, levantamiento de pesas, estiramiento, crossfit, ejercicio del d\u00eda Sobre este art\u00edculo 5 niveles de resistencia, perfecto para todos los niveles de resistencia. Las bandas de entrenamiento se pueden a\u00f1adir para aumentar tu rendimiento en peso muerto, [&hellip;]","og_url":"https:\/\/originshape.com\/es\/product\/iron-infidel\/","og_site_name":"Origin Shape","article_modified_time":"2023-06-10T20:02:45+00:00","og_image":[{"width":1500,"height":1314,"url":"https:\/\/originshape.com\/wp-content\/uploads\/2022\/12\/Bandas-de-cross-1.jpg","type":"image\/jpeg"}],"twitter_misc":{"Est. reading time":"1 minuto"},"schema":{"@context":"https:\/\/schema.org","@graph":[{"@type":"WebPage","@id":"https:\/\/originshape.com\/product\/iron-infidel\/","url":"https:\/\/originshape.com\/product\/iron-infidel\/","name":"Iron Infidel - Origin Shape","isPartOf":{"@id":"https:\/\/originshape.com\/#website"},"primaryImageOfPage":{"@id":"https:\/\/originshape.com\/product\/iron-infidel\/#primaryimage"},"image":{"@id":"https:\/\/originshape.com\/product\/iron-infidel\/#primaryimage"},"thumbnailUrl":"https:\/\/originshape.com\/wp-content\/uploads\/2022\/12\/Bandas-de-cross-1.jpg","datePublished":"2022-12-03T02:06:57+00:00","dateModified":"2023-06-10T20:02:45+00:00","breadcrumb":{"@id":"https:\/\/originshape.com\/product\/iron-infidel\/#breadcrumb"},"inLanguage":"es-DO","potentialAction":[{"@type":"ReadAction","target":["https:\/\/originshape.com\/product\/iron-infidel\/"]}]},{"@type":"ImageObject","inLanguage":"es-DO","@id":"https:\/\/originshape.com\/product\/iron-infidel\/#primaryimage","url":"https:\/\/originshape.com\/wp-content\/uploads\/2022\/12\/Bandas-de-cross-1.jpg","contentUrl":"https:\/\/originshape.com\/wp-content\/uploads\/2022\/12\/Bandas-de-cross-1.jpg","width":1500,"height":1314},{"@type":"BreadcrumbList","@id":"https:\/\/originshape.com\/product\/iron-infidel\/#breadcrumb","itemListElement":[{"@type":"ListItem","position":1,"name":"Home","item":"https:\/\/originshape.com\/"},{"@type":"ListItem","position":2,"name":"Store clothes","item":"https:\/\/originshape.com\/store-2\/"},{"@type":"ListItem","position":3,"name":"Iron Infidel"}]},{"@type":"WebSite","@id":"https:\/\/originshape.com\/#website","url":"https:\/\/originshape.com\/","name":"Origin Shape","description":"Nutrition and Fitness","publisher":{"@id":"https:\/\/originshape.com\/#organization"},"potentialAction":[{"@type":"SearchAction","target":{"@type":"EntryPoint","urlTemplate":"https:\/\/originshape.com\/?s={search_term_string}"},"query-input":{"@type":"PropertyValueSpecification","valueRequired":true,"valueName":"search_term_string"}}],"inLanguage":"es-DO"},{"@type":"Organization","@id":"https:\/\/originshape.com\/#organization","name":"Origin Shape","url":"https:\/\/originshape.com\/","logo":{"@type":"ImageObject","inLanguage":"es-DO","@id":"https:\/\/originshape.com\/#\/schema\/logo\/image\/","url":"https:\/\/originshape.com\/wp-content\/uploads\/2022\/12\/39C56CFB-F744-41B1-9128-E6E7FF57EA6D.png","contentUrl":"https:\/\/originshape.com\/wp-content\/uploads\/2022\/12\/39C56CFB-F744-41B1-9128-E6E7FF57EA6D.png","width":512,"height":512,"caption":"Origin Shape"},"image":{"@id":"https:\/\/originshape.com\/#\/schema\/logo\/image\/"}}]}},"jetpack_sharing_enabled":true,"_links":{"self":[{"href":"https:\/\/originshape.com\/es\/wp-json\/wp\/v2\/product\/4705","targetHints":{"allow":["GET"]}}],"collection":[{"href":"https:\/\/originshape.com\/es\/wp-json\/wp\/v2\/product"}],"about":[{"href":"https:\/\/originshape.com\/es\/wp-json\/wp\/v2\/types\/product"}],"replies":[{"embeddable":true,"href":"https:\/\/originshape.com\/es\/wp-json\/wp\/v2\/comments?post=4705"}],"wp:featuredmedia":[{"embeddable":true,"href":"https:\/\/originshape.com\/es\/wp-json\/wp\/v2\/media\/6197"}],"wp:attachment":[{"href":"https:\/\/originshape.com\/es\/wp-json\/wp\/v2\/media?parent=4705"}],"wp:term":[{"taxonomy":"product_brand","embeddable":true,"href":"https:\/\/originshape.com\/es\/wp-json\/wp\/v2\/product_brand?post=4705"},{"taxonomy":"product_cat","embeddable":true,"href":"https:\/\/originshape.com\/es\/wp-json\/wp\/v2\/product_cat?post=4705"},{"taxonomy":"product_tag","embeddable":true,"href":"https:\/\/originshape.com\/es\/wp-json\/wp\/v2\/product_tag?post=4705"}],"curies":[{"name":"wp","href":"https:\/\/api.w.org\/{rel}","templated":true}]}}