{"id":4708,"date":"2022-12-03T02:20:27","date_gmt":"2022-12-03T02:20:27","guid":{"rendered":"https:\/\/originshape.com\/?post_type=product&#038;p=4708"},"modified":"2023-06-10T20:08:18","modified_gmt":"2023-06-10T20:08:18","slug":"mancuernas-bowflex-selecttech","status":"publish","type":"product","link":"https:\/\/originshape.com\/es\/product\/mancuernas-bowflex-selecttech\/","title":{"rendered":"Mancuernas Bowflex SelectTech"},"content":{"rendered":"<ul class=\"a-unordered-list a-vertical a-spacing-mini\">\n<li><span class=\"a-list-item\">El paquete incluye soporte de mancuernas ajustables (1\u00a0par) y mancuernas Bowflex SelectTech 552\u00a0(MY17). <\/span><\/li>\n<li><span class=\"a-list-item\">Cada mancuerna se ajusta de 5\u00a0a 52.5\u00a0libras; se ajusta en intervalos de 2.5 libras hasta llegar a las primeras 25\u00a0libras. <\/span><\/li>\n<li><span class=\"a-list-item\">El soporte tiene una estanter\u00eda con material de agarre de tefl\u00f3n para asegurar que tu smartphone o tablet se mantiene en su lugar. <\/span><\/li>\n<li><span class=\"a-list-item\">El art\u00edculo puede enviarse en m\u00e1s de una caja y puede llegar por separado.<\/span><\/li>\n<\/ul>","protected":false},"excerpt":{"rendered":"<ul class=\"a-unordered-list a-vertical a-spacing-mini\">\n<li><span class=\"a-list-item\">El paquete incluye soporte de mancuernas ajustables (1\u00a0par) y mancuernas Bowflex SelectTech 552\u00a0(MY17). <\/span><\/li>\n<li><span class=\"a-list-item\">Cada mancuerna se ajusta de 5\u00a0a 52.5\u00a0libras; se ajusta en intervalos de 2.5 libras hasta llegar a las primeras 25\u00a0libras. <\/span><\/li>\n<li><span class=\"a-list-item\">El soporte tiene una estanter\u00eda con material de agarre de tefl\u00f3n para asegurar que tu smartphone o tablet se mantiene en su lugar. <\/span><\/li>\n<li><span class=\"a-list-item\">El art\u00edculo puede enviarse en m\u00e1s de una caja y puede llegar por separado.<\/span><\/li>\n<\/ul>","protected":false},"featured_media":6208,"comment_status":"closed","ping_status":"closed","template":"","meta":[],"product_brand":[],"product_cat":[87,89],"product_tag":[],"class_list":{"0":"post-4708","1":"product","2":"type-product","3":"status-publish","4":"has-post-thumbnail","6":"product_cat-gym-equipments","7":"product_cat-mancuernas","9":"first","10":"instock","11":"taxable","12":"shipping-taxable","13":"product-type-external"},"yoast_head":"<!-- This site is optimized with the Yoast SEO plugin v24.0 - https:\/\/yoast.com\/wordpress\/plugins\/seo\/ -->\n<title>Mancuernas Bowflex SelectTech - Origin Shape<\/title>\n<meta name=\"robots\" content=\"index, follow, max-snippet:-1, max-image-preview:large, max-video-preview:-1\" \/>\n<link rel=\"canonical\" href=\"https:\/\/originshape.com\/es\/product\/mancuernas-bowflex-selecttech\/\" \/>\n<meta property=\"og:locale\" content=\"es_ES\" \/>\n<meta property=\"og:type\" content=\"article\" \/>\n<meta property=\"og:title\" content=\"Mancuernas Bowflex SelectTech - Origin Shape\" \/>\n<meta property=\"og:description\" content=\"El paquete incluye soporte de mancuernas ajustables (1\u00a0par) y mancuernas Bowflex SelectTech 552\u00a0(MY17).   Cada mancuerna se ajusta de 5\u00a0a 52.5\u00a0libras; se ajusta en intervalos de 2.5 libras hasta llegar a las primeras 25\u00a0libras.   El soporte tiene una estanter\u00eda con material de agarre de tefl\u00f3n para asegurar que tu smartphone o tablet se mantiene en su lugar.   El art\u00edculo puede enviarse en m\u00e1s de una caja y puede llegar por separado.\" \/>\n<meta property=\"og:url\" content=\"https:\/\/originshape.com\/es\/product\/mancuernas-bowflex-selecttech\/\" \/>\n<meta property=\"og:site_name\" content=\"Origin Shape\" \/>\n<meta property=\"article:modified_time\" content=\"2023-06-10T20:08:18+00:00\" \/>\n<meta property=\"og:image\" content=\"https:\/\/originshape.com\/wp-content\/uploads\/2022\/12\/mancuernas-con-rack-1.jpg\" \/>\n\t<meta property=\"og:image:width\" content=\"1314\" \/>\n\t<meta property=\"og:image:height\" content=\"1500\" \/>\n\t<meta property=\"og:image:type\" content=\"image\/jpeg\" \/>\n<meta name=\"twitter:label1\" content=\"Est. reading time\" \/>\n\t<meta name=\"twitter:data1\" content=\"1 minuto\" \/>\n<script type=\"application\/ld+json\" class=\"yoast-schema-graph\">{\"@context\":\"https:\/\/schema.org\",\"@graph\":[{\"@type\":\"WebPage\",\"@id\":\"https:\/\/originshape.com\/product\/mancuernas-bowflex-selecttech\/\",\"url\":\"https:\/\/originshape.com\/product\/mancuernas-bowflex-selecttech\/\",\"name\":\"Mancuernas Bowflex SelectTech - Origin Shape\",\"isPartOf\":{\"@id\":\"https:\/\/originshape.com\/#website\"},\"primaryImageOfPage\":{\"@id\":\"https:\/\/originshape.com\/product\/mancuernas-bowflex-selecttech\/#primaryimage\"},\"image\":{\"@id\":\"https:\/\/originshape.com\/product\/mancuernas-bowflex-selecttech\/#primaryimage\"},\"thumbnailUrl\":\"https:\/\/originshape.com\/wp-content\/uploads\/2022\/12\/mancuernas-con-rack-1.jpg\",\"datePublished\":\"2022-12-03T02:20:27+00:00\",\"dateModified\":\"2023-06-10T20:08:18+00:00\",\"breadcrumb\":{\"@id\":\"https:\/\/originshape.com\/product\/mancuernas-bowflex-selecttech\/#breadcrumb\"},\"inLanguage\":\"es-DO\",\"potentialAction\":[{\"@type\":\"ReadAction\",\"target\":[\"https:\/\/originshape.com\/product\/mancuernas-bowflex-selecttech\/\"]}]},{\"@type\":\"ImageObject\",\"inLanguage\":\"es-DO\",\"@id\":\"https:\/\/originshape.com\/product\/mancuernas-bowflex-selecttech\/#primaryimage\",\"url\":\"https:\/\/originshape.com\/wp-content\/uploads\/2022\/12\/mancuernas-con-rack-1.jpg\",\"contentUrl\":\"https:\/\/originshape.com\/wp-content\/uploads\/2022\/12\/mancuernas-con-rack-1.jpg\",\"width\":1314,\"height\":1500},{\"@type\":\"BreadcrumbList\",\"@id\":\"https:\/\/originshape.com\/product\/mancuernas-bowflex-selecttech\/#breadcrumb\",\"itemListElement\":[{\"@type\":\"ListItem\",\"position\":1,\"name\":\"Home\",\"item\":\"https:\/\/originshape.com\/\"},{\"@type\":\"ListItem\",\"position\":2,\"name\":\"Store clothes\",\"item\":\"https:\/\/originshape.com\/store-2\/\"},{\"@type\":\"ListItem\",\"position\":3,\"name\":\"Mancuernas Bowflex SelectTech\"}]},{\"@type\":\"WebSite\",\"@id\":\"https:\/\/originshape.com\/#website\",\"url\":\"https:\/\/originshape.com\/\",\"name\":\"Origin Shape\",\"description\":\"Nutrition and Fitness\",\"publisher\":{\"@id\":\"https:\/\/originshape.com\/#organization\"},\"potentialAction\":[{\"@type\":\"SearchAction\",\"target\":{\"@type\":\"EntryPoint\",\"urlTemplate\":\"https:\/\/originshape.com\/?s={search_term_string}\"},\"query-input\":{\"@type\":\"PropertyValueSpecification\",\"valueRequired\":true,\"valueName\":\"search_term_string\"}}],\"inLanguage\":\"es-DO\"},{\"@type\":\"Organization\",\"@id\":\"https:\/\/originshape.com\/#organization\",\"name\":\"Origin Shape\",\"url\":\"https:\/\/originshape.com\/\",\"logo\":{\"@type\":\"ImageObject\",\"inLanguage\":\"es-DO\",\"@id\":\"https:\/\/originshape.com\/#\/schema\/logo\/image\/\",\"url\":\"https:\/\/originshape.com\/wp-content\/uploads\/2022\/12\/39C56CFB-F744-41B1-9128-E6E7FF57EA6D.png\",\"contentUrl\":\"https:\/\/originshape.com\/wp-content\/uploads\/2022\/12\/39C56CFB-F744-41B1-9128-E6E7FF57EA6D.png\",\"width\":512,\"height\":512,\"caption\":\"Origin Shape\"},\"image\":{\"@id\":\"https:\/\/originshape.com\/#\/schema\/logo\/image\/\"}}]}<\/script>\n<!-- \/ Yoast SEO plugin. -->","yoast_head_json":{"title":"Mancuernas Bowflex SelectTech - Origin Shape","robots":{"index":"index","follow":"follow","max-snippet":"max-snippet:-1","max-image-preview":"max-image-preview:large","max-video-preview":"max-video-preview:-1"},"canonical":"https:\/\/originshape.com\/es\/product\/mancuernas-bowflex-selecttech\/","og_locale":"es_ES","og_type":"article","og_title":"Mancuernas Bowflex SelectTech - Origin Shape","og_description":"El paquete incluye soporte de mancuernas ajustables (1\u00a0par) y mancuernas Bowflex SelectTech 552\u00a0(MY17).   Cada mancuerna se ajusta de 5\u00a0a 52.5\u00a0libras; se ajusta en intervalos de 2.5 libras hasta llegar a las primeras 25\u00a0libras.   El soporte tiene una estanter\u00eda con material de agarre de tefl\u00f3n para asegurar que tu smartphone o tablet se mantiene en su lugar.   El art\u00edculo puede enviarse en m\u00e1s de una caja y puede llegar por separado.","og_url":"https:\/\/originshape.com\/es\/product\/mancuernas-bowflex-selecttech\/","og_site_name":"Origin Shape","article_modified_time":"2023-06-10T20:08:18+00:00","og_image":[{"width":1314,"height":1500,"url":"https:\/\/originshape.com\/wp-content\/uploads\/2022\/12\/mancuernas-con-rack-1.jpg","type":"image\/jpeg"}],"twitter_misc":{"Est. reading time":"1 minuto"},"schema":{"@context":"https:\/\/schema.org","@graph":[{"@type":"WebPage","@id":"https:\/\/originshape.com\/product\/mancuernas-bowflex-selecttech\/","url":"https:\/\/originshape.com\/product\/mancuernas-bowflex-selecttech\/","name":"Mancuernas Bowflex SelectTech - Origin Shape","isPartOf":{"@id":"https:\/\/originshape.com\/#website"},"primaryImageOfPage":{"@id":"https:\/\/originshape.com\/product\/mancuernas-bowflex-selecttech\/#primaryimage"},"image":{"@id":"https:\/\/originshape.com\/product\/mancuernas-bowflex-selecttech\/#primaryimage"},"thumbnailUrl":"https:\/\/originshape.com\/wp-content\/uploads\/2022\/12\/mancuernas-con-rack-1.jpg","datePublished":"2022-12-03T02:20:27+00:00","dateModified":"2023-06-10T20:08:18+00:00","breadcrumb":{"@id":"https:\/\/originshape.com\/product\/mancuernas-bowflex-selecttech\/#breadcrumb"},"inLanguage":"es-DO","potentialAction":[{"@type":"ReadAction","target":["https:\/\/originshape.com\/product\/mancuernas-bowflex-selecttech\/"]}]},{"@type":"ImageObject","inLanguage":"es-DO","@id":"https:\/\/originshape.com\/product\/mancuernas-bowflex-selecttech\/#primaryimage","url":"https:\/\/originshape.com\/wp-content\/uploads\/2022\/12\/mancuernas-con-rack-1.jpg","contentUrl":"https:\/\/originshape.com\/wp-content\/uploads\/2022\/12\/mancuernas-con-rack-1.jpg","width":1314,"height":1500},{"@type":"BreadcrumbList","@id":"https:\/\/originshape.com\/product\/mancuernas-bowflex-selecttech\/#breadcrumb","itemListElement":[{"@type":"ListItem","position":1,"name":"Home","item":"https:\/\/originshape.com\/"},{"@type":"ListItem","position":2,"name":"Store clothes","item":"https:\/\/originshape.com\/store-2\/"},{"@type":"ListItem","position":3,"name":"Mancuernas Bowflex SelectTech"}]},{"@type":"WebSite","@id":"https:\/\/originshape.com\/#website","url":"https:\/\/originshape.com\/","name":"Origin Shape","description":"Nutrition and Fitness","publisher":{"@id":"https:\/\/originshape.com\/#organization"},"potentialAction":[{"@type":"SearchAction","target":{"@type":"EntryPoint","urlTemplate":"https:\/\/originshape.com\/?s={search_term_string}"},"query-input":{"@type":"PropertyValueSpecification","valueRequired":true,"valueName":"search_term_string"}}],"inLanguage":"es-DO"},{"@type":"Organization","@id":"https:\/\/originshape.com\/#organization","name":"Origin Shape","url":"https:\/\/originshape.com\/","logo":{"@type":"ImageObject","inLanguage":"es-DO","@id":"https:\/\/originshape.com\/#\/schema\/logo\/image\/","url":"https:\/\/originshape.com\/wp-content\/uploads\/2022\/12\/39C56CFB-F744-41B1-9128-E6E7FF57EA6D.png","contentUrl":"https:\/\/originshape.com\/wp-content\/uploads\/2022\/12\/39C56CFB-F744-41B1-9128-E6E7FF57EA6D.png","width":512,"height":512,"caption":"Origin Shape"},"image":{"@id":"https:\/\/originshape.com\/#\/schema\/logo\/image\/"}}]}},"jetpack_sharing_enabled":true,"_links":{"self":[{"href":"https:\/\/originshape.com\/es\/wp-json\/wp\/v2\/product\/4708","targetHints":{"allow":["GET"]}}],"collection":[{"href":"https:\/\/originshape.com\/es\/wp-json\/wp\/v2\/product"}],"about":[{"href":"https:\/\/originshape.com\/es\/wp-json\/wp\/v2\/types\/product"}],"replies":[{"embeddable":true,"href":"https:\/\/originshape.com\/es\/wp-json\/wp\/v2\/comments?post=4708"}],"wp:featuredmedia":[{"embeddable":true,"href":"https:\/\/originshape.com\/es\/wp-json\/wp\/v2\/media\/6208"}],"wp:attachment":[{"href":"https:\/\/originshape.com\/es\/wp-json\/wp\/v2\/media?parent=4708"}],"wp:term":[{"taxonomy":"product_brand","embeddable":true,"href":"https:\/\/originshape.com\/es\/wp-json\/wp\/v2\/product_brand?post=4708"},{"taxonomy":"product_cat","embeddable":true,"href":"https:\/\/originshape.com\/es\/wp-json\/wp\/v2\/product_cat?post=4708"},{"taxonomy":"product_tag","embeddable":true,"href":"https:\/\/originshape.com\/es\/wp-json\/wp\/v2\/product_tag?post=4708"}],"curies":[{"name":"wp","href":"https:\/\/api.w.org\/{rel}","templated":true}]}}