{"id":4714,"date":"2022-12-03T02:36:41","date_gmt":"2022-12-03T02:36:41","guid":{"rendered":"https:\/\/originshape.com\/?post_type=product&#038;p=4714"},"modified":"2023-06-10T19:34:06","modified_gmt":"2023-06-10T19:34:06","slug":"estante-de-almacenamiento-de-gimnasio-en-casa","status":"publish","type":"product","link":"https:\/\/originshape.com\/es\/product\/estante-de-almacenamiento-de-gimnasio-en-casa\/","title":{"rendered":"Estante de almacenamiento de gimnasio en casa"},"content":{"rendered":"<ul class=\"a-unordered-list a-vertical a-spacing-mini\">\n<li><span class=\"a-list-item\">Estante de almacenamiento de alta calidad: el estante para esterillas de yoga est\u00e1 hecho con metal de acabado con recubrimiento en polvo de alta calidad, no se oxida ni corroe f\u00e1cilmente, toda la construcci\u00f3n es resistente y duradera que se puede utilizar durante a\u00f1os. Y es adecuado para muchas ocasiones, como gimnasio, gimnasio en casa, club de fitness y garaje. <\/span><\/li>\n<li><span class=\"a-list-item\">Almacenamiento de varios art\u00edculos: este organizador de almacenamiento de entrenamiento puede ayudar a almacenar tu esterilla de yoga, rodillo de espuma, pelota de yoga, bloque de yoga, mancuernas, pesas rusas, banda de resistencia, etc. Adecuado para estudio de yoga, gimnasios en casa, clubes de gimnasio, s\u00f3tanos, garajes y al aire libre. <\/span><\/li>\n<li><span class=\"a-list-item\">Organizador de almacenamiento de gran capacidad: el estante de almacenamiento tiene 3 capas de malla de metal, 1 cesta colgante lateral, 1 marco colgante lateral, soporte de hierro rojo de 3 secciones y 4 ganchos negros para colgar, el tama\u00f1o total de este almacenamiento de gimnasio es de 25.78 x 15.94 x 37 pulgadas (dimensiones despu\u00e9s del montaje) que puede almacenar varios equipos de yoga y equipos de ejercicio. <\/span><\/li>\n<li><span class=\"a-list-item\">Ruedas universales de 360 grados: el estante de almacenamiento para equipos de entrenamiento cuenta con 4 ruedas fuertes (2 bloqueables) para una f\u00e1cil movilidad. Puede organizar tu equipo de entrenamiento en el gimnasio en casa, garaje, sala de estar y cualquier lugar que desees, haciendo tu vida m\u00e1s f\u00e1cil. <\/span><\/li>\n<li><span class=\"a-list-item\">F\u00e1cil de montar: el almacenamiento de equipos de gimnasio en casa viene con un manual de montaje (idioma espa\u00f1ol no garantizado). Con la ayuda de instrucciones (idioma espa\u00f1ol no garantizado), puedes instalar f\u00e1cilmente toda la unidad. Si tienes alguna pregunta, ponte en contacto con nosotros, tenemos el equipo de servicio posventa perfecto para resolver tus problemas para ti.<\/span><\/li>\n<\/ul>","protected":false},"excerpt":{"rendered":"<p>Estante de almacenamiento de alta calidad: el estante para esterillas de yoga est\u00e1 hecho con metal de acabado con recubrimiento en polvo de alta calidad, no se oxida ni corroe f\u00e1cilmente, toda la construcci\u00f3n es resistente y duradera que se puede utilizar durante a\u00f1os. Y es adecuado para muchas ocasiones, como gimnasio, gimnasio en casa, [&hellip;]<\/p>","protected":false},"featured_media":6205,"comment_status":"closed","ping_status":"closed","template":"","meta":[],"product_brand":[],"product_cat":[88,87],"product_tag":[],"class_list":{"0":"post-4714","1":"product","2":"type-product","3":"status-publish","4":"has-post-thumbnail","6":"product_cat-accesorios-amaz","7":"product_cat-gym-equipments","9":"first","10":"instock","11":"taxable","12":"shipping-taxable","13":"product-type-external"},"yoast_head":"<!-- This site is optimized with the Yoast SEO plugin v24.0 - https:\/\/yoast.com\/wordpress\/plugins\/seo\/ -->\n<title>Estante de almacenamiento de gimnasio en casa - Origin Shape<\/title>\n<meta name=\"robots\" content=\"index, follow, max-snippet:-1, max-image-preview:large, max-video-preview:-1\" \/>\n<link rel=\"canonical\" href=\"https:\/\/originshape.com\/es\/product\/estante-de-almacenamiento-de-gimnasio-en-casa\/\" \/>\n<meta property=\"og:locale\" content=\"es_ES\" \/>\n<meta property=\"og:type\" content=\"article\" \/>\n<meta property=\"og:title\" content=\"Estante de almacenamiento de gimnasio en casa - Origin Shape\" \/>\n<meta property=\"og:description\" content=\"Estante de almacenamiento de alta calidad: el estante para esterillas de yoga est\u00e1 hecho con metal de acabado con recubrimiento en polvo de alta calidad, no se oxida ni corroe f\u00e1cilmente, toda la construcci\u00f3n es resistente y duradera que se puede utilizar durante a\u00f1os. Y es adecuado para muchas ocasiones, como gimnasio, gimnasio en casa, [&hellip;]\" \/>\n<meta property=\"og:url\" content=\"https:\/\/originshape.com\/es\/product\/estante-de-almacenamiento-de-gimnasio-en-casa\/\" \/>\n<meta property=\"og:site_name\" content=\"Origin Shape\" \/>\n<meta property=\"article:modified_time\" content=\"2023-06-10T19:34:06+00:00\" \/>\n<meta property=\"og:image\" content=\"https:\/\/originshape.com\/wp-content\/uploads\/2022\/12\/Estante-de-almacenamiento-1.jpg\" \/>\n\t<meta property=\"og:image:width\" content=\"1268\" \/>\n\t<meta property=\"og:image:height\" content=\"1500\" \/>\n\t<meta property=\"og:image:type\" content=\"image\/jpeg\" \/>\n<meta name=\"twitter:label1\" content=\"Est. reading time\" \/>\n\t<meta name=\"twitter:data1\" content=\"2 minutos\" \/>\n<script type=\"application\/ld+json\" class=\"yoast-schema-graph\">{\"@context\":\"https:\/\/schema.org\",\"@graph\":[{\"@type\":\"WebPage\",\"@id\":\"https:\/\/originshape.com\/product\/estante-de-almacenamiento-de-gimnasio-en-casa\/\",\"url\":\"https:\/\/originshape.com\/product\/estante-de-almacenamiento-de-gimnasio-en-casa\/\",\"name\":\"Estante de almacenamiento de gimnasio en casa - Origin Shape\",\"isPartOf\":{\"@id\":\"https:\/\/originshape.com\/#website\"},\"primaryImageOfPage\":{\"@id\":\"https:\/\/originshape.com\/product\/estante-de-almacenamiento-de-gimnasio-en-casa\/#primaryimage\"},\"image\":{\"@id\":\"https:\/\/originshape.com\/product\/estante-de-almacenamiento-de-gimnasio-en-casa\/#primaryimage\"},\"thumbnailUrl\":\"https:\/\/originshape.com\/wp-content\/uploads\/2022\/12\/Estante-de-almacenamiento-1.jpg\",\"datePublished\":\"2022-12-03T02:36:41+00:00\",\"dateModified\":\"2023-06-10T19:34:06+00:00\",\"breadcrumb\":{\"@id\":\"https:\/\/originshape.com\/product\/estante-de-almacenamiento-de-gimnasio-en-casa\/#breadcrumb\"},\"inLanguage\":\"es-DO\",\"potentialAction\":[{\"@type\":\"ReadAction\",\"target\":[\"https:\/\/originshape.com\/product\/estante-de-almacenamiento-de-gimnasio-en-casa\/\"]}]},{\"@type\":\"ImageObject\",\"inLanguage\":\"es-DO\",\"@id\":\"https:\/\/originshape.com\/product\/estante-de-almacenamiento-de-gimnasio-en-casa\/#primaryimage\",\"url\":\"https:\/\/originshape.com\/wp-content\/uploads\/2022\/12\/Estante-de-almacenamiento-1.jpg\",\"contentUrl\":\"https:\/\/originshape.com\/wp-content\/uploads\/2022\/12\/Estante-de-almacenamiento-1.jpg\",\"width\":1268,\"height\":1500},{\"@type\":\"BreadcrumbList\",\"@id\":\"https:\/\/originshape.com\/product\/estante-de-almacenamiento-de-gimnasio-en-casa\/#breadcrumb\",\"itemListElement\":[{\"@type\":\"ListItem\",\"position\":1,\"name\":\"Home\",\"item\":\"https:\/\/originshape.com\/\"},{\"@type\":\"ListItem\",\"position\":2,\"name\":\"Store clothes\",\"item\":\"https:\/\/originshape.com\/store-2\/\"},{\"@type\":\"ListItem\",\"position\":3,\"name\":\"Estante de almacenamiento de gimnasio en casa\"}]},{\"@type\":\"WebSite\",\"@id\":\"https:\/\/originshape.com\/#website\",\"url\":\"https:\/\/originshape.com\/\",\"name\":\"Origin Shape\",\"description\":\"Nutrition and Fitness\",\"publisher\":{\"@id\":\"https:\/\/originshape.com\/#organization\"},\"potentialAction\":[{\"@type\":\"SearchAction\",\"target\":{\"@type\":\"EntryPoint\",\"urlTemplate\":\"https:\/\/originshape.com\/?s={search_term_string}\"},\"query-input\":{\"@type\":\"PropertyValueSpecification\",\"valueRequired\":true,\"valueName\":\"search_term_string\"}}],\"inLanguage\":\"es-DO\"},{\"@type\":\"Organization\",\"@id\":\"https:\/\/originshape.com\/#organization\",\"name\":\"Origin Shape\",\"url\":\"https:\/\/originshape.com\/\",\"logo\":{\"@type\":\"ImageObject\",\"inLanguage\":\"es-DO\",\"@id\":\"https:\/\/originshape.com\/#\/schema\/logo\/image\/\",\"url\":\"https:\/\/originshape.com\/wp-content\/uploads\/2022\/12\/39C56CFB-F744-41B1-9128-E6E7FF57EA6D.png\",\"contentUrl\":\"https:\/\/originshape.com\/wp-content\/uploads\/2022\/12\/39C56CFB-F744-41B1-9128-E6E7FF57EA6D.png\",\"width\":512,\"height\":512,\"caption\":\"Origin Shape\"},\"image\":{\"@id\":\"https:\/\/originshape.com\/#\/schema\/logo\/image\/\"}}]}<\/script>\n<!-- \/ Yoast SEO plugin. -->","yoast_head_json":{"title":"Estante de almacenamiento de gimnasio en casa - Origin Shape","robots":{"index":"index","follow":"follow","max-snippet":"max-snippet:-1","max-image-preview":"max-image-preview:large","max-video-preview":"max-video-preview:-1"},"canonical":"https:\/\/originshape.com\/es\/product\/estante-de-almacenamiento-de-gimnasio-en-casa\/","og_locale":"es_ES","og_type":"article","og_title":"Estante de almacenamiento de gimnasio en casa - Origin Shape","og_description":"Estante de almacenamiento de alta calidad: el estante para esterillas de yoga est\u00e1 hecho con metal de acabado con recubrimiento en polvo de alta calidad, no se oxida ni corroe f\u00e1cilmente, toda la construcci\u00f3n es resistente y duradera que se puede utilizar durante a\u00f1os. Y es adecuado para muchas ocasiones, como gimnasio, gimnasio en casa, [&hellip;]","og_url":"https:\/\/originshape.com\/es\/product\/estante-de-almacenamiento-de-gimnasio-en-casa\/","og_site_name":"Origin Shape","article_modified_time":"2023-06-10T19:34:06+00:00","og_image":[{"width":1268,"height":1500,"url":"https:\/\/originshape.com\/wp-content\/uploads\/2022\/12\/Estante-de-almacenamiento-1.jpg","type":"image\/jpeg"}],"twitter_misc":{"Est. reading time":"2 minutos"},"schema":{"@context":"https:\/\/schema.org","@graph":[{"@type":"WebPage","@id":"https:\/\/originshape.com\/product\/estante-de-almacenamiento-de-gimnasio-en-casa\/","url":"https:\/\/originshape.com\/product\/estante-de-almacenamiento-de-gimnasio-en-casa\/","name":"Estante de almacenamiento de gimnasio en casa - Origin Shape","isPartOf":{"@id":"https:\/\/originshape.com\/#website"},"primaryImageOfPage":{"@id":"https:\/\/originshape.com\/product\/estante-de-almacenamiento-de-gimnasio-en-casa\/#primaryimage"},"image":{"@id":"https:\/\/originshape.com\/product\/estante-de-almacenamiento-de-gimnasio-en-casa\/#primaryimage"},"thumbnailUrl":"https:\/\/originshape.com\/wp-content\/uploads\/2022\/12\/Estante-de-almacenamiento-1.jpg","datePublished":"2022-12-03T02:36:41+00:00","dateModified":"2023-06-10T19:34:06+00:00","breadcrumb":{"@id":"https:\/\/originshape.com\/product\/estante-de-almacenamiento-de-gimnasio-en-casa\/#breadcrumb"},"inLanguage":"es-DO","potentialAction":[{"@type":"ReadAction","target":["https:\/\/originshape.com\/product\/estante-de-almacenamiento-de-gimnasio-en-casa\/"]}]},{"@type":"ImageObject","inLanguage":"es-DO","@id":"https:\/\/originshape.com\/product\/estante-de-almacenamiento-de-gimnasio-en-casa\/#primaryimage","url":"https:\/\/originshape.com\/wp-content\/uploads\/2022\/12\/Estante-de-almacenamiento-1.jpg","contentUrl":"https:\/\/originshape.com\/wp-content\/uploads\/2022\/12\/Estante-de-almacenamiento-1.jpg","width":1268,"height":1500},{"@type":"BreadcrumbList","@id":"https:\/\/originshape.com\/product\/estante-de-almacenamiento-de-gimnasio-en-casa\/#breadcrumb","itemListElement":[{"@type":"ListItem","position":1,"name":"Home","item":"https:\/\/originshape.com\/"},{"@type":"ListItem","position":2,"name":"Store clothes","item":"https:\/\/originshape.com\/store-2\/"},{"@type":"ListItem","position":3,"name":"Estante de almacenamiento de gimnasio en casa"}]},{"@type":"WebSite","@id":"https:\/\/originshape.com\/#website","url":"https:\/\/originshape.com\/","name":"Origin Shape","description":"Nutrition and Fitness","publisher":{"@id":"https:\/\/originshape.com\/#organization"},"potentialAction":[{"@type":"SearchAction","target":{"@type":"EntryPoint","urlTemplate":"https:\/\/originshape.com\/?s={search_term_string}"},"query-input":{"@type":"PropertyValueSpecification","valueRequired":true,"valueName":"search_term_string"}}],"inLanguage":"es-DO"},{"@type":"Organization","@id":"https:\/\/originshape.com\/#organization","name":"Origin Shape","url":"https:\/\/originshape.com\/","logo":{"@type":"ImageObject","inLanguage":"es-DO","@id":"https:\/\/originshape.com\/#\/schema\/logo\/image\/","url":"https:\/\/originshape.com\/wp-content\/uploads\/2022\/12\/39C56CFB-F744-41B1-9128-E6E7FF57EA6D.png","contentUrl":"https:\/\/originshape.com\/wp-content\/uploads\/2022\/12\/39C56CFB-F744-41B1-9128-E6E7FF57EA6D.png","width":512,"height":512,"caption":"Origin Shape"},"image":{"@id":"https:\/\/originshape.com\/#\/schema\/logo\/image\/"}}]}},"jetpack_sharing_enabled":true,"_links":{"self":[{"href":"https:\/\/originshape.com\/es\/wp-json\/wp\/v2\/product\/4714","targetHints":{"allow":["GET"]}}],"collection":[{"href":"https:\/\/originshape.com\/es\/wp-json\/wp\/v2\/product"}],"about":[{"href":"https:\/\/originshape.com\/es\/wp-json\/wp\/v2\/types\/product"}],"replies":[{"embeddable":true,"href":"https:\/\/originshape.com\/es\/wp-json\/wp\/v2\/comments?post=4714"}],"wp:featuredmedia":[{"embeddable":true,"href":"https:\/\/originshape.com\/es\/wp-json\/wp\/v2\/media\/6205"}],"wp:attachment":[{"href":"https:\/\/originshape.com\/es\/wp-json\/wp\/v2\/media?parent=4714"}],"wp:term":[{"taxonomy":"product_brand","embeddable":true,"href":"https:\/\/originshape.com\/es\/wp-json\/wp\/v2\/product_brand?post=4714"},{"taxonomy":"product_cat","embeddable":true,"href":"https:\/\/originshape.com\/es\/wp-json\/wp\/v2\/product_cat?post=4714"},{"taxonomy":"product_tag","embeddable":true,"href":"https:\/\/originshape.com\/es\/wp-json\/wp\/v2\/product_tag?post=4714"}],"curies":[{"name":"wp","href":"https:\/\/api.w.org\/{rel}","templated":true}]}}