{"id":4734,"date":"2022-12-03T03:51:02","date_gmt":"2022-12-03T03:51:02","guid":{"rendered":"https:\/\/originshape.com\/?post_type=product&#038;p=4734"},"modified":"2023-06-10T20:04:24","modified_gmt":"2023-06-10T20:04:24","slug":"iron-infidel-botella-de-batalla","status":"publish","type":"product","link":"https:\/\/originshape.com\/es\/product\/iron-infidel-botella-de-batalla\/","title":{"rendered":"Iron Infidel Botella de batalla"},"content":{"rendered":"<h3 id=\"title\" class=\"a-size-large a-spacing-none\"><span id=\"productTitle\" class=\"a-size-large product-title-word-break\"> Botella de agua aislada de medio gal\u00f3n con mango de paraca\u00eddas, jarra grande de agua de acero inoxidable de 64 onzas con funda robusta y extra\u00edble para llaves, cartera y tel\u00e9fono (camuflaje de 2 litros)<\/span><\/h3>\n<h1 class=\"a-size-base-plus a-text-bold\">Sobre este art\u00edculo<\/h1>\n<ul class=\"a-unordered-list a-vertical a-spacing-mini\">\n<li><span class=\"a-list-item\">Acero inoxidable de doble pared y aislamiento al vac\u00edo: la capacidad de 2 litros te mantendr\u00e1 hidratado durante largos d\u00edas de trabajo o entrenamientos de castigo, y el aislamiento de doble pared mantendr\u00e1 tu agua fr\u00eda durante todo el d\u00eda. <\/span><\/li>\n<li><span class=\"a-list-item\">Funda extra\u00edble: hecha de telas de grado militar resistentes a desgarros y desgarros. La funda de nailon es extra\u00edble, lavable y tiene dos bolsas de utilidad para tu tel\u00e9fono celular, cartera, llaves y otras pertenencias, y un asa de transporte extra\u00edble de cuerda de paraca\u00eddas. Las fundas se pueden intercambiar entre todas las botellas Iron Infidel de 2 litros. <\/span><\/li>\n<li><span class=\"a-list-item\">Duradero y resistente: nueva tapa resistente a la rotura ahora incluida con todas las botellas. Hecho de acero inoxidable de doble pared de alta calidad y telas de grado militar, lo que hace de esta una pieza necesaria de tu equipo y equipo para senderismo, camping, caza, trabajo o el gimnasio. <\/span><\/li>\n<li><span class=\"a-list-item\">Dise\u00f1o pendiente de patente: este dise\u00f1o \u00fanico y original es el \u00fanico de su tipo. Iron Infidel cre\u00f3 y patent\u00f3 este dise\u00f1o original pensando en nuestros militares, fuerzas del orden, primeros auxilios y patriotas trabajadores. Estos hombres y mujeres ponen en largos d\u00edas duros y una peque\u00f1a botella de agua simplemente no la cortar\u00e1. Mantente hidratado durante los d\u00edas m\u00e1s dif\u00edciles, y tambi\u00e9n puedes hacerlo con una botella que se ve genial. Agarra el reemplazo del siglo XXI de tu antigua cantina militar. <\/span><\/li>\n<li><span class=\"a-list-item\">Garant\u00eda de 2 a\u00f1os &#8211; Garant\u00eda del fabricante sin preguntas. Nos aseguraremos de que est\u00e9s completamente satisfecho.<\/span><\/li>\n<\/ul>","protected":false},"excerpt":{"rendered":"<p>Botella de agua aislada de medio gal\u00f3n con mango de paraca\u00eddas, jarra grande de agua de acero inoxidable de 64 onzas con funda robusta y extra\u00edble para llaves, cartera y tel\u00e9fono (camuflaje de 2 litros) Sobre este art\u00edculo Acero inoxidable de doble pared y aislamiento al vac\u00edo: la capacidad de 2 litros te mantendr\u00e1 hidratado [&hellip;]<\/p>","protected":false},"featured_media":4736,"comment_status":"closed","ping_status":"closed","template":"","meta":[],"product_brand":[],"product_cat":[88,87],"product_tag":[],"class_list":{"0":"post-4734","1":"product","2":"type-product","3":"status-publish","4":"has-post-thumbnail","6":"product_cat-accesorios-amaz","7":"product_cat-gym-equipments","9":"first","10":"instock","11":"taxable","12":"shipping-taxable","13":"product-type-external"},"yoast_head":"<!-- This site is optimized with the Yoast SEO plugin v24.0 - https:\/\/yoast.com\/wordpress\/plugins\/seo\/ -->\n<title>Iron Infidel Botella de batalla - Origin Shape<\/title>\n<meta name=\"robots\" content=\"index, follow, max-snippet:-1, max-image-preview:large, max-video-preview:-1\" \/>\n<link rel=\"canonical\" href=\"https:\/\/originshape.com\/es\/product\/iron-infidel-botella-de-batalla\/\" \/>\n<meta property=\"og:locale\" content=\"es_ES\" \/>\n<meta property=\"og:type\" content=\"article\" \/>\n<meta property=\"og:title\" content=\"Iron Infidel Botella de batalla - Origin Shape\" \/>\n<meta property=\"og:description\" content=\"Botella de agua aislada de medio gal\u00f3n con mango de paraca\u00eddas, jarra grande de agua de acero inoxidable de 64 onzas con funda robusta y extra\u00edble para llaves, cartera y tel\u00e9fono (camuflaje de 2 litros) Sobre este art\u00edculo Acero inoxidable de doble pared y aislamiento al vac\u00edo: la capacidad de 2 litros te mantendr\u00e1 hidratado [&hellip;]\" \/>\n<meta property=\"og:url\" content=\"https:\/\/originshape.com\/es\/product\/iron-infidel-botella-de-batalla\/\" \/>\n<meta property=\"og:site_name\" content=\"Origin Shape\" \/>\n<meta property=\"article:modified_time\" content=\"2023-06-10T20:04:24+00:00\" \/>\n<meta property=\"og:image\" content=\"https:\/\/originshape.com\/wp-content\/uploads\/2022\/12\/Botella-de-guerra.jpg\" \/>\n\t<meta property=\"og:image:width\" content=\"947\" \/>\n\t<meta property=\"og:image:height\" content=\"1500\" \/>\n\t<meta property=\"og:image:type\" content=\"image\/jpeg\" \/>\n<meta name=\"twitter:label1\" content=\"Est. reading time\" \/>\n\t<meta name=\"twitter:data1\" content=\"2 minutos\" \/>\n<script type=\"application\/ld+json\" class=\"yoast-schema-graph\">{\"@context\":\"https:\/\/schema.org\",\"@graph\":[{\"@type\":\"WebPage\",\"@id\":\"https:\/\/originshape.com\/product\/iron-infidel-botella-de-batalla\/\",\"url\":\"https:\/\/originshape.com\/product\/iron-infidel-botella-de-batalla\/\",\"name\":\"Iron Infidel Botella de batalla - Origin Shape\",\"isPartOf\":{\"@id\":\"https:\/\/originshape.com\/#website\"},\"primaryImageOfPage\":{\"@id\":\"https:\/\/originshape.com\/product\/iron-infidel-botella-de-batalla\/#primaryimage\"},\"image\":{\"@id\":\"https:\/\/originshape.com\/product\/iron-infidel-botella-de-batalla\/#primaryimage\"},\"thumbnailUrl\":\"https:\/\/originshape.com\/wp-content\/uploads\/2022\/12\/Botella-de-guerra.jpg\",\"datePublished\":\"2022-12-03T03:51:02+00:00\",\"dateModified\":\"2023-06-10T20:04:24+00:00\",\"breadcrumb\":{\"@id\":\"https:\/\/originshape.com\/product\/iron-infidel-botella-de-batalla\/#breadcrumb\"},\"inLanguage\":\"es-DO\",\"potentialAction\":[{\"@type\":\"ReadAction\",\"target\":[\"https:\/\/originshape.com\/product\/iron-infidel-botella-de-batalla\/\"]}]},{\"@type\":\"ImageObject\",\"inLanguage\":\"es-DO\",\"@id\":\"https:\/\/originshape.com\/product\/iron-infidel-botella-de-batalla\/#primaryimage\",\"url\":\"https:\/\/originshape.com\/wp-content\/uploads\/2022\/12\/Botella-de-guerra.jpg\",\"contentUrl\":\"https:\/\/originshape.com\/wp-content\/uploads\/2022\/12\/Botella-de-guerra.jpg\",\"width\":947,\"height\":1500},{\"@type\":\"BreadcrumbList\",\"@id\":\"https:\/\/originshape.com\/product\/iron-infidel-botella-de-batalla\/#breadcrumb\",\"itemListElement\":[{\"@type\":\"ListItem\",\"position\":1,\"name\":\"Home\",\"item\":\"https:\/\/originshape.com\/\"},{\"@type\":\"ListItem\",\"position\":2,\"name\":\"Store clothes\",\"item\":\"https:\/\/originshape.com\/store-2\/\"},{\"@type\":\"ListItem\",\"position\":3,\"name\":\"Iron Infidel Botella de batalla\"}]},{\"@type\":\"WebSite\",\"@id\":\"https:\/\/originshape.com\/#website\",\"url\":\"https:\/\/originshape.com\/\",\"name\":\"Origin Shape\",\"description\":\"Nutrition and Fitness\",\"publisher\":{\"@id\":\"https:\/\/originshape.com\/#organization\"},\"potentialAction\":[{\"@type\":\"SearchAction\",\"target\":{\"@type\":\"EntryPoint\",\"urlTemplate\":\"https:\/\/originshape.com\/?s={search_term_string}\"},\"query-input\":{\"@type\":\"PropertyValueSpecification\",\"valueRequired\":true,\"valueName\":\"search_term_string\"}}],\"inLanguage\":\"es-DO\"},{\"@type\":\"Organization\",\"@id\":\"https:\/\/originshape.com\/#organization\",\"name\":\"Origin Shape\",\"url\":\"https:\/\/originshape.com\/\",\"logo\":{\"@type\":\"ImageObject\",\"inLanguage\":\"es-DO\",\"@id\":\"https:\/\/originshape.com\/#\/schema\/logo\/image\/\",\"url\":\"https:\/\/originshape.com\/wp-content\/uploads\/2022\/12\/39C56CFB-F744-41B1-9128-E6E7FF57EA6D.png\",\"contentUrl\":\"https:\/\/originshape.com\/wp-content\/uploads\/2022\/12\/39C56CFB-F744-41B1-9128-E6E7FF57EA6D.png\",\"width\":512,\"height\":512,\"caption\":\"Origin Shape\"},\"image\":{\"@id\":\"https:\/\/originshape.com\/#\/schema\/logo\/image\/\"}}]}<\/script>\n<!-- \/ Yoast SEO plugin. -->","yoast_head_json":{"title":"Iron Infidel Botella de batalla - Origin Shape","robots":{"index":"index","follow":"follow","max-snippet":"max-snippet:-1","max-image-preview":"max-image-preview:large","max-video-preview":"max-video-preview:-1"},"canonical":"https:\/\/originshape.com\/es\/product\/iron-infidel-botella-de-batalla\/","og_locale":"es_ES","og_type":"article","og_title":"Iron Infidel Botella de batalla - Origin Shape","og_description":"Botella de agua aislada de medio gal\u00f3n con mango de paraca\u00eddas, jarra grande de agua de acero inoxidable de 64 onzas con funda robusta y extra\u00edble para llaves, cartera y tel\u00e9fono (camuflaje de 2 litros) Sobre este art\u00edculo Acero inoxidable de doble pared y aislamiento al vac\u00edo: la capacidad de 2 litros te mantendr\u00e1 hidratado [&hellip;]","og_url":"https:\/\/originshape.com\/es\/product\/iron-infidel-botella-de-batalla\/","og_site_name":"Origin Shape","article_modified_time":"2023-06-10T20:04:24+00:00","og_image":[{"width":947,"height":1500,"url":"https:\/\/originshape.com\/wp-content\/uploads\/2022\/12\/Botella-de-guerra.jpg","type":"image\/jpeg"}],"twitter_misc":{"Est. reading time":"2 minutos"},"schema":{"@context":"https:\/\/schema.org","@graph":[{"@type":"WebPage","@id":"https:\/\/originshape.com\/product\/iron-infidel-botella-de-batalla\/","url":"https:\/\/originshape.com\/product\/iron-infidel-botella-de-batalla\/","name":"Iron Infidel Botella de batalla - Origin Shape","isPartOf":{"@id":"https:\/\/originshape.com\/#website"},"primaryImageOfPage":{"@id":"https:\/\/originshape.com\/product\/iron-infidel-botella-de-batalla\/#primaryimage"},"image":{"@id":"https:\/\/originshape.com\/product\/iron-infidel-botella-de-batalla\/#primaryimage"},"thumbnailUrl":"https:\/\/originshape.com\/wp-content\/uploads\/2022\/12\/Botella-de-guerra.jpg","datePublished":"2022-12-03T03:51:02+00:00","dateModified":"2023-06-10T20:04:24+00:00","breadcrumb":{"@id":"https:\/\/originshape.com\/product\/iron-infidel-botella-de-batalla\/#breadcrumb"},"inLanguage":"es-DO","potentialAction":[{"@type":"ReadAction","target":["https:\/\/originshape.com\/product\/iron-infidel-botella-de-batalla\/"]}]},{"@type":"ImageObject","inLanguage":"es-DO","@id":"https:\/\/originshape.com\/product\/iron-infidel-botella-de-batalla\/#primaryimage","url":"https:\/\/originshape.com\/wp-content\/uploads\/2022\/12\/Botella-de-guerra.jpg","contentUrl":"https:\/\/originshape.com\/wp-content\/uploads\/2022\/12\/Botella-de-guerra.jpg","width":947,"height":1500},{"@type":"BreadcrumbList","@id":"https:\/\/originshape.com\/product\/iron-infidel-botella-de-batalla\/#breadcrumb","itemListElement":[{"@type":"ListItem","position":1,"name":"Home","item":"https:\/\/originshape.com\/"},{"@type":"ListItem","position":2,"name":"Store clothes","item":"https:\/\/originshape.com\/store-2\/"},{"@type":"ListItem","position":3,"name":"Iron Infidel Botella de batalla"}]},{"@type":"WebSite","@id":"https:\/\/originshape.com\/#website","url":"https:\/\/originshape.com\/","name":"Origin Shape","description":"Nutrition and Fitness","publisher":{"@id":"https:\/\/originshape.com\/#organization"},"potentialAction":[{"@type":"SearchAction","target":{"@type":"EntryPoint","urlTemplate":"https:\/\/originshape.com\/?s={search_term_string}"},"query-input":{"@type":"PropertyValueSpecification","valueRequired":true,"valueName":"search_term_string"}}],"inLanguage":"es-DO"},{"@type":"Organization","@id":"https:\/\/originshape.com\/#organization","name":"Origin Shape","url":"https:\/\/originshape.com\/","logo":{"@type":"ImageObject","inLanguage":"es-DO","@id":"https:\/\/originshape.com\/#\/schema\/logo\/image\/","url":"https:\/\/originshape.com\/wp-content\/uploads\/2022\/12\/39C56CFB-F744-41B1-9128-E6E7FF57EA6D.png","contentUrl":"https:\/\/originshape.com\/wp-content\/uploads\/2022\/12\/39C56CFB-F744-41B1-9128-E6E7FF57EA6D.png","width":512,"height":512,"caption":"Origin Shape"},"image":{"@id":"https:\/\/originshape.com\/#\/schema\/logo\/image\/"}}]}},"jetpack_sharing_enabled":true,"_links":{"self":[{"href":"https:\/\/originshape.com\/es\/wp-json\/wp\/v2\/product\/4734","targetHints":{"allow":["GET"]}}],"collection":[{"href":"https:\/\/originshape.com\/es\/wp-json\/wp\/v2\/product"}],"about":[{"href":"https:\/\/originshape.com\/es\/wp-json\/wp\/v2\/types\/product"}],"replies":[{"embeddable":true,"href":"https:\/\/originshape.com\/es\/wp-json\/wp\/v2\/comments?post=4734"}],"wp:featuredmedia":[{"embeddable":true,"href":"https:\/\/originshape.com\/es\/wp-json\/wp\/v2\/media\/4736"}],"wp:attachment":[{"href":"https:\/\/originshape.com\/es\/wp-json\/wp\/v2\/media?parent=4734"}],"wp:term":[{"taxonomy":"product_brand","embeddable":true,"href":"https:\/\/originshape.com\/es\/wp-json\/wp\/v2\/product_brand?post=4734"},{"taxonomy":"product_cat","embeddable":true,"href":"https:\/\/originshape.com\/es\/wp-json\/wp\/v2\/product_cat?post=4734"},{"taxonomy":"product_tag","embeddable":true,"href":"https:\/\/originshape.com\/es\/wp-json\/wp\/v2\/product_tag?post=4734"}],"curies":[{"name":"wp","href":"https:\/\/api.w.org\/{rel}","templated":true}]}}