{"id":4737,"date":"2022-12-03T03:57:49","date_gmt":"2022-12-03T03:57:49","guid":{"rendered":"https:\/\/originshape.com\/?post_type=product&#038;p=4737"},"modified":"2023-06-10T19:52:37","modified_gmt":"2023-06-10T19:52:37","slug":"foser-gimnasio-portatil-en-casa","status":"publish","type":"product","link":"https:\/\/originshape.com\/es\/product\/foser-gimnasio-portatil-en-casa\/","title":{"rendered":"FOSER Gimnasio port\u00e1til en casa"},"content":{"rendered":"<h3 id=\"title\" class=\"a-size-large a-spacing-none\"><span id=\"productTitle\" class=\"a-size-large product-title-word-break\">Juego de barras de resistencia, carga 500 libras, juego de fitness multifuncional con 5 niveles de resistencia, utilizado para reducir la grasa o fortalecer los grupos musculares<\/span><\/h3>\n<ul class=\"a-unordered-list a-vertical a-spacing-mini\">\n<li><span class=\"a-list-item\">Barra de resistencia de carga mejorada de 500 libras: la barra de bandas de resistencia est\u00e1 hecha de acero de aleaci\u00f3n de alta calidad, con una capacidad de carga de m\u00e1s de 500 libras, y una longitud de 35.4\u00a0in. Se compone de dos partes y tiene una estructura perfecta y es f\u00e1cil de apretar. La superficie del mango est\u00e1 grabada y esmerilada para un buen rendimiento, antisudor y antideslizante. La barra de resistencia tiene rodamientos de bolas integrados de alta calidad en ambos extremos, que pueden girar 360\u00b0 libremente, y no hay presi\u00f3n en la mu\u00f1eca. <\/span><\/li>\n<li><span class=\"a-list-item\">Juego de barras de entrenamiento de fuerza: 1 barra de banda de resistencia desmontable de 35.4 pulgadas; 5 bandas de resistencia de l\u00e1tex natural puro, buena resistencia, grueso y resistente al desgaste, duradero; 2 hebillas triangulares pesadas, apertura de tuerca giratoria, m\u00e1s segura; 1 llave de repuesto, puede ayudarte cuando lo necesites; 2 mangos, envoltura de goma suave, resistente al sudor y antideslizante, sensaci\u00f3n m\u00e1s c\u00f3moda al mano; 1 anclaje de puerta extendida con almohadilla de espuma gruesa; 1 manual de usuario; 1 manual de usuario (idioma espa\u00f1ol no garantizado). bolso negro negro bolso bolso <\/span><\/li>\n<li><span class=\"a-list-item\">S\u00faper port\u00e1til: el kit de barra de pilates es muy compacto y no ocupa espacio. Estamos equipados con bolsos, por lo que es m\u00e1s f\u00e1cil de almacenar y transportar. Viene con un manual, que es muy adecuado para el entrenamiento de fuerza en casa, viajes, gimnasio\/oficina. <\/span><\/li>\n<li><span class=\"a-list-item\">Gimnasio en casa: el juego de barras de resistencia tiene una variedad de combinaciones. Puedes realizar el entrenamiento de fuerza m\u00e1s efectivo en casa para reducir la grasa o aumentar y fortalecer tus m\u00fasculos. Por ejemplo: dominadas, pilates, levantamiento de pesas, ayuda de barras, ayuda con mancuernas, entrenamiento de fuerza, entrenamiento de resistencia, estiramiento corporal, aer\u00f3bic, escultura corporal, entrenamiento de resistencia corporal. <\/span><\/li>\n<li><span class=\"a-list-item\">Si quieres vivir lleno de sorpresas, elige el juego de bandas de resistencia FOSER, que es el mejor regalo para todos aquellos que aman el fitness. Estamos comprometidos a crear gimnasio port\u00e1til en casa de alta calidad para ti. Si tienes alguna sugerencia para el producto, ponte en contacto con nosotros, te responderemos en 24 horas<\/span><\/li>\n<\/ul>","protected":false},"excerpt":{"rendered":"<p>Juego de barras de resistencia, carga 500 libras, juego de fitness multifuncional con 5 niveles de resistencia, utilizado para reducir la grasa o fortalecer los grupos musculares Barra de resistencia de carga mejorada de 500 libras: la barra de bandas de resistencia est\u00e1 hecha de acero de aleaci\u00f3n de alta calidad, con una capacidad de [&hellip;]<\/p>","protected":false},"featured_media":6196,"comment_status":"closed","ping_status":"closed","template":"","meta":[],"product_brand":[],"product_cat":[88,87],"product_tag":[],"class_list":{"0":"post-4737","1":"product","2":"type-product","3":"status-publish","4":"has-post-thumbnail","6":"product_cat-accesorios-amaz","7":"product_cat-gym-equipments","9":"first","10":"instock","11":"taxable","12":"shipping-taxable","13":"product-type-external"},"yoast_head":"<!-- This site is optimized with the Yoast SEO plugin v24.0 - https:\/\/yoast.com\/wordpress\/plugins\/seo\/ -->\n<title>FOSER Gimnasio port\u00e1til en casa - Origin Shape<\/title>\n<meta name=\"robots\" content=\"index, follow, max-snippet:-1, max-image-preview:large, max-video-preview:-1\" \/>\n<link rel=\"canonical\" href=\"https:\/\/originshape.com\/es\/product\/foser-gimnasio-portatil-en-casa\/\" \/>\n<meta property=\"og:locale\" content=\"es_ES\" \/>\n<meta property=\"og:type\" content=\"article\" \/>\n<meta property=\"og:title\" content=\"FOSER Gimnasio port\u00e1til en casa - Origin Shape\" \/>\n<meta property=\"og:description\" content=\"Juego de barras de resistencia, carga 500 libras, juego de fitness multifuncional con 5 niveles de resistencia, utilizado para reducir la grasa o fortalecer los grupos musculares Barra de resistencia de carga mejorada de 500 libras: la barra de bandas de resistencia est\u00e1 hecha de acero de aleaci\u00f3n de alta calidad, con una capacidad de [&hellip;]\" \/>\n<meta property=\"og:url\" content=\"https:\/\/originshape.com\/es\/product\/foser-gimnasio-portatil-en-casa\/\" \/>\n<meta property=\"og:site_name\" content=\"Origin Shape\" \/>\n<meta property=\"article:modified_time\" content=\"2023-06-10T19:52:37+00:00\" \/>\n<meta property=\"og:image\" content=\"https:\/\/originshape.com\/wp-content\/uploads\/2022\/12\/Bandas-con-barra-1.jpg\" \/>\n\t<meta property=\"og:image:width\" content=\"1500\" \/>\n\t<meta property=\"og:image:height\" content=\"1472\" \/>\n\t<meta property=\"og:image:type\" content=\"image\/jpeg\" \/>\n<meta name=\"twitter:label1\" content=\"Est. reading time\" \/>\n\t<meta name=\"twitter:data1\" content=\"2 minutos\" \/>\n<script type=\"application\/ld+json\" class=\"yoast-schema-graph\">{\"@context\":\"https:\/\/schema.org\",\"@graph\":[{\"@type\":\"WebPage\",\"@id\":\"https:\/\/originshape.com\/product\/foser-gimnasio-portatil-en-casa\/\",\"url\":\"https:\/\/originshape.com\/product\/foser-gimnasio-portatil-en-casa\/\",\"name\":\"FOSER Gimnasio port\u00e1til en casa - Origin Shape\",\"isPartOf\":{\"@id\":\"https:\/\/originshape.com\/#website\"},\"primaryImageOfPage\":{\"@id\":\"https:\/\/originshape.com\/product\/foser-gimnasio-portatil-en-casa\/#primaryimage\"},\"image\":{\"@id\":\"https:\/\/originshape.com\/product\/foser-gimnasio-portatil-en-casa\/#primaryimage\"},\"thumbnailUrl\":\"https:\/\/originshape.com\/wp-content\/uploads\/2022\/12\/Bandas-con-barra-1.jpg\",\"datePublished\":\"2022-12-03T03:57:49+00:00\",\"dateModified\":\"2023-06-10T19:52:37+00:00\",\"breadcrumb\":{\"@id\":\"https:\/\/originshape.com\/product\/foser-gimnasio-portatil-en-casa\/#breadcrumb\"},\"inLanguage\":\"es-DO\",\"potentialAction\":[{\"@type\":\"ReadAction\",\"target\":[\"https:\/\/originshape.com\/product\/foser-gimnasio-portatil-en-casa\/\"]}]},{\"@type\":\"ImageObject\",\"inLanguage\":\"es-DO\",\"@id\":\"https:\/\/originshape.com\/product\/foser-gimnasio-portatil-en-casa\/#primaryimage\",\"url\":\"https:\/\/originshape.com\/wp-content\/uploads\/2022\/12\/Bandas-con-barra-1.jpg\",\"contentUrl\":\"https:\/\/originshape.com\/wp-content\/uploads\/2022\/12\/Bandas-con-barra-1.jpg\",\"width\":1500,\"height\":1472},{\"@type\":\"BreadcrumbList\",\"@id\":\"https:\/\/originshape.com\/product\/foser-gimnasio-portatil-en-casa\/#breadcrumb\",\"itemListElement\":[{\"@type\":\"ListItem\",\"position\":1,\"name\":\"Home\",\"item\":\"https:\/\/originshape.com\/\"},{\"@type\":\"ListItem\",\"position\":2,\"name\":\"Store clothes\",\"item\":\"https:\/\/originshape.com\/store-2\/\"},{\"@type\":\"ListItem\",\"position\":3,\"name\":\"FOSER Gimnasio port\u00e1til en casa\"}]},{\"@type\":\"WebSite\",\"@id\":\"https:\/\/originshape.com\/#website\",\"url\":\"https:\/\/originshape.com\/\",\"name\":\"Origin Shape\",\"description\":\"Nutrition and Fitness\",\"publisher\":{\"@id\":\"https:\/\/originshape.com\/#organization\"},\"potentialAction\":[{\"@type\":\"SearchAction\",\"target\":{\"@type\":\"EntryPoint\",\"urlTemplate\":\"https:\/\/originshape.com\/?s={search_term_string}\"},\"query-input\":{\"@type\":\"PropertyValueSpecification\",\"valueRequired\":true,\"valueName\":\"search_term_string\"}}],\"inLanguage\":\"es-DO\"},{\"@type\":\"Organization\",\"@id\":\"https:\/\/originshape.com\/#organization\",\"name\":\"Origin Shape\",\"url\":\"https:\/\/originshape.com\/\",\"logo\":{\"@type\":\"ImageObject\",\"inLanguage\":\"es-DO\",\"@id\":\"https:\/\/originshape.com\/#\/schema\/logo\/image\/\",\"url\":\"https:\/\/originshape.com\/wp-content\/uploads\/2022\/12\/39C56CFB-F744-41B1-9128-E6E7FF57EA6D.png\",\"contentUrl\":\"https:\/\/originshape.com\/wp-content\/uploads\/2022\/12\/39C56CFB-F744-41B1-9128-E6E7FF57EA6D.png\",\"width\":512,\"height\":512,\"caption\":\"Origin Shape\"},\"image\":{\"@id\":\"https:\/\/originshape.com\/#\/schema\/logo\/image\/\"}}]}<\/script>\n<!-- \/ Yoast SEO plugin. -->","yoast_head_json":{"title":"FOSER Gimnasio port\u00e1til en casa - Origin Shape","robots":{"index":"index","follow":"follow","max-snippet":"max-snippet:-1","max-image-preview":"max-image-preview:large","max-video-preview":"max-video-preview:-1"},"canonical":"https:\/\/originshape.com\/es\/product\/foser-gimnasio-portatil-en-casa\/","og_locale":"es_ES","og_type":"article","og_title":"FOSER Gimnasio port\u00e1til en casa - Origin Shape","og_description":"Juego de barras de resistencia, carga 500 libras, juego de fitness multifuncional con 5 niveles de resistencia, utilizado para reducir la grasa o fortalecer los grupos musculares Barra de resistencia de carga mejorada de 500 libras: la barra de bandas de resistencia est\u00e1 hecha de acero de aleaci\u00f3n de alta calidad, con una capacidad de [&hellip;]","og_url":"https:\/\/originshape.com\/es\/product\/foser-gimnasio-portatil-en-casa\/","og_site_name":"Origin Shape","article_modified_time":"2023-06-10T19:52:37+00:00","og_image":[{"width":1500,"height":1472,"url":"https:\/\/originshape.com\/wp-content\/uploads\/2022\/12\/Bandas-con-barra-1.jpg","type":"image\/jpeg"}],"twitter_misc":{"Est. reading time":"2 minutos"},"schema":{"@context":"https:\/\/schema.org","@graph":[{"@type":"WebPage","@id":"https:\/\/originshape.com\/product\/foser-gimnasio-portatil-en-casa\/","url":"https:\/\/originshape.com\/product\/foser-gimnasio-portatil-en-casa\/","name":"FOSER Gimnasio port\u00e1til en casa - Origin Shape","isPartOf":{"@id":"https:\/\/originshape.com\/#website"},"primaryImageOfPage":{"@id":"https:\/\/originshape.com\/product\/foser-gimnasio-portatil-en-casa\/#primaryimage"},"image":{"@id":"https:\/\/originshape.com\/product\/foser-gimnasio-portatil-en-casa\/#primaryimage"},"thumbnailUrl":"https:\/\/originshape.com\/wp-content\/uploads\/2022\/12\/Bandas-con-barra-1.jpg","datePublished":"2022-12-03T03:57:49+00:00","dateModified":"2023-06-10T19:52:37+00:00","breadcrumb":{"@id":"https:\/\/originshape.com\/product\/foser-gimnasio-portatil-en-casa\/#breadcrumb"},"inLanguage":"es-DO","potentialAction":[{"@type":"ReadAction","target":["https:\/\/originshape.com\/product\/foser-gimnasio-portatil-en-casa\/"]}]},{"@type":"ImageObject","inLanguage":"es-DO","@id":"https:\/\/originshape.com\/product\/foser-gimnasio-portatil-en-casa\/#primaryimage","url":"https:\/\/originshape.com\/wp-content\/uploads\/2022\/12\/Bandas-con-barra-1.jpg","contentUrl":"https:\/\/originshape.com\/wp-content\/uploads\/2022\/12\/Bandas-con-barra-1.jpg","width":1500,"height":1472},{"@type":"BreadcrumbList","@id":"https:\/\/originshape.com\/product\/foser-gimnasio-portatil-en-casa\/#breadcrumb","itemListElement":[{"@type":"ListItem","position":1,"name":"Home","item":"https:\/\/originshape.com\/"},{"@type":"ListItem","position":2,"name":"Store clothes","item":"https:\/\/originshape.com\/store-2\/"},{"@type":"ListItem","position":3,"name":"FOSER Gimnasio port\u00e1til en casa"}]},{"@type":"WebSite","@id":"https:\/\/originshape.com\/#website","url":"https:\/\/originshape.com\/","name":"Origin Shape","description":"Nutrition and Fitness","publisher":{"@id":"https:\/\/originshape.com\/#organization"},"potentialAction":[{"@type":"SearchAction","target":{"@type":"EntryPoint","urlTemplate":"https:\/\/originshape.com\/?s={search_term_string}"},"query-input":{"@type":"PropertyValueSpecification","valueRequired":true,"valueName":"search_term_string"}}],"inLanguage":"es-DO"},{"@type":"Organization","@id":"https:\/\/originshape.com\/#organization","name":"Origin Shape","url":"https:\/\/originshape.com\/","logo":{"@type":"ImageObject","inLanguage":"es-DO","@id":"https:\/\/originshape.com\/#\/schema\/logo\/image\/","url":"https:\/\/originshape.com\/wp-content\/uploads\/2022\/12\/39C56CFB-F744-41B1-9128-E6E7FF57EA6D.png","contentUrl":"https:\/\/originshape.com\/wp-content\/uploads\/2022\/12\/39C56CFB-F744-41B1-9128-E6E7FF57EA6D.png","width":512,"height":512,"caption":"Origin Shape"},"image":{"@id":"https:\/\/originshape.com\/#\/schema\/logo\/image\/"}}]}},"jetpack_sharing_enabled":true,"_links":{"self":[{"href":"https:\/\/originshape.com\/es\/wp-json\/wp\/v2\/product\/4737","targetHints":{"allow":["GET"]}}],"collection":[{"href":"https:\/\/originshape.com\/es\/wp-json\/wp\/v2\/product"}],"about":[{"href":"https:\/\/originshape.com\/es\/wp-json\/wp\/v2\/types\/product"}],"replies":[{"embeddable":true,"href":"https:\/\/originshape.com\/es\/wp-json\/wp\/v2\/comments?post=4737"}],"wp:featuredmedia":[{"embeddable":true,"href":"https:\/\/originshape.com\/es\/wp-json\/wp\/v2\/media\/6196"}],"wp:attachment":[{"href":"https:\/\/originshape.com\/es\/wp-json\/wp\/v2\/media?parent=4737"}],"wp:term":[{"taxonomy":"product_brand","embeddable":true,"href":"https:\/\/originshape.com\/es\/wp-json\/wp\/v2\/product_brand?post=4737"},{"taxonomy":"product_cat","embeddable":true,"href":"https:\/\/originshape.com\/es\/wp-json\/wp\/v2\/product_cat?post=4737"},{"taxonomy":"product_tag","embeddable":true,"href":"https:\/\/originshape.com\/es\/wp-json\/wp\/v2\/product_tag?post=4737"}],"curies":[{"name":"wp","href":"https:\/\/api.w.org\/{rel}","templated":true}]}}