{"id":4740,"date":"2022-12-03T04:02:17","date_gmt":"2022-12-03T04:02:17","guid":{"rendered":"https:\/\/originshape.com\/?post_type=product&#038;p=4740"},"modified":"2023-06-10T21:14:15","modified_gmt":"2023-06-10T21:14:15","slug":"4740","status":"publish","type":"product","link":"https:\/\/originshape.com\/es\/product\/4740\/","title":{"rendered":"TRX Accesorios para entrenamiento. Gimnasio t\u00e1ctico."},"content":{"rendered":"<h3>Entrenador de suspensi\u00f3n resistente dise\u00f1ado para reconstruir la fuerza de nuestros veteranos<\/h3>\n<h1 class=\"a-size-base-plus a-text-bold\">Sobre este art\u00edculo<\/h1>\n<ul class=\"a-unordered-list a-vertical a-spacing-mini\">\n<li><span class=\"a-list-item\">Hecho en EE. UU. o importado <\/span><\/li>\n<li><span class=\"a-list-item\">Contenido de la caja: este kit de entrenamiento de suspensi\u00f3n TRX viene con un entrenador t\u00e1ctico de suspensi\u00f3n de gimnasio, un anclaje de puerta, un anclaje de suspensi\u00f3n, un TRX Xtender, una mochila de malla y acceso a la aplicaci\u00f3n TRX Training Club. El equipo es ligero y fuerte. <\/span><\/li>\n<li><span class=\"a-list-item\">Todos los niveles, todos los objetivos: el gimnasio t\u00e1ctico TRX es nuestro entrenador de suspensi\u00f3n m\u00e1s resistente, lo que te permite entrenar en las condiciones m\u00e1s extremas. Est\u00e1 dise\u00f1ado para ayudar a los atletas militares de cualquier nivel a alcanzar sus objetivos de fitness y mantener la misi\u00f3n lista. <\/span><\/li>\n<li><span class=\"a-list-item\">Entrenamiento total del cuerpo: ya sea que est\u00e9s buscando entrenamiento de fuerza, cardio, entrenamiento central o movilidad, el equipo de entrenamiento TRX Tactical Gym ofrece un entrenamiento transformador de cuerpo total en solo 15 minutos al d\u00eda con 7 movimientos funcionales simples. <\/span><\/li>\n<li><span class=\"a-list-item\">Gimnasio port\u00e1til: nuestro duradero kit de banda de fitness TRX Tactical Gym se instala r\u00e1pidamente y viene equipado con todo lo que necesitas para entrenar en el interior, exterior y sobre la marcha. Nunca te pierdas un entrenamiento, no importa a d\u00f3nde te lleve tu misi\u00f3n. <\/span><\/li>\n<li><span class=\"a-list-item\">TRX APLICACI\u00d3N DE ENTRENAMIENTO CLUB FITNESS: Obt\u00e9n acceso ilimitado al estudio de fitness virtual de TRX con experiencias de entrenamiento de primera calidad, incluyendo clases en vivo dirigidas por entrenadores de clase mundial los 7 d\u00edas a la semana y cientos de entrenamientos autoguiados bajo demanda.<\/span><\/li>\n<\/ul>","protected":false},"excerpt":{"rendered":"<p>Entrenador de suspensi\u00f3n resistente dise\u00f1ado para reconstruir la fuerza de nuestros veteranos Sobre este art\u00edculo Hecho en EE. UU. o importado Contenido de la caja: este kit de entrenamiento de suspensi\u00f3n TRX viene con un entrenador t\u00e1ctico de suspensi\u00f3n de gimnasio, un anclaje de puerta, un anclaje de suspensi\u00f3n, un TRX Xtender, una mochila de [&hellip;]<\/p>","protected":false},"featured_media":6214,"comment_status":"closed","ping_status":"closed","template":"","meta":[],"product_brand":[],"product_cat":[88,87],"product_tag":[],"class_list":{"0":"post-4740","1":"product","2":"type-product","3":"status-publish","4":"has-post-thumbnail","6":"product_cat-accesorios-amaz","7":"product_cat-gym-equipments","9":"first","10":"instock","11":"taxable","12":"shipping-taxable","13":"product-type-external"},"yoast_head":"<!-- This site is optimized with the Yoast SEO plugin v24.0 - https:\/\/yoast.com\/wordpress\/plugins\/seo\/ -->\n<title>TRX Accesorios para entrenamiento. Gimnasio t\u00e1ctico. - Origin Shape<\/title>\n<meta name=\"robots\" content=\"index, follow, max-snippet:-1, max-image-preview:large, max-video-preview:-1\" \/>\n<link rel=\"canonical\" href=\"https:\/\/originshape.com\/es\/product\/4740\/\" \/>\n<meta property=\"og:locale\" content=\"es_ES\" \/>\n<meta property=\"og:type\" content=\"article\" \/>\n<meta property=\"og:title\" content=\"TRX Accesorios para entrenamiento. Gimnasio t\u00e1ctico. - Origin Shape\" \/>\n<meta property=\"og:description\" content=\"Entrenador de suspensi\u00f3n resistente dise\u00f1ado para reconstruir la fuerza de nuestros veteranos Sobre este art\u00edculo Hecho en EE. UU. o importado Contenido de la caja: este kit de entrenamiento de suspensi\u00f3n TRX viene con un entrenador t\u00e1ctico de suspensi\u00f3n de gimnasio, un anclaje de puerta, un anclaje de suspensi\u00f3n, un TRX Xtender, una mochila de [&hellip;]\" \/>\n<meta property=\"og:url\" content=\"https:\/\/originshape.com\/es\/product\/4740\/\" \/>\n<meta property=\"og:site_name\" content=\"Origin Shape\" \/>\n<meta property=\"article:modified_time\" content=\"2023-06-10T21:14:15+00:00\" \/>\n<meta property=\"og:image\" content=\"https:\/\/originshape.com\/wp-content\/uploads\/2022\/12\/TRX-1.jpg\" \/>\n\t<meta property=\"og:image:width\" content=\"1289\" \/>\n\t<meta property=\"og:image:height\" content=\"897\" \/>\n\t<meta property=\"og:image:type\" content=\"image\/jpeg\" \/>\n<meta name=\"twitter:label1\" content=\"Est. reading time\" \/>\n\t<meta name=\"twitter:data1\" content=\"2 minutos\" \/>\n<script type=\"application\/ld+json\" class=\"yoast-schema-graph\">{\"@context\":\"https:\/\/schema.org\",\"@graph\":[{\"@type\":\"WebPage\",\"@id\":\"https:\/\/originshape.com\/product\/4740\/\",\"url\":\"https:\/\/originshape.com\/product\/4740\/\",\"name\":\"TRX Accesorios para entrenamiento. Gimnasio t\u00e1ctico. - Origin Shape\",\"isPartOf\":{\"@id\":\"https:\/\/originshape.com\/#website\"},\"primaryImageOfPage\":{\"@id\":\"https:\/\/originshape.com\/product\/4740\/#primaryimage\"},\"image\":{\"@id\":\"https:\/\/originshape.com\/product\/4740\/#primaryimage\"},\"thumbnailUrl\":\"https:\/\/originshape.com\/wp-content\/uploads\/2022\/12\/TRX-1.jpg\",\"datePublished\":\"2022-12-03T04:02:17+00:00\",\"dateModified\":\"2023-06-10T21:14:15+00:00\",\"breadcrumb\":{\"@id\":\"https:\/\/originshape.com\/product\/4740\/#breadcrumb\"},\"inLanguage\":\"es-DO\",\"potentialAction\":[{\"@type\":\"ReadAction\",\"target\":[\"https:\/\/originshape.com\/product\/4740\/\"]}]},{\"@type\":\"ImageObject\",\"inLanguage\":\"es-DO\",\"@id\":\"https:\/\/originshape.com\/product\/4740\/#primaryimage\",\"url\":\"https:\/\/originshape.com\/wp-content\/uploads\/2022\/12\/TRX-1.jpg\",\"contentUrl\":\"https:\/\/originshape.com\/wp-content\/uploads\/2022\/12\/TRX-1.jpg\",\"width\":1289,\"height\":897},{\"@type\":\"BreadcrumbList\",\"@id\":\"https:\/\/originshape.com\/product\/4740\/#breadcrumb\",\"itemListElement\":[{\"@type\":\"ListItem\",\"position\":1,\"name\":\"Home\",\"item\":\"https:\/\/originshape.com\/\"},{\"@type\":\"ListItem\",\"position\":2,\"name\":\"Store clothes\",\"item\":\"https:\/\/originshape.com\/store-2\/\"},{\"@type\":\"ListItem\",\"position\":3,\"name\":\"TRX Accesorios para entrenamiento. Gimnasio t\u00e1ctico.\"}]},{\"@type\":\"WebSite\",\"@id\":\"https:\/\/originshape.com\/#website\",\"url\":\"https:\/\/originshape.com\/\",\"name\":\"Origin Shape\",\"description\":\"Nutrition and Fitness\",\"publisher\":{\"@id\":\"https:\/\/originshape.com\/#organization\"},\"potentialAction\":[{\"@type\":\"SearchAction\",\"target\":{\"@type\":\"EntryPoint\",\"urlTemplate\":\"https:\/\/originshape.com\/?s={search_term_string}\"},\"query-input\":{\"@type\":\"PropertyValueSpecification\",\"valueRequired\":true,\"valueName\":\"search_term_string\"}}],\"inLanguage\":\"es-DO\"},{\"@type\":\"Organization\",\"@id\":\"https:\/\/originshape.com\/#organization\",\"name\":\"Origin Shape\",\"url\":\"https:\/\/originshape.com\/\",\"logo\":{\"@type\":\"ImageObject\",\"inLanguage\":\"es-DO\",\"@id\":\"https:\/\/originshape.com\/#\/schema\/logo\/image\/\",\"url\":\"https:\/\/originshape.com\/wp-content\/uploads\/2022\/12\/39C56CFB-F744-41B1-9128-E6E7FF57EA6D.png\",\"contentUrl\":\"https:\/\/originshape.com\/wp-content\/uploads\/2022\/12\/39C56CFB-F744-41B1-9128-E6E7FF57EA6D.png\",\"width\":512,\"height\":512,\"caption\":\"Origin Shape\"},\"image\":{\"@id\":\"https:\/\/originshape.com\/#\/schema\/logo\/image\/\"}}]}<\/script>\n<!-- \/ Yoast SEO plugin. -->","yoast_head_json":{"title":"TRX Accesorios para entrenamiento. Gimnasio t\u00e1ctico. - Origin Shape","robots":{"index":"index","follow":"follow","max-snippet":"max-snippet:-1","max-image-preview":"max-image-preview:large","max-video-preview":"max-video-preview:-1"},"canonical":"https:\/\/originshape.com\/es\/product\/4740\/","og_locale":"es_ES","og_type":"article","og_title":"TRX Accesorios para entrenamiento. Gimnasio t\u00e1ctico. - Origin Shape","og_description":"Entrenador de suspensi\u00f3n resistente dise\u00f1ado para reconstruir la fuerza de nuestros veteranos Sobre este art\u00edculo Hecho en EE. UU. o importado Contenido de la caja: este kit de entrenamiento de suspensi\u00f3n TRX viene con un entrenador t\u00e1ctico de suspensi\u00f3n de gimnasio, un anclaje de puerta, un anclaje de suspensi\u00f3n, un TRX Xtender, una mochila de [&hellip;]","og_url":"https:\/\/originshape.com\/es\/product\/4740\/","og_site_name":"Origin Shape","article_modified_time":"2023-06-10T21:14:15+00:00","og_image":[{"width":1289,"height":897,"url":"https:\/\/originshape.com\/wp-content\/uploads\/2022\/12\/TRX-1.jpg","type":"image\/jpeg"}],"twitter_misc":{"Est. reading time":"2 minutos"},"schema":{"@context":"https:\/\/schema.org","@graph":[{"@type":"WebPage","@id":"https:\/\/originshape.com\/product\/4740\/","url":"https:\/\/originshape.com\/product\/4740\/","name":"TRX Accesorios para entrenamiento. Gimnasio t\u00e1ctico. - Origin Shape","isPartOf":{"@id":"https:\/\/originshape.com\/#website"},"primaryImageOfPage":{"@id":"https:\/\/originshape.com\/product\/4740\/#primaryimage"},"image":{"@id":"https:\/\/originshape.com\/product\/4740\/#primaryimage"},"thumbnailUrl":"https:\/\/originshape.com\/wp-content\/uploads\/2022\/12\/TRX-1.jpg","datePublished":"2022-12-03T04:02:17+00:00","dateModified":"2023-06-10T21:14:15+00:00","breadcrumb":{"@id":"https:\/\/originshape.com\/product\/4740\/#breadcrumb"},"inLanguage":"es-DO","potentialAction":[{"@type":"ReadAction","target":["https:\/\/originshape.com\/product\/4740\/"]}]},{"@type":"ImageObject","inLanguage":"es-DO","@id":"https:\/\/originshape.com\/product\/4740\/#primaryimage","url":"https:\/\/originshape.com\/wp-content\/uploads\/2022\/12\/TRX-1.jpg","contentUrl":"https:\/\/originshape.com\/wp-content\/uploads\/2022\/12\/TRX-1.jpg","width":1289,"height":897},{"@type":"BreadcrumbList","@id":"https:\/\/originshape.com\/product\/4740\/#breadcrumb","itemListElement":[{"@type":"ListItem","position":1,"name":"Home","item":"https:\/\/originshape.com\/"},{"@type":"ListItem","position":2,"name":"Store clothes","item":"https:\/\/originshape.com\/store-2\/"},{"@type":"ListItem","position":3,"name":"TRX Accesorios para entrenamiento. Gimnasio t\u00e1ctico."}]},{"@type":"WebSite","@id":"https:\/\/originshape.com\/#website","url":"https:\/\/originshape.com\/","name":"Origin Shape","description":"Nutrition and Fitness","publisher":{"@id":"https:\/\/originshape.com\/#organization"},"potentialAction":[{"@type":"SearchAction","target":{"@type":"EntryPoint","urlTemplate":"https:\/\/originshape.com\/?s={search_term_string}"},"query-input":{"@type":"PropertyValueSpecification","valueRequired":true,"valueName":"search_term_string"}}],"inLanguage":"es-DO"},{"@type":"Organization","@id":"https:\/\/originshape.com\/#organization","name":"Origin Shape","url":"https:\/\/originshape.com\/","logo":{"@type":"ImageObject","inLanguage":"es-DO","@id":"https:\/\/originshape.com\/#\/schema\/logo\/image\/","url":"https:\/\/originshape.com\/wp-content\/uploads\/2022\/12\/39C56CFB-F744-41B1-9128-E6E7FF57EA6D.png","contentUrl":"https:\/\/originshape.com\/wp-content\/uploads\/2022\/12\/39C56CFB-F744-41B1-9128-E6E7FF57EA6D.png","width":512,"height":512,"caption":"Origin Shape"},"image":{"@id":"https:\/\/originshape.com\/#\/schema\/logo\/image\/"}}]}},"jetpack_sharing_enabled":true,"_links":{"self":[{"href":"https:\/\/originshape.com\/es\/wp-json\/wp\/v2\/product\/4740","targetHints":{"allow":["GET"]}}],"collection":[{"href":"https:\/\/originshape.com\/es\/wp-json\/wp\/v2\/product"}],"about":[{"href":"https:\/\/originshape.com\/es\/wp-json\/wp\/v2\/types\/product"}],"replies":[{"embeddable":true,"href":"https:\/\/originshape.com\/es\/wp-json\/wp\/v2\/comments?post=4740"}],"wp:featuredmedia":[{"embeddable":true,"href":"https:\/\/originshape.com\/es\/wp-json\/wp\/v2\/media\/6214"}],"wp:attachment":[{"href":"https:\/\/originshape.com\/es\/wp-json\/wp\/v2\/media?parent=4740"}],"wp:term":[{"taxonomy":"product_brand","embeddable":true,"href":"https:\/\/originshape.com\/es\/wp-json\/wp\/v2\/product_brand?post=4740"},{"taxonomy":"product_cat","embeddable":true,"href":"https:\/\/originshape.com\/es\/wp-json\/wp\/v2\/product_cat?post=4740"},{"taxonomy":"product_tag","embeddable":true,"href":"https:\/\/originshape.com\/es\/wp-json\/wp\/v2\/product_tag?post=4740"}],"curies":[{"name":"wp","href":"https:\/\/api.w.org\/{rel}","templated":true}]}}