{"id":4744,"date":"2022-12-03T04:18:22","date_gmt":"2022-12-03T04:18:22","guid":{"rendered":"https:\/\/originshape.com\/?post_type=product&#038;p=4744"},"modified":"2023-06-10T20:18:19","modified_gmt":"2023-06-10T20:18:19","slug":"nature-pioneor","status":"publish","type":"product","link":"https:\/\/originshape.com\/es\/product\/nature-pioneor\/","title":{"rendered":"NATURE PIONEOR"},"content":{"rendered":"<h3 id=\"title\" class=\"a-size-large a-spacing-none\"><span id=\"productTitle\" class=\"a-size-large product-title-word-break\">Juego de botellas de agua con aislamiento al vac\u00edo de 128 onzas con soporte de transporte, jarra de acero inoxidable de grado alimenticio 18\/8, jarra de un gal\u00f3n, cultivador de cerveza con bolsa de transporte para acampar al aire libre, senderismo<\/span><\/h3>\n<h1 class=\"a-size-base-plus a-text-bold\">Sobre este art\u00edculo<\/h1>\n<ul class=\"a-unordered-list a-vertical a-spacing-mini\">\n<li><span class=\"a-list-item\">Juego de combinaci\u00f3n de calidad: viene con jarra de acero inoxidable de un gal\u00f3n y soporte para botella de agua de 128 onzas. Si los necesitas ambos, esta combinaci\u00f3n es mucho m\u00e1s rentable que comprar una botella de gal\u00f3n y un soporte para botellas por separado. <\/span><\/li>\n<li><span class=\"a-list-item\">Port\u00e1til y manos libres: el soporte para botella de agua viene con correa de asa de paraca\u00eddas y correa acolchada para el hombro, que proporciona una manera conveniente de llevar tu voluminosa botella de agua. Correa de asa lateral para beber con una mano sin esfuerzo. Manos libres perfectas para acampar al aire libre, senderismo, pesca y viajes con f\u00e1cil acceso al agua embotellada. <\/span><\/li>\n<li><span class=\"a-list-item\">Protecci\u00f3n aislada y duradera: la botella aislada est\u00e1 hecha de pl\u00e1stico y acero inoxidable 18\/8 duradero de doble pared apto para uso alimentario, el soporte para botellas est\u00e1 hecho de poli\u00e9ster 1200D de calidad de doble capa y neopreno aislado, dise\u00f1ado para proteger contra ara\u00f1azos accidentales y abolladuras, pero tambi\u00e9n mayor aislamiento para mantener el fr\u00edo o el calor. <\/span><\/li>\n<li><span class=\"a-list-item\">Gran espacio de almacenamiento y bolsillo externo grande: la funda para botella viene con un bolsillo grande en el exterior, por lo que puedes mantener tu iPhone 12\/13 en el bolsillo frontal y tus tarjetas de cr\u00e9dito y llaves en el otro. Tambi\u00e9n puedes utilizar este soporte para jarra como una mochila ligera para que puedas poner tus cosas m\u00e1s importantes en los bolsillos de tu mochila cuando participas en un evento deportivo. <\/span><\/li>\n<li><span class=\"a-list-item\">Garant\u00eda satisfactoria: Nature PIONEOR promete un reembolso completo o cambio en 30 d\u00edas si no est\u00e1s 100% satisfecho con nuestro juego de soportes para botellas de agua cuando el paquete llegue en tu mano. No dudes en ponerte en contacto con nosotros si tienes alguna pregunta sobre nuestra marca y nuestro producto.<\/span><\/li>\n<\/ul>","protected":false},"excerpt":{"rendered":"<p>Juego de botellas de agua con aislamiento al vac\u00edo de 128 onzas con soporte de transporte, jarra de acero inoxidable de grado alimenticio 18\/8, jarra de un gal\u00f3n, cultivador de cerveza con bolsa de transporte para acampar al aire libre, senderismo Sobre este art\u00edculo Juego de combinaci\u00f3n de calidad: viene con jarra de acero inoxidable [&hellip;]<\/p>","protected":false},"featured_media":4746,"comment_status":"open","ping_status":"closed","template":"","meta":[],"product_brand":[],"product_cat":[88,87],"product_tag":[],"class_list":{"0":"post-4744","1":"product","2":"type-product","3":"status-publish","4":"has-post-thumbnail","6":"product_cat-accesorios-amaz","7":"product_cat-gym-equipments","9":"first","10":"instock","11":"taxable","12":"shipping-taxable","13":"product-type-external"},"yoast_head":"<!-- This site is optimized with the Yoast SEO plugin v24.0 - https:\/\/yoast.com\/wordpress\/plugins\/seo\/ -->\n<title>NATURE PIONEOR - Origin Shape<\/title>\n<meta name=\"robots\" content=\"index, follow, max-snippet:-1, max-image-preview:large, max-video-preview:-1\" \/>\n<link rel=\"canonical\" href=\"https:\/\/originshape.com\/es\/product\/nature-pioneor\/\" \/>\n<meta property=\"og:locale\" content=\"es_ES\" \/>\n<meta property=\"og:type\" content=\"article\" \/>\n<meta property=\"og:title\" content=\"NATURE PIONEOR - Origin Shape\" \/>\n<meta property=\"og:description\" content=\"Juego de botellas de agua con aislamiento al vac\u00edo de 128 onzas con soporte de transporte, jarra de acero inoxidable de grado alimenticio 18\/8, jarra de un gal\u00f3n, cultivador de cerveza con bolsa de transporte para acampar al aire libre, senderismo Sobre este art\u00edculo Juego de combinaci\u00f3n de calidad: viene con jarra de acero inoxidable [&hellip;]\" \/>\n<meta property=\"og:url\" content=\"https:\/\/originshape.com\/es\/product\/nature-pioneor\/\" \/>\n<meta property=\"og:site_name\" content=\"Origin Shape\" \/>\n<meta property=\"article:modified_time\" content=\"2023-06-10T20:18:19+00:00\" \/>\n<meta property=\"og:image\" content=\"https:\/\/originshape.com\/wp-content\/uploads\/2022\/12\/termo-y-lonchera.jpg\" \/>\n\t<meta property=\"og:image:width\" content=\"964\" \/>\n\t<meta property=\"og:image:height\" content=\"873\" \/>\n\t<meta property=\"og:image:type\" content=\"image\/jpeg\" \/>\n<meta name=\"twitter:label1\" content=\"Est. reading time\" \/>\n\t<meta name=\"twitter:data1\" content=\"2 minutos\" \/>\n<script type=\"application\/ld+json\" class=\"yoast-schema-graph\">{\"@context\":\"https:\/\/schema.org\",\"@graph\":[{\"@type\":\"WebPage\",\"@id\":\"https:\/\/originshape.com\/product\/nature-pioneor\/\",\"url\":\"https:\/\/originshape.com\/product\/nature-pioneor\/\",\"name\":\"NATURE PIONEOR - Origin Shape\",\"isPartOf\":{\"@id\":\"https:\/\/originshape.com\/#website\"},\"primaryImageOfPage\":{\"@id\":\"https:\/\/originshape.com\/product\/nature-pioneor\/#primaryimage\"},\"image\":{\"@id\":\"https:\/\/originshape.com\/product\/nature-pioneor\/#primaryimage\"},\"thumbnailUrl\":\"https:\/\/originshape.com\/wp-content\/uploads\/2022\/12\/termo-y-lonchera.jpg\",\"datePublished\":\"2022-12-03T04:18:22+00:00\",\"dateModified\":\"2023-06-10T20:18:19+00:00\",\"breadcrumb\":{\"@id\":\"https:\/\/originshape.com\/product\/nature-pioneor\/#breadcrumb\"},\"inLanguage\":\"es-DO\",\"potentialAction\":[{\"@type\":\"ReadAction\",\"target\":[\"https:\/\/originshape.com\/product\/nature-pioneor\/\"]}]},{\"@type\":\"ImageObject\",\"inLanguage\":\"es-DO\",\"@id\":\"https:\/\/originshape.com\/product\/nature-pioneor\/#primaryimage\",\"url\":\"https:\/\/originshape.com\/wp-content\/uploads\/2022\/12\/termo-y-lonchera.jpg\",\"contentUrl\":\"https:\/\/originshape.com\/wp-content\/uploads\/2022\/12\/termo-y-lonchera.jpg\",\"width\":964,\"height\":873},{\"@type\":\"BreadcrumbList\",\"@id\":\"https:\/\/originshape.com\/product\/nature-pioneor\/#breadcrumb\",\"itemListElement\":[{\"@type\":\"ListItem\",\"position\":1,\"name\":\"Home\",\"item\":\"https:\/\/originshape.com\/\"},{\"@type\":\"ListItem\",\"position\":2,\"name\":\"Store clothes\",\"item\":\"https:\/\/originshape.com\/store-2\/\"},{\"@type\":\"ListItem\",\"position\":3,\"name\":\"NATURE PIONEOR\"}]},{\"@type\":\"WebSite\",\"@id\":\"https:\/\/originshape.com\/#website\",\"url\":\"https:\/\/originshape.com\/\",\"name\":\"Origin Shape\",\"description\":\"Nutrition and Fitness\",\"publisher\":{\"@id\":\"https:\/\/originshape.com\/#organization\"},\"potentialAction\":[{\"@type\":\"SearchAction\",\"target\":{\"@type\":\"EntryPoint\",\"urlTemplate\":\"https:\/\/originshape.com\/?s={search_term_string}\"},\"query-input\":{\"@type\":\"PropertyValueSpecification\",\"valueRequired\":true,\"valueName\":\"search_term_string\"}}],\"inLanguage\":\"es-DO\"},{\"@type\":\"Organization\",\"@id\":\"https:\/\/originshape.com\/#organization\",\"name\":\"Origin Shape\",\"url\":\"https:\/\/originshape.com\/\",\"logo\":{\"@type\":\"ImageObject\",\"inLanguage\":\"es-DO\",\"@id\":\"https:\/\/originshape.com\/#\/schema\/logo\/image\/\",\"url\":\"https:\/\/originshape.com\/wp-content\/uploads\/2022\/12\/39C56CFB-F744-41B1-9128-E6E7FF57EA6D.png\",\"contentUrl\":\"https:\/\/originshape.com\/wp-content\/uploads\/2022\/12\/39C56CFB-F744-41B1-9128-E6E7FF57EA6D.png\",\"width\":512,\"height\":512,\"caption\":\"Origin Shape\"},\"image\":{\"@id\":\"https:\/\/originshape.com\/#\/schema\/logo\/image\/\"}}]}<\/script>\n<!-- \/ Yoast SEO plugin. -->","yoast_head_json":{"title":"NATURE PIONEOR - Origin Shape","robots":{"index":"index","follow":"follow","max-snippet":"max-snippet:-1","max-image-preview":"max-image-preview:large","max-video-preview":"max-video-preview:-1"},"canonical":"https:\/\/originshape.com\/es\/product\/nature-pioneor\/","og_locale":"es_ES","og_type":"article","og_title":"NATURE PIONEOR - Origin Shape","og_description":"Juego de botellas de agua con aislamiento al vac\u00edo de 128 onzas con soporte de transporte, jarra de acero inoxidable de grado alimenticio 18\/8, jarra de un gal\u00f3n, cultivador de cerveza con bolsa de transporte para acampar al aire libre, senderismo Sobre este art\u00edculo Juego de combinaci\u00f3n de calidad: viene con jarra de acero inoxidable [&hellip;]","og_url":"https:\/\/originshape.com\/es\/product\/nature-pioneor\/","og_site_name":"Origin Shape","article_modified_time":"2023-06-10T20:18:19+00:00","og_image":[{"width":964,"height":873,"url":"https:\/\/originshape.com\/wp-content\/uploads\/2022\/12\/termo-y-lonchera.jpg","type":"image\/jpeg"}],"twitter_misc":{"Est. reading time":"2 minutos"},"schema":{"@context":"https:\/\/schema.org","@graph":[{"@type":"WebPage","@id":"https:\/\/originshape.com\/product\/nature-pioneor\/","url":"https:\/\/originshape.com\/product\/nature-pioneor\/","name":"NATURE PIONEOR - Origin Shape","isPartOf":{"@id":"https:\/\/originshape.com\/#website"},"primaryImageOfPage":{"@id":"https:\/\/originshape.com\/product\/nature-pioneor\/#primaryimage"},"image":{"@id":"https:\/\/originshape.com\/product\/nature-pioneor\/#primaryimage"},"thumbnailUrl":"https:\/\/originshape.com\/wp-content\/uploads\/2022\/12\/termo-y-lonchera.jpg","datePublished":"2022-12-03T04:18:22+00:00","dateModified":"2023-06-10T20:18:19+00:00","breadcrumb":{"@id":"https:\/\/originshape.com\/product\/nature-pioneor\/#breadcrumb"},"inLanguage":"es-DO","potentialAction":[{"@type":"ReadAction","target":["https:\/\/originshape.com\/product\/nature-pioneor\/"]}]},{"@type":"ImageObject","inLanguage":"es-DO","@id":"https:\/\/originshape.com\/product\/nature-pioneor\/#primaryimage","url":"https:\/\/originshape.com\/wp-content\/uploads\/2022\/12\/termo-y-lonchera.jpg","contentUrl":"https:\/\/originshape.com\/wp-content\/uploads\/2022\/12\/termo-y-lonchera.jpg","width":964,"height":873},{"@type":"BreadcrumbList","@id":"https:\/\/originshape.com\/product\/nature-pioneor\/#breadcrumb","itemListElement":[{"@type":"ListItem","position":1,"name":"Home","item":"https:\/\/originshape.com\/"},{"@type":"ListItem","position":2,"name":"Store clothes","item":"https:\/\/originshape.com\/store-2\/"},{"@type":"ListItem","position":3,"name":"NATURE PIONEOR"}]},{"@type":"WebSite","@id":"https:\/\/originshape.com\/#website","url":"https:\/\/originshape.com\/","name":"Origin Shape","description":"Nutrition and Fitness","publisher":{"@id":"https:\/\/originshape.com\/#organization"},"potentialAction":[{"@type":"SearchAction","target":{"@type":"EntryPoint","urlTemplate":"https:\/\/originshape.com\/?s={search_term_string}"},"query-input":{"@type":"PropertyValueSpecification","valueRequired":true,"valueName":"search_term_string"}}],"inLanguage":"es-DO"},{"@type":"Organization","@id":"https:\/\/originshape.com\/#organization","name":"Origin Shape","url":"https:\/\/originshape.com\/","logo":{"@type":"ImageObject","inLanguage":"es-DO","@id":"https:\/\/originshape.com\/#\/schema\/logo\/image\/","url":"https:\/\/originshape.com\/wp-content\/uploads\/2022\/12\/39C56CFB-F744-41B1-9128-E6E7FF57EA6D.png","contentUrl":"https:\/\/originshape.com\/wp-content\/uploads\/2022\/12\/39C56CFB-F744-41B1-9128-E6E7FF57EA6D.png","width":512,"height":512,"caption":"Origin Shape"},"image":{"@id":"https:\/\/originshape.com\/#\/schema\/logo\/image\/"}}]}},"jetpack_sharing_enabled":true,"_links":{"self":[{"href":"https:\/\/originshape.com\/es\/wp-json\/wp\/v2\/product\/4744","targetHints":{"allow":["GET"]}}],"collection":[{"href":"https:\/\/originshape.com\/es\/wp-json\/wp\/v2\/product"}],"about":[{"href":"https:\/\/originshape.com\/es\/wp-json\/wp\/v2\/types\/product"}],"replies":[{"embeddable":true,"href":"https:\/\/originshape.com\/es\/wp-json\/wp\/v2\/comments?post=4744"}],"wp:featuredmedia":[{"embeddable":true,"href":"https:\/\/originshape.com\/es\/wp-json\/wp\/v2\/media\/4746"}],"wp:attachment":[{"href":"https:\/\/originshape.com\/es\/wp-json\/wp\/v2\/media?parent=4744"}],"wp:term":[{"taxonomy":"product_brand","embeddable":true,"href":"https:\/\/originshape.com\/es\/wp-json\/wp\/v2\/product_brand?post=4744"},{"taxonomy":"product_cat","embeddable":true,"href":"https:\/\/originshape.com\/es\/wp-json\/wp\/v2\/product_cat?post=4744"},{"taxonomy":"product_tag","embeddable":true,"href":"https:\/\/originshape.com\/es\/wp-json\/wp\/v2\/product_tag?post=4744"}],"curies":[{"name":"wp","href":"https:\/\/api.w.org\/{rel}","templated":true}]}}