{"id":4747,"date":"2022-12-03T04:27:25","date_gmt":"2022-12-03T04:27:25","guid":{"rendered":"https:\/\/originshape.com\/?post_type=product&#038;p=4747"},"modified":"2023-06-10T21:19:36","modified_gmt":"2023-06-10T21:19:36","slug":"vita-vibe-wood-parallettes-set-18-24-long","status":"publish","type":"product","link":"https:\/\/originshape.com\/es\/product\/vita-vibe-wood-parallettes-set-18-24-long\/","title":{"rendered":"Vita Vibe Wood Parallettes Set 18&#8243; &#8211; 24&#8243; Long"},"content":{"rendered":"<ul class=\"a-unordered-list a-vertical a-spacing-mini\">\n<li><span class=\"a-list-item\">Fuerte pero ligero, soporta m\u00e1s de 250 libras <\/span><\/li>\n<li><span class=\"a-list-item\">Barra de ceniza de madera dura natural, lijada suave y lista para usar <\/span><\/li>\n<li><span class=\"a-list-item\">Base de acero con recubrimiento en polvo de calibre pesado. <\/span><\/li>\n<li><span class=\"a-list-item\">Patas de goma antideslizantes y no da\u00f1an <\/span><\/li>\n<li><span class=\"a-list-item\">Fabricado en Estados Unidos, 10 a\u00f1os de garant\u00eda<\/span><\/li>\n<\/ul>","protected":false},"excerpt":{"rendered":"<p>Fuerte pero ligero, soporta m\u00e1s de 250 libras Barra de ceniza de madera dura natural, lijada suave y lista para usar Base de acero con recubrimiento en polvo de calibre pesado. Patas de goma antideslizantes y no da\u00f1an Fabricado en Estados Unidos, 10 a\u00f1os de garant\u00eda<\/p>","protected":false},"featured_media":6210,"comment_status":"closed","ping_status":"closed","template":"","meta":[],"product_brand":[],"product_cat":[88,87],"product_tag":[],"class_list":{"0":"post-4747","1":"product","2":"type-product","3":"status-publish","4":"has-post-thumbnail","6":"product_cat-accesorios-amaz","7":"product_cat-gym-equipments","9":"first","10":"instock","11":"taxable","12":"shipping-taxable","13":"product-type-external"},"yoast_head":"<!-- This site is optimized with the Yoast SEO plugin v24.0 - https:\/\/yoast.com\/wordpress\/plugins\/seo\/ -->\n<title>Vita Vibe Wood Parallettes Set 18&quot; - 24&quot; Long - Origin Shape<\/title>\n<meta name=\"robots\" content=\"index, follow, max-snippet:-1, max-image-preview:large, max-video-preview:-1\" \/>\n<link rel=\"canonical\" href=\"https:\/\/originshape.com\/es\/product\/vita-vibe-wood-parallettes-set-18-24-long\/\" \/>\n<meta property=\"og:locale\" content=\"es_ES\" \/>\n<meta property=\"og:type\" content=\"article\" \/>\n<meta property=\"og:title\" content=\"Vita Vibe Wood Parallettes Set 18&quot; - 24&quot; Long - Origin Shape\" \/>\n<meta property=\"og:description\" content=\"Fuerte pero ligero, soporta m\u00e1s de 250 libras Barra de ceniza de madera dura natural, lijada suave y lista para usar Base de acero con recubrimiento en polvo de calibre pesado. Patas de goma antideslizantes y no da\u00f1an Fabricado en Estados Unidos, 10 a\u00f1os de garant\u00eda\" \/>\n<meta property=\"og:url\" content=\"https:\/\/originshape.com\/es\/product\/vita-vibe-wood-parallettes-set-18-24-long\/\" \/>\n<meta property=\"og:site_name\" content=\"Origin Shape\" \/>\n<meta property=\"article:modified_time\" content=\"2023-06-10T21:19:36+00:00\" \/>\n<meta property=\"og:image\" content=\"https:\/\/originshape.com\/wp-content\/uploads\/2022\/12\/Parallettes-set-1.jpg\" \/>\n\t<meta property=\"og:image:width\" content=\"1500\" \/>\n\t<meta property=\"og:image:height\" content=\"886\" \/>\n\t<meta property=\"og:image:type\" content=\"image\/jpeg\" \/>\n<meta name=\"twitter:label1\" content=\"Est. reading time\" \/>\n\t<meta name=\"twitter:data1\" content=\"1 minuto\" \/>\n<script type=\"application\/ld+json\" class=\"yoast-schema-graph\">{\"@context\":\"https:\/\/schema.org\",\"@graph\":[{\"@type\":\"WebPage\",\"@id\":\"https:\/\/originshape.com\/product\/vita-vibe-wood-parallettes-set-18-24-long\/\",\"url\":\"https:\/\/originshape.com\/product\/vita-vibe-wood-parallettes-set-18-24-long\/\",\"name\":\"Vita Vibe Wood Parallettes Set 18\\\" - 24\\\" Long - Origin Shape\",\"isPartOf\":{\"@id\":\"https:\/\/originshape.com\/#website\"},\"primaryImageOfPage\":{\"@id\":\"https:\/\/originshape.com\/product\/vita-vibe-wood-parallettes-set-18-24-long\/#primaryimage\"},\"image\":{\"@id\":\"https:\/\/originshape.com\/product\/vita-vibe-wood-parallettes-set-18-24-long\/#primaryimage\"},\"thumbnailUrl\":\"https:\/\/originshape.com\/wp-content\/uploads\/2022\/12\/Parallettes-set-1.jpg\",\"datePublished\":\"2022-12-03T04:27:25+00:00\",\"dateModified\":\"2023-06-10T21:19:36+00:00\",\"breadcrumb\":{\"@id\":\"https:\/\/originshape.com\/product\/vita-vibe-wood-parallettes-set-18-24-long\/#breadcrumb\"},\"inLanguage\":\"es-DO\",\"potentialAction\":[{\"@type\":\"ReadAction\",\"target\":[\"https:\/\/originshape.com\/product\/vita-vibe-wood-parallettes-set-18-24-long\/\"]}]},{\"@type\":\"ImageObject\",\"inLanguage\":\"es-DO\",\"@id\":\"https:\/\/originshape.com\/product\/vita-vibe-wood-parallettes-set-18-24-long\/#primaryimage\",\"url\":\"https:\/\/originshape.com\/wp-content\/uploads\/2022\/12\/Parallettes-set-1.jpg\",\"contentUrl\":\"https:\/\/originshape.com\/wp-content\/uploads\/2022\/12\/Parallettes-set-1.jpg\",\"width\":1500,\"height\":886},{\"@type\":\"BreadcrumbList\",\"@id\":\"https:\/\/originshape.com\/product\/vita-vibe-wood-parallettes-set-18-24-long\/#breadcrumb\",\"itemListElement\":[{\"@type\":\"ListItem\",\"position\":1,\"name\":\"Home\",\"item\":\"https:\/\/originshape.com\/\"},{\"@type\":\"ListItem\",\"position\":2,\"name\":\"Store clothes\",\"item\":\"https:\/\/originshape.com\/store-2\/\"},{\"@type\":\"ListItem\",\"position\":3,\"name\":\"Vita Vibe Wood Parallettes Set 18&#8243; &#8211; 24&#8243; Long\"}]},{\"@type\":\"WebSite\",\"@id\":\"https:\/\/originshape.com\/#website\",\"url\":\"https:\/\/originshape.com\/\",\"name\":\"Origin Shape\",\"description\":\"Nutrition and Fitness\",\"publisher\":{\"@id\":\"https:\/\/originshape.com\/#organization\"},\"potentialAction\":[{\"@type\":\"SearchAction\",\"target\":{\"@type\":\"EntryPoint\",\"urlTemplate\":\"https:\/\/originshape.com\/?s={search_term_string}\"},\"query-input\":{\"@type\":\"PropertyValueSpecification\",\"valueRequired\":true,\"valueName\":\"search_term_string\"}}],\"inLanguage\":\"es-DO\"},{\"@type\":\"Organization\",\"@id\":\"https:\/\/originshape.com\/#organization\",\"name\":\"Origin Shape\",\"url\":\"https:\/\/originshape.com\/\",\"logo\":{\"@type\":\"ImageObject\",\"inLanguage\":\"es-DO\",\"@id\":\"https:\/\/originshape.com\/#\/schema\/logo\/image\/\",\"url\":\"https:\/\/originshape.com\/wp-content\/uploads\/2022\/12\/39C56CFB-F744-41B1-9128-E6E7FF57EA6D.png\",\"contentUrl\":\"https:\/\/originshape.com\/wp-content\/uploads\/2022\/12\/39C56CFB-F744-41B1-9128-E6E7FF57EA6D.png\",\"width\":512,\"height\":512,\"caption\":\"Origin Shape\"},\"image\":{\"@id\":\"https:\/\/originshape.com\/#\/schema\/logo\/image\/\"}}]}<\/script>\n<!-- \/ Yoast SEO plugin. -->","yoast_head_json":{"title":"Vita Vibe Wood Parallettes Set 18\" - 24\" Long - Origin Shape","robots":{"index":"index","follow":"follow","max-snippet":"max-snippet:-1","max-image-preview":"max-image-preview:large","max-video-preview":"max-video-preview:-1"},"canonical":"https:\/\/originshape.com\/es\/product\/vita-vibe-wood-parallettes-set-18-24-long\/","og_locale":"es_ES","og_type":"article","og_title":"Vita Vibe Wood Parallettes Set 18\" - 24\" Long - Origin Shape","og_description":"Fuerte pero ligero, soporta m\u00e1s de 250 libras Barra de ceniza de madera dura natural, lijada suave y lista para usar Base de acero con recubrimiento en polvo de calibre pesado. Patas de goma antideslizantes y no da\u00f1an Fabricado en Estados Unidos, 10 a\u00f1os de garant\u00eda","og_url":"https:\/\/originshape.com\/es\/product\/vita-vibe-wood-parallettes-set-18-24-long\/","og_site_name":"Origin Shape","article_modified_time":"2023-06-10T21:19:36+00:00","og_image":[{"width":1500,"height":886,"url":"https:\/\/originshape.com\/wp-content\/uploads\/2022\/12\/Parallettes-set-1.jpg","type":"image\/jpeg"}],"twitter_misc":{"Est. reading time":"1 minuto"},"schema":{"@context":"https:\/\/schema.org","@graph":[{"@type":"WebPage","@id":"https:\/\/originshape.com\/product\/vita-vibe-wood-parallettes-set-18-24-long\/","url":"https:\/\/originshape.com\/product\/vita-vibe-wood-parallettes-set-18-24-long\/","name":"Vita Vibe Wood Parallettes Set 18\" - 24\" Long - Origin Shape","isPartOf":{"@id":"https:\/\/originshape.com\/#website"},"primaryImageOfPage":{"@id":"https:\/\/originshape.com\/product\/vita-vibe-wood-parallettes-set-18-24-long\/#primaryimage"},"image":{"@id":"https:\/\/originshape.com\/product\/vita-vibe-wood-parallettes-set-18-24-long\/#primaryimage"},"thumbnailUrl":"https:\/\/originshape.com\/wp-content\/uploads\/2022\/12\/Parallettes-set-1.jpg","datePublished":"2022-12-03T04:27:25+00:00","dateModified":"2023-06-10T21:19:36+00:00","breadcrumb":{"@id":"https:\/\/originshape.com\/product\/vita-vibe-wood-parallettes-set-18-24-long\/#breadcrumb"},"inLanguage":"es-DO","potentialAction":[{"@type":"ReadAction","target":["https:\/\/originshape.com\/product\/vita-vibe-wood-parallettes-set-18-24-long\/"]}]},{"@type":"ImageObject","inLanguage":"es-DO","@id":"https:\/\/originshape.com\/product\/vita-vibe-wood-parallettes-set-18-24-long\/#primaryimage","url":"https:\/\/originshape.com\/wp-content\/uploads\/2022\/12\/Parallettes-set-1.jpg","contentUrl":"https:\/\/originshape.com\/wp-content\/uploads\/2022\/12\/Parallettes-set-1.jpg","width":1500,"height":886},{"@type":"BreadcrumbList","@id":"https:\/\/originshape.com\/product\/vita-vibe-wood-parallettes-set-18-24-long\/#breadcrumb","itemListElement":[{"@type":"ListItem","position":1,"name":"Home","item":"https:\/\/originshape.com\/"},{"@type":"ListItem","position":2,"name":"Store clothes","item":"https:\/\/originshape.com\/store-2\/"},{"@type":"ListItem","position":3,"name":"Vita Vibe Wood Parallettes Set 18&#8243; &#8211; 24&#8243; Long"}]},{"@type":"WebSite","@id":"https:\/\/originshape.com\/#website","url":"https:\/\/originshape.com\/","name":"Origin Shape","description":"Nutrition and Fitness","publisher":{"@id":"https:\/\/originshape.com\/#organization"},"potentialAction":[{"@type":"SearchAction","target":{"@type":"EntryPoint","urlTemplate":"https:\/\/originshape.com\/?s={search_term_string}"},"query-input":{"@type":"PropertyValueSpecification","valueRequired":true,"valueName":"search_term_string"}}],"inLanguage":"es-DO"},{"@type":"Organization","@id":"https:\/\/originshape.com\/#organization","name":"Origin Shape","url":"https:\/\/originshape.com\/","logo":{"@type":"ImageObject","inLanguage":"es-DO","@id":"https:\/\/originshape.com\/#\/schema\/logo\/image\/","url":"https:\/\/originshape.com\/wp-content\/uploads\/2022\/12\/39C56CFB-F744-41B1-9128-E6E7FF57EA6D.png","contentUrl":"https:\/\/originshape.com\/wp-content\/uploads\/2022\/12\/39C56CFB-F744-41B1-9128-E6E7FF57EA6D.png","width":512,"height":512,"caption":"Origin Shape"},"image":{"@id":"https:\/\/originshape.com\/#\/schema\/logo\/image\/"}}]}},"jetpack_sharing_enabled":true,"_links":{"self":[{"href":"https:\/\/originshape.com\/es\/wp-json\/wp\/v2\/product\/4747","targetHints":{"allow":["GET"]}}],"collection":[{"href":"https:\/\/originshape.com\/es\/wp-json\/wp\/v2\/product"}],"about":[{"href":"https:\/\/originshape.com\/es\/wp-json\/wp\/v2\/types\/product"}],"replies":[{"embeddable":true,"href":"https:\/\/originshape.com\/es\/wp-json\/wp\/v2\/comments?post=4747"}],"wp:featuredmedia":[{"embeddable":true,"href":"https:\/\/originshape.com\/es\/wp-json\/wp\/v2\/media\/6210"}],"wp:attachment":[{"href":"https:\/\/originshape.com\/es\/wp-json\/wp\/v2\/media?parent=4747"}],"wp:term":[{"taxonomy":"product_brand","embeddable":true,"href":"https:\/\/originshape.com\/es\/wp-json\/wp\/v2\/product_brand?post=4747"},{"taxonomy":"product_cat","embeddable":true,"href":"https:\/\/originshape.com\/es\/wp-json\/wp\/v2\/product_cat?post=4747"},{"taxonomy":"product_tag","embeddable":true,"href":"https:\/\/originshape.com\/es\/wp-json\/wp\/v2\/product_tag?post=4747"}],"curies":[{"name":"wp","href":"https:\/\/api.w.org\/{rel}","templated":true}]}}