{"id":4750,"date":"2022-12-03T04:35:08","date_gmt":"2022-12-03T04:35:08","guid":{"rendered":"https:\/\/originshape.com\/?post_type=product&#038;p=4750"},"modified":"2023-06-10T19:36:56","modified_gmt":"2023-06-10T19:36:56","slug":"aecojoy-alfombrilla-de-entrenamiento-para-gimnasia","status":"publish","type":"product","link":"https:\/\/originshape.com\/es\/product\/aecojoy-alfombrilla-de-entrenamiento-para-gimnasia\/","title":{"rendered":"FBSPORT Colchoneta inflable de gimnasia de aire"},"content":{"rendered":"<h4 id=\"title\" class=\"a-size-large a-spacing-none\"><span id=\"productTitle\" class=\"a-size-large product-title-word-break\">De 13 pies, 16 pies, 20 pies, 23 pies, 26 pies, 4\/8 pulgadas de grosor, pistas de gimnasia para uso dom\u00e9stico, entrenamiento, animaci\u00f3n, yoga, agua con bomba<\/span><\/h4>\n<h1 class=\"a-size-base-plus a-text-bold\">Sobre este art\u00edculo<\/h1>\n<ul class=\"a-unordered-list a-vertical a-spacing-mini\">\n<li><span class=\"a-list-item\">Colchoneta inflable profesional para gimnasia: Colchoneta de gimnasia de 13, 16, 20, 23, 26 y 30 pies al por mayor hecha de filamento 500D y lona de PVC de alta calidad con una mejor hermeticidad y durabilidad, ya que el refuerzo est\u00e1 hecho para todas las costuras. Ofrecemos diferentes tama\u00f1os para diferentes entrenamientos; el tama\u00f1o grande es ideal para entrenamiento en grupo o gimnasia profesional, y el chico para uso en casa o entrenamiento diario. <\/span><\/li>\n<li><span class=\"a-list-item\">Multiusos: Puedes colocar esta colchoneta inflable en el suelo para practicar gimnasia art\u00edstica o entrenamiento de alto rendimiento, puedes usarla en tu propia casa o en clubes de entrenamiento, clubes de baile, escuelas, gimnasios, centros de ocio, entrenamiento profesional, parques o negocios de alquiler. Tambi\u00e9n se podr\u00eda utilizar en la playa o en el agua, en patios traseros o sobre c\u00e9sped para pr\u00e1cticas de porristas y de gimnasia, en playas, parques y para uso dom\u00e9stico. <\/span><\/li>\n<li><span class=\"a-list-item\">Inflado r\u00e1pido: Recibir\u00e1s una bomba de aire el\u00e9ctrica. Inflar o desinflar la pista de gimnasia inflable demora menos de 1 minuto. No hace ruido durante el entrenamiento. Despu\u00e9s de inflar, la colchoneta de gimnasia de aire mantendr\u00e1 su presi\u00f3n durante d\u00edas. <\/span><\/li>\n<li><span class=\"a-list-item\">M\u00e1s seguridad: En comparaci\u00f3n con otros equipos de ejercicio, esta colchoneta inflable aumenta la frecuencia repetitiva y reduce el riesgo de lesiones.<\/span><\/li>\n<\/ul>","protected":false},"excerpt":{"rendered":"<p>De 13 pies, 16 pies, 20 pies, 23 pies, 26 pies, 4\/8 pulgadas de grosor, pistas de gimnasia para uso dom\u00e9stico, entrenamiento, animaci\u00f3n, yoga, agua con bomba Sobre este art\u00edculo Colchoneta inflable profesional para gimnasia: Colchoneta de gimnasia de 13, 16, 20, 23, 26 y 30 pies al por mayor hecha de filamento 500D y [&hellip;]<\/p>","protected":false},"featured_media":4763,"comment_status":"closed","ping_status":"closed","template":"","meta":[],"product_brand":[],"product_cat":[87],"product_tag":[],"class_list":{"0":"post-4750","1":"product","2":"type-product","3":"status-publish","4":"has-post-thumbnail","6":"product_cat-gym-equipments","8":"first","9":"instock","10":"taxable","11":"shipping-taxable","12":"product-type-external"},"yoast_head":"<!-- This site is optimized with the Yoast SEO plugin v24.0 - https:\/\/yoast.com\/wordpress\/plugins\/seo\/ -->\n<title>FBSPORT Colchoneta inflable de gimnasia de aire - Origin Shape<\/title>\n<meta name=\"robots\" content=\"index, follow, max-snippet:-1, max-image-preview:large, max-video-preview:-1\" \/>\n<link rel=\"canonical\" href=\"https:\/\/originshape.com\/es\/product\/aecojoy-alfombrilla-de-entrenamiento-para-gimnasia\/\" \/>\n<meta property=\"og:locale\" content=\"es_ES\" \/>\n<meta property=\"og:type\" content=\"article\" \/>\n<meta property=\"og:title\" content=\"FBSPORT Colchoneta inflable de gimnasia de aire - Origin Shape\" \/>\n<meta property=\"og:description\" content=\"De 13 pies, 16 pies, 20 pies, 23 pies, 26 pies, 4\/8 pulgadas de grosor, pistas de gimnasia para uso dom\u00e9stico, entrenamiento, animaci\u00f3n, yoga, agua con bomba Sobre este art\u00edculo Colchoneta inflable profesional para gimnasia: Colchoneta de gimnasia de 13, 16, 20, 23, 26 y 30 pies al por mayor hecha de filamento 500D y [&hellip;]\" \/>\n<meta property=\"og:url\" content=\"https:\/\/originshape.com\/es\/product\/aecojoy-alfombrilla-de-entrenamiento-para-gimnasia\/\" \/>\n<meta property=\"og:site_name\" content=\"Origin Shape\" \/>\n<meta property=\"article:modified_time\" content=\"2023-06-10T19:36:56+00:00\" \/>\n<meta property=\"og:image\" content=\"https:\/\/originshape.com\/wp-content\/uploads\/2022\/12\/colchon-de-gimnasia.jpg\" \/>\n\t<meta property=\"og:image:width\" content=\"1420\" \/>\n\t<meta property=\"og:image:height\" content=\"1324\" \/>\n\t<meta property=\"og:image:type\" content=\"image\/jpeg\" \/>\n<meta name=\"twitter:label1\" content=\"Est. reading time\" \/>\n\t<meta name=\"twitter:data1\" content=\"2 minutos\" \/>\n<script type=\"application\/ld+json\" class=\"yoast-schema-graph\">{\"@context\":\"https:\/\/schema.org\",\"@graph\":[{\"@type\":\"WebPage\",\"@id\":\"https:\/\/originshape.com\/product\/aecojoy-alfombrilla-de-entrenamiento-para-gimnasia\/\",\"url\":\"https:\/\/originshape.com\/product\/aecojoy-alfombrilla-de-entrenamiento-para-gimnasia\/\",\"name\":\"FBSPORT Colchoneta inflable de gimnasia de aire - Origin Shape\",\"isPartOf\":{\"@id\":\"https:\/\/originshape.com\/#website\"},\"primaryImageOfPage\":{\"@id\":\"https:\/\/originshape.com\/product\/aecojoy-alfombrilla-de-entrenamiento-para-gimnasia\/#primaryimage\"},\"image\":{\"@id\":\"https:\/\/originshape.com\/product\/aecojoy-alfombrilla-de-entrenamiento-para-gimnasia\/#primaryimage\"},\"thumbnailUrl\":\"https:\/\/originshape.com\/wp-content\/uploads\/2022\/12\/colchon-de-gimnasia.jpg\",\"datePublished\":\"2022-12-03T04:35:08+00:00\",\"dateModified\":\"2023-06-10T19:36:56+00:00\",\"breadcrumb\":{\"@id\":\"https:\/\/originshape.com\/product\/aecojoy-alfombrilla-de-entrenamiento-para-gimnasia\/#breadcrumb\"},\"inLanguage\":\"es-DO\",\"potentialAction\":[{\"@type\":\"ReadAction\",\"target\":[\"https:\/\/originshape.com\/product\/aecojoy-alfombrilla-de-entrenamiento-para-gimnasia\/\"]}]},{\"@type\":\"ImageObject\",\"inLanguage\":\"es-DO\",\"@id\":\"https:\/\/originshape.com\/product\/aecojoy-alfombrilla-de-entrenamiento-para-gimnasia\/#primaryimage\",\"url\":\"https:\/\/originshape.com\/wp-content\/uploads\/2022\/12\/colchon-de-gimnasia.jpg\",\"contentUrl\":\"https:\/\/originshape.com\/wp-content\/uploads\/2022\/12\/colchon-de-gimnasia.jpg\",\"width\":1420,\"height\":1324},{\"@type\":\"BreadcrumbList\",\"@id\":\"https:\/\/originshape.com\/product\/aecojoy-alfombrilla-de-entrenamiento-para-gimnasia\/#breadcrumb\",\"itemListElement\":[{\"@type\":\"ListItem\",\"position\":1,\"name\":\"Home\",\"item\":\"https:\/\/originshape.com\/\"},{\"@type\":\"ListItem\",\"position\":2,\"name\":\"Store clothes\",\"item\":\"https:\/\/originshape.com\/store-2\/\"},{\"@type\":\"ListItem\",\"position\":3,\"name\":\"FBSPORT Colchoneta inflable de gimnasia de aire\"}]},{\"@type\":\"WebSite\",\"@id\":\"https:\/\/originshape.com\/#website\",\"url\":\"https:\/\/originshape.com\/\",\"name\":\"Origin Shape\",\"description\":\"Nutrition and Fitness\",\"publisher\":{\"@id\":\"https:\/\/originshape.com\/#organization\"},\"potentialAction\":[{\"@type\":\"SearchAction\",\"target\":{\"@type\":\"EntryPoint\",\"urlTemplate\":\"https:\/\/originshape.com\/?s={search_term_string}\"},\"query-input\":{\"@type\":\"PropertyValueSpecification\",\"valueRequired\":true,\"valueName\":\"search_term_string\"}}],\"inLanguage\":\"es-DO\"},{\"@type\":\"Organization\",\"@id\":\"https:\/\/originshape.com\/#organization\",\"name\":\"Origin Shape\",\"url\":\"https:\/\/originshape.com\/\",\"logo\":{\"@type\":\"ImageObject\",\"inLanguage\":\"es-DO\",\"@id\":\"https:\/\/originshape.com\/#\/schema\/logo\/image\/\",\"url\":\"https:\/\/originshape.com\/wp-content\/uploads\/2022\/12\/39C56CFB-F744-41B1-9128-E6E7FF57EA6D.png\",\"contentUrl\":\"https:\/\/originshape.com\/wp-content\/uploads\/2022\/12\/39C56CFB-F744-41B1-9128-E6E7FF57EA6D.png\",\"width\":512,\"height\":512,\"caption\":\"Origin Shape\"},\"image\":{\"@id\":\"https:\/\/originshape.com\/#\/schema\/logo\/image\/\"}}]}<\/script>\n<!-- \/ Yoast SEO plugin. -->","yoast_head_json":{"title":"FBSPORT Colchoneta inflable de gimnasia de aire - Origin Shape","robots":{"index":"index","follow":"follow","max-snippet":"max-snippet:-1","max-image-preview":"max-image-preview:large","max-video-preview":"max-video-preview:-1"},"canonical":"https:\/\/originshape.com\/es\/product\/aecojoy-alfombrilla-de-entrenamiento-para-gimnasia\/","og_locale":"es_ES","og_type":"article","og_title":"FBSPORT Colchoneta inflable de gimnasia de aire - Origin Shape","og_description":"De 13 pies, 16 pies, 20 pies, 23 pies, 26 pies, 4\/8 pulgadas de grosor, pistas de gimnasia para uso dom\u00e9stico, entrenamiento, animaci\u00f3n, yoga, agua con bomba Sobre este art\u00edculo Colchoneta inflable profesional para gimnasia: Colchoneta de gimnasia de 13, 16, 20, 23, 26 y 30 pies al por mayor hecha de filamento 500D y [&hellip;]","og_url":"https:\/\/originshape.com\/es\/product\/aecojoy-alfombrilla-de-entrenamiento-para-gimnasia\/","og_site_name":"Origin Shape","article_modified_time":"2023-06-10T19:36:56+00:00","og_image":[{"width":1420,"height":1324,"url":"https:\/\/originshape.com\/wp-content\/uploads\/2022\/12\/colchon-de-gimnasia.jpg","type":"image\/jpeg"}],"twitter_misc":{"Est. reading time":"2 minutos"},"schema":{"@context":"https:\/\/schema.org","@graph":[{"@type":"WebPage","@id":"https:\/\/originshape.com\/product\/aecojoy-alfombrilla-de-entrenamiento-para-gimnasia\/","url":"https:\/\/originshape.com\/product\/aecojoy-alfombrilla-de-entrenamiento-para-gimnasia\/","name":"FBSPORT Colchoneta inflable de gimnasia de aire - Origin Shape","isPartOf":{"@id":"https:\/\/originshape.com\/#website"},"primaryImageOfPage":{"@id":"https:\/\/originshape.com\/product\/aecojoy-alfombrilla-de-entrenamiento-para-gimnasia\/#primaryimage"},"image":{"@id":"https:\/\/originshape.com\/product\/aecojoy-alfombrilla-de-entrenamiento-para-gimnasia\/#primaryimage"},"thumbnailUrl":"https:\/\/originshape.com\/wp-content\/uploads\/2022\/12\/colchon-de-gimnasia.jpg","datePublished":"2022-12-03T04:35:08+00:00","dateModified":"2023-06-10T19:36:56+00:00","breadcrumb":{"@id":"https:\/\/originshape.com\/product\/aecojoy-alfombrilla-de-entrenamiento-para-gimnasia\/#breadcrumb"},"inLanguage":"es-DO","potentialAction":[{"@type":"ReadAction","target":["https:\/\/originshape.com\/product\/aecojoy-alfombrilla-de-entrenamiento-para-gimnasia\/"]}]},{"@type":"ImageObject","inLanguage":"es-DO","@id":"https:\/\/originshape.com\/product\/aecojoy-alfombrilla-de-entrenamiento-para-gimnasia\/#primaryimage","url":"https:\/\/originshape.com\/wp-content\/uploads\/2022\/12\/colchon-de-gimnasia.jpg","contentUrl":"https:\/\/originshape.com\/wp-content\/uploads\/2022\/12\/colchon-de-gimnasia.jpg","width":1420,"height":1324},{"@type":"BreadcrumbList","@id":"https:\/\/originshape.com\/product\/aecojoy-alfombrilla-de-entrenamiento-para-gimnasia\/#breadcrumb","itemListElement":[{"@type":"ListItem","position":1,"name":"Home","item":"https:\/\/originshape.com\/"},{"@type":"ListItem","position":2,"name":"Store clothes","item":"https:\/\/originshape.com\/store-2\/"},{"@type":"ListItem","position":3,"name":"FBSPORT Colchoneta inflable de gimnasia de aire"}]},{"@type":"WebSite","@id":"https:\/\/originshape.com\/#website","url":"https:\/\/originshape.com\/","name":"Origin Shape","description":"Nutrition and Fitness","publisher":{"@id":"https:\/\/originshape.com\/#organization"},"potentialAction":[{"@type":"SearchAction","target":{"@type":"EntryPoint","urlTemplate":"https:\/\/originshape.com\/?s={search_term_string}"},"query-input":{"@type":"PropertyValueSpecification","valueRequired":true,"valueName":"search_term_string"}}],"inLanguage":"es-DO"},{"@type":"Organization","@id":"https:\/\/originshape.com\/#organization","name":"Origin Shape","url":"https:\/\/originshape.com\/","logo":{"@type":"ImageObject","inLanguage":"es-DO","@id":"https:\/\/originshape.com\/#\/schema\/logo\/image\/","url":"https:\/\/originshape.com\/wp-content\/uploads\/2022\/12\/39C56CFB-F744-41B1-9128-E6E7FF57EA6D.png","contentUrl":"https:\/\/originshape.com\/wp-content\/uploads\/2022\/12\/39C56CFB-F744-41B1-9128-E6E7FF57EA6D.png","width":512,"height":512,"caption":"Origin Shape"},"image":{"@id":"https:\/\/originshape.com\/#\/schema\/logo\/image\/"}}]}},"jetpack_sharing_enabled":true,"_links":{"self":[{"href":"https:\/\/originshape.com\/es\/wp-json\/wp\/v2\/product\/4750","targetHints":{"allow":["GET"]}}],"collection":[{"href":"https:\/\/originshape.com\/es\/wp-json\/wp\/v2\/product"}],"about":[{"href":"https:\/\/originshape.com\/es\/wp-json\/wp\/v2\/types\/product"}],"replies":[{"embeddable":true,"href":"https:\/\/originshape.com\/es\/wp-json\/wp\/v2\/comments?post=4750"}],"wp:featuredmedia":[{"embeddable":true,"href":"https:\/\/originshape.com\/es\/wp-json\/wp\/v2\/media\/4763"}],"wp:attachment":[{"href":"https:\/\/originshape.com\/es\/wp-json\/wp\/v2\/media?parent=4750"}],"wp:term":[{"taxonomy":"product_brand","embeddable":true,"href":"https:\/\/originshape.com\/es\/wp-json\/wp\/v2\/product_brand?post=4750"},{"taxonomy":"product_cat","embeddable":true,"href":"https:\/\/originshape.com\/es\/wp-json\/wp\/v2\/product_cat?post=4750"},{"taxonomy":"product_tag","embeddable":true,"href":"https:\/\/originshape.com\/es\/wp-json\/wp\/v2\/product_tag?post=4750"}],"curies":[{"name":"wp","href":"https:\/\/api.w.org\/{rel}","templated":true}]}}