{"id":4767,"date":"2022-12-03T15:14:29","date_gmt":"2022-12-03T15:14:29","guid":{"rendered":"https:\/\/originshape.com\/?post_type=product&#038;p=4767"},"modified":"2023-06-10T19:57:32","modified_gmt":"2023-06-10T19:57:32","slug":"gonex-anillos-de-gimnasia-de-madera","status":"publish","type":"product","link":"https:\/\/originshape.com\/es\/product\/gonex-anillos-de-gimnasia-de-madera\/","title":{"rendered":"Gonex &#8211; Anillos de gimnasia de madera"},"content":{"rendered":"<h3 id=\"title\" class=\"a-size-large a-spacing-none\"><span id=\"productTitle\" class=\"a-size-large product-title-word-break\">Con correas de n\u00fameros ajustables, anillos de crossfit para gimnasio, entrenamiento, entrenamiento al aire libre, mosquet\u00f3n de instalaci\u00f3n r\u00e1pida, correas de 8.5 pies, anillos antideslizantes<\/span><\/h3>\n<h1>Sobre este articulo:<\/h1>\n<ul class=\"a-unordered-list a-vertical a-spacing-mini\">\n<li><span class=\"a-list-item\">100% poli\u00e9ster <\/span><\/li>\n<li><span class=\"a-list-item\">Mosquet\u00f3n de instalaci\u00f3n r\u00e1pida: \u00bfte molesta el complicado bloqueo del mosquet\u00f3n? \u00bfEst\u00e1s perdido por los complejos pasos del mosquet\u00f3n? \u00a1Elige Gonex! Nuestro mosquet\u00f3n r\u00e1pido est\u00e1 dise\u00f1ado para un uso r\u00e1pido y f\u00e1cil. No es necesario montar la correa por ti mismo. No hay necesidad de molestarse con pasos tediosos. El mosquet\u00f3n de instalaci\u00f3n r\u00e1pida te permite cambiar la longitud de la correa resistente en dos segundos. <\/span><\/li>\n<li><span class=\"a-list-item\">Correas seguras de doble capa con impresi\u00f3n digital: los anillos de gimnasia Gonex tienen correas de doble capa para garantizar una gran seguridad. Las correas de poli\u00e9ster de alta resistencia dobles de 1.37 x 8.5 pies est\u00e1n impresas con n\u00fameros ar\u00e1bigos para un ajuste sin complicaciones. No hay necesidad de ajustar la longitud con tus ojos. No hay necesidad de ajustar repetidamente. Puedes ajustar ambas correas a la misma altura muy f\u00e1cil y r\u00e1pidamente. <\/span><\/li>\n<li><span class=\"a-list-item\">Anillo de gimnasia de madera: los anillos de gimnasia Gonex est\u00e1n hechos de anillos de madera de 1.25 pulgadas de grosor, m\u00e1s duraderos y seguros que los anillos de pl\u00e1stico de PC o ABS, no parecen f\u00e1ciles de romper, en l\u00ednea con la mayor\u00eda de los consumidores de compra. <\/span><\/li>\n<li><span class=\"a-list-item\">F\u00e1cil instalaci\u00f3n: como se muestra en las instrucciones, es muy claro y f\u00e1cil de instalar los anillos de gimnasia. Atenci\u00f3n: 1) Para fijarlo m\u00e1s estable, rasga la pegatina negra y envu\u00e9lvala el extremo con ella de nuevo. 2) Para tu seguridad y rendimiento excepcional, te recordamos encarecidamente que bloquees el mosquet\u00f3n correctamente antes del entrenamiento. <\/span><\/li>\n<li><span class=\"a-list-item\">Entrenamiento CrossFit adecuado para familia, gimnasio, patio al aire libre: los anillos de gimnasia son la herramienta de fortalecimiento m\u00e1s eficaz para entrenar tus pectorales, abdominales y psoas. Es un contenido principal de CrossFit, as\u00ed como entrenamiento f\u00edsico y de fuerza. Los anillos de gimnasia Gonex se pueden instalar en hogares, gimnasios y patios al aire libr<\/span><\/li>\n<\/ul>","protected":false},"excerpt":{"rendered":"<p>Con correas de n\u00fameros ajustables, anillos de crossfit para gimnasio, entrenamiento, entrenamiento al aire libre, mosquet\u00f3n de instalaci\u00f3n r\u00e1pida, correas de 8.5 pies, anillos antideslizantes Sobre este articulo: 100% poli\u00e9ster Mosquet\u00f3n de instalaci\u00f3n r\u00e1pida: \u00bfte molesta el complicado bloqueo del mosquet\u00f3n? \u00bfEst\u00e1s perdido por los complejos pasos del mosquet\u00f3n? \u00a1Elige Gonex! Nuestro mosquet\u00f3n r\u00e1pido est\u00e1 [&hellip;]<\/p>","protected":false},"featured_media":6195,"comment_status":"open","ping_status":"closed","template":"","meta":[],"product_brand":[],"product_cat":[88,87],"product_tag":[],"class_list":{"0":"post-4767","1":"product","2":"type-product","3":"status-publish","4":"has-post-thumbnail","6":"product_cat-accesorios-amaz","7":"product_cat-gym-equipments","9":"first","10":"instock","11":"taxable","12":"shipping-taxable","13":"product-type-external"},"yoast_head":"<!-- This site is optimized with the Yoast SEO plugin v24.0 - https:\/\/yoast.com\/wordpress\/plugins\/seo\/ -->\n<title>Gonex - Anillos de gimnasia de madera - Origin Shape<\/title>\n<meta name=\"robots\" content=\"index, follow, max-snippet:-1, max-image-preview:large, max-video-preview:-1\" \/>\n<link rel=\"canonical\" href=\"https:\/\/originshape.com\/es\/product\/gonex-anillos-de-gimnasia-de-madera\/\" \/>\n<meta property=\"og:locale\" content=\"es_ES\" \/>\n<meta property=\"og:type\" content=\"article\" \/>\n<meta property=\"og:title\" content=\"Gonex - Anillos de gimnasia de madera - Origin Shape\" \/>\n<meta property=\"og:description\" content=\"Con correas de n\u00fameros ajustables, anillos de crossfit para gimnasio, entrenamiento, entrenamiento al aire libre, mosquet\u00f3n de instalaci\u00f3n r\u00e1pida, correas de 8.5 pies, anillos antideslizantes Sobre este articulo: 100% poli\u00e9ster Mosquet\u00f3n de instalaci\u00f3n r\u00e1pida: \u00bfte molesta el complicado bloqueo del mosquet\u00f3n? \u00bfEst\u00e1s perdido por los complejos pasos del mosquet\u00f3n? \u00a1Elige Gonex! Nuestro mosquet\u00f3n r\u00e1pido est\u00e1 [&hellip;]\" \/>\n<meta property=\"og:url\" content=\"https:\/\/originshape.com\/es\/product\/gonex-anillos-de-gimnasia-de-madera\/\" \/>\n<meta property=\"og:site_name\" content=\"Origin Shape\" \/>\n<meta property=\"article:modified_time\" content=\"2023-06-10T19:57:32+00:00\" \/>\n<meta property=\"og:image\" content=\"https:\/\/originshape.com\/wp-content\/uploads\/2022\/12\/Anillos-de-gimnasia-1.jpg\" \/>\n\t<meta property=\"og:image:width\" content=\"1422\" \/>\n\t<meta property=\"og:image:height\" content=\"1471\" \/>\n\t<meta property=\"og:image:type\" content=\"image\/jpeg\" \/>\n<meta name=\"twitter:label1\" content=\"Est. reading time\" \/>\n\t<meta name=\"twitter:data1\" content=\"2 minutos\" \/>\n<script type=\"application\/ld+json\" class=\"yoast-schema-graph\">{\"@context\":\"https:\/\/schema.org\",\"@graph\":[{\"@type\":\"WebPage\",\"@id\":\"https:\/\/originshape.com\/product\/gonex-anillos-de-gimnasia-de-madera\/\",\"url\":\"https:\/\/originshape.com\/product\/gonex-anillos-de-gimnasia-de-madera\/\",\"name\":\"Gonex - Anillos de gimnasia de madera - Origin Shape\",\"isPartOf\":{\"@id\":\"https:\/\/originshape.com\/#website\"},\"primaryImageOfPage\":{\"@id\":\"https:\/\/originshape.com\/product\/gonex-anillos-de-gimnasia-de-madera\/#primaryimage\"},\"image\":{\"@id\":\"https:\/\/originshape.com\/product\/gonex-anillos-de-gimnasia-de-madera\/#primaryimage\"},\"thumbnailUrl\":\"https:\/\/originshape.com\/wp-content\/uploads\/2022\/12\/Anillos-de-gimnasia-1.jpg\",\"datePublished\":\"2022-12-03T15:14:29+00:00\",\"dateModified\":\"2023-06-10T19:57:32+00:00\",\"breadcrumb\":{\"@id\":\"https:\/\/originshape.com\/product\/gonex-anillos-de-gimnasia-de-madera\/#breadcrumb\"},\"inLanguage\":\"es-DO\",\"potentialAction\":[{\"@type\":\"ReadAction\",\"target\":[\"https:\/\/originshape.com\/product\/gonex-anillos-de-gimnasia-de-madera\/\"]}]},{\"@type\":\"ImageObject\",\"inLanguage\":\"es-DO\",\"@id\":\"https:\/\/originshape.com\/product\/gonex-anillos-de-gimnasia-de-madera\/#primaryimage\",\"url\":\"https:\/\/originshape.com\/wp-content\/uploads\/2022\/12\/Anillos-de-gimnasia-1.jpg\",\"contentUrl\":\"https:\/\/originshape.com\/wp-content\/uploads\/2022\/12\/Anillos-de-gimnasia-1.jpg\",\"width\":1422,\"height\":1471},{\"@type\":\"BreadcrumbList\",\"@id\":\"https:\/\/originshape.com\/product\/gonex-anillos-de-gimnasia-de-madera\/#breadcrumb\",\"itemListElement\":[{\"@type\":\"ListItem\",\"position\":1,\"name\":\"Home\",\"item\":\"https:\/\/originshape.com\/\"},{\"@type\":\"ListItem\",\"position\":2,\"name\":\"Store clothes\",\"item\":\"https:\/\/originshape.com\/store-2\/\"},{\"@type\":\"ListItem\",\"position\":3,\"name\":\"Gonex &#8211; Anillos de gimnasia de madera\"}]},{\"@type\":\"WebSite\",\"@id\":\"https:\/\/originshape.com\/#website\",\"url\":\"https:\/\/originshape.com\/\",\"name\":\"Origin Shape\",\"description\":\"Nutrition and Fitness\",\"publisher\":{\"@id\":\"https:\/\/originshape.com\/#organization\"},\"potentialAction\":[{\"@type\":\"SearchAction\",\"target\":{\"@type\":\"EntryPoint\",\"urlTemplate\":\"https:\/\/originshape.com\/?s={search_term_string}\"},\"query-input\":{\"@type\":\"PropertyValueSpecification\",\"valueRequired\":true,\"valueName\":\"search_term_string\"}}],\"inLanguage\":\"es-DO\"},{\"@type\":\"Organization\",\"@id\":\"https:\/\/originshape.com\/#organization\",\"name\":\"Origin Shape\",\"url\":\"https:\/\/originshape.com\/\",\"logo\":{\"@type\":\"ImageObject\",\"inLanguage\":\"es-DO\",\"@id\":\"https:\/\/originshape.com\/#\/schema\/logo\/image\/\",\"url\":\"https:\/\/originshape.com\/wp-content\/uploads\/2022\/12\/39C56CFB-F744-41B1-9128-E6E7FF57EA6D.png\",\"contentUrl\":\"https:\/\/originshape.com\/wp-content\/uploads\/2022\/12\/39C56CFB-F744-41B1-9128-E6E7FF57EA6D.png\",\"width\":512,\"height\":512,\"caption\":\"Origin Shape\"},\"image\":{\"@id\":\"https:\/\/originshape.com\/#\/schema\/logo\/image\/\"}}]}<\/script>\n<!-- \/ Yoast SEO plugin. -->","yoast_head_json":{"title":"Gonex - Anillos de gimnasia de madera - Origin Shape","robots":{"index":"index","follow":"follow","max-snippet":"max-snippet:-1","max-image-preview":"max-image-preview:large","max-video-preview":"max-video-preview:-1"},"canonical":"https:\/\/originshape.com\/es\/product\/gonex-anillos-de-gimnasia-de-madera\/","og_locale":"es_ES","og_type":"article","og_title":"Gonex - Anillos de gimnasia de madera - Origin Shape","og_description":"Con correas de n\u00fameros ajustables, anillos de crossfit para gimnasio, entrenamiento, entrenamiento al aire libre, mosquet\u00f3n de instalaci\u00f3n r\u00e1pida, correas de 8.5 pies, anillos antideslizantes Sobre este articulo: 100% poli\u00e9ster Mosquet\u00f3n de instalaci\u00f3n r\u00e1pida: \u00bfte molesta el complicado bloqueo del mosquet\u00f3n? \u00bfEst\u00e1s perdido por los complejos pasos del mosquet\u00f3n? \u00a1Elige Gonex! Nuestro mosquet\u00f3n r\u00e1pido est\u00e1 [&hellip;]","og_url":"https:\/\/originshape.com\/es\/product\/gonex-anillos-de-gimnasia-de-madera\/","og_site_name":"Origin Shape","article_modified_time":"2023-06-10T19:57:32+00:00","og_image":[{"width":1422,"height":1471,"url":"https:\/\/originshape.com\/wp-content\/uploads\/2022\/12\/Anillos-de-gimnasia-1.jpg","type":"image\/jpeg"}],"twitter_misc":{"Est. reading time":"2 minutos"},"schema":{"@context":"https:\/\/schema.org","@graph":[{"@type":"WebPage","@id":"https:\/\/originshape.com\/product\/gonex-anillos-de-gimnasia-de-madera\/","url":"https:\/\/originshape.com\/product\/gonex-anillos-de-gimnasia-de-madera\/","name":"Gonex - Anillos de gimnasia de madera - Origin Shape","isPartOf":{"@id":"https:\/\/originshape.com\/#website"},"primaryImageOfPage":{"@id":"https:\/\/originshape.com\/product\/gonex-anillos-de-gimnasia-de-madera\/#primaryimage"},"image":{"@id":"https:\/\/originshape.com\/product\/gonex-anillos-de-gimnasia-de-madera\/#primaryimage"},"thumbnailUrl":"https:\/\/originshape.com\/wp-content\/uploads\/2022\/12\/Anillos-de-gimnasia-1.jpg","datePublished":"2022-12-03T15:14:29+00:00","dateModified":"2023-06-10T19:57:32+00:00","breadcrumb":{"@id":"https:\/\/originshape.com\/product\/gonex-anillos-de-gimnasia-de-madera\/#breadcrumb"},"inLanguage":"es-DO","potentialAction":[{"@type":"ReadAction","target":["https:\/\/originshape.com\/product\/gonex-anillos-de-gimnasia-de-madera\/"]}]},{"@type":"ImageObject","inLanguage":"es-DO","@id":"https:\/\/originshape.com\/product\/gonex-anillos-de-gimnasia-de-madera\/#primaryimage","url":"https:\/\/originshape.com\/wp-content\/uploads\/2022\/12\/Anillos-de-gimnasia-1.jpg","contentUrl":"https:\/\/originshape.com\/wp-content\/uploads\/2022\/12\/Anillos-de-gimnasia-1.jpg","width":1422,"height":1471},{"@type":"BreadcrumbList","@id":"https:\/\/originshape.com\/product\/gonex-anillos-de-gimnasia-de-madera\/#breadcrumb","itemListElement":[{"@type":"ListItem","position":1,"name":"Home","item":"https:\/\/originshape.com\/"},{"@type":"ListItem","position":2,"name":"Store clothes","item":"https:\/\/originshape.com\/store-2\/"},{"@type":"ListItem","position":3,"name":"Gonex &#8211; Anillos de gimnasia de madera"}]},{"@type":"WebSite","@id":"https:\/\/originshape.com\/#website","url":"https:\/\/originshape.com\/","name":"Origin Shape","description":"Nutrition and Fitness","publisher":{"@id":"https:\/\/originshape.com\/#organization"},"potentialAction":[{"@type":"SearchAction","target":{"@type":"EntryPoint","urlTemplate":"https:\/\/originshape.com\/?s={search_term_string}"},"query-input":{"@type":"PropertyValueSpecification","valueRequired":true,"valueName":"search_term_string"}}],"inLanguage":"es-DO"},{"@type":"Organization","@id":"https:\/\/originshape.com\/#organization","name":"Origin Shape","url":"https:\/\/originshape.com\/","logo":{"@type":"ImageObject","inLanguage":"es-DO","@id":"https:\/\/originshape.com\/#\/schema\/logo\/image\/","url":"https:\/\/originshape.com\/wp-content\/uploads\/2022\/12\/39C56CFB-F744-41B1-9128-E6E7FF57EA6D.png","contentUrl":"https:\/\/originshape.com\/wp-content\/uploads\/2022\/12\/39C56CFB-F744-41B1-9128-E6E7FF57EA6D.png","width":512,"height":512,"caption":"Origin Shape"},"image":{"@id":"https:\/\/originshape.com\/#\/schema\/logo\/image\/"}}]}},"jetpack_sharing_enabled":true,"_links":{"self":[{"href":"https:\/\/originshape.com\/es\/wp-json\/wp\/v2\/product\/4767","targetHints":{"allow":["GET"]}}],"collection":[{"href":"https:\/\/originshape.com\/es\/wp-json\/wp\/v2\/product"}],"about":[{"href":"https:\/\/originshape.com\/es\/wp-json\/wp\/v2\/types\/product"}],"replies":[{"embeddable":true,"href":"https:\/\/originshape.com\/es\/wp-json\/wp\/v2\/comments?post=4767"}],"wp:featuredmedia":[{"embeddable":true,"href":"https:\/\/originshape.com\/es\/wp-json\/wp\/v2\/media\/6195"}],"wp:attachment":[{"href":"https:\/\/originshape.com\/es\/wp-json\/wp\/v2\/media?parent=4767"}],"wp:term":[{"taxonomy":"product_brand","embeddable":true,"href":"https:\/\/originshape.com\/es\/wp-json\/wp\/v2\/product_brand?post=4767"},{"taxonomy":"product_cat","embeddable":true,"href":"https:\/\/originshape.com\/es\/wp-json\/wp\/v2\/product_cat?post=4767"},{"taxonomy":"product_tag","embeddable":true,"href":"https:\/\/originshape.com\/es\/wp-json\/wp\/v2\/product_tag?post=4767"}],"curies":[{"name":"wp","href":"https:\/\/api.w.org\/{rel}","templated":true}]}}