{"id":4799,"date":"2022-12-03T18:51:37","date_gmt":"2022-12-03T18:51:37","guid":{"rendered":"https:\/\/originshape.com\/?post_type=product&#038;p=4799"},"modified":"2023-06-10T21:16:29","modified_gmt":"2023-06-10T21:16:29","slug":"trx-go","status":"publish","type":"product","link":"https:\/\/originshape.com\/es\/product\/trx-go\/","title":{"rendered":"TRX GO"},"content":{"rendered":"<h3 id=\"title\" class=\"a-size-large a-spacing-none\"><span id=\"productTitle\" class=\"a-size-large product-title-word-break\">Entrenador de suspensi\u00f3n y el paquete de Go &#8211; Para el profesional enfocado en viajes o cualquier itinerario de acondicionamiento f\u00edsico, aplicaci\u00f3n TRX Training Club<\/span><\/h3>\n<p>&nbsp;<\/p>\n<h1 class=\"a-size-base-plus a-text-bold\">Sobre este art\u00edculo<\/h1>\n<ul class=\"a-unordered-list a-vertical a-spacing-mini\">\n<li><span class=\"a-list-item\">Contenido de la caja: Este sistema de entrenamiento de suspensi\u00f3n TRX viene con una cuerda TRX GO para entrenamiento de suspensi\u00f3n, anclajes interiores y exteriores, una bolsa de transporte de malla y acceso a la aplicaci\u00f3n TRX Training Club <\/span><\/li>\n<li><span class=\"a-list-item\">Prueba gratuita de 30 d\u00edas a la aplicaci\u00f3n TRX Training Club: Obt\u00e9n acceso ilimitado a m\u00e1s de 500 videos de entrenamiento bajo demanda, con nuevas clases de entrenamientos agregadas semanalmente y clases en vivo diarias de entrenadores de clase mundial. Para obtener tus 30 d\u00edas de nuestra parte, simplemente registra tu entrenador de suspensi\u00f3n <\/span><\/li>\n<li><span class=\"a-list-item\">Como se ve en la revista Women&#8217;s Health: Un regalo perfecto para aquellos que comienzan su itinerario de acondicionamiento f\u00edsico o para padres y profesionales ocupados que necesitan una soluci\u00f3n de entrenamiento que se ajuste a su horario. Quema grasa, crea m\u00fasculo y aumenta la movilidad con el TRX Go <\/span><\/li>\n<li><span class=\"a-list-item\">Sistema de entrenamiento para todo el cuerpo: El mosquet\u00f3n del Go, probado para seguridad con hasta 700 libras, tiene bucles de bloqueo para evitar resbalones, ajustadores para cambiar r\u00e1pidamente la longitud durante tu entrenamiento, asas de espuma duraderas para mayor comodidad, y cuna de pie para amplificar cualquier rutina <\/span><\/li>\n<li><span class=\"a-list-item\">Gimnasio port\u00e1til: Con un peso inferior a una libra, el sistema de entrenamiento de suspensi\u00f3n TRX GO se monta en menos de un minuto, se ancla f\u00e1cilmente a una puerta, y viene con todo lo que necesitas para entrenar ya sea que est\u00e9s fuera, adentro o mientras est\u00e1s en un viaje<\/span><\/li>\n<\/ul>","protected":false},"excerpt":{"rendered":"<p>Entrenador de suspensi\u00f3n y el paquete de Go &#8211; Para el profesional enfocado en viajes o cualquier itinerario de acondicionamiento f\u00edsico, aplicaci\u00f3n TRX Training Club &nbsp; Sobre este art\u00edculo Contenido de la caja: Este sistema de entrenamiento de suspensi\u00f3n TRX viene con una cuerda TRX GO para entrenamiento de suspensi\u00f3n, anclajes interiores y exteriores, una [&hellip;]<\/p>","protected":false},"featured_media":4800,"comment_status":"closed","ping_status":"closed","template":"","meta":[],"product_brand":[],"product_cat":[88,87],"product_tag":[],"class_list":{"0":"post-4799","1":"product","2":"type-product","3":"status-publish","4":"has-post-thumbnail","6":"product_cat-accesorios-amaz","7":"product_cat-gym-equipments","9":"first","10":"instock","11":"taxable","12":"shipping-taxable","13":"product-type-external"},"yoast_head":"<!-- This site is optimized with the Yoast SEO plugin v24.0 - https:\/\/yoast.com\/wordpress\/plugins\/seo\/ -->\n<title>TRX GO - Origin Shape<\/title>\n<meta name=\"robots\" content=\"index, follow, max-snippet:-1, max-image-preview:large, max-video-preview:-1\" \/>\n<link rel=\"canonical\" href=\"https:\/\/originshape.com\/es\/product\/trx-go\/\" \/>\n<meta property=\"og:locale\" content=\"es_ES\" \/>\n<meta property=\"og:type\" content=\"article\" \/>\n<meta property=\"og:title\" content=\"TRX GO - Origin Shape\" \/>\n<meta property=\"og:description\" content=\"Entrenador de suspensi\u00f3n y el paquete de Go &#8211; Para el profesional enfocado en viajes o cualquier itinerario de acondicionamiento f\u00edsico, aplicaci\u00f3n TRX Training Club &nbsp; Sobre este art\u00edculo Contenido de la caja: Este sistema de entrenamiento de suspensi\u00f3n TRX viene con una cuerda TRX GO para entrenamiento de suspensi\u00f3n, anclajes interiores y exteriores, una [&hellip;]\" \/>\n<meta property=\"og:url\" content=\"https:\/\/originshape.com\/es\/product\/trx-go\/\" \/>\n<meta property=\"og:site_name\" content=\"Origin Shape\" \/>\n<meta property=\"article:modified_time\" content=\"2023-06-10T21:16:29+00:00\" \/>\n<meta property=\"og:image\" content=\"https:\/\/originshape.com\/wp-content\/uploads\/2022\/12\/TRXX.jpg\" \/>\n\t<meta property=\"og:image:width\" content=\"1500\" \/>\n\t<meta property=\"og:image:height\" content=\"1500\" \/>\n\t<meta property=\"og:image:type\" content=\"image\/jpeg\" \/>\n<meta name=\"twitter:label1\" content=\"Est. reading time\" \/>\n\t<meta name=\"twitter:data1\" content=\"2 minutos\" \/>\n<script type=\"application\/ld+json\" class=\"yoast-schema-graph\">{\"@context\":\"https:\/\/schema.org\",\"@graph\":[{\"@type\":\"WebPage\",\"@id\":\"https:\/\/originshape.com\/product\/trx-go\/\",\"url\":\"https:\/\/originshape.com\/product\/trx-go\/\",\"name\":\"TRX GO - Origin Shape\",\"isPartOf\":{\"@id\":\"https:\/\/originshape.com\/#website\"},\"primaryImageOfPage\":{\"@id\":\"https:\/\/originshape.com\/product\/trx-go\/#primaryimage\"},\"image\":{\"@id\":\"https:\/\/originshape.com\/product\/trx-go\/#primaryimage\"},\"thumbnailUrl\":\"https:\/\/originshape.com\/wp-content\/uploads\/2022\/12\/TRXX.jpg\",\"datePublished\":\"2022-12-03T18:51:37+00:00\",\"dateModified\":\"2023-06-10T21:16:29+00:00\",\"breadcrumb\":{\"@id\":\"https:\/\/originshape.com\/product\/trx-go\/#breadcrumb\"},\"inLanguage\":\"es-DO\",\"potentialAction\":[{\"@type\":\"ReadAction\",\"target\":[\"https:\/\/originshape.com\/product\/trx-go\/\"]}]},{\"@type\":\"ImageObject\",\"inLanguage\":\"es-DO\",\"@id\":\"https:\/\/originshape.com\/product\/trx-go\/#primaryimage\",\"url\":\"https:\/\/originshape.com\/wp-content\/uploads\/2022\/12\/TRXX.jpg\",\"contentUrl\":\"https:\/\/originshape.com\/wp-content\/uploads\/2022\/12\/TRXX.jpg\",\"width\":1500,\"height\":1500},{\"@type\":\"BreadcrumbList\",\"@id\":\"https:\/\/originshape.com\/product\/trx-go\/#breadcrumb\",\"itemListElement\":[{\"@type\":\"ListItem\",\"position\":1,\"name\":\"Home\",\"item\":\"https:\/\/originshape.com\/\"},{\"@type\":\"ListItem\",\"position\":2,\"name\":\"Store clothes\",\"item\":\"https:\/\/originshape.com\/store-2\/\"},{\"@type\":\"ListItem\",\"position\":3,\"name\":\"TRX GO\"}]},{\"@type\":\"WebSite\",\"@id\":\"https:\/\/originshape.com\/#website\",\"url\":\"https:\/\/originshape.com\/\",\"name\":\"Origin Shape\",\"description\":\"Nutrition and Fitness\",\"publisher\":{\"@id\":\"https:\/\/originshape.com\/#organization\"},\"potentialAction\":[{\"@type\":\"SearchAction\",\"target\":{\"@type\":\"EntryPoint\",\"urlTemplate\":\"https:\/\/originshape.com\/?s={search_term_string}\"},\"query-input\":{\"@type\":\"PropertyValueSpecification\",\"valueRequired\":true,\"valueName\":\"search_term_string\"}}],\"inLanguage\":\"es-DO\"},{\"@type\":\"Organization\",\"@id\":\"https:\/\/originshape.com\/#organization\",\"name\":\"Origin Shape\",\"url\":\"https:\/\/originshape.com\/\",\"logo\":{\"@type\":\"ImageObject\",\"inLanguage\":\"es-DO\",\"@id\":\"https:\/\/originshape.com\/#\/schema\/logo\/image\/\",\"url\":\"https:\/\/originshape.com\/wp-content\/uploads\/2022\/12\/39C56CFB-F744-41B1-9128-E6E7FF57EA6D.png\",\"contentUrl\":\"https:\/\/originshape.com\/wp-content\/uploads\/2022\/12\/39C56CFB-F744-41B1-9128-E6E7FF57EA6D.png\",\"width\":512,\"height\":512,\"caption\":\"Origin Shape\"},\"image\":{\"@id\":\"https:\/\/originshape.com\/#\/schema\/logo\/image\/\"}}]}<\/script>\n<!-- \/ Yoast SEO plugin. -->","yoast_head_json":{"title":"TRX GO - Origin Shape","robots":{"index":"index","follow":"follow","max-snippet":"max-snippet:-1","max-image-preview":"max-image-preview:large","max-video-preview":"max-video-preview:-1"},"canonical":"https:\/\/originshape.com\/es\/product\/trx-go\/","og_locale":"es_ES","og_type":"article","og_title":"TRX GO - Origin Shape","og_description":"Entrenador de suspensi\u00f3n y el paquete de Go &#8211; Para el profesional enfocado en viajes o cualquier itinerario de acondicionamiento f\u00edsico, aplicaci\u00f3n TRX Training Club &nbsp; Sobre este art\u00edculo Contenido de la caja: Este sistema de entrenamiento de suspensi\u00f3n TRX viene con una cuerda TRX GO para entrenamiento de suspensi\u00f3n, anclajes interiores y exteriores, una [&hellip;]","og_url":"https:\/\/originshape.com\/es\/product\/trx-go\/","og_site_name":"Origin Shape","article_modified_time":"2023-06-10T21:16:29+00:00","og_image":[{"width":1500,"height":1500,"url":"https:\/\/originshape.com\/wp-content\/uploads\/2022\/12\/TRXX.jpg","type":"image\/jpeg"}],"twitter_misc":{"Est. reading time":"2 minutos"},"schema":{"@context":"https:\/\/schema.org","@graph":[{"@type":"WebPage","@id":"https:\/\/originshape.com\/product\/trx-go\/","url":"https:\/\/originshape.com\/product\/trx-go\/","name":"TRX GO - Origin Shape","isPartOf":{"@id":"https:\/\/originshape.com\/#website"},"primaryImageOfPage":{"@id":"https:\/\/originshape.com\/product\/trx-go\/#primaryimage"},"image":{"@id":"https:\/\/originshape.com\/product\/trx-go\/#primaryimage"},"thumbnailUrl":"https:\/\/originshape.com\/wp-content\/uploads\/2022\/12\/TRXX.jpg","datePublished":"2022-12-03T18:51:37+00:00","dateModified":"2023-06-10T21:16:29+00:00","breadcrumb":{"@id":"https:\/\/originshape.com\/product\/trx-go\/#breadcrumb"},"inLanguage":"es-DO","potentialAction":[{"@type":"ReadAction","target":["https:\/\/originshape.com\/product\/trx-go\/"]}]},{"@type":"ImageObject","inLanguage":"es-DO","@id":"https:\/\/originshape.com\/product\/trx-go\/#primaryimage","url":"https:\/\/originshape.com\/wp-content\/uploads\/2022\/12\/TRXX.jpg","contentUrl":"https:\/\/originshape.com\/wp-content\/uploads\/2022\/12\/TRXX.jpg","width":1500,"height":1500},{"@type":"BreadcrumbList","@id":"https:\/\/originshape.com\/product\/trx-go\/#breadcrumb","itemListElement":[{"@type":"ListItem","position":1,"name":"Home","item":"https:\/\/originshape.com\/"},{"@type":"ListItem","position":2,"name":"Store clothes","item":"https:\/\/originshape.com\/store-2\/"},{"@type":"ListItem","position":3,"name":"TRX GO"}]},{"@type":"WebSite","@id":"https:\/\/originshape.com\/#website","url":"https:\/\/originshape.com\/","name":"Origin Shape","description":"Nutrition and Fitness","publisher":{"@id":"https:\/\/originshape.com\/#organization"},"potentialAction":[{"@type":"SearchAction","target":{"@type":"EntryPoint","urlTemplate":"https:\/\/originshape.com\/?s={search_term_string}"},"query-input":{"@type":"PropertyValueSpecification","valueRequired":true,"valueName":"search_term_string"}}],"inLanguage":"es-DO"},{"@type":"Organization","@id":"https:\/\/originshape.com\/#organization","name":"Origin Shape","url":"https:\/\/originshape.com\/","logo":{"@type":"ImageObject","inLanguage":"es-DO","@id":"https:\/\/originshape.com\/#\/schema\/logo\/image\/","url":"https:\/\/originshape.com\/wp-content\/uploads\/2022\/12\/39C56CFB-F744-41B1-9128-E6E7FF57EA6D.png","contentUrl":"https:\/\/originshape.com\/wp-content\/uploads\/2022\/12\/39C56CFB-F744-41B1-9128-E6E7FF57EA6D.png","width":512,"height":512,"caption":"Origin Shape"},"image":{"@id":"https:\/\/originshape.com\/#\/schema\/logo\/image\/"}}]}},"jetpack_sharing_enabled":true,"_links":{"self":[{"href":"https:\/\/originshape.com\/es\/wp-json\/wp\/v2\/product\/4799","targetHints":{"allow":["GET"]}}],"collection":[{"href":"https:\/\/originshape.com\/es\/wp-json\/wp\/v2\/product"}],"about":[{"href":"https:\/\/originshape.com\/es\/wp-json\/wp\/v2\/types\/product"}],"replies":[{"embeddable":true,"href":"https:\/\/originshape.com\/es\/wp-json\/wp\/v2\/comments?post=4799"}],"wp:featuredmedia":[{"embeddable":true,"href":"https:\/\/originshape.com\/es\/wp-json\/wp\/v2\/media\/4800"}],"wp:attachment":[{"href":"https:\/\/originshape.com\/es\/wp-json\/wp\/v2\/media?parent=4799"}],"wp:term":[{"taxonomy":"product_brand","embeddable":true,"href":"https:\/\/originshape.com\/es\/wp-json\/wp\/v2\/product_brand?post=4799"},{"taxonomy":"product_cat","embeddable":true,"href":"https:\/\/originshape.com\/es\/wp-json\/wp\/v2\/product_cat?post=4799"},{"taxonomy":"product_tag","embeddable":true,"href":"https:\/\/originshape.com\/es\/wp-json\/wp\/v2\/product_tag?post=4799"}],"curies":[{"name":"wp","href":"https:\/\/api.w.org\/{rel}","templated":true}]}}