{"id":4804,"date":"2022-12-03T19:23:19","date_gmt":"2022-12-03T19:23:19","guid":{"rendered":"https:\/\/originshape.com\/?post_type=product&#038;p=4804"},"modified":"2023-06-10T20:15:00","modified_gmt":"2023-06-10T20:15:00","slug":"marcy-smith-cage","status":"publish","type":"product","link":"https:\/\/originshape.com\/es\/product\/marcy-smith-cage\/","title":{"rendered":"Marcy Smith Cage"},"content":{"rendered":"<h3 id=\"title\" class=\"a-size-large a-spacing-none\"><span id=\"productTitle\" class=\"a-size-large product-title-word-break\">M\u00e1quina de entrenamiento de cuerpo total, sistema de gimnasio en casa con rodamiento lineal<\/span><\/h3>\n<h1>Sobre este producto:<\/h1>\n<ul class=\"a-unordered-list a-vertical a-spacing-mini\">\n<li><span class=\"a-list-item\">Equipo de entrenamiento premium: la jaula Smith de Marcy est\u00e1 hecha de un marco de acero resistente reforzado con un acabado de recubrimiento en polvo duradero, garantizado para soportar un uso intenso y duradero. <\/span><\/li>\n<li><span class=\"a-list-item\">Equipo de gimnasio todo en uno: esta vers\u00e1til jaula Smith de cuerpo completo combina 3 tipos diferentes de m\u00e1quinas de construcci\u00f3n de fuerza en un dise\u00f1o compacto; lo que te permite realizar una multitud de ejercicios de calidad de club. <\/span><\/li>\n<li><span class=\"a-list-item\">M\u00e1quina Smith multifuncional: nuestra jaula de potencia cuenta con un sistema de brazo de presi\u00f3n de doble acci\u00f3n que te permite realizar varios ejercicios de brazo y pecho. Te ayuda a desarrollar tus b\u00edceps, tr\u00edceps, pectorales y otros grupos musculares. Con el rodamiento lineal puedes deslizarte hacia un cuerpo m\u00e1s ajustado. <\/span><\/li>\n<li><span class=\"a-list-item\">Desarrollador de piernas: este equipo de gimnasio tambi\u00e9n tiene un desarrollador de piernas de doble funci\u00f3n con seis almohadillas basculantes de gran tama\u00f1o. El desarrollador de piernas tiene un punto de pivote que permite una posici\u00f3n adecuada del cuerpo durante los entrenamientos y aumenta los m\u00fasculos de las piernas y los cu\u00e1driceps. <\/span><\/li>\n<li><span class=\"a-list-item\">Juego de m\u00e1quina de peso: incluye 6 clavijas de placa de peso que te permiten organizar pesas\/barras para una f\u00e1cil accesibilidad. La jaula tambi\u00e9n incluye varios accesorios como una barra de lata, barra de escalofr\u00edo, correa de tobillo, barra en V, cuerda de tr\u00edceps y asas de cable de polea.<\/span><\/li>\n<\/ul>","protected":false},"excerpt":{"rendered":"<p>M\u00e1quina de entrenamiento de cuerpo total, sistema de gimnasio en casa con rodamiento lineal Sobre este producto: Equipo de entrenamiento premium: la jaula Smith de Marcy est\u00e1 hecha de un marco de acero resistente reforzado con un acabado de recubrimiento en polvo duradero, garantizado para soportar un uso intenso y duradero. Equipo de gimnasio todo [&hellip;]<\/p>","protected":false},"featured_media":6200,"comment_status":"closed","ping_status":"closed","template":"","meta":[],"product_brand":[],"product_cat":[87,91],"product_tag":[],"class_list":{"0":"post-4804","1":"product","2":"type-product","3":"status-publish","4":"has-post-thumbnail","6":"product_cat-gym-equipments","7":"product_cat-jaulas","9":"first","10":"instock","11":"taxable","12":"shipping-taxable","13":"product-type-external"},"yoast_head":"<!-- This site is optimized with the Yoast SEO plugin v24.0 - https:\/\/yoast.com\/wordpress\/plugins\/seo\/ -->\n<title>Marcy Smith Cage - Origin Shape<\/title>\n<meta name=\"robots\" content=\"index, follow, max-snippet:-1, max-image-preview:large, max-video-preview:-1\" \/>\n<link rel=\"canonical\" href=\"https:\/\/originshape.com\/es\/product\/marcy-smith-cage\/\" \/>\n<meta property=\"og:locale\" content=\"es_ES\" \/>\n<meta property=\"og:type\" content=\"article\" \/>\n<meta property=\"og:title\" content=\"Marcy Smith Cage - Origin Shape\" \/>\n<meta property=\"og:description\" content=\"M\u00e1quina de entrenamiento de cuerpo total, sistema de gimnasio en casa con rodamiento lineal Sobre este producto: Equipo de entrenamiento premium: la jaula Smith de Marcy est\u00e1 hecha de un marco de acero resistente reforzado con un acabado de recubrimiento en polvo duradero, garantizado para soportar un uso intenso y duradero. Equipo de gimnasio todo [&hellip;]\" \/>\n<meta property=\"og:url\" content=\"https:\/\/originshape.com\/es\/product\/marcy-smith-cage\/\" \/>\n<meta property=\"og:site_name\" content=\"Origin Shape\" \/>\n<meta property=\"article:modified_time\" content=\"2023-06-10T20:15:00+00:00\" \/>\n<meta property=\"og:image\" content=\"https:\/\/originshape.com\/wp-content\/uploads\/2022\/12\/Cage-1.jpg\" \/>\n\t<meta property=\"og:image:width\" content=\"1378\" \/>\n\t<meta property=\"og:image:height\" content=\"1500\" \/>\n\t<meta property=\"og:image:type\" content=\"image\/jpeg\" \/>\n<meta name=\"twitter:label1\" content=\"Est. reading time\" \/>\n\t<meta name=\"twitter:data1\" content=\"2 minutos\" \/>\n<script type=\"application\/ld+json\" class=\"yoast-schema-graph\">{\"@context\":\"https:\/\/schema.org\",\"@graph\":[{\"@type\":\"WebPage\",\"@id\":\"https:\/\/originshape.com\/product\/marcy-smith-cage\/\",\"url\":\"https:\/\/originshape.com\/product\/marcy-smith-cage\/\",\"name\":\"Marcy Smith Cage - Origin Shape\",\"isPartOf\":{\"@id\":\"https:\/\/originshape.com\/#website\"},\"primaryImageOfPage\":{\"@id\":\"https:\/\/originshape.com\/product\/marcy-smith-cage\/#primaryimage\"},\"image\":{\"@id\":\"https:\/\/originshape.com\/product\/marcy-smith-cage\/#primaryimage\"},\"thumbnailUrl\":\"https:\/\/originshape.com\/wp-content\/uploads\/2022\/12\/Cage-1.jpg\",\"datePublished\":\"2022-12-03T19:23:19+00:00\",\"dateModified\":\"2023-06-10T20:15:00+00:00\",\"breadcrumb\":{\"@id\":\"https:\/\/originshape.com\/product\/marcy-smith-cage\/#breadcrumb\"},\"inLanguage\":\"es-DO\",\"potentialAction\":[{\"@type\":\"ReadAction\",\"target\":[\"https:\/\/originshape.com\/product\/marcy-smith-cage\/\"]}]},{\"@type\":\"ImageObject\",\"inLanguage\":\"es-DO\",\"@id\":\"https:\/\/originshape.com\/product\/marcy-smith-cage\/#primaryimage\",\"url\":\"https:\/\/originshape.com\/wp-content\/uploads\/2022\/12\/Cage-1.jpg\",\"contentUrl\":\"https:\/\/originshape.com\/wp-content\/uploads\/2022\/12\/Cage-1.jpg\",\"width\":1378,\"height\":1500},{\"@type\":\"BreadcrumbList\",\"@id\":\"https:\/\/originshape.com\/product\/marcy-smith-cage\/#breadcrumb\",\"itemListElement\":[{\"@type\":\"ListItem\",\"position\":1,\"name\":\"Home\",\"item\":\"https:\/\/originshape.com\/\"},{\"@type\":\"ListItem\",\"position\":2,\"name\":\"Store clothes\",\"item\":\"https:\/\/originshape.com\/store-2\/\"},{\"@type\":\"ListItem\",\"position\":3,\"name\":\"Marcy Smith Cage\"}]},{\"@type\":\"WebSite\",\"@id\":\"https:\/\/originshape.com\/#website\",\"url\":\"https:\/\/originshape.com\/\",\"name\":\"Origin Shape\",\"description\":\"Nutrition and Fitness\",\"publisher\":{\"@id\":\"https:\/\/originshape.com\/#organization\"},\"potentialAction\":[{\"@type\":\"SearchAction\",\"target\":{\"@type\":\"EntryPoint\",\"urlTemplate\":\"https:\/\/originshape.com\/?s={search_term_string}\"},\"query-input\":{\"@type\":\"PropertyValueSpecification\",\"valueRequired\":true,\"valueName\":\"search_term_string\"}}],\"inLanguage\":\"es-DO\"},{\"@type\":\"Organization\",\"@id\":\"https:\/\/originshape.com\/#organization\",\"name\":\"Origin Shape\",\"url\":\"https:\/\/originshape.com\/\",\"logo\":{\"@type\":\"ImageObject\",\"inLanguage\":\"es-DO\",\"@id\":\"https:\/\/originshape.com\/#\/schema\/logo\/image\/\",\"url\":\"https:\/\/originshape.com\/wp-content\/uploads\/2022\/12\/39C56CFB-F744-41B1-9128-E6E7FF57EA6D.png\",\"contentUrl\":\"https:\/\/originshape.com\/wp-content\/uploads\/2022\/12\/39C56CFB-F744-41B1-9128-E6E7FF57EA6D.png\",\"width\":512,\"height\":512,\"caption\":\"Origin Shape\"},\"image\":{\"@id\":\"https:\/\/originshape.com\/#\/schema\/logo\/image\/\"}}]}<\/script>\n<!-- \/ Yoast SEO plugin. -->","yoast_head_json":{"title":"Marcy Smith Cage - Origin Shape","robots":{"index":"index","follow":"follow","max-snippet":"max-snippet:-1","max-image-preview":"max-image-preview:large","max-video-preview":"max-video-preview:-1"},"canonical":"https:\/\/originshape.com\/es\/product\/marcy-smith-cage\/","og_locale":"es_ES","og_type":"article","og_title":"Marcy Smith Cage - Origin Shape","og_description":"M\u00e1quina de entrenamiento de cuerpo total, sistema de gimnasio en casa con rodamiento lineal Sobre este producto: Equipo de entrenamiento premium: la jaula Smith de Marcy est\u00e1 hecha de un marco de acero resistente reforzado con un acabado de recubrimiento en polvo duradero, garantizado para soportar un uso intenso y duradero. Equipo de gimnasio todo [&hellip;]","og_url":"https:\/\/originshape.com\/es\/product\/marcy-smith-cage\/","og_site_name":"Origin Shape","article_modified_time":"2023-06-10T20:15:00+00:00","og_image":[{"width":1378,"height":1500,"url":"https:\/\/originshape.com\/wp-content\/uploads\/2022\/12\/Cage-1.jpg","type":"image\/jpeg"}],"twitter_misc":{"Est. reading time":"2 minutos"},"schema":{"@context":"https:\/\/schema.org","@graph":[{"@type":"WebPage","@id":"https:\/\/originshape.com\/product\/marcy-smith-cage\/","url":"https:\/\/originshape.com\/product\/marcy-smith-cage\/","name":"Marcy Smith Cage - Origin Shape","isPartOf":{"@id":"https:\/\/originshape.com\/#website"},"primaryImageOfPage":{"@id":"https:\/\/originshape.com\/product\/marcy-smith-cage\/#primaryimage"},"image":{"@id":"https:\/\/originshape.com\/product\/marcy-smith-cage\/#primaryimage"},"thumbnailUrl":"https:\/\/originshape.com\/wp-content\/uploads\/2022\/12\/Cage-1.jpg","datePublished":"2022-12-03T19:23:19+00:00","dateModified":"2023-06-10T20:15:00+00:00","breadcrumb":{"@id":"https:\/\/originshape.com\/product\/marcy-smith-cage\/#breadcrumb"},"inLanguage":"es-DO","potentialAction":[{"@type":"ReadAction","target":["https:\/\/originshape.com\/product\/marcy-smith-cage\/"]}]},{"@type":"ImageObject","inLanguage":"es-DO","@id":"https:\/\/originshape.com\/product\/marcy-smith-cage\/#primaryimage","url":"https:\/\/originshape.com\/wp-content\/uploads\/2022\/12\/Cage-1.jpg","contentUrl":"https:\/\/originshape.com\/wp-content\/uploads\/2022\/12\/Cage-1.jpg","width":1378,"height":1500},{"@type":"BreadcrumbList","@id":"https:\/\/originshape.com\/product\/marcy-smith-cage\/#breadcrumb","itemListElement":[{"@type":"ListItem","position":1,"name":"Home","item":"https:\/\/originshape.com\/"},{"@type":"ListItem","position":2,"name":"Store clothes","item":"https:\/\/originshape.com\/store-2\/"},{"@type":"ListItem","position":3,"name":"Marcy Smith Cage"}]},{"@type":"WebSite","@id":"https:\/\/originshape.com\/#website","url":"https:\/\/originshape.com\/","name":"Origin Shape","description":"Nutrition and Fitness","publisher":{"@id":"https:\/\/originshape.com\/#organization"},"potentialAction":[{"@type":"SearchAction","target":{"@type":"EntryPoint","urlTemplate":"https:\/\/originshape.com\/?s={search_term_string}"},"query-input":{"@type":"PropertyValueSpecification","valueRequired":true,"valueName":"search_term_string"}}],"inLanguage":"es-DO"},{"@type":"Organization","@id":"https:\/\/originshape.com\/#organization","name":"Origin Shape","url":"https:\/\/originshape.com\/","logo":{"@type":"ImageObject","inLanguage":"es-DO","@id":"https:\/\/originshape.com\/#\/schema\/logo\/image\/","url":"https:\/\/originshape.com\/wp-content\/uploads\/2022\/12\/39C56CFB-F744-41B1-9128-E6E7FF57EA6D.png","contentUrl":"https:\/\/originshape.com\/wp-content\/uploads\/2022\/12\/39C56CFB-F744-41B1-9128-E6E7FF57EA6D.png","width":512,"height":512,"caption":"Origin Shape"},"image":{"@id":"https:\/\/originshape.com\/#\/schema\/logo\/image\/"}}]}},"jetpack_sharing_enabled":true,"_links":{"self":[{"href":"https:\/\/originshape.com\/es\/wp-json\/wp\/v2\/product\/4804","targetHints":{"allow":["GET"]}}],"collection":[{"href":"https:\/\/originshape.com\/es\/wp-json\/wp\/v2\/product"}],"about":[{"href":"https:\/\/originshape.com\/es\/wp-json\/wp\/v2\/types\/product"}],"replies":[{"embeddable":true,"href":"https:\/\/originshape.com\/es\/wp-json\/wp\/v2\/comments?post=4804"}],"wp:featuredmedia":[{"embeddable":true,"href":"https:\/\/originshape.com\/es\/wp-json\/wp\/v2\/media\/6200"}],"wp:attachment":[{"href":"https:\/\/originshape.com\/es\/wp-json\/wp\/v2\/media?parent=4804"}],"wp:term":[{"taxonomy":"product_brand","embeddable":true,"href":"https:\/\/originshape.com\/es\/wp-json\/wp\/v2\/product_brand?post=4804"},{"taxonomy":"product_cat","embeddable":true,"href":"https:\/\/originshape.com\/es\/wp-json\/wp\/v2\/product_cat?post=4804"},{"taxonomy":"product_tag","embeddable":true,"href":"https:\/\/originshape.com\/es\/wp-json\/wp\/v2\/product_tag?post=4804"}],"curies":[{"name":"wp","href":"https:\/\/api.w.org\/{rel}","templated":true}]}}