{"id":4807,"date":"2022-12-03T19:29:04","date_gmt":"2022-12-03T19:29:04","guid":{"rendered":"https:\/\/originshape.com\/?post_type=product&#038;p=4807"},"modified":"2023-06-10T21:11:13","modified_gmt":"2023-06-10T21:11:13","slug":"sportsroyals-estacion-de-inmersion-de-torre-electrica-para-gimnasio-en-casa","status":"publish","type":"product","link":"https:\/\/originshape.com\/es\/product\/sportsroyals-estacion-de-inmersion-de-torre-electrica-para-gimnasio-en-casa\/","title":{"rendered":"Sportsroyals Estaci\u00f3n de inmersi\u00f3n de torre el\u00e9ctrica para gimnasio en casa."},"content":{"rendered":"<div id=\"title_feature_div\" class=\"celwidget\" data-feature-name=\"title\" data-csa-c-type=\"widget\" data-csa-c-content-id=\"title\" data-csa-c-slot-id=\"title_feature_div\" data-csa-c-asin=\"B07SM8VJ6P\" data-csa-c-is-in-initial-active-row=\"false\" data-cel-widget=\"title_feature_div\" data-csa-c-id=\"rgrwtf-u93mmi-x0un61-dcvigs\">\n<div id=\"titleSection\" class=\"a-section a-spacing-none\">\n<h3 id=\"title\" class=\"a-size-large a-spacing-none\"><span id=\"productTitle\" class=\"a-size-large product-title-word-break\">Equipo de entrenamiento de fuerza, 400 libras. <\/span><span id=\"titleEDPPlaceHolder\"><\/span><\/h3>\n<\/div>\n<\/div>\n<div id=\"bylineInfo_feature_div\" class=\"celwidget\" data-feature-name=\"bylineInfo\" data-csa-c-type=\"widget\" data-csa-c-content-id=\"bylineInfo\" data-csa-c-slot-id=\"bylineInfo_feature_div\" data-csa-c-asin=\"B07SM8VJ6P\" data-csa-c-is-in-initial-active-row=\"false\" data-cel-widget=\"bylineInfo_feature_div\" data-csa-c-id=\"r3dkuq-du5mpn-tlcq8j-uhwp92\">\n<h1 class=\"a-size-base-plus a-text-bold\">Sobre este art\u00edculo<\/h1>\n<ul class=\"a-unordered-list a-vertical a-spacing-mini\">\n<li><span class=\"a-list-item\">Construcci\u00f3n robusta: viene con un marco de acero cuadrado pesado de calibre 14 construido con acabado resistente a los ara\u00f1azos, nuestra torre de potencia puede soportar un peso de hasta 399.0\u00a0lbs y soportar el uso a largo plazo. <\/span><\/li>\n<li><span class=\"a-list-item\">\u3010Double Stability\u3011Our power tower owns 39.7\u2019\u2019 long-size H-shape base. The long base provides more loading points. 8 support points are formed by the extended steel, which increase the contact area and provides double stability. <\/span><\/li>\n<li><span class=\"a-list-item\">Multifunci\u00f3n: es una torre de potencia multifuncional que soporta el levantamiento vertical de rodilla, flexiones y dominadas, que ayudan a tonificar y apuntar a tus brazos, n\u00facleo, hombros, pecho y espalda para un cuerpo m\u00e1s fuerte. <\/span><\/li>\n<li><span class=\"a-list-item\">Doble estabilidad: nuestra torre de potencia posee una base de 39.7 pulgadas de largo tama\u00f1o en forma de H. La base larga proporciona m\u00e1s puntos de carga. 8 puntos de apoyo est\u00e1n formados por el acero extendido, lo que aumenta el \u00e1rea de contacto y proporciona doble estabilidad. <\/span><\/li>\n<li><span class=\"a-list-item\">Dise\u00f1o ergon\u00f3mico: dise\u00f1o humanizado con almohadillas de poliuretano para protecci\u00f3n del codo, y el reposabrazos de esta estaci\u00f3n de inmersi\u00f3n est\u00e1 ligeramente inclinado hacia el interior de 10 grados para evitar que el codo se resbale. <\/span><\/li>\n<li><span class=\"a-list-item\">Altura de regulaci\u00f3n de 6 marchas: la altura de la barra de dominadas se puede ajustar de 64.56 a 88.18 pulgadas, adecuada para todas las necesidades de fitness de adolescentes y adultos en casa y en la oficina. <\/span><\/li>\n<li><span class=\"a-list-item\">Respaldo ajustable de 7 posiciones: 7 agujeros ajustables (1.2 a 6.7 pulgadas) en el tubo de apoyo, el coj\u00edn trasero de la torre de potencia se puede ajustar antes y despu\u00e9s seg\u00fan el tama\u00f1o de las personas. <\/span><\/li>\n<\/ul>\n<div class=\"a-row a-expander-container a-expander-inline-container\">\n<div class=\"a-expander-content a-expander-extend-content a-expander-content-expanded\" aria-expanded=\"true\">\n<ul class=\"a-unordered-list a-vertical a-spacing-none\">\n<li><span class=\"a-list-item\">Reposabrazos mejorado 2021: algunos comentarios de los clientes, el mango del brazo se tambalea despu\u00e9s del montaje, por lo que lo hemos mejorado para que sea m\u00e1s estable. Solo se necesitan 2 tornillos M10 x 55 + 2 tuercas y 2 tornillos M10 x 45 (sin tuercas) ahora.<\/span><\/li>\n<li><span class=\"a-list-item\">Acerca de SPORTSROYALS: siempre nos esforzamos por proporcionar los mejores productos y servicios a nuestros clientes. Si nuestro producto no puede satisfacer tus expectativas, no dudes en ponerte en contacto con nosotros, y te daremos una soluci\u00f3n satisfactoria en 12 horas.<\/span><\/li>\n<\/ul>\n<\/div>\n<\/div>\n<\/div>","protected":false},"excerpt":{"rendered":"<p>Equipo de entrenamiento de fuerza, 400 libras. Sobre este art\u00edculo Construcci\u00f3n robusta: viene con un marco de acero cuadrado pesado de calibre 14 construido con acabado resistente a los ara\u00f1azos, nuestra torre de potencia puede soportar un peso de hasta 399.0\u00a0lbs y soportar el uso a largo plazo. \u3010Double Stability\u3011Our power tower owns 39.7\u2019\u2019 long-size [&hellip;]<\/p>","protected":false},"featured_media":6204,"comment_status":"open","ping_status":"closed","template":"","meta":[],"product_brand":[],"product_cat":[87,91],"product_tag":[],"class_list":{"0":"post-4807","1":"product","2":"type-product","3":"status-publish","4":"has-post-thumbnail","6":"product_cat-gym-equipments","7":"product_cat-jaulas","9":"first","10":"instock","11":"taxable","12":"shipping-taxable","13":"product-type-external"},"yoast_head":"<!-- This site is optimized with the Yoast SEO plugin v24.0 - https:\/\/yoast.com\/wordpress\/plugins\/seo\/ -->\n<title>Sportsroyals Estaci\u00f3n de inmersi\u00f3n de torre el\u00e9ctrica para gimnasio en casa. - Origin Shape<\/title>\n<meta name=\"robots\" content=\"index, follow, max-snippet:-1, max-image-preview:large, max-video-preview:-1\" \/>\n<link rel=\"canonical\" href=\"https:\/\/originshape.com\/es\/product\/sportsroyals-estacion-de-inmersion-de-torre-electrica-para-gimnasio-en-casa\/\" \/>\n<meta property=\"og:locale\" content=\"es_ES\" \/>\n<meta property=\"og:type\" content=\"article\" \/>\n<meta property=\"og:title\" content=\"Sportsroyals Estaci\u00f3n de inmersi\u00f3n de torre el\u00e9ctrica para gimnasio en casa. - Origin Shape\" \/>\n<meta property=\"og:description\" content=\"Equipo de entrenamiento de fuerza, 400 libras. Sobre este art\u00edculo Construcci\u00f3n robusta: viene con un marco de acero cuadrado pesado de calibre 14 construido con acabado resistente a los ara\u00f1azos, nuestra torre de potencia puede soportar un peso de hasta 399.0\u00a0lbs y soportar el uso a largo plazo. \u3010Double Stability\u3011Our power tower owns 39.7\u2019\u2019 long-size [&hellip;]\" \/>\n<meta property=\"og:url\" content=\"https:\/\/originshape.com\/es\/product\/sportsroyals-estacion-de-inmersion-de-torre-electrica-para-gimnasio-en-casa\/\" \/>\n<meta property=\"og:site_name\" content=\"Origin Shape\" \/>\n<meta property=\"article:modified_time\" content=\"2023-06-10T21:11:13+00:00\" \/>\n<meta property=\"og:image\" content=\"https:\/\/originshape.com\/wp-content\/uploads\/2022\/12\/Estacion-de-chin-up-1.jpg\" \/>\n\t<meta property=\"og:image:width\" content=\"798\" \/>\n\t<meta property=\"og:image:height\" content=\"1500\" \/>\n\t<meta property=\"og:image:type\" content=\"image\/jpeg\" \/>\n<meta name=\"twitter:label1\" content=\"Est. reading time\" \/>\n\t<meta name=\"twitter:data1\" content=\"2 minutos\" \/>\n<script type=\"application\/ld+json\" class=\"yoast-schema-graph\">{\"@context\":\"https:\/\/schema.org\",\"@graph\":[{\"@type\":\"WebPage\",\"@id\":\"https:\/\/originshape.com\/product\/sportsroyals-estacion-de-inmersion-de-torre-electrica-para-gimnasio-en-casa\/\",\"url\":\"https:\/\/originshape.com\/product\/sportsroyals-estacion-de-inmersion-de-torre-electrica-para-gimnasio-en-casa\/\",\"name\":\"Sportsroyals Estaci\u00f3n de inmersi\u00f3n de torre el\u00e9ctrica para gimnasio en casa. - Origin Shape\",\"isPartOf\":{\"@id\":\"https:\/\/originshape.com\/#website\"},\"primaryImageOfPage\":{\"@id\":\"https:\/\/originshape.com\/product\/sportsroyals-estacion-de-inmersion-de-torre-electrica-para-gimnasio-en-casa\/#primaryimage\"},\"image\":{\"@id\":\"https:\/\/originshape.com\/product\/sportsroyals-estacion-de-inmersion-de-torre-electrica-para-gimnasio-en-casa\/#primaryimage\"},\"thumbnailUrl\":\"https:\/\/originshape.com\/wp-content\/uploads\/2022\/12\/Estacion-de-chin-up-1.jpg\",\"datePublished\":\"2022-12-03T19:29:04+00:00\",\"dateModified\":\"2023-06-10T21:11:13+00:00\",\"breadcrumb\":{\"@id\":\"https:\/\/originshape.com\/product\/sportsroyals-estacion-de-inmersion-de-torre-electrica-para-gimnasio-en-casa\/#breadcrumb\"},\"inLanguage\":\"es-DO\",\"potentialAction\":[{\"@type\":\"ReadAction\",\"target\":[\"https:\/\/originshape.com\/product\/sportsroyals-estacion-de-inmersion-de-torre-electrica-para-gimnasio-en-casa\/\"]}]},{\"@type\":\"ImageObject\",\"inLanguage\":\"es-DO\",\"@id\":\"https:\/\/originshape.com\/product\/sportsroyals-estacion-de-inmersion-de-torre-electrica-para-gimnasio-en-casa\/#primaryimage\",\"url\":\"https:\/\/originshape.com\/wp-content\/uploads\/2022\/12\/Estacion-de-chin-up-1.jpg\",\"contentUrl\":\"https:\/\/originshape.com\/wp-content\/uploads\/2022\/12\/Estacion-de-chin-up-1.jpg\",\"width\":798,\"height\":1500},{\"@type\":\"BreadcrumbList\",\"@id\":\"https:\/\/originshape.com\/product\/sportsroyals-estacion-de-inmersion-de-torre-electrica-para-gimnasio-en-casa\/#breadcrumb\",\"itemListElement\":[{\"@type\":\"ListItem\",\"position\":1,\"name\":\"Home\",\"item\":\"https:\/\/originshape.com\/\"},{\"@type\":\"ListItem\",\"position\":2,\"name\":\"Store clothes\",\"item\":\"https:\/\/originshape.com\/store-2\/\"},{\"@type\":\"ListItem\",\"position\":3,\"name\":\"Sportsroyals Estaci\u00f3n de inmersi\u00f3n de torre el\u00e9ctrica para gimnasio en casa.\"}]},{\"@type\":\"WebSite\",\"@id\":\"https:\/\/originshape.com\/#website\",\"url\":\"https:\/\/originshape.com\/\",\"name\":\"Origin Shape\",\"description\":\"Nutrition and Fitness\",\"publisher\":{\"@id\":\"https:\/\/originshape.com\/#organization\"},\"potentialAction\":[{\"@type\":\"SearchAction\",\"target\":{\"@type\":\"EntryPoint\",\"urlTemplate\":\"https:\/\/originshape.com\/?s={search_term_string}\"},\"query-input\":{\"@type\":\"PropertyValueSpecification\",\"valueRequired\":true,\"valueName\":\"search_term_string\"}}],\"inLanguage\":\"es-DO\"},{\"@type\":\"Organization\",\"@id\":\"https:\/\/originshape.com\/#organization\",\"name\":\"Origin Shape\",\"url\":\"https:\/\/originshape.com\/\",\"logo\":{\"@type\":\"ImageObject\",\"inLanguage\":\"es-DO\",\"@id\":\"https:\/\/originshape.com\/#\/schema\/logo\/image\/\",\"url\":\"https:\/\/originshape.com\/wp-content\/uploads\/2022\/12\/39C56CFB-F744-41B1-9128-E6E7FF57EA6D.png\",\"contentUrl\":\"https:\/\/originshape.com\/wp-content\/uploads\/2022\/12\/39C56CFB-F744-41B1-9128-E6E7FF57EA6D.png\",\"width\":512,\"height\":512,\"caption\":\"Origin Shape\"},\"image\":{\"@id\":\"https:\/\/originshape.com\/#\/schema\/logo\/image\/\"}}]}<\/script>\n<!-- \/ Yoast SEO plugin. -->","yoast_head_json":{"title":"Sportsroyals Estaci\u00f3n de inmersi\u00f3n de torre el\u00e9ctrica para gimnasio en casa. - Origin Shape","robots":{"index":"index","follow":"follow","max-snippet":"max-snippet:-1","max-image-preview":"max-image-preview:large","max-video-preview":"max-video-preview:-1"},"canonical":"https:\/\/originshape.com\/es\/product\/sportsroyals-estacion-de-inmersion-de-torre-electrica-para-gimnasio-en-casa\/","og_locale":"es_ES","og_type":"article","og_title":"Sportsroyals Estaci\u00f3n de inmersi\u00f3n de torre el\u00e9ctrica para gimnasio en casa. - Origin Shape","og_description":"Equipo de entrenamiento de fuerza, 400 libras. Sobre este art\u00edculo Construcci\u00f3n robusta: viene con un marco de acero cuadrado pesado de calibre 14 construido con acabado resistente a los ara\u00f1azos, nuestra torre de potencia puede soportar un peso de hasta 399.0\u00a0lbs y soportar el uso a largo plazo. \u3010Double Stability\u3011Our power tower owns 39.7\u2019\u2019 long-size [&hellip;]","og_url":"https:\/\/originshape.com\/es\/product\/sportsroyals-estacion-de-inmersion-de-torre-electrica-para-gimnasio-en-casa\/","og_site_name":"Origin Shape","article_modified_time":"2023-06-10T21:11:13+00:00","og_image":[{"width":798,"height":1500,"url":"https:\/\/originshape.com\/wp-content\/uploads\/2022\/12\/Estacion-de-chin-up-1.jpg","type":"image\/jpeg"}],"twitter_misc":{"Est. reading time":"2 minutos"},"schema":{"@context":"https:\/\/schema.org","@graph":[{"@type":"WebPage","@id":"https:\/\/originshape.com\/product\/sportsroyals-estacion-de-inmersion-de-torre-electrica-para-gimnasio-en-casa\/","url":"https:\/\/originshape.com\/product\/sportsroyals-estacion-de-inmersion-de-torre-electrica-para-gimnasio-en-casa\/","name":"Sportsroyals Estaci\u00f3n de inmersi\u00f3n de torre el\u00e9ctrica para gimnasio en casa. - Origin Shape","isPartOf":{"@id":"https:\/\/originshape.com\/#website"},"primaryImageOfPage":{"@id":"https:\/\/originshape.com\/product\/sportsroyals-estacion-de-inmersion-de-torre-electrica-para-gimnasio-en-casa\/#primaryimage"},"image":{"@id":"https:\/\/originshape.com\/product\/sportsroyals-estacion-de-inmersion-de-torre-electrica-para-gimnasio-en-casa\/#primaryimage"},"thumbnailUrl":"https:\/\/originshape.com\/wp-content\/uploads\/2022\/12\/Estacion-de-chin-up-1.jpg","datePublished":"2022-12-03T19:29:04+00:00","dateModified":"2023-06-10T21:11:13+00:00","breadcrumb":{"@id":"https:\/\/originshape.com\/product\/sportsroyals-estacion-de-inmersion-de-torre-electrica-para-gimnasio-en-casa\/#breadcrumb"},"inLanguage":"es-DO","potentialAction":[{"@type":"ReadAction","target":["https:\/\/originshape.com\/product\/sportsroyals-estacion-de-inmersion-de-torre-electrica-para-gimnasio-en-casa\/"]}]},{"@type":"ImageObject","inLanguage":"es-DO","@id":"https:\/\/originshape.com\/product\/sportsroyals-estacion-de-inmersion-de-torre-electrica-para-gimnasio-en-casa\/#primaryimage","url":"https:\/\/originshape.com\/wp-content\/uploads\/2022\/12\/Estacion-de-chin-up-1.jpg","contentUrl":"https:\/\/originshape.com\/wp-content\/uploads\/2022\/12\/Estacion-de-chin-up-1.jpg","width":798,"height":1500},{"@type":"BreadcrumbList","@id":"https:\/\/originshape.com\/product\/sportsroyals-estacion-de-inmersion-de-torre-electrica-para-gimnasio-en-casa\/#breadcrumb","itemListElement":[{"@type":"ListItem","position":1,"name":"Home","item":"https:\/\/originshape.com\/"},{"@type":"ListItem","position":2,"name":"Store clothes","item":"https:\/\/originshape.com\/store-2\/"},{"@type":"ListItem","position":3,"name":"Sportsroyals Estaci\u00f3n de inmersi\u00f3n de torre el\u00e9ctrica para gimnasio en casa."}]},{"@type":"WebSite","@id":"https:\/\/originshape.com\/#website","url":"https:\/\/originshape.com\/","name":"Origin Shape","description":"Nutrition and Fitness","publisher":{"@id":"https:\/\/originshape.com\/#organization"},"potentialAction":[{"@type":"SearchAction","target":{"@type":"EntryPoint","urlTemplate":"https:\/\/originshape.com\/?s={search_term_string}"},"query-input":{"@type":"PropertyValueSpecification","valueRequired":true,"valueName":"search_term_string"}}],"inLanguage":"es-DO"},{"@type":"Organization","@id":"https:\/\/originshape.com\/#organization","name":"Origin Shape","url":"https:\/\/originshape.com\/","logo":{"@type":"ImageObject","inLanguage":"es-DO","@id":"https:\/\/originshape.com\/#\/schema\/logo\/image\/","url":"https:\/\/originshape.com\/wp-content\/uploads\/2022\/12\/39C56CFB-F744-41B1-9128-E6E7FF57EA6D.png","contentUrl":"https:\/\/originshape.com\/wp-content\/uploads\/2022\/12\/39C56CFB-F744-41B1-9128-E6E7FF57EA6D.png","width":512,"height":512,"caption":"Origin Shape"},"image":{"@id":"https:\/\/originshape.com\/#\/schema\/logo\/image\/"}}]}},"jetpack_sharing_enabled":true,"_links":{"self":[{"href":"https:\/\/originshape.com\/es\/wp-json\/wp\/v2\/product\/4807","targetHints":{"allow":["GET"]}}],"collection":[{"href":"https:\/\/originshape.com\/es\/wp-json\/wp\/v2\/product"}],"about":[{"href":"https:\/\/originshape.com\/es\/wp-json\/wp\/v2\/types\/product"}],"replies":[{"embeddable":true,"href":"https:\/\/originshape.com\/es\/wp-json\/wp\/v2\/comments?post=4807"}],"wp:featuredmedia":[{"embeddable":true,"href":"https:\/\/originshape.com\/es\/wp-json\/wp\/v2\/media\/6204"}],"wp:attachment":[{"href":"https:\/\/originshape.com\/es\/wp-json\/wp\/v2\/media?parent=4807"}],"wp:term":[{"taxonomy":"product_brand","embeddable":true,"href":"https:\/\/originshape.com\/es\/wp-json\/wp\/v2\/product_brand?post=4807"},{"taxonomy":"product_cat","embeddable":true,"href":"https:\/\/originshape.com\/es\/wp-json\/wp\/v2\/product_cat?post=4807"},{"taxonomy":"product_tag","embeddable":true,"href":"https:\/\/originshape.com\/es\/wp-json\/wp\/v2\/product_tag?post=4807"}],"curies":[{"name":"wp","href":"https:\/\/api.w.org\/{rel}","templated":true}]}}