{"id":4810,"date":"2022-12-03T19:45:05","date_gmt":"2022-12-03T19:45:05","guid":{"rendered":"https:\/\/originshape.com\/?post_type=product&#038;p=4810"},"modified":"2023-06-10T20:58:52","modified_gmt":"2023-06-10T20:58:52","slug":"rhythm-cinta-de-correr-plegable-y-portatil-para-debajo-del-escritorio","status":"publish","type":"product","link":"https:\/\/originshape.com\/es\/product\/rhythm-cinta-de-correr-plegable-y-portatil-para-debajo-del-escritorio\/","title":{"rendered":"RHYTHM &#8211; Cinta de correr plegable y port\u00e1til para debajo del escritorio"},"content":{"rendered":"<h3 id=\"title\" class=\"a-size-large a-spacing-none\"><span id=\"productTitle\" class=\"a-size-large product-title-word-break\">Con cintur\u00f3n ancho de rodadura, superfina, minitorre de funcionamiento lento con control remoto inteligente y aplicaci\u00f3n de entrenamiento para el hogar y la oficina<\/span><\/h3>\n<h1 class=\"a-size-base-plus a-text-bold\">Sobre este art\u00edculo<\/h1>\n<ul class=\"a-unordered-list a-vertical a-spacing-mini\">\n<li><span class=\"a-list-item\">1 Cintur\u00f3n de seguridad grande y ancho: en comparaci\u00f3n con el cintur\u00f3n de correr delgado de otras cintas de correr, la cinta de correr Rhythm Fun debajo del escritorio tiene el cintur\u00f3n de correr de 17.7\u00a0in de ancho, con el mejor nivel de comodidad, suave, equilibrio y sensaci\u00f3n estable, y dise\u00f1o s\u00f3lido. Es lo suficientemente grande como para caminar o correr de forma moderada de forma segura, relajada, libremente. Adecuado para todas las personas de menos de 220 libras sin preocuparse de disfrutar de la diversi\u00f3n de caminar o correr lentamente en la puerta. <\/span><\/li>\n<li><span class=\"a-list-item\">2 Compacto, conveniente, ahorra espacio y port\u00e1til: Super 2,3 pulgadas de grosor, 78 lb de peso ligero, s\u00f3lo cubre menos 0.5\u00a0ft\u00b2 de espacio peque\u00f1o en tu sala de estar u oficina. Compacto, plegable y ruedas debajo de la cinta de correr hacen que sea m\u00e1s f\u00e1cil de guardar despu\u00e9s de su uso. Ligero, port\u00e1til y de perfil muy bajo y delgado, por lo que es f\u00e1cil de almacenar en un armario, debajo de una cama, sof\u00e1 o escritorio de pie que puedes trabajar y caminar al mismo tiempo. Un gran andador para caminar en casa o hacer ejercicio de fitness. <\/span><\/li>\n<li><span class=\"a-list-item\">3 Absorci\u00f3n de golpes y dise\u00f1o de reducci\u00f3n de ruido: motor de corriente continua motorizado fuerte de 1,5 CV, estructura de silicio con panal de abeja, cintur\u00f3n de correr grande y suave de 7 niveles, marco de acero duradero que hace que la cinta de correr Rhythm Fun sea silenciosa y c\u00f3moda. No importa principiantes o mayores. <\/span><\/li>\n<li><span class=\"a-list-item\">5 Especificaci\u00f3n: no requiere montaje. Simplemente saca la caja para usarla. [Cintur\u00f3n ancho para correr]: 47 x 18 pulgadas. [Velocidad de camino]: 0.5-3.7MPH [Tama\u00f1o plegable]: L (59&#8243;)*(W)24&#8243;*(H)3&#8243;. <\/span><\/li>\n<li><span class=\"a-list-item\">Pantalla LED grande, control remoto inteligente, aplicaci\u00f3n de entrenamiento inteligente. La cinta de correr de escritorio de pie Rhythm Fun tiene un aspecto muy moderno con pantalla grande, clara y simple. El control remoto inteligente puede controlar tu cinta de correr de forma remota cuando caminas o corres con el bot\u00f3n de inicio, apagado y velocidad. La aplicaci\u00f3n de entrenamiento inteligente especial puede controlar la velocidad, el tiempo, el kilometraje y las calor\u00edas, monitorear y rastrear tu entrenamiento en tu tel\u00e9fono, o configurar el programa de entrenamiento al mismo tiempo.<\/span><\/li>\n<\/ul>","protected":false},"excerpt":{"rendered":"<p>Con cintur\u00f3n ancho de rodadura, superfina, minitorre de funcionamiento lento con control remoto inteligente y aplicaci\u00f3n de entrenamiento para el hogar y la oficina Sobre este art\u00edculo 1 Cintur\u00f3n de seguridad grande y ancho: en comparaci\u00f3n con el cintur\u00f3n de correr delgado de otras cintas de correr, la cinta de correr Rhythm Fun debajo del [&hellip;]<\/p>","protected":false},"featured_media":6213,"comment_status":"closed","ping_status":"closed","template":"","meta":[],"product_brand":[],"product_cat":[90,87],"product_tag":[],"class_list":{"0":"post-4810","1":"product","2":"type-product","3":"status-publish","4":"has-post-thumbnail","6":"product_cat-cardio","7":"product_cat-gym-equipments","9":"first","10":"instock","11":"taxable","12":"shipping-taxable","13":"product-type-external"},"yoast_head":"<!-- This site is optimized with the Yoast SEO plugin v24.0 - https:\/\/yoast.com\/wordpress\/plugins\/seo\/ -->\n<title>RHYTHM - Cinta de correr plegable y port\u00e1til para debajo del escritorio - Origin Shape<\/title>\n<meta name=\"robots\" content=\"index, follow, max-snippet:-1, max-image-preview:large, max-video-preview:-1\" \/>\n<link rel=\"canonical\" href=\"https:\/\/originshape.com\/es\/product\/rhythm-cinta-de-correr-plegable-y-portatil-para-debajo-del-escritorio\/\" \/>\n<meta property=\"og:locale\" content=\"es_ES\" \/>\n<meta property=\"og:type\" content=\"article\" \/>\n<meta property=\"og:title\" content=\"RHYTHM - Cinta de correr plegable y port\u00e1til para debajo del escritorio - Origin Shape\" \/>\n<meta property=\"og:description\" content=\"Con cintur\u00f3n ancho de rodadura, superfina, minitorre de funcionamiento lento con control remoto inteligente y aplicaci\u00f3n de entrenamiento para el hogar y la oficina Sobre este art\u00edculo 1 Cintur\u00f3n de seguridad grande y ancho: en comparaci\u00f3n con el cintur\u00f3n de correr delgado de otras cintas de correr, la cinta de correr Rhythm Fun debajo del [&hellip;]\" \/>\n<meta property=\"og:url\" content=\"https:\/\/originshape.com\/es\/product\/rhythm-cinta-de-correr-plegable-y-portatil-para-debajo-del-escritorio\/\" \/>\n<meta property=\"og:site_name\" content=\"Origin Shape\" \/>\n<meta property=\"article:modified_time\" content=\"2023-06-10T20:58:52+00:00\" \/>\n<meta property=\"og:image\" content=\"https:\/\/originshape.com\/wp-content\/uploads\/2022\/12\/treat-1.jpg\" \/>\n\t<meta property=\"og:image:width\" content=\"950\" \/>\n\t<meta property=\"og:image:height\" content=\"862\" \/>\n\t<meta property=\"og:image:type\" content=\"image\/jpeg\" \/>\n<meta name=\"twitter:label1\" content=\"Est. reading time\" \/>\n\t<meta name=\"twitter:data1\" content=\"2 minutos\" \/>\n<script type=\"application\/ld+json\" class=\"yoast-schema-graph\">{\"@context\":\"https:\/\/schema.org\",\"@graph\":[{\"@type\":\"WebPage\",\"@id\":\"https:\/\/originshape.com\/product\/rhythm-cinta-de-correr-plegable-y-portatil-para-debajo-del-escritorio\/\",\"url\":\"https:\/\/originshape.com\/product\/rhythm-cinta-de-correr-plegable-y-portatil-para-debajo-del-escritorio\/\",\"name\":\"RHYTHM - Cinta de correr plegable y port\u00e1til para debajo del escritorio - Origin Shape\",\"isPartOf\":{\"@id\":\"https:\/\/originshape.com\/#website\"},\"primaryImageOfPage\":{\"@id\":\"https:\/\/originshape.com\/product\/rhythm-cinta-de-correr-plegable-y-portatil-para-debajo-del-escritorio\/#primaryimage\"},\"image\":{\"@id\":\"https:\/\/originshape.com\/product\/rhythm-cinta-de-correr-plegable-y-portatil-para-debajo-del-escritorio\/#primaryimage\"},\"thumbnailUrl\":\"https:\/\/originshape.com\/wp-content\/uploads\/2022\/12\/treat-1.jpg\",\"datePublished\":\"2022-12-03T19:45:05+00:00\",\"dateModified\":\"2023-06-10T20:58:52+00:00\",\"breadcrumb\":{\"@id\":\"https:\/\/originshape.com\/product\/rhythm-cinta-de-correr-plegable-y-portatil-para-debajo-del-escritorio\/#breadcrumb\"},\"inLanguage\":\"es-DO\",\"potentialAction\":[{\"@type\":\"ReadAction\",\"target\":[\"https:\/\/originshape.com\/product\/rhythm-cinta-de-correr-plegable-y-portatil-para-debajo-del-escritorio\/\"]}]},{\"@type\":\"ImageObject\",\"inLanguage\":\"es-DO\",\"@id\":\"https:\/\/originshape.com\/product\/rhythm-cinta-de-correr-plegable-y-portatil-para-debajo-del-escritorio\/#primaryimage\",\"url\":\"https:\/\/originshape.com\/wp-content\/uploads\/2022\/12\/treat-1.jpg\",\"contentUrl\":\"https:\/\/originshape.com\/wp-content\/uploads\/2022\/12\/treat-1.jpg\",\"width\":950,\"height\":862},{\"@type\":\"BreadcrumbList\",\"@id\":\"https:\/\/originshape.com\/product\/rhythm-cinta-de-correr-plegable-y-portatil-para-debajo-del-escritorio\/#breadcrumb\",\"itemListElement\":[{\"@type\":\"ListItem\",\"position\":1,\"name\":\"Home\",\"item\":\"https:\/\/originshape.com\/\"},{\"@type\":\"ListItem\",\"position\":2,\"name\":\"Store clothes\",\"item\":\"https:\/\/originshape.com\/store-2\/\"},{\"@type\":\"ListItem\",\"position\":3,\"name\":\"RHYTHM &#8211; Cinta de correr plegable y port\u00e1til para debajo del escritorio\"}]},{\"@type\":\"WebSite\",\"@id\":\"https:\/\/originshape.com\/#website\",\"url\":\"https:\/\/originshape.com\/\",\"name\":\"Origin Shape\",\"description\":\"Nutrition and Fitness\",\"publisher\":{\"@id\":\"https:\/\/originshape.com\/#organization\"},\"potentialAction\":[{\"@type\":\"SearchAction\",\"target\":{\"@type\":\"EntryPoint\",\"urlTemplate\":\"https:\/\/originshape.com\/?s={search_term_string}\"},\"query-input\":{\"@type\":\"PropertyValueSpecification\",\"valueRequired\":true,\"valueName\":\"search_term_string\"}}],\"inLanguage\":\"es-DO\"},{\"@type\":\"Organization\",\"@id\":\"https:\/\/originshape.com\/#organization\",\"name\":\"Origin Shape\",\"url\":\"https:\/\/originshape.com\/\",\"logo\":{\"@type\":\"ImageObject\",\"inLanguage\":\"es-DO\",\"@id\":\"https:\/\/originshape.com\/#\/schema\/logo\/image\/\",\"url\":\"https:\/\/originshape.com\/wp-content\/uploads\/2022\/12\/39C56CFB-F744-41B1-9128-E6E7FF57EA6D.png\",\"contentUrl\":\"https:\/\/originshape.com\/wp-content\/uploads\/2022\/12\/39C56CFB-F744-41B1-9128-E6E7FF57EA6D.png\",\"width\":512,\"height\":512,\"caption\":\"Origin Shape\"},\"image\":{\"@id\":\"https:\/\/originshape.com\/#\/schema\/logo\/image\/\"}}]}<\/script>\n<!-- \/ Yoast SEO plugin. -->","yoast_head_json":{"title":"RHYTHM - Cinta de correr plegable y port\u00e1til para debajo del escritorio - Origin Shape","robots":{"index":"index","follow":"follow","max-snippet":"max-snippet:-1","max-image-preview":"max-image-preview:large","max-video-preview":"max-video-preview:-1"},"canonical":"https:\/\/originshape.com\/es\/product\/rhythm-cinta-de-correr-plegable-y-portatil-para-debajo-del-escritorio\/","og_locale":"es_ES","og_type":"article","og_title":"RHYTHM - Cinta de correr plegable y port\u00e1til para debajo del escritorio - Origin Shape","og_description":"Con cintur\u00f3n ancho de rodadura, superfina, minitorre de funcionamiento lento con control remoto inteligente y aplicaci\u00f3n de entrenamiento para el hogar y la oficina Sobre este art\u00edculo 1 Cintur\u00f3n de seguridad grande y ancho: en comparaci\u00f3n con el cintur\u00f3n de correr delgado de otras cintas de correr, la cinta de correr Rhythm Fun debajo del [&hellip;]","og_url":"https:\/\/originshape.com\/es\/product\/rhythm-cinta-de-correr-plegable-y-portatil-para-debajo-del-escritorio\/","og_site_name":"Origin Shape","article_modified_time":"2023-06-10T20:58:52+00:00","og_image":[{"width":950,"height":862,"url":"https:\/\/originshape.com\/wp-content\/uploads\/2022\/12\/treat-1.jpg","type":"image\/jpeg"}],"twitter_misc":{"Est. reading time":"2 minutos"},"schema":{"@context":"https:\/\/schema.org","@graph":[{"@type":"WebPage","@id":"https:\/\/originshape.com\/product\/rhythm-cinta-de-correr-plegable-y-portatil-para-debajo-del-escritorio\/","url":"https:\/\/originshape.com\/product\/rhythm-cinta-de-correr-plegable-y-portatil-para-debajo-del-escritorio\/","name":"RHYTHM - Cinta de correr plegable y port\u00e1til para debajo del escritorio - Origin Shape","isPartOf":{"@id":"https:\/\/originshape.com\/#website"},"primaryImageOfPage":{"@id":"https:\/\/originshape.com\/product\/rhythm-cinta-de-correr-plegable-y-portatil-para-debajo-del-escritorio\/#primaryimage"},"image":{"@id":"https:\/\/originshape.com\/product\/rhythm-cinta-de-correr-plegable-y-portatil-para-debajo-del-escritorio\/#primaryimage"},"thumbnailUrl":"https:\/\/originshape.com\/wp-content\/uploads\/2022\/12\/treat-1.jpg","datePublished":"2022-12-03T19:45:05+00:00","dateModified":"2023-06-10T20:58:52+00:00","breadcrumb":{"@id":"https:\/\/originshape.com\/product\/rhythm-cinta-de-correr-plegable-y-portatil-para-debajo-del-escritorio\/#breadcrumb"},"inLanguage":"es-DO","potentialAction":[{"@type":"ReadAction","target":["https:\/\/originshape.com\/product\/rhythm-cinta-de-correr-plegable-y-portatil-para-debajo-del-escritorio\/"]}]},{"@type":"ImageObject","inLanguage":"es-DO","@id":"https:\/\/originshape.com\/product\/rhythm-cinta-de-correr-plegable-y-portatil-para-debajo-del-escritorio\/#primaryimage","url":"https:\/\/originshape.com\/wp-content\/uploads\/2022\/12\/treat-1.jpg","contentUrl":"https:\/\/originshape.com\/wp-content\/uploads\/2022\/12\/treat-1.jpg","width":950,"height":862},{"@type":"BreadcrumbList","@id":"https:\/\/originshape.com\/product\/rhythm-cinta-de-correr-plegable-y-portatil-para-debajo-del-escritorio\/#breadcrumb","itemListElement":[{"@type":"ListItem","position":1,"name":"Home","item":"https:\/\/originshape.com\/"},{"@type":"ListItem","position":2,"name":"Store clothes","item":"https:\/\/originshape.com\/store-2\/"},{"@type":"ListItem","position":3,"name":"RHYTHM &#8211; Cinta de correr plegable y port\u00e1til para debajo del escritorio"}]},{"@type":"WebSite","@id":"https:\/\/originshape.com\/#website","url":"https:\/\/originshape.com\/","name":"Origin Shape","description":"Nutrition and Fitness","publisher":{"@id":"https:\/\/originshape.com\/#organization"},"potentialAction":[{"@type":"SearchAction","target":{"@type":"EntryPoint","urlTemplate":"https:\/\/originshape.com\/?s={search_term_string}"},"query-input":{"@type":"PropertyValueSpecification","valueRequired":true,"valueName":"search_term_string"}}],"inLanguage":"es-DO"},{"@type":"Organization","@id":"https:\/\/originshape.com\/#organization","name":"Origin Shape","url":"https:\/\/originshape.com\/","logo":{"@type":"ImageObject","inLanguage":"es-DO","@id":"https:\/\/originshape.com\/#\/schema\/logo\/image\/","url":"https:\/\/originshape.com\/wp-content\/uploads\/2022\/12\/39C56CFB-F744-41B1-9128-E6E7FF57EA6D.png","contentUrl":"https:\/\/originshape.com\/wp-content\/uploads\/2022\/12\/39C56CFB-F744-41B1-9128-E6E7FF57EA6D.png","width":512,"height":512,"caption":"Origin Shape"},"image":{"@id":"https:\/\/originshape.com\/#\/schema\/logo\/image\/"}}]}},"jetpack_sharing_enabled":true,"_links":{"self":[{"href":"https:\/\/originshape.com\/es\/wp-json\/wp\/v2\/product\/4810","targetHints":{"allow":["GET"]}}],"collection":[{"href":"https:\/\/originshape.com\/es\/wp-json\/wp\/v2\/product"}],"about":[{"href":"https:\/\/originshape.com\/es\/wp-json\/wp\/v2\/types\/product"}],"replies":[{"embeddable":true,"href":"https:\/\/originshape.com\/es\/wp-json\/wp\/v2\/comments?post=4810"}],"wp:featuredmedia":[{"embeddable":true,"href":"https:\/\/originshape.com\/es\/wp-json\/wp\/v2\/media\/6213"}],"wp:attachment":[{"href":"https:\/\/originshape.com\/es\/wp-json\/wp\/v2\/media?parent=4810"}],"wp:term":[{"taxonomy":"product_brand","embeddable":true,"href":"https:\/\/originshape.com\/es\/wp-json\/wp\/v2\/product_brand?post=4810"},{"taxonomy":"product_cat","embeddable":true,"href":"https:\/\/originshape.com\/es\/wp-json\/wp\/v2\/product_cat?post=4810"},{"taxonomy":"product_tag","embeddable":true,"href":"https:\/\/originshape.com\/es\/wp-json\/wp\/v2\/product_tag?post=4810"}],"curies":[{"name":"wp","href":"https:\/\/api.w.org\/{rel}","templated":true}]}}