{"id":4860,"date":"2022-12-05T21:55:44","date_gmt":"2022-12-05T21:55:44","guid":{"rendered":"https:\/\/originshape.com\/?post_type=product&#038;p=4860"},"modified":"2023-04-11T17:13:53","modified_gmt":"2023-04-11T17:13:53","slug":"agarraderas-de-cuero-ideales-para-gimnasia-levantamiento-de-pesas-pesas-rusas-y-crossfit","status":"publish","type":"product","link":"https:\/\/originshape.com\/es\/product\/agarraderas-de-cuero-ideales-para-gimnasia-levantamiento-de-pesas-pesas-rusas-y-crossfit\/","title":{"rendered":"Agarraderas de cuero ideales para gimnasia, levantamiento de pesas, pesas rusas y crossfit"},"content":{"rendered":"<h1>Sobre este articulo<\/h1>\n<ul class=\"a-unordered-list a-vertical a-spacing-mini\">\n<li><span class=\"a-list-item\">100% cuero <\/span><\/li>\n<li><span class=\"a-list-item\">Agarraderas de cuero premium: usamos cuero de alta calidad que no es solo duradero e inoloro, sino que tambi\u00e9n es suave y se ajusta a la forma. Proporciona apoyo para la mu\u00f1eca y estabilidad, y protege contra lesiones, callos y desgarros. <\/span><\/li>\n<li><span class=\"a-list-item\">Soporte seguro de mu\u00f1eca: cubriendo m\u00e1s que perfectamente sus manos, estas agarraderas rodean sus mu\u00f1ecas con seguridad y pueden ser ajustadas convenientemente de acuerdo a su nivel de comodidad. Ergon\u00f3micamente dise\u00f1adas para minimizar la presi\u00f3n, reducir la tensi\u00f3n de la mu\u00f1eca y permanecer constantes durante toda su sesi\u00f3n de crossfit o rutina de ejercicios, estas agarraderas son un escudo poderoso contra una amplia variedad de condiciones a largo plazo de articulaciones y mu\u00f1eca. <\/span><\/li>\n<li><span class=\"a-list-item\">Protector de palma de mano: \u00a1Una agarradera para gimnasia de ajuste perfecto para cubrir sus palmas! Nuestras agarraderas de cuero AEOLOS proporcionan protecci\u00f3n completa de la palma contra rasgu\u00f1os, cicatrices, cortes, callos y ampollas. Por lo que usted no tiene que preocuparse por resbalones y fricci\u00f3n reducida mientras agarra equipo de ejercicio o hace ejercicios de barbilla, ejercicios con la barra y entrenamiento de crossfit. <\/span><\/li>\n<li><span class=\"a-list-item\">Bolsa de transporte incluida: as\u00ed puede llevar sus agarraderas en su bolsa sin que se pongan sudorosas, sucias, o sin que se junten con sus otros elementos de gimnasio cubiertos de tiza de los agarres.<\/span><\/li>\n<\/ul>","protected":false},"excerpt":{"rendered":"<p>Sobre este articulo 100% cuero Agarraderas de cuero premium: usamos cuero de alta calidad que no es solo duradero e inoloro, sino que tambi\u00e9n es suave y se ajusta a la forma. Proporciona apoyo para la mu\u00f1eca y estabilidad, y protege contra lesiones, callos y desgarros. Soporte seguro de mu\u00f1eca: cubriendo m\u00e1s que perfectamente sus [&hellip;]<\/p>","protected":false},"featured_media":4856,"comment_status":"closed","ping_status":"closed","template":"","meta":[],"product_brand":[],"product_cat":[88,87],"product_tag":[],"class_list":{"0":"post-4860","1":"product","2":"type-product","3":"status-publish","4":"has-post-thumbnail","6":"product_cat-accesorios-amaz","7":"product_cat-gym-equipments","9":"first","10":"instock","11":"taxable","12":"shipping-taxable","13":"product-type-external"},"yoast_head":"<!-- This site is optimized with the Yoast SEO plugin v24.0 - https:\/\/yoast.com\/wordpress\/plugins\/seo\/ -->\n<title>Agarraderas de cuero ideales para gimnasia, levantamiento de pesas, pesas rusas y crossfit - Origin Shape<\/title>\n<meta name=\"robots\" content=\"index, follow, max-snippet:-1, max-image-preview:large, max-video-preview:-1\" \/>\n<link rel=\"canonical\" href=\"https:\/\/originshape.com\/es\/product\/agarraderas-de-cuero-ideales-para-gimnasia-levantamiento-de-pesas-pesas-rusas-y-crossfit\/\" \/>\n<meta property=\"og:locale\" content=\"es_ES\" \/>\n<meta property=\"og:type\" content=\"article\" \/>\n<meta property=\"og:title\" content=\"Agarraderas de cuero ideales para gimnasia, levantamiento de pesas, pesas rusas y crossfit - Origin Shape\" \/>\n<meta property=\"og:description\" content=\"Sobre este articulo 100% cuero Agarraderas de cuero premium: usamos cuero de alta calidad que no es solo duradero e inoloro, sino que tambi\u00e9n es suave y se ajusta a la forma. Proporciona apoyo para la mu\u00f1eca y estabilidad, y protege contra lesiones, callos y desgarros. Soporte seguro de mu\u00f1eca: cubriendo m\u00e1s que perfectamente sus [&hellip;]\" \/>\n<meta property=\"og:url\" content=\"https:\/\/originshape.com\/es\/product\/agarraderas-de-cuero-ideales-para-gimnasia-levantamiento-de-pesas-pesas-rusas-y-crossfit\/\" \/>\n<meta property=\"og:site_name\" content=\"Origin Shape\" \/>\n<meta property=\"article:modified_time\" content=\"2023-04-11T17:13:53+00:00\" \/>\n<meta property=\"og:image\" content=\"https:\/\/originshape.com\/wp-content\/uploads\/2022\/12\/guantillas.jpg\" \/>\n\t<meta property=\"og:image:width\" content=\"1500\" \/>\n\t<meta property=\"og:image:height\" content=\"1257\" \/>\n\t<meta property=\"og:image:type\" content=\"image\/jpeg\" \/>\n<meta name=\"twitter:label1\" content=\"Est. reading time\" \/>\n\t<meta name=\"twitter:data1\" content=\"1 minuto\" \/>\n<script type=\"application\/ld+json\" class=\"yoast-schema-graph\">{\"@context\":\"https:\/\/schema.org\",\"@graph\":[{\"@type\":\"WebPage\",\"@id\":\"https:\/\/originshape.com\/product\/agarraderas-de-cuero-ideales-para-gimnasia-levantamiento-de-pesas-pesas-rusas-y-crossfit\/\",\"url\":\"https:\/\/originshape.com\/product\/agarraderas-de-cuero-ideales-para-gimnasia-levantamiento-de-pesas-pesas-rusas-y-crossfit\/\",\"name\":\"Agarraderas de cuero ideales para gimnasia, levantamiento de pesas, pesas rusas y crossfit - Origin Shape\",\"isPartOf\":{\"@id\":\"https:\/\/originshape.com\/#website\"},\"primaryImageOfPage\":{\"@id\":\"https:\/\/originshape.com\/product\/agarraderas-de-cuero-ideales-para-gimnasia-levantamiento-de-pesas-pesas-rusas-y-crossfit\/#primaryimage\"},\"image\":{\"@id\":\"https:\/\/originshape.com\/product\/agarraderas-de-cuero-ideales-para-gimnasia-levantamiento-de-pesas-pesas-rusas-y-crossfit\/#primaryimage\"},\"thumbnailUrl\":\"https:\/\/originshape.com\/wp-content\/uploads\/2022\/12\/guantillas.jpg\",\"datePublished\":\"2022-12-05T21:55:44+00:00\",\"dateModified\":\"2023-04-11T17:13:53+00:00\",\"breadcrumb\":{\"@id\":\"https:\/\/originshape.com\/product\/agarraderas-de-cuero-ideales-para-gimnasia-levantamiento-de-pesas-pesas-rusas-y-crossfit\/#breadcrumb\"},\"inLanguage\":\"es-DO\",\"potentialAction\":[{\"@type\":\"ReadAction\",\"target\":[\"https:\/\/originshape.com\/product\/agarraderas-de-cuero-ideales-para-gimnasia-levantamiento-de-pesas-pesas-rusas-y-crossfit\/\"]}]},{\"@type\":\"ImageObject\",\"inLanguage\":\"es-DO\",\"@id\":\"https:\/\/originshape.com\/product\/agarraderas-de-cuero-ideales-para-gimnasia-levantamiento-de-pesas-pesas-rusas-y-crossfit\/#primaryimage\",\"url\":\"https:\/\/originshape.com\/wp-content\/uploads\/2022\/12\/guantillas.jpg\",\"contentUrl\":\"https:\/\/originshape.com\/wp-content\/uploads\/2022\/12\/guantillas.jpg\",\"width\":1500,\"height\":1257},{\"@type\":\"BreadcrumbList\",\"@id\":\"https:\/\/originshape.com\/product\/agarraderas-de-cuero-ideales-para-gimnasia-levantamiento-de-pesas-pesas-rusas-y-crossfit\/#breadcrumb\",\"itemListElement\":[{\"@type\":\"ListItem\",\"position\":1,\"name\":\"Home\",\"item\":\"https:\/\/originshape.com\/\"},{\"@type\":\"ListItem\",\"position\":2,\"name\":\"Store clothes\",\"item\":\"https:\/\/originshape.com\/store-2\/\"},{\"@type\":\"ListItem\",\"position\":3,\"name\":\"Agarraderas de cuero ideales para gimnasia, levantamiento de pesas, pesas rusas y crossfit\"}]},{\"@type\":\"WebSite\",\"@id\":\"https:\/\/originshape.com\/#website\",\"url\":\"https:\/\/originshape.com\/\",\"name\":\"Origin Shape\",\"description\":\"Nutrition and Fitness\",\"publisher\":{\"@id\":\"https:\/\/originshape.com\/#organization\"},\"potentialAction\":[{\"@type\":\"SearchAction\",\"target\":{\"@type\":\"EntryPoint\",\"urlTemplate\":\"https:\/\/originshape.com\/?s={search_term_string}\"},\"query-input\":{\"@type\":\"PropertyValueSpecification\",\"valueRequired\":true,\"valueName\":\"search_term_string\"}}],\"inLanguage\":\"es-DO\"},{\"@type\":\"Organization\",\"@id\":\"https:\/\/originshape.com\/#organization\",\"name\":\"Origin Shape\",\"url\":\"https:\/\/originshape.com\/\",\"logo\":{\"@type\":\"ImageObject\",\"inLanguage\":\"es-DO\",\"@id\":\"https:\/\/originshape.com\/#\/schema\/logo\/image\/\",\"url\":\"https:\/\/originshape.com\/wp-content\/uploads\/2022\/12\/39C56CFB-F744-41B1-9128-E6E7FF57EA6D.png\",\"contentUrl\":\"https:\/\/originshape.com\/wp-content\/uploads\/2022\/12\/39C56CFB-F744-41B1-9128-E6E7FF57EA6D.png\",\"width\":512,\"height\":512,\"caption\":\"Origin Shape\"},\"image\":{\"@id\":\"https:\/\/originshape.com\/#\/schema\/logo\/image\/\"}}]}<\/script>\n<!-- \/ Yoast SEO plugin. -->","yoast_head_json":{"title":"Agarraderas de cuero ideales para gimnasia, levantamiento de pesas, pesas rusas y crossfit - Origin Shape","robots":{"index":"index","follow":"follow","max-snippet":"max-snippet:-1","max-image-preview":"max-image-preview:large","max-video-preview":"max-video-preview:-1"},"canonical":"https:\/\/originshape.com\/es\/product\/agarraderas-de-cuero-ideales-para-gimnasia-levantamiento-de-pesas-pesas-rusas-y-crossfit\/","og_locale":"es_ES","og_type":"article","og_title":"Agarraderas de cuero ideales para gimnasia, levantamiento de pesas, pesas rusas y crossfit - Origin Shape","og_description":"Sobre este articulo 100% cuero Agarraderas de cuero premium: usamos cuero de alta calidad que no es solo duradero e inoloro, sino que tambi\u00e9n es suave y se ajusta a la forma. Proporciona apoyo para la mu\u00f1eca y estabilidad, y protege contra lesiones, callos y desgarros. Soporte seguro de mu\u00f1eca: cubriendo m\u00e1s que perfectamente sus [&hellip;]","og_url":"https:\/\/originshape.com\/es\/product\/agarraderas-de-cuero-ideales-para-gimnasia-levantamiento-de-pesas-pesas-rusas-y-crossfit\/","og_site_name":"Origin Shape","article_modified_time":"2023-04-11T17:13:53+00:00","og_image":[{"width":1500,"height":1257,"url":"https:\/\/originshape.com\/wp-content\/uploads\/2022\/12\/guantillas.jpg","type":"image\/jpeg"}],"twitter_misc":{"Est. reading time":"1 minuto"},"schema":{"@context":"https:\/\/schema.org","@graph":[{"@type":"WebPage","@id":"https:\/\/originshape.com\/product\/agarraderas-de-cuero-ideales-para-gimnasia-levantamiento-de-pesas-pesas-rusas-y-crossfit\/","url":"https:\/\/originshape.com\/product\/agarraderas-de-cuero-ideales-para-gimnasia-levantamiento-de-pesas-pesas-rusas-y-crossfit\/","name":"Agarraderas de cuero ideales para gimnasia, levantamiento de pesas, pesas rusas y crossfit - Origin Shape","isPartOf":{"@id":"https:\/\/originshape.com\/#website"},"primaryImageOfPage":{"@id":"https:\/\/originshape.com\/product\/agarraderas-de-cuero-ideales-para-gimnasia-levantamiento-de-pesas-pesas-rusas-y-crossfit\/#primaryimage"},"image":{"@id":"https:\/\/originshape.com\/product\/agarraderas-de-cuero-ideales-para-gimnasia-levantamiento-de-pesas-pesas-rusas-y-crossfit\/#primaryimage"},"thumbnailUrl":"https:\/\/originshape.com\/wp-content\/uploads\/2022\/12\/guantillas.jpg","datePublished":"2022-12-05T21:55:44+00:00","dateModified":"2023-04-11T17:13:53+00:00","breadcrumb":{"@id":"https:\/\/originshape.com\/product\/agarraderas-de-cuero-ideales-para-gimnasia-levantamiento-de-pesas-pesas-rusas-y-crossfit\/#breadcrumb"},"inLanguage":"es-DO","potentialAction":[{"@type":"ReadAction","target":["https:\/\/originshape.com\/product\/agarraderas-de-cuero-ideales-para-gimnasia-levantamiento-de-pesas-pesas-rusas-y-crossfit\/"]}]},{"@type":"ImageObject","inLanguage":"es-DO","@id":"https:\/\/originshape.com\/product\/agarraderas-de-cuero-ideales-para-gimnasia-levantamiento-de-pesas-pesas-rusas-y-crossfit\/#primaryimage","url":"https:\/\/originshape.com\/wp-content\/uploads\/2022\/12\/guantillas.jpg","contentUrl":"https:\/\/originshape.com\/wp-content\/uploads\/2022\/12\/guantillas.jpg","width":1500,"height":1257},{"@type":"BreadcrumbList","@id":"https:\/\/originshape.com\/product\/agarraderas-de-cuero-ideales-para-gimnasia-levantamiento-de-pesas-pesas-rusas-y-crossfit\/#breadcrumb","itemListElement":[{"@type":"ListItem","position":1,"name":"Home","item":"https:\/\/originshape.com\/"},{"@type":"ListItem","position":2,"name":"Store clothes","item":"https:\/\/originshape.com\/store-2\/"},{"@type":"ListItem","position":3,"name":"Agarraderas de cuero ideales para gimnasia, levantamiento de pesas, pesas rusas y crossfit"}]},{"@type":"WebSite","@id":"https:\/\/originshape.com\/#website","url":"https:\/\/originshape.com\/","name":"Origin Shape","description":"Nutrition and Fitness","publisher":{"@id":"https:\/\/originshape.com\/#organization"},"potentialAction":[{"@type":"SearchAction","target":{"@type":"EntryPoint","urlTemplate":"https:\/\/originshape.com\/?s={search_term_string}"},"query-input":{"@type":"PropertyValueSpecification","valueRequired":true,"valueName":"search_term_string"}}],"inLanguage":"es-DO"},{"@type":"Organization","@id":"https:\/\/originshape.com\/#organization","name":"Origin Shape","url":"https:\/\/originshape.com\/","logo":{"@type":"ImageObject","inLanguage":"es-DO","@id":"https:\/\/originshape.com\/#\/schema\/logo\/image\/","url":"https:\/\/originshape.com\/wp-content\/uploads\/2022\/12\/39C56CFB-F744-41B1-9128-E6E7FF57EA6D.png","contentUrl":"https:\/\/originshape.com\/wp-content\/uploads\/2022\/12\/39C56CFB-F744-41B1-9128-E6E7FF57EA6D.png","width":512,"height":512,"caption":"Origin Shape"},"image":{"@id":"https:\/\/originshape.com\/#\/schema\/logo\/image\/"}}]}},"jetpack_sharing_enabled":true,"_links":{"self":[{"href":"https:\/\/originshape.com\/es\/wp-json\/wp\/v2\/product\/4860","targetHints":{"allow":["GET"]}}],"collection":[{"href":"https:\/\/originshape.com\/es\/wp-json\/wp\/v2\/product"}],"about":[{"href":"https:\/\/originshape.com\/es\/wp-json\/wp\/v2\/types\/product"}],"replies":[{"embeddable":true,"href":"https:\/\/originshape.com\/es\/wp-json\/wp\/v2\/comments?post=4860"}],"wp:featuredmedia":[{"embeddable":true,"href":"https:\/\/originshape.com\/es\/wp-json\/wp\/v2\/media\/4856"}],"wp:attachment":[{"href":"https:\/\/originshape.com\/es\/wp-json\/wp\/v2\/media?parent=4860"}],"wp:term":[{"taxonomy":"product_brand","embeddable":true,"href":"https:\/\/originshape.com\/es\/wp-json\/wp\/v2\/product_brand?post=4860"},{"taxonomy":"product_cat","embeddable":true,"href":"https:\/\/originshape.com\/es\/wp-json\/wp\/v2\/product_cat?post=4860"},{"taxonomy":"product_tag","embeddable":true,"href":"https:\/\/originshape.com\/es\/wp-json\/wp\/v2\/product_tag?post=4860"}],"curies":[{"name":"wp","href":"https:\/\/api.w.org\/{rel}","templated":true}]}}