{"id":4877,"date":"2022-12-07T02:10:01","date_gmt":"2022-12-07T02:10:01","guid":{"rendered":"https:\/\/originshape.com\/?post_type=product&#038;p=4877"},"modified":"2023-06-10T21:00:31","modified_gmt":"2023-06-10T21:00:31","slug":"ritfit-jaula-electrica-con-estante-desplegable-lat","status":"publish","type":"product","link":"https:\/\/originshape.com\/es\/product\/ritfit-jaula-electrica-con-estante-desplegable-lat\/","title":{"rendered":"RitFit Jaula el\u00e9ctrica con estante desplegable LAT"},"content":{"rendered":"<p id=\"title\" class=\"a-size-large a-spacing-none\"><span id=\"productTitle\" class=\"a-size-large product-title-word-break\">Almacenamiento de pesas, banco de pesas opcional, estante de alimentaci\u00f3n de capacidad de 1000 libras para el hogar y el garaje gimnasio, estante de 13 accesorios para sentadillas para entrenamiento de cuerpo completo, certificado ASTM<\/span><\/p>\n<p>&nbsp;<\/p>\n<h1>Sobre este articulo:<\/h1>\n<ul class=\"a-unordered-list a-vertical a-spacing-mini\">\n<li><span class=\"a-list-item\">100 % espuma <\/span><\/li>\n<li><span class=\"a-list-item\">Paquete de jaula el\u00e9ctrica y banco: Contenido del paquete: 1 jaula de potencia RitFit con sistema de tracci\u00f3n lateral; 1 banco de pesas ajustable RitFit. La jaula de potencia RitFit tiene una clasificaci\u00f3n de 1000 libras con soportes de acero de 2 x 2 pulgadas. La huella total del estante es de 44 pulgadas de ancho x 52 pulgadas de largo y mide 85 pulgadas de alto. Banco ajustable RitFit con capacidad de carga m\u00e1xima de 800 libras y total de 9 posiciones ajustadas. <\/span><\/li>\n<li><span class=\"a-list-item\">13 accesorios adicionales gratis: 2 barras de seguridad, 2 copas en J, 2 asas de inmersi\u00f3n, 4 clavijas de soporte de peso (vienen con fundas adaptadoras de 2 pulgadas), 1 barra de dominadas, 1 accesorio de fila de barra en T, 1 sujeci\u00f3n de pata. <\/span><\/li>\n<li><span class=\"a-list-item\">Un mejor valor en general. La jaula tiene 12 posiciones de altura variable, cada una de 2 pulgadas de distancia. La jaula de potencia RitFit te permite no solo hacer sentadillas y prensa de banco, sino levantamientos muertos, filas, dominadas, dominadas y mucho m\u00e1s. Las placas ol\u00edmpicas de 2 pulgadas deben utilizarse con fundas adaptadoras ol\u00edmpicas, capacidad de placa de peso de 600 libras. <\/span><\/li>\n<li><span class=\"a-list-item\">Sistema de tracci\u00f3n lateral m\u00e1s suave. Nuestro \u00faltimo sistema de tracci\u00f3n lateral introduce un eje m\u00e1s grueso para evitar abolladuras durante el transporte. Las poleas altas y bajas ofrecen una amplia gama de ejercicios de parte superior e inferior del cuerpo para un f\u00edsico fuerte y seguro. Construye tu pecho, hombros, espalda, b\u00edceps, tr\u00edceps y abdomen utilizando las poleas de cable para apuntar a todos los m\u00fasculos. <\/span><\/li>\n<li><span class=\"a-list-item\">RitFit Garant\u00eda. La garant\u00eda b\u00e1sica dura 36 meses para marcos de acero principales. Los accesorios est\u00e1n cubiertos solo durante 12 meses. Los detalles completos se dan en RitFit Power Cage \/ Banco ajustable.<\/span><\/li>\n<\/ul>","protected":false},"excerpt":{"rendered":"<p>Almacenamiento de pesas, banco de pesas opcional, estante de alimentaci\u00f3n de capacidad de 1000 libras para el hogar y el garaje gimnasio, estante de 13 accesorios para sentadillas para entrenamiento de cuerpo completo, certificado ASTM &nbsp; Sobre este articulo: 100 % espuma Paquete de jaula el\u00e9ctrica y banco: Contenido del paquete: 1 jaula de potencia [&hellip;]<\/p>","protected":false},"featured_media":6231,"comment_status":"closed","ping_status":"closed","template":"","meta":[],"product_brand":[],"product_cat":[87,91],"product_tag":[],"class_list":{"0":"post-4877","1":"product","2":"type-product","3":"status-publish","4":"has-post-thumbnail","6":"product_cat-gym-equipments","7":"product_cat-jaulas","9":"first","10":"instock","11":"taxable","12":"shipping-taxable","13":"product-type-external"},"yoast_head":"<!-- This site is optimized with the Yoast SEO plugin v24.0 - https:\/\/yoast.com\/wordpress\/plugins\/seo\/ -->\n<title>RitFit Jaula el\u00e9ctrica con estante desplegable LAT - Origin Shape<\/title>\n<meta name=\"robots\" content=\"index, follow, max-snippet:-1, max-image-preview:large, max-video-preview:-1\" \/>\n<link rel=\"canonical\" href=\"https:\/\/originshape.com\/es\/product\/ritfit-jaula-electrica-con-estante-desplegable-lat\/\" \/>\n<meta property=\"og:locale\" content=\"es_ES\" \/>\n<meta property=\"og:type\" content=\"article\" \/>\n<meta property=\"og:title\" content=\"RitFit Jaula el\u00e9ctrica con estante desplegable LAT - Origin Shape\" \/>\n<meta property=\"og:description\" content=\"Almacenamiento de pesas, banco de pesas opcional, estante de alimentaci\u00f3n de capacidad de 1000 libras para el hogar y el garaje gimnasio, estante de 13 accesorios para sentadillas para entrenamiento de cuerpo completo, certificado ASTM &nbsp; Sobre este articulo: 100 % espuma Paquete de jaula el\u00e9ctrica y banco: Contenido del paquete: 1 jaula de potencia [&hellip;]\" \/>\n<meta property=\"og:url\" content=\"https:\/\/originshape.com\/es\/product\/ritfit-jaula-electrica-con-estante-desplegable-lat\/\" \/>\n<meta property=\"og:site_name\" content=\"Origin Shape\" \/>\n<meta property=\"article:modified_time\" content=\"2023-06-10T21:00:31+00:00\" \/>\n<meta property=\"og:image\" content=\"https:\/\/originshape.com\/wp-content\/uploads\/2022\/12\/Jaula-1.jpg\" \/>\n\t<meta property=\"og:image:width\" content=\"1372\" \/>\n\t<meta property=\"og:image:height\" content=\"1477\" \/>\n\t<meta property=\"og:image:type\" content=\"image\/jpeg\" \/>\n<meta name=\"twitter:label1\" content=\"Est. reading time\" \/>\n\t<meta name=\"twitter:data1\" content=\"2 minutos\" \/>\n<script type=\"application\/ld+json\" class=\"yoast-schema-graph\">{\"@context\":\"https:\/\/schema.org\",\"@graph\":[{\"@type\":\"WebPage\",\"@id\":\"https:\/\/originshape.com\/product\/ritfit-jaula-electrica-con-estante-desplegable-lat\/\",\"url\":\"https:\/\/originshape.com\/product\/ritfit-jaula-electrica-con-estante-desplegable-lat\/\",\"name\":\"RitFit Jaula el\u00e9ctrica con estante desplegable LAT - Origin Shape\",\"isPartOf\":{\"@id\":\"https:\/\/originshape.com\/#website\"},\"primaryImageOfPage\":{\"@id\":\"https:\/\/originshape.com\/product\/ritfit-jaula-electrica-con-estante-desplegable-lat\/#primaryimage\"},\"image\":{\"@id\":\"https:\/\/originshape.com\/product\/ritfit-jaula-electrica-con-estante-desplegable-lat\/#primaryimage\"},\"thumbnailUrl\":\"https:\/\/originshape.com\/wp-content\/uploads\/2022\/12\/Jaula-1.jpg\",\"datePublished\":\"2022-12-07T02:10:01+00:00\",\"dateModified\":\"2023-06-10T21:00:31+00:00\",\"breadcrumb\":{\"@id\":\"https:\/\/originshape.com\/product\/ritfit-jaula-electrica-con-estante-desplegable-lat\/#breadcrumb\"},\"inLanguage\":\"es-DO\",\"potentialAction\":[{\"@type\":\"ReadAction\",\"target\":[\"https:\/\/originshape.com\/product\/ritfit-jaula-electrica-con-estante-desplegable-lat\/\"]}]},{\"@type\":\"ImageObject\",\"inLanguage\":\"es-DO\",\"@id\":\"https:\/\/originshape.com\/product\/ritfit-jaula-electrica-con-estante-desplegable-lat\/#primaryimage\",\"url\":\"https:\/\/originshape.com\/wp-content\/uploads\/2022\/12\/Jaula-1.jpg\",\"contentUrl\":\"https:\/\/originshape.com\/wp-content\/uploads\/2022\/12\/Jaula-1.jpg\",\"width\":1372,\"height\":1477},{\"@type\":\"BreadcrumbList\",\"@id\":\"https:\/\/originshape.com\/product\/ritfit-jaula-electrica-con-estante-desplegable-lat\/#breadcrumb\",\"itemListElement\":[{\"@type\":\"ListItem\",\"position\":1,\"name\":\"Home\",\"item\":\"https:\/\/originshape.com\/\"},{\"@type\":\"ListItem\",\"position\":2,\"name\":\"Store clothes\",\"item\":\"https:\/\/originshape.com\/store-2\/\"},{\"@type\":\"ListItem\",\"position\":3,\"name\":\"RitFit Jaula el\u00e9ctrica con estante desplegable LAT\"}]},{\"@type\":\"WebSite\",\"@id\":\"https:\/\/originshape.com\/#website\",\"url\":\"https:\/\/originshape.com\/\",\"name\":\"Origin Shape\",\"description\":\"Nutrition and Fitness\",\"publisher\":{\"@id\":\"https:\/\/originshape.com\/#organization\"},\"potentialAction\":[{\"@type\":\"SearchAction\",\"target\":{\"@type\":\"EntryPoint\",\"urlTemplate\":\"https:\/\/originshape.com\/?s={search_term_string}\"},\"query-input\":{\"@type\":\"PropertyValueSpecification\",\"valueRequired\":true,\"valueName\":\"search_term_string\"}}],\"inLanguage\":\"es-DO\"},{\"@type\":\"Organization\",\"@id\":\"https:\/\/originshape.com\/#organization\",\"name\":\"Origin Shape\",\"url\":\"https:\/\/originshape.com\/\",\"logo\":{\"@type\":\"ImageObject\",\"inLanguage\":\"es-DO\",\"@id\":\"https:\/\/originshape.com\/#\/schema\/logo\/image\/\",\"url\":\"https:\/\/originshape.com\/wp-content\/uploads\/2022\/12\/39C56CFB-F744-41B1-9128-E6E7FF57EA6D.png\",\"contentUrl\":\"https:\/\/originshape.com\/wp-content\/uploads\/2022\/12\/39C56CFB-F744-41B1-9128-E6E7FF57EA6D.png\",\"width\":512,\"height\":512,\"caption\":\"Origin Shape\"},\"image\":{\"@id\":\"https:\/\/originshape.com\/#\/schema\/logo\/image\/\"}}]}<\/script>\n<!-- \/ Yoast SEO plugin. -->","yoast_head_json":{"title":"RitFit Jaula el\u00e9ctrica con estante desplegable LAT - Origin Shape","robots":{"index":"index","follow":"follow","max-snippet":"max-snippet:-1","max-image-preview":"max-image-preview:large","max-video-preview":"max-video-preview:-1"},"canonical":"https:\/\/originshape.com\/es\/product\/ritfit-jaula-electrica-con-estante-desplegable-lat\/","og_locale":"es_ES","og_type":"article","og_title":"RitFit Jaula el\u00e9ctrica con estante desplegable LAT - Origin Shape","og_description":"Almacenamiento de pesas, banco de pesas opcional, estante de alimentaci\u00f3n de capacidad de 1000 libras para el hogar y el garaje gimnasio, estante de 13 accesorios para sentadillas para entrenamiento de cuerpo completo, certificado ASTM &nbsp; Sobre este articulo: 100 % espuma Paquete de jaula el\u00e9ctrica y banco: Contenido del paquete: 1 jaula de potencia [&hellip;]","og_url":"https:\/\/originshape.com\/es\/product\/ritfit-jaula-electrica-con-estante-desplegable-lat\/","og_site_name":"Origin Shape","article_modified_time":"2023-06-10T21:00:31+00:00","og_image":[{"width":1372,"height":1477,"url":"https:\/\/originshape.com\/wp-content\/uploads\/2022\/12\/Jaula-1.jpg","type":"image\/jpeg"}],"twitter_misc":{"Est. reading time":"2 minutos"},"schema":{"@context":"https:\/\/schema.org","@graph":[{"@type":"WebPage","@id":"https:\/\/originshape.com\/product\/ritfit-jaula-electrica-con-estante-desplegable-lat\/","url":"https:\/\/originshape.com\/product\/ritfit-jaula-electrica-con-estante-desplegable-lat\/","name":"RitFit Jaula el\u00e9ctrica con estante desplegable LAT - Origin Shape","isPartOf":{"@id":"https:\/\/originshape.com\/#website"},"primaryImageOfPage":{"@id":"https:\/\/originshape.com\/product\/ritfit-jaula-electrica-con-estante-desplegable-lat\/#primaryimage"},"image":{"@id":"https:\/\/originshape.com\/product\/ritfit-jaula-electrica-con-estante-desplegable-lat\/#primaryimage"},"thumbnailUrl":"https:\/\/originshape.com\/wp-content\/uploads\/2022\/12\/Jaula-1.jpg","datePublished":"2022-12-07T02:10:01+00:00","dateModified":"2023-06-10T21:00:31+00:00","breadcrumb":{"@id":"https:\/\/originshape.com\/product\/ritfit-jaula-electrica-con-estante-desplegable-lat\/#breadcrumb"},"inLanguage":"es-DO","potentialAction":[{"@type":"ReadAction","target":["https:\/\/originshape.com\/product\/ritfit-jaula-electrica-con-estante-desplegable-lat\/"]}]},{"@type":"ImageObject","inLanguage":"es-DO","@id":"https:\/\/originshape.com\/product\/ritfit-jaula-electrica-con-estante-desplegable-lat\/#primaryimage","url":"https:\/\/originshape.com\/wp-content\/uploads\/2022\/12\/Jaula-1.jpg","contentUrl":"https:\/\/originshape.com\/wp-content\/uploads\/2022\/12\/Jaula-1.jpg","width":1372,"height":1477},{"@type":"BreadcrumbList","@id":"https:\/\/originshape.com\/product\/ritfit-jaula-electrica-con-estante-desplegable-lat\/#breadcrumb","itemListElement":[{"@type":"ListItem","position":1,"name":"Home","item":"https:\/\/originshape.com\/"},{"@type":"ListItem","position":2,"name":"Store clothes","item":"https:\/\/originshape.com\/store-2\/"},{"@type":"ListItem","position":3,"name":"RitFit Jaula el\u00e9ctrica con estante desplegable LAT"}]},{"@type":"WebSite","@id":"https:\/\/originshape.com\/#website","url":"https:\/\/originshape.com\/","name":"Origin Shape","description":"Nutrition and Fitness","publisher":{"@id":"https:\/\/originshape.com\/#organization"},"potentialAction":[{"@type":"SearchAction","target":{"@type":"EntryPoint","urlTemplate":"https:\/\/originshape.com\/?s={search_term_string}"},"query-input":{"@type":"PropertyValueSpecification","valueRequired":true,"valueName":"search_term_string"}}],"inLanguage":"es-DO"},{"@type":"Organization","@id":"https:\/\/originshape.com\/#organization","name":"Origin Shape","url":"https:\/\/originshape.com\/","logo":{"@type":"ImageObject","inLanguage":"es-DO","@id":"https:\/\/originshape.com\/#\/schema\/logo\/image\/","url":"https:\/\/originshape.com\/wp-content\/uploads\/2022\/12\/39C56CFB-F744-41B1-9128-E6E7FF57EA6D.png","contentUrl":"https:\/\/originshape.com\/wp-content\/uploads\/2022\/12\/39C56CFB-F744-41B1-9128-E6E7FF57EA6D.png","width":512,"height":512,"caption":"Origin Shape"},"image":{"@id":"https:\/\/originshape.com\/#\/schema\/logo\/image\/"}}]}},"jetpack_sharing_enabled":true,"_links":{"self":[{"href":"https:\/\/originshape.com\/es\/wp-json\/wp\/v2\/product\/4877","targetHints":{"allow":["GET"]}}],"collection":[{"href":"https:\/\/originshape.com\/es\/wp-json\/wp\/v2\/product"}],"about":[{"href":"https:\/\/originshape.com\/es\/wp-json\/wp\/v2\/types\/product"}],"replies":[{"embeddable":true,"href":"https:\/\/originshape.com\/es\/wp-json\/wp\/v2\/comments?post=4877"}],"wp:featuredmedia":[{"embeddable":true,"href":"https:\/\/originshape.com\/es\/wp-json\/wp\/v2\/media\/6231"}],"wp:attachment":[{"href":"https:\/\/originshape.com\/es\/wp-json\/wp\/v2\/media?parent=4877"}],"wp:term":[{"taxonomy":"product_brand","embeddable":true,"href":"https:\/\/originshape.com\/es\/wp-json\/wp\/v2\/product_brand?post=4877"},{"taxonomy":"product_cat","embeddable":true,"href":"https:\/\/originshape.com\/es\/wp-json\/wp\/v2\/product_cat?post=4877"},{"taxonomy":"product_tag","embeddable":true,"href":"https:\/\/originshape.com\/es\/wp-json\/wp\/v2\/product_tag?post=4877"}],"curies":[{"name":"wp","href":"https:\/\/api.w.org\/{rel}","templated":true}]}}