{"id":4884,"date":"2022-12-07T02:23:22","date_gmt":"2022-12-07T02:23:22","guid":{"rendered":"https:\/\/originshape.com\/?post_type=product&#038;p=4884"},"modified":"2023-06-10T19:50:57","modified_gmt":"2023-06-10T19:50:57","slug":"flybird-banco-de-pesas","status":"publish","type":"product","link":"https:\/\/originshape.com\/es\/product\/flybird-banco-de-pesas\/","title":{"rendered":"FLYBIRD Banco de pesas"},"content":{"rendered":"<div id=\"title_feature_div\" class=\"celwidget\" data-feature-name=\"title\" data-csa-c-type=\"widget\" data-csa-c-content-id=\"title\" data-csa-c-slot-id=\"title_feature_div\" data-csa-c-asin=\"B07DNYSJ8W\" data-csa-c-is-in-initial-active-row=\"false\" data-csa-c-id=\"clx8p3-ndxamz-rfiyo9-bczre9\">\n<div id=\"titleSection\" class=\"a-section a-spacing-none\">\n<p id=\"title\" class=\"a-size-large a-spacing-none\"><span id=\"productTitle\" class=\"a-size-large product-title-word-break\">Banco de entrenamiento de fuerza ajustable para entrenamiento de cuerpo completo con plegado r\u00e1pido. Nueva versi\u00f3n <\/span><span id=\"titleEDPPlaceHolder\"><\/span><\/p>\n<\/div>\n<\/div>\n<div id=\"bylineInfo_feature_div\" class=\"celwidget\" data-feature-name=\"bylineInfo\" data-csa-c-type=\"widget\" data-csa-c-content-id=\"bylineInfo\" data-csa-c-slot-id=\"bylineInfo_feature_div\" data-csa-c-asin=\"B07DNYSJ8W\" data-csa-c-is-in-initial-active-row=\"false\" data-csa-c-id=\"l22lra-8inhpa-eq1jo8-djyf6p\">\n<h1 class=\"a-size-base-plus a-text-bold\">Sobre este art\u00edculo<\/h1>\n<ul class=\"a-unordered-list a-vertical a-spacing-mini\">\n<li><span class=\"a-list-item\">\u3010FLYBIRD\u3011Dise\u00f1a y produce equipos de fitness durante 20 a\u00f1os. Especialmente en banco de pesas, el banco fue dise\u00f1ado con asesoramiento de un entrenador profesional. Necesitas un banco duradero, no un banco de un mes. <\/span><\/li>\n<li><span class=\"a-list-item\">Hecho en EE. UU. o importado <\/span><\/li>\n<li><span class=\"a-list-item\">La capacidad de peso es de 800 libras: dise\u00f1ado con un marco \u00fanico con estructura triangular y hecho de acero de calidad comercial resistente que es muy resistente y duradero; todo esto es importante en tu entrenamiento <\/span><\/li>\n<li><span class=\"a-list-item\">Ajuste r\u00e1pido con bloqueo autom\u00e1tico: dise\u00f1ado con 7 posiciones traseras y 3 posiciones de asiento para entrenamiento de cuerpo completo; simplemente tira del perno r\u00e1pido, ajusta el lugar que se ajuste a ti mismo y bloqueo autom\u00e1tico <\/span><\/li>\n<li><span class=\"a-list-item\">Buen acolchado de espuma suave de 2 pulgadas: respaldo y asiento mejorados de 10.6 pulgadas hechos de piel sint\u00e9tica y relleno de espuma suave; te permite hacer cualquier ejercicio con una sensaci\u00f3n muy c\u00f3moda <\/span><\/li>\n<li><span class=\"a-list-item\">Ahorra un 80 % de espacio: banco plegable FLYBIRD, f\u00e1cil de transportar y no necesita montaje, tama\u00f1o plegado de 30 pulgadas de largo, 16 pulgadas de ancho y 9 pulgadas de alto; puedes ponerlo en la esquina o debajo de la cama cuando termines de entrenar <\/span><\/li>\n<li><span class=\"a-list-item\">No te preocupes por comprar: para todos los bancos FLYBIRD, la medici\u00f3n y la capacidad son el resultado real, no como otros bancos mendazos; pide hoy y obt\u00e9n una cubierta de 1 a\u00f1o en el marco, 30 d\u00edas de cubierta en las almohadillas<\/span><\/li>\n<\/ul>\n<\/div>","protected":false},"excerpt":{"rendered":"<p>Banco de entrenamiento de fuerza ajustable para entrenamiento de cuerpo completo con plegado r\u00e1pido. Nueva versi\u00f3n Sobre este art\u00edculo \u3010FLYBIRD\u3011Dise\u00f1a y produce equipos de fitness durante 20 a\u00f1os. Especialmente en banco de pesas, el banco fue dise\u00f1ado con asesoramiento de un entrenador profesional. Necesitas un banco duradero, no un banco de un mes. Hecho en [&hellip;]<\/p>","protected":false},"featured_media":4885,"comment_status":"closed","ping_status":"closed","template":"","meta":[],"product_brand":[],"product_cat":[92,87],"product_tag":[],"class_list":{"0":"post-4884","1":"product","2":"type-product","3":"status-publish","4":"has-post-thumbnail","6":"product_cat-bancos","7":"product_cat-gym-equipments","9":"first","10":"instock","11":"taxable","12":"shipping-taxable","13":"product-type-external"},"yoast_head":"<!-- This site is optimized with the Yoast SEO plugin v24.0 - https:\/\/yoast.com\/wordpress\/plugins\/seo\/ -->\n<title>FLYBIRD Banco de pesas - Origin Shape<\/title>\n<meta name=\"robots\" content=\"index, follow, max-snippet:-1, max-image-preview:large, max-video-preview:-1\" \/>\n<link rel=\"canonical\" href=\"https:\/\/originshape.com\/es\/product\/flybird-banco-de-pesas\/\" \/>\n<meta property=\"og:locale\" content=\"es_ES\" \/>\n<meta property=\"og:type\" content=\"article\" \/>\n<meta property=\"og:title\" content=\"FLYBIRD Banco de pesas - Origin Shape\" \/>\n<meta property=\"og:description\" content=\"Banco de entrenamiento de fuerza ajustable para entrenamiento de cuerpo completo con plegado r\u00e1pido. Nueva versi\u00f3n Sobre este art\u00edculo \u3010FLYBIRD\u3011Dise\u00f1a y produce equipos de fitness durante 20 a\u00f1os. Especialmente en banco de pesas, el banco fue dise\u00f1ado con asesoramiento de un entrenador profesional. Necesitas un banco duradero, no un banco de un mes. Hecho en [&hellip;]\" \/>\n<meta property=\"og:url\" content=\"https:\/\/originshape.com\/es\/product\/flybird-banco-de-pesas\/\" \/>\n<meta property=\"og:site_name\" content=\"Origin Shape\" \/>\n<meta property=\"article:modified_time\" content=\"2023-06-10T19:50:57+00:00\" \/>\n<meta property=\"og:image\" content=\"https:\/\/originshape.com\/wp-content\/uploads\/2022\/12\/Banco-ajustable.jpg\" \/>\n\t<meta property=\"og:image:width\" content=\"1471\" \/>\n\t<meta property=\"og:image:height\" content=\"1500\" \/>\n\t<meta property=\"og:image:type\" content=\"image\/jpeg\" \/>\n<meta name=\"twitter:label1\" content=\"Est. reading time\" \/>\n\t<meta name=\"twitter:data1\" content=\"2 minutos\" \/>\n<script type=\"application\/ld+json\" class=\"yoast-schema-graph\">{\"@context\":\"https:\/\/schema.org\",\"@graph\":[{\"@type\":\"WebPage\",\"@id\":\"https:\/\/originshape.com\/product\/flybird-banco-de-pesas\/\",\"url\":\"https:\/\/originshape.com\/product\/flybird-banco-de-pesas\/\",\"name\":\"FLYBIRD Banco de pesas - Origin Shape\",\"isPartOf\":{\"@id\":\"https:\/\/originshape.com\/#website\"},\"primaryImageOfPage\":{\"@id\":\"https:\/\/originshape.com\/product\/flybird-banco-de-pesas\/#primaryimage\"},\"image\":{\"@id\":\"https:\/\/originshape.com\/product\/flybird-banco-de-pesas\/#primaryimage\"},\"thumbnailUrl\":\"https:\/\/originshape.com\/wp-content\/uploads\/2022\/12\/Banco-ajustable.jpg\",\"datePublished\":\"2022-12-07T02:23:22+00:00\",\"dateModified\":\"2023-06-10T19:50:57+00:00\",\"breadcrumb\":{\"@id\":\"https:\/\/originshape.com\/product\/flybird-banco-de-pesas\/#breadcrumb\"},\"inLanguage\":\"es-DO\",\"potentialAction\":[{\"@type\":\"ReadAction\",\"target\":[\"https:\/\/originshape.com\/product\/flybird-banco-de-pesas\/\"]}]},{\"@type\":\"ImageObject\",\"inLanguage\":\"es-DO\",\"@id\":\"https:\/\/originshape.com\/product\/flybird-banco-de-pesas\/#primaryimage\",\"url\":\"https:\/\/originshape.com\/wp-content\/uploads\/2022\/12\/Banco-ajustable.jpg\",\"contentUrl\":\"https:\/\/originshape.com\/wp-content\/uploads\/2022\/12\/Banco-ajustable.jpg\",\"width\":1471,\"height\":1500},{\"@type\":\"BreadcrumbList\",\"@id\":\"https:\/\/originshape.com\/product\/flybird-banco-de-pesas\/#breadcrumb\",\"itemListElement\":[{\"@type\":\"ListItem\",\"position\":1,\"name\":\"Home\",\"item\":\"https:\/\/originshape.com\/\"},{\"@type\":\"ListItem\",\"position\":2,\"name\":\"Store clothes\",\"item\":\"https:\/\/originshape.com\/store-2\/\"},{\"@type\":\"ListItem\",\"position\":3,\"name\":\"FLYBIRD Banco de pesas\"}]},{\"@type\":\"WebSite\",\"@id\":\"https:\/\/originshape.com\/#website\",\"url\":\"https:\/\/originshape.com\/\",\"name\":\"Origin Shape\",\"description\":\"Nutrition and Fitness\",\"publisher\":{\"@id\":\"https:\/\/originshape.com\/#organization\"},\"potentialAction\":[{\"@type\":\"SearchAction\",\"target\":{\"@type\":\"EntryPoint\",\"urlTemplate\":\"https:\/\/originshape.com\/?s={search_term_string}\"},\"query-input\":{\"@type\":\"PropertyValueSpecification\",\"valueRequired\":true,\"valueName\":\"search_term_string\"}}],\"inLanguage\":\"es-DO\"},{\"@type\":\"Organization\",\"@id\":\"https:\/\/originshape.com\/#organization\",\"name\":\"Origin Shape\",\"url\":\"https:\/\/originshape.com\/\",\"logo\":{\"@type\":\"ImageObject\",\"inLanguage\":\"es-DO\",\"@id\":\"https:\/\/originshape.com\/#\/schema\/logo\/image\/\",\"url\":\"https:\/\/originshape.com\/wp-content\/uploads\/2022\/12\/39C56CFB-F744-41B1-9128-E6E7FF57EA6D.png\",\"contentUrl\":\"https:\/\/originshape.com\/wp-content\/uploads\/2022\/12\/39C56CFB-F744-41B1-9128-E6E7FF57EA6D.png\",\"width\":512,\"height\":512,\"caption\":\"Origin Shape\"},\"image\":{\"@id\":\"https:\/\/originshape.com\/#\/schema\/logo\/image\/\"}}]}<\/script>\n<!-- \/ Yoast SEO plugin. -->","yoast_head_json":{"title":"FLYBIRD Banco de pesas - Origin Shape","robots":{"index":"index","follow":"follow","max-snippet":"max-snippet:-1","max-image-preview":"max-image-preview:large","max-video-preview":"max-video-preview:-1"},"canonical":"https:\/\/originshape.com\/es\/product\/flybird-banco-de-pesas\/","og_locale":"es_ES","og_type":"article","og_title":"FLYBIRD Banco de pesas - Origin Shape","og_description":"Banco de entrenamiento de fuerza ajustable para entrenamiento de cuerpo completo con plegado r\u00e1pido. Nueva versi\u00f3n Sobre este art\u00edculo \u3010FLYBIRD\u3011Dise\u00f1a y produce equipos de fitness durante 20 a\u00f1os. Especialmente en banco de pesas, el banco fue dise\u00f1ado con asesoramiento de un entrenador profesional. Necesitas un banco duradero, no un banco de un mes. Hecho en [&hellip;]","og_url":"https:\/\/originshape.com\/es\/product\/flybird-banco-de-pesas\/","og_site_name":"Origin Shape","article_modified_time":"2023-06-10T19:50:57+00:00","og_image":[{"width":1471,"height":1500,"url":"https:\/\/originshape.com\/wp-content\/uploads\/2022\/12\/Banco-ajustable.jpg","type":"image\/jpeg"}],"twitter_misc":{"Est. reading time":"2 minutos"},"schema":{"@context":"https:\/\/schema.org","@graph":[{"@type":"WebPage","@id":"https:\/\/originshape.com\/product\/flybird-banco-de-pesas\/","url":"https:\/\/originshape.com\/product\/flybird-banco-de-pesas\/","name":"FLYBIRD Banco de pesas - Origin Shape","isPartOf":{"@id":"https:\/\/originshape.com\/#website"},"primaryImageOfPage":{"@id":"https:\/\/originshape.com\/product\/flybird-banco-de-pesas\/#primaryimage"},"image":{"@id":"https:\/\/originshape.com\/product\/flybird-banco-de-pesas\/#primaryimage"},"thumbnailUrl":"https:\/\/originshape.com\/wp-content\/uploads\/2022\/12\/Banco-ajustable.jpg","datePublished":"2022-12-07T02:23:22+00:00","dateModified":"2023-06-10T19:50:57+00:00","breadcrumb":{"@id":"https:\/\/originshape.com\/product\/flybird-banco-de-pesas\/#breadcrumb"},"inLanguage":"es-DO","potentialAction":[{"@type":"ReadAction","target":["https:\/\/originshape.com\/product\/flybird-banco-de-pesas\/"]}]},{"@type":"ImageObject","inLanguage":"es-DO","@id":"https:\/\/originshape.com\/product\/flybird-banco-de-pesas\/#primaryimage","url":"https:\/\/originshape.com\/wp-content\/uploads\/2022\/12\/Banco-ajustable.jpg","contentUrl":"https:\/\/originshape.com\/wp-content\/uploads\/2022\/12\/Banco-ajustable.jpg","width":1471,"height":1500},{"@type":"BreadcrumbList","@id":"https:\/\/originshape.com\/product\/flybird-banco-de-pesas\/#breadcrumb","itemListElement":[{"@type":"ListItem","position":1,"name":"Home","item":"https:\/\/originshape.com\/"},{"@type":"ListItem","position":2,"name":"Store clothes","item":"https:\/\/originshape.com\/store-2\/"},{"@type":"ListItem","position":3,"name":"FLYBIRD Banco de pesas"}]},{"@type":"WebSite","@id":"https:\/\/originshape.com\/#website","url":"https:\/\/originshape.com\/","name":"Origin Shape","description":"Nutrition and Fitness","publisher":{"@id":"https:\/\/originshape.com\/#organization"},"potentialAction":[{"@type":"SearchAction","target":{"@type":"EntryPoint","urlTemplate":"https:\/\/originshape.com\/?s={search_term_string}"},"query-input":{"@type":"PropertyValueSpecification","valueRequired":true,"valueName":"search_term_string"}}],"inLanguage":"es-DO"},{"@type":"Organization","@id":"https:\/\/originshape.com\/#organization","name":"Origin Shape","url":"https:\/\/originshape.com\/","logo":{"@type":"ImageObject","inLanguage":"es-DO","@id":"https:\/\/originshape.com\/#\/schema\/logo\/image\/","url":"https:\/\/originshape.com\/wp-content\/uploads\/2022\/12\/39C56CFB-F744-41B1-9128-E6E7FF57EA6D.png","contentUrl":"https:\/\/originshape.com\/wp-content\/uploads\/2022\/12\/39C56CFB-F744-41B1-9128-E6E7FF57EA6D.png","width":512,"height":512,"caption":"Origin Shape"},"image":{"@id":"https:\/\/originshape.com\/#\/schema\/logo\/image\/"}}]}},"jetpack_sharing_enabled":true,"_links":{"self":[{"href":"https:\/\/originshape.com\/es\/wp-json\/wp\/v2\/product\/4884","targetHints":{"allow":["GET"]}}],"collection":[{"href":"https:\/\/originshape.com\/es\/wp-json\/wp\/v2\/product"}],"about":[{"href":"https:\/\/originshape.com\/es\/wp-json\/wp\/v2\/types\/product"}],"replies":[{"embeddable":true,"href":"https:\/\/originshape.com\/es\/wp-json\/wp\/v2\/comments?post=4884"}],"wp:featuredmedia":[{"embeddable":true,"href":"https:\/\/originshape.com\/es\/wp-json\/wp\/v2\/media\/4885"}],"wp:attachment":[{"href":"https:\/\/originshape.com\/es\/wp-json\/wp\/v2\/media?parent=4884"}],"wp:term":[{"taxonomy":"product_brand","embeddable":true,"href":"https:\/\/originshape.com\/es\/wp-json\/wp\/v2\/product_brand?post=4884"},{"taxonomy":"product_cat","embeddable":true,"href":"https:\/\/originshape.com\/es\/wp-json\/wp\/v2\/product_cat?post=4884"},{"taxonomy":"product_tag","embeddable":true,"href":"https:\/\/originshape.com\/es\/wp-json\/wp\/v2\/product_tag?post=4884"}],"curies":[{"name":"wp","href":"https:\/\/api.w.org\/{rel}","templated":true}]}}