{"id":4887,"date":"2022-12-07T02:26:47","date_gmt":"2022-12-07T02:26:47","guid":{"rendered":"https:\/\/originshape.com\/?post_type=product&#038;p=4887"},"modified":"2023-06-10T19:49:11","modified_gmt":"2023-06-10T19:49:11","slug":"flybird-banco-ajustable","status":"publish","type":"product","link":"https:\/\/originshape.com\/es\/product\/flybird-banco-ajustable\/","title":{"rendered":"FLYBIRD Banco ajustable"},"content":{"rendered":"<p id=\"title\" class=\"a-size-large a-spacing-none\"><span id=\"productTitle\" class=\"a-size-large product-title-word-break\">Banco de pesas utilitario para entrenamiento de cuerpo completo, banco plegable multiusos de inclinaci\u00f3n\/descenso (negro)<\/span><\/p>\n<h1 class=\"a-size-base-plus a-text-bold\">Sobre este art\u00edculo<\/h1>\n<ul class=\"a-unordered-list a-vertical a-spacing-mini\">\n<li><span class=\"a-list-item\">\u3010FLYBIRD\u3011Dise\u00f1a y produce equipos de fitness durante 20 a\u00f1os. Especialmente en banco de pesas, nuestros dise\u00f1adores desarrollan con asesoramiento de entrenador de fitness profesional, pasan toda la prueba antes del env\u00edo. <\/span><\/li>\n<li><span class=\"a-list-item\">Hecho en EE. UU. o importado <\/span><\/li>\n<li><span class=\"a-list-item\">Banco ajustable de moda; dise\u00f1o de moda con estructura triangular, hecho de acero de calidad comercial resistente, capacidad de peso de 600 libras que te da una experiencia de fitness segura, no te preocupes por la estabilidad <\/span><\/li>\n<li><span class=\"a-list-item\">Ajuste r\u00e1pido con m\u00e9todos simples; dise\u00f1ado con 6 posiciones traseras y 4 posiciones de asiento para entrenamiento de cuerpo completo, simplemente tira de la barra de apoyo, ajusta al lugar que se ajuste a ti y todo est\u00e1 hecho <\/span><\/li>\n<li><span class=\"a-list-item\">Banco rentable; respaldo utilizado de 9.7 pulgadas de ancho, y la almohadilla est\u00e1 rellena de espuma suave y hecha de cuero de alta calidad, apto para hasta 5.9 pulgadas; una buena opci\u00f3n para fan\u00e1ticos del fitness primario o medio <\/span><\/li>\n<li><span class=\"a-list-item\">Ahorra un 80% de espacio; banco plegable FLYBIRD, f\u00e1cil de transportar y no necesita montaje, tama\u00f1o plegado: 31.5 en 12.6 en 11.8 pulgadas; puedes ponerlo en la esquina, armario o debajo de la cama cuando termines de entrenar <\/span><\/li>\n<li><span class=\"a-list-item\">No te preocupes por comprar; para Flybird la medici\u00f3n y la capacidad son el resultado real, hemos vendido m\u00e1s de 100000 juegos de banco de alta calidad, pide hoy y obt\u00e9n 1 a\u00f1o de cubierta en el marco, 30 d\u00edas de cubierta en las almohadillas<\/span><\/li>\n<\/ul>","protected":false},"excerpt":{"rendered":"<p>Banco de pesas utilitario para entrenamiento de cuerpo completo, banco plegable multiusos de inclinaci\u00f3n\/descenso (negro) Sobre este art\u00edculo \u3010FLYBIRD\u3011Dise\u00f1a y produce equipos de fitness durante 20 a\u00f1os. Especialmente en banco de pesas, nuestros dise\u00f1adores desarrollan con asesoramiento de entrenador de fitness profesional, pasan toda la prueba antes del env\u00edo. Hecho en EE. UU. o importado [&hellip;]<\/p>","protected":false},"featured_media":4888,"comment_status":"closed","ping_status":"closed","template":"","meta":[],"product_brand":[],"product_cat":[92,87],"product_tag":[],"class_list":{"0":"post-4887","1":"product","2":"type-product","3":"status-publish","4":"has-post-thumbnail","6":"product_cat-bancos","7":"product_cat-gym-equipments","9":"first","10":"instock","11":"taxable","12":"shipping-taxable","13":"product-type-external"},"yoast_head":"<!-- This site is optimized with the Yoast SEO plugin v24.0 - https:\/\/yoast.com\/wordpress\/plugins\/seo\/ -->\n<title>FLYBIRD Banco ajustable - Origin Shape<\/title>\n<meta name=\"robots\" content=\"index, follow, max-snippet:-1, max-image-preview:large, max-video-preview:-1\" \/>\n<link rel=\"canonical\" href=\"https:\/\/originshape.com\/es\/product\/flybird-banco-ajustable\/\" \/>\n<meta property=\"og:locale\" content=\"es_ES\" \/>\n<meta property=\"og:type\" content=\"article\" \/>\n<meta property=\"og:title\" content=\"FLYBIRD Banco ajustable - Origin Shape\" \/>\n<meta property=\"og:description\" content=\"Banco de pesas utilitario para entrenamiento de cuerpo completo, banco plegable multiusos de inclinaci\u00f3n\/descenso (negro) Sobre este art\u00edculo \u3010FLYBIRD\u3011Dise\u00f1a y produce equipos de fitness durante 20 a\u00f1os. Especialmente en banco de pesas, nuestros dise\u00f1adores desarrollan con asesoramiento de entrenador de fitness profesional, pasan toda la prueba antes del env\u00edo. Hecho en EE. UU. o importado [&hellip;]\" \/>\n<meta property=\"og:url\" content=\"https:\/\/originshape.com\/es\/product\/flybird-banco-ajustable\/\" \/>\n<meta property=\"og:site_name\" content=\"Origin Shape\" \/>\n<meta property=\"article:modified_time\" content=\"2023-06-10T19:49:11+00:00\" \/>\n<meta property=\"og:image\" content=\"https:\/\/originshape.com\/wp-content\/uploads\/2022\/12\/Banco-rojo.jpg\" \/>\n\t<meta property=\"og:image:width\" content=\"1500\" \/>\n\t<meta property=\"og:image:height\" content=\"1398\" \/>\n\t<meta property=\"og:image:type\" content=\"image\/jpeg\" \/>\n<meta name=\"twitter:label1\" content=\"Est. reading time\" \/>\n\t<meta name=\"twitter:data1\" content=\"2 minutos\" \/>\n<script type=\"application\/ld+json\" class=\"yoast-schema-graph\">{\"@context\":\"https:\/\/schema.org\",\"@graph\":[{\"@type\":\"WebPage\",\"@id\":\"https:\/\/originshape.com\/product\/flybird-banco-ajustable\/\",\"url\":\"https:\/\/originshape.com\/product\/flybird-banco-ajustable\/\",\"name\":\"FLYBIRD Banco ajustable - Origin Shape\",\"isPartOf\":{\"@id\":\"https:\/\/originshape.com\/#website\"},\"primaryImageOfPage\":{\"@id\":\"https:\/\/originshape.com\/product\/flybird-banco-ajustable\/#primaryimage\"},\"image\":{\"@id\":\"https:\/\/originshape.com\/product\/flybird-banco-ajustable\/#primaryimage\"},\"thumbnailUrl\":\"https:\/\/originshape.com\/wp-content\/uploads\/2022\/12\/Banco-rojo.jpg\",\"datePublished\":\"2022-12-07T02:26:47+00:00\",\"dateModified\":\"2023-06-10T19:49:11+00:00\",\"breadcrumb\":{\"@id\":\"https:\/\/originshape.com\/product\/flybird-banco-ajustable\/#breadcrumb\"},\"inLanguage\":\"es-DO\",\"potentialAction\":[{\"@type\":\"ReadAction\",\"target\":[\"https:\/\/originshape.com\/product\/flybird-banco-ajustable\/\"]}]},{\"@type\":\"ImageObject\",\"inLanguage\":\"es-DO\",\"@id\":\"https:\/\/originshape.com\/product\/flybird-banco-ajustable\/#primaryimage\",\"url\":\"https:\/\/originshape.com\/wp-content\/uploads\/2022\/12\/Banco-rojo.jpg\",\"contentUrl\":\"https:\/\/originshape.com\/wp-content\/uploads\/2022\/12\/Banco-rojo.jpg\",\"width\":1500,\"height\":1398},{\"@type\":\"BreadcrumbList\",\"@id\":\"https:\/\/originshape.com\/product\/flybird-banco-ajustable\/#breadcrumb\",\"itemListElement\":[{\"@type\":\"ListItem\",\"position\":1,\"name\":\"Home\",\"item\":\"https:\/\/originshape.com\/\"},{\"@type\":\"ListItem\",\"position\":2,\"name\":\"Store clothes\",\"item\":\"https:\/\/originshape.com\/store-2\/\"},{\"@type\":\"ListItem\",\"position\":3,\"name\":\"FLYBIRD Banco ajustable\"}]},{\"@type\":\"WebSite\",\"@id\":\"https:\/\/originshape.com\/#website\",\"url\":\"https:\/\/originshape.com\/\",\"name\":\"Origin Shape\",\"description\":\"Nutrition and Fitness\",\"publisher\":{\"@id\":\"https:\/\/originshape.com\/#organization\"},\"potentialAction\":[{\"@type\":\"SearchAction\",\"target\":{\"@type\":\"EntryPoint\",\"urlTemplate\":\"https:\/\/originshape.com\/?s={search_term_string}\"},\"query-input\":{\"@type\":\"PropertyValueSpecification\",\"valueRequired\":true,\"valueName\":\"search_term_string\"}}],\"inLanguage\":\"es-DO\"},{\"@type\":\"Organization\",\"@id\":\"https:\/\/originshape.com\/#organization\",\"name\":\"Origin Shape\",\"url\":\"https:\/\/originshape.com\/\",\"logo\":{\"@type\":\"ImageObject\",\"inLanguage\":\"es-DO\",\"@id\":\"https:\/\/originshape.com\/#\/schema\/logo\/image\/\",\"url\":\"https:\/\/originshape.com\/wp-content\/uploads\/2022\/12\/39C56CFB-F744-41B1-9128-E6E7FF57EA6D.png\",\"contentUrl\":\"https:\/\/originshape.com\/wp-content\/uploads\/2022\/12\/39C56CFB-F744-41B1-9128-E6E7FF57EA6D.png\",\"width\":512,\"height\":512,\"caption\":\"Origin Shape\"},\"image\":{\"@id\":\"https:\/\/originshape.com\/#\/schema\/logo\/image\/\"}}]}<\/script>\n<!-- \/ Yoast SEO plugin. -->","yoast_head_json":{"title":"FLYBIRD Banco ajustable - Origin Shape","robots":{"index":"index","follow":"follow","max-snippet":"max-snippet:-1","max-image-preview":"max-image-preview:large","max-video-preview":"max-video-preview:-1"},"canonical":"https:\/\/originshape.com\/es\/product\/flybird-banco-ajustable\/","og_locale":"es_ES","og_type":"article","og_title":"FLYBIRD Banco ajustable - Origin Shape","og_description":"Banco de pesas utilitario para entrenamiento de cuerpo completo, banco plegable multiusos de inclinaci\u00f3n\/descenso (negro) Sobre este art\u00edculo \u3010FLYBIRD\u3011Dise\u00f1a y produce equipos de fitness durante 20 a\u00f1os. Especialmente en banco de pesas, nuestros dise\u00f1adores desarrollan con asesoramiento de entrenador de fitness profesional, pasan toda la prueba antes del env\u00edo. Hecho en EE. UU. o importado [&hellip;]","og_url":"https:\/\/originshape.com\/es\/product\/flybird-banco-ajustable\/","og_site_name":"Origin Shape","article_modified_time":"2023-06-10T19:49:11+00:00","og_image":[{"width":1500,"height":1398,"url":"https:\/\/originshape.com\/wp-content\/uploads\/2022\/12\/Banco-rojo.jpg","type":"image\/jpeg"}],"twitter_misc":{"Est. reading time":"2 minutos"},"schema":{"@context":"https:\/\/schema.org","@graph":[{"@type":"WebPage","@id":"https:\/\/originshape.com\/product\/flybird-banco-ajustable\/","url":"https:\/\/originshape.com\/product\/flybird-banco-ajustable\/","name":"FLYBIRD Banco ajustable - Origin Shape","isPartOf":{"@id":"https:\/\/originshape.com\/#website"},"primaryImageOfPage":{"@id":"https:\/\/originshape.com\/product\/flybird-banco-ajustable\/#primaryimage"},"image":{"@id":"https:\/\/originshape.com\/product\/flybird-banco-ajustable\/#primaryimage"},"thumbnailUrl":"https:\/\/originshape.com\/wp-content\/uploads\/2022\/12\/Banco-rojo.jpg","datePublished":"2022-12-07T02:26:47+00:00","dateModified":"2023-06-10T19:49:11+00:00","breadcrumb":{"@id":"https:\/\/originshape.com\/product\/flybird-banco-ajustable\/#breadcrumb"},"inLanguage":"es-DO","potentialAction":[{"@type":"ReadAction","target":["https:\/\/originshape.com\/product\/flybird-banco-ajustable\/"]}]},{"@type":"ImageObject","inLanguage":"es-DO","@id":"https:\/\/originshape.com\/product\/flybird-banco-ajustable\/#primaryimage","url":"https:\/\/originshape.com\/wp-content\/uploads\/2022\/12\/Banco-rojo.jpg","contentUrl":"https:\/\/originshape.com\/wp-content\/uploads\/2022\/12\/Banco-rojo.jpg","width":1500,"height":1398},{"@type":"BreadcrumbList","@id":"https:\/\/originshape.com\/product\/flybird-banco-ajustable\/#breadcrumb","itemListElement":[{"@type":"ListItem","position":1,"name":"Home","item":"https:\/\/originshape.com\/"},{"@type":"ListItem","position":2,"name":"Store clothes","item":"https:\/\/originshape.com\/store-2\/"},{"@type":"ListItem","position":3,"name":"FLYBIRD Banco ajustable"}]},{"@type":"WebSite","@id":"https:\/\/originshape.com\/#website","url":"https:\/\/originshape.com\/","name":"Origin Shape","description":"Nutrition and Fitness","publisher":{"@id":"https:\/\/originshape.com\/#organization"},"potentialAction":[{"@type":"SearchAction","target":{"@type":"EntryPoint","urlTemplate":"https:\/\/originshape.com\/?s={search_term_string}"},"query-input":{"@type":"PropertyValueSpecification","valueRequired":true,"valueName":"search_term_string"}}],"inLanguage":"es-DO"},{"@type":"Organization","@id":"https:\/\/originshape.com\/#organization","name":"Origin Shape","url":"https:\/\/originshape.com\/","logo":{"@type":"ImageObject","inLanguage":"es-DO","@id":"https:\/\/originshape.com\/#\/schema\/logo\/image\/","url":"https:\/\/originshape.com\/wp-content\/uploads\/2022\/12\/39C56CFB-F744-41B1-9128-E6E7FF57EA6D.png","contentUrl":"https:\/\/originshape.com\/wp-content\/uploads\/2022\/12\/39C56CFB-F744-41B1-9128-E6E7FF57EA6D.png","width":512,"height":512,"caption":"Origin Shape"},"image":{"@id":"https:\/\/originshape.com\/#\/schema\/logo\/image\/"}}]}},"jetpack_sharing_enabled":true,"_links":{"self":[{"href":"https:\/\/originshape.com\/es\/wp-json\/wp\/v2\/product\/4887","targetHints":{"allow":["GET"]}}],"collection":[{"href":"https:\/\/originshape.com\/es\/wp-json\/wp\/v2\/product"}],"about":[{"href":"https:\/\/originshape.com\/es\/wp-json\/wp\/v2\/types\/product"}],"replies":[{"embeddable":true,"href":"https:\/\/originshape.com\/es\/wp-json\/wp\/v2\/comments?post=4887"}],"wp:featuredmedia":[{"embeddable":true,"href":"https:\/\/originshape.com\/es\/wp-json\/wp\/v2\/media\/4888"}],"wp:attachment":[{"href":"https:\/\/originshape.com\/es\/wp-json\/wp\/v2\/media?parent=4887"}],"wp:term":[{"taxonomy":"product_brand","embeddable":true,"href":"https:\/\/originshape.com\/es\/wp-json\/wp\/v2\/product_brand?post=4887"},{"taxonomy":"product_cat","embeddable":true,"href":"https:\/\/originshape.com\/es\/wp-json\/wp\/v2\/product_cat?post=4887"},{"taxonomy":"product_tag","embeddable":true,"href":"https:\/\/originshape.com\/es\/wp-json\/wp\/v2\/product_tag?post=4887"}],"curies":[{"name":"wp","href":"https:\/\/api.w.org\/{rel}","templated":true}]}}