{"id":4890,"date":"2022-12-07T02:34:56","date_gmt":"2022-12-07T02:34:56","guid":{"rendered":"https:\/\/originshape.com\/?post_type=product&#038;p=4890"},"modified":"2023-06-10T20:12:18","modified_gmt":"2023-06-10T20:12:18","slug":"marcy-olympic-weight-bench-with-preacher-curl-pad-and-leg-developer-for-full-body-workout","status":"publish","type":"product","link":"https:\/\/originshape.com\/es\/product\/marcy-olympic-weight-bench-with-preacher-curl-pad-and-leg-developer-for-full-body-workout\/","title":{"rendered":"Marcy Olympic Weight Bench with Preacher Curl Pad and Leg Developer for Full-Body Workout"},"content":{"rendered":"<h1 class=\"a-size-base-plus a-text-bold\">Sobre este art\u00edculo<\/h1>\n<ul class=\"a-unordered-list a-vertical a-spacing-mini\">\n<li><span class=\"a-list-item\">acero, espuma, Vinilo <\/span><\/li>\n<li><span class=\"a-list-item\">Importado <\/span><\/li>\n<li><span class=\"a-list-item\">Construcci\u00f3n de acero de alta calidad: fabricado con espuma y vinilo resistente, para proporcionar equipo de ejercicio resistente para un uso prolongado, el banco de sobretensi\u00f3n es seguro y c\u00f3modo. La construcci\u00f3n es compacta y estabilizada para proporcionar un apoyo \u00f3ptimo para los entrenamientos diarios <\/span><\/li>\n<li><span class=\"a-list-item\">Desarrollador de piernas de doble funci\u00f3n: las caracter\u00edsticas dobles incluyen un punto de pivote que se alinea con las articulaciones de la rodilla y un mecanismo de bloqueo para el ejercicio abdominal, esta unidad facilita la postura corporal adecuada y permite el m\u00e1ximo efecto en los grupos musculares espec\u00edficos. <\/span><\/li>\n<li><span class=\"a-list-item\">Pista deslizante del asiento: este equipo de ejercicio cuenta con un asiento ajustable y almohadilla trasera con una pista deslizante para adaptarse a las posiciones de elevaci\u00f3n adecuadas. Te permite lograr los beneficios mejorados de un entrenamiento intenso realizado con una alineaci\u00f3n precisa del cuerpo. <\/span><\/li>\n<li><span class=\"a-list-item\">Postes de almacenamiento de discos de peso: este sistema completo cuenta con una estructura innovadora que combina postes de almacenamiento de discos de peso y mangas ol\u00edmpicas. Este equipo de entrenamiento multifuncional te permite almacenar f\u00e1cilmente tus dos discos de peso. <\/span><\/li>\n<li><span class=\"a-list-item\">Equipo de fitness vers\u00e1til: dise\u00f1ado para entrenamiento de cuerpo completo en casa, este banco de sobretensi\u00f3n se puede utilizar para dirigirse a m\u00faltiples grupos musculares. Te permite realizar una amplia gama de ejercicios de entrenamiento de fuerza que se centran en los brazos, piernas, pecho y n\u00facleo.<\/span><\/li>\n<\/ul>","protected":false},"excerpt":{"rendered":"<p>Sobre este art\u00edculo acero, espuma, Vinilo Importado Construcci\u00f3n de acero de alta calidad: fabricado con espuma y vinilo resistente, para proporcionar equipo de ejercicio resistente para un uso prolongado, el banco de sobretensi\u00f3n es seguro y c\u00f3modo. La construcci\u00f3n es compacta y estabilizada para proporcionar un apoyo \u00f3ptimo para los entrenamientos diarios Desarrollador de piernas [&hellip;]<\/p>","protected":false},"featured_media":4891,"comment_status":"closed","ping_status":"closed","template":"","meta":[],"product_brand":[],"product_cat":[92,87],"product_tag":[],"class_list":{"0":"post-4890","1":"product","2":"type-product","3":"status-publish","4":"has-post-thumbnail","6":"product_cat-bancos","7":"product_cat-gym-equipments","9":"first","10":"instock","11":"taxable","12":"shipping-taxable","13":"product-type-external"},"yoast_head":"<!-- This site is optimized with the Yoast SEO plugin v24.0 - https:\/\/yoast.com\/wordpress\/plugins\/seo\/ -->\n<title>Marcy Olympic Weight Bench with Preacher Curl Pad and Leg Developer for Full-Body Workout - Origin Shape<\/title>\n<meta name=\"robots\" content=\"index, follow, max-snippet:-1, max-image-preview:large, max-video-preview:-1\" \/>\n<link rel=\"canonical\" href=\"https:\/\/originshape.com\/es\/product\/marcy-olympic-weight-bench-with-preacher-curl-pad-and-leg-developer-for-full-body-workout\/\" \/>\n<meta property=\"og:locale\" content=\"es_ES\" \/>\n<meta property=\"og:type\" content=\"article\" \/>\n<meta property=\"og:title\" content=\"Marcy Olympic Weight Bench with Preacher Curl Pad and Leg Developer for Full-Body Workout - Origin Shape\" \/>\n<meta property=\"og:description\" content=\"Sobre este art\u00edculo acero, espuma, Vinilo Importado Construcci\u00f3n de acero de alta calidad: fabricado con espuma y vinilo resistente, para proporcionar equipo de ejercicio resistente para un uso prolongado, el banco de sobretensi\u00f3n es seguro y c\u00f3modo. La construcci\u00f3n es compacta y estabilizada para proporcionar un apoyo \u00f3ptimo para los entrenamientos diarios Desarrollador de piernas [&hellip;]\" \/>\n<meta property=\"og:url\" content=\"https:\/\/originshape.com\/es\/product\/marcy-olympic-weight-bench-with-preacher-curl-pad-and-leg-developer-for-full-body-workout\/\" \/>\n<meta property=\"og:site_name\" content=\"Origin Shape\" \/>\n<meta property=\"article:modified_time\" content=\"2023-06-10T20:12:18+00:00\" \/>\n<meta property=\"og:image\" content=\"https:\/\/originshape.com\/wp-content\/uploads\/2022\/12\/banco-con-rack.jpg\" \/>\n\t<meta property=\"og:image:width\" content=\"1500\" \/>\n\t<meta property=\"og:image:height\" content=\"1394\" \/>\n\t<meta property=\"og:image:type\" content=\"image\/jpeg\" \/>\n<meta name=\"twitter:label1\" content=\"Est. reading time\" \/>\n\t<meta name=\"twitter:data1\" content=\"2 minutos\" \/>\n<script type=\"application\/ld+json\" class=\"yoast-schema-graph\">{\"@context\":\"https:\/\/schema.org\",\"@graph\":[{\"@type\":\"WebPage\",\"@id\":\"https:\/\/originshape.com\/product\/marcy-olympic-weight-bench-with-preacher-curl-pad-and-leg-developer-for-full-body-workout\/\",\"url\":\"https:\/\/originshape.com\/product\/marcy-olympic-weight-bench-with-preacher-curl-pad-and-leg-developer-for-full-body-workout\/\",\"name\":\"Marcy Olympic Weight Bench with Preacher Curl Pad and Leg Developer for Full-Body Workout - Origin Shape\",\"isPartOf\":{\"@id\":\"https:\/\/originshape.com\/#website\"},\"primaryImageOfPage\":{\"@id\":\"https:\/\/originshape.com\/product\/marcy-olympic-weight-bench-with-preacher-curl-pad-and-leg-developer-for-full-body-workout\/#primaryimage\"},\"image\":{\"@id\":\"https:\/\/originshape.com\/product\/marcy-olympic-weight-bench-with-preacher-curl-pad-and-leg-developer-for-full-body-workout\/#primaryimage\"},\"thumbnailUrl\":\"https:\/\/originshape.com\/wp-content\/uploads\/2022\/12\/banco-con-rack.jpg\",\"datePublished\":\"2022-12-07T02:34:56+00:00\",\"dateModified\":\"2023-06-10T20:12:18+00:00\",\"breadcrumb\":{\"@id\":\"https:\/\/originshape.com\/product\/marcy-olympic-weight-bench-with-preacher-curl-pad-and-leg-developer-for-full-body-workout\/#breadcrumb\"},\"inLanguage\":\"es-DO\",\"potentialAction\":[{\"@type\":\"ReadAction\",\"target\":[\"https:\/\/originshape.com\/product\/marcy-olympic-weight-bench-with-preacher-curl-pad-and-leg-developer-for-full-body-workout\/\"]}]},{\"@type\":\"ImageObject\",\"inLanguage\":\"es-DO\",\"@id\":\"https:\/\/originshape.com\/product\/marcy-olympic-weight-bench-with-preacher-curl-pad-and-leg-developer-for-full-body-workout\/#primaryimage\",\"url\":\"https:\/\/originshape.com\/wp-content\/uploads\/2022\/12\/banco-con-rack.jpg\",\"contentUrl\":\"https:\/\/originshape.com\/wp-content\/uploads\/2022\/12\/banco-con-rack.jpg\",\"width\":1500,\"height\":1394},{\"@type\":\"BreadcrumbList\",\"@id\":\"https:\/\/originshape.com\/product\/marcy-olympic-weight-bench-with-preacher-curl-pad-and-leg-developer-for-full-body-workout\/#breadcrumb\",\"itemListElement\":[{\"@type\":\"ListItem\",\"position\":1,\"name\":\"Home\",\"item\":\"https:\/\/originshape.com\/\"},{\"@type\":\"ListItem\",\"position\":2,\"name\":\"Store clothes\",\"item\":\"https:\/\/originshape.com\/store-2\/\"},{\"@type\":\"ListItem\",\"position\":3,\"name\":\"Marcy Olympic Weight Bench with Preacher Curl Pad and Leg Developer for Full-Body Workout\"}]},{\"@type\":\"WebSite\",\"@id\":\"https:\/\/originshape.com\/#website\",\"url\":\"https:\/\/originshape.com\/\",\"name\":\"Origin Shape\",\"description\":\"Nutrition and Fitness\",\"publisher\":{\"@id\":\"https:\/\/originshape.com\/#organization\"},\"potentialAction\":[{\"@type\":\"SearchAction\",\"target\":{\"@type\":\"EntryPoint\",\"urlTemplate\":\"https:\/\/originshape.com\/?s={search_term_string}\"},\"query-input\":{\"@type\":\"PropertyValueSpecification\",\"valueRequired\":true,\"valueName\":\"search_term_string\"}}],\"inLanguage\":\"es-DO\"},{\"@type\":\"Organization\",\"@id\":\"https:\/\/originshape.com\/#organization\",\"name\":\"Origin Shape\",\"url\":\"https:\/\/originshape.com\/\",\"logo\":{\"@type\":\"ImageObject\",\"inLanguage\":\"es-DO\",\"@id\":\"https:\/\/originshape.com\/#\/schema\/logo\/image\/\",\"url\":\"https:\/\/originshape.com\/wp-content\/uploads\/2022\/12\/39C56CFB-F744-41B1-9128-E6E7FF57EA6D.png\",\"contentUrl\":\"https:\/\/originshape.com\/wp-content\/uploads\/2022\/12\/39C56CFB-F744-41B1-9128-E6E7FF57EA6D.png\",\"width\":512,\"height\":512,\"caption\":\"Origin Shape\"},\"image\":{\"@id\":\"https:\/\/originshape.com\/#\/schema\/logo\/image\/\"}}]}<\/script>\n<!-- \/ Yoast SEO plugin. -->","yoast_head_json":{"title":"Marcy Olympic Weight Bench with Preacher Curl Pad and Leg Developer for Full-Body Workout - Origin Shape","robots":{"index":"index","follow":"follow","max-snippet":"max-snippet:-1","max-image-preview":"max-image-preview:large","max-video-preview":"max-video-preview:-1"},"canonical":"https:\/\/originshape.com\/es\/product\/marcy-olympic-weight-bench-with-preacher-curl-pad-and-leg-developer-for-full-body-workout\/","og_locale":"es_ES","og_type":"article","og_title":"Marcy Olympic Weight Bench with Preacher Curl Pad and Leg Developer for Full-Body Workout - Origin Shape","og_description":"Sobre este art\u00edculo acero, espuma, Vinilo Importado Construcci\u00f3n de acero de alta calidad: fabricado con espuma y vinilo resistente, para proporcionar equipo de ejercicio resistente para un uso prolongado, el banco de sobretensi\u00f3n es seguro y c\u00f3modo. La construcci\u00f3n es compacta y estabilizada para proporcionar un apoyo \u00f3ptimo para los entrenamientos diarios Desarrollador de piernas [&hellip;]","og_url":"https:\/\/originshape.com\/es\/product\/marcy-olympic-weight-bench-with-preacher-curl-pad-and-leg-developer-for-full-body-workout\/","og_site_name":"Origin Shape","article_modified_time":"2023-06-10T20:12:18+00:00","og_image":[{"width":1500,"height":1394,"url":"https:\/\/originshape.com\/wp-content\/uploads\/2022\/12\/banco-con-rack.jpg","type":"image\/jpeg"}],"twitter_misc":{"Est. reading time":"2 minutos"},"schema":{"@context":"https:\/\/schema.org","@graph":[{"@type":"WebPage","@id":"https:\/\/originshape.com\/product\/marcy-olympic-weight-bench-with-preacher-curl-pad-and-leg-developer-for-full-body-workout\/","url":"https:\/\/originshape.com\/product\/marcy-olympic-weight-bench-with-preacher-curl-pad-and-leg-developer-for-full-body-workout\/","name":"Marcy Olympic Weight Bench with Preacher Curl Pad and Leg Developer for Full-Body Workout - Origin Shape","isPartOf":{"@id":"https:\/\/originshape.com\/#website"},"primaryImageOfPage":{"@id":"https:\/\/originshape.com\/product\/marcy-olympic-weight-bench-with-preacher-curl-pad-and-leg-developer-for-full-body-workout\/#primaryimage"},"image":{"@id":"https:\/\/originshape.com\/product\/marcy-olympic-weight-bench-with-preacher-curl-pad-and-leg-developer-for-full-body-workout\/#primaryimage"},"thumbnailUrl":"https:\/\/originshape.com\/wp-content\/uploads\/2022\/12\/banco-con-rack.jpg","datePublished":"2022-12-07T02:34:56+00:00","dateModified":"2023-06-10T20:12:18+00:00","breadcrumb":{"@id":"https:\/\/originshape.com\/product\/marcy-olympic-weight-bench-with-preacher-curl-pad-and-leg-developer-for-full-body-workout\/#breadcrumb"},"inLanguage":"es-DO","potentialAction":[{"@type":"ReadAction","target":["https:\/\/originshape.com\/product\/marcy-olympic-weight-bench-with-preacher-curl-pad-and-leg-developer-for-full-body-workout\/"]}]},{"@type":"ImageObject","inLanguage":"es-DO","@id":"https:\/\/originshape.com\/product\/marcy-olympic-weight-bench-with-preacher-curl-pad-and-leg-developer-for-full-body-workout\/#primaryimage","url":"https:\/\/originshape.com\/wp-content\/uploads\/2022\/12\/banco-con-rack.jpg","contentUrl":"https:\/\/originshape.com\/wp-content\/uploads\/2022\/12\/banco-con-rack.jpg","width":1500,"height":1394},{"@type":"BreadcrumbList","@id":"https:\/\/originshape.com\/product\/marcy-olympic-weight-bench-with-preacher-curl-pad-and-leg-developer-for-full-body-workout\/#breadcrumb","itemListElement":[{"@type":"ListItem","position":1,"name":"Home","item":"https:\/\/originshape.com\/"},{"@type":"ListItem","position":2,"name":"Store clothes","item":"https:\/\/originshape.com\/store-2\/"},{"@type":"ListItem","position":3,"name":"Marcy Olympic Weight Bench with Preacher Curl Pad and Leg Developer for Full-Body Workout"}]},{"@type":"WebSite","@id":"https:\/\/originshape.com\/#website","url":"https:\/\/originshape.com\/","name":"Origin Shape","description":"Nutrition and Fitness","publisher":{"@id":"https:\/\/originshape.com\/#organization"},"potentialAction":[{"@type":"SearchAction","target":{"@type":"EntryPoint","urlTemplate":"https:\/\/originshape.com\/?s={search_term_string}"},"query-input":{"@type":"PropertyValueSpecification","valueRequired":true,"valueName":"search_term_string"}}],"inLanguage":"es-DO"},{"@type":"Organization","@id":"https:\/\/originshape.com\/#organization","name":"Origin Shape","url":"https:\/\/originshape.com\/","logo":{"@type":"ImageObject","inLanguage":"es-DO","@id":"https:\/\/originshape.com\/#\/schema\/logo\/image\/","url":"https:\/\/originshape.com\/wp-content\/uploads\/2022\/12\/39C56CFB-F744-41B1-9128-E6E7FF57EA6D.png","contentUrl":"https:\/\/originshape.com\/wp-content\/uploads\/2022\/12\/39C56CFB-F744-41B1-9128-E6E7FF57EA6D.png","width":512,"height":512,"caption":"Origin Shape"},"image":{"@id":"https:\/\/originshape.com\/#\/schema\/logo\/image\/"}}]}},"jetpack_sharing_enabled":true,"_links":{"self":[{"href":"https:\/\/originshape.com\/es\/wp-json\/wp\/v2\/product\/4890","targetHints":{"allow":["GET"]}}],"collection":[{"href":"https:\/\/originshape.com\/es\/wp-json\/wp\/v2\/product"}],"about":[{"href":"https:\/\/originshape.com\/es\/wp-json\/wp\/v2\/types\/product"}],"replies":[{"embeddable":true,"href":"https:\/\/originshape.com\/es\/wp-json\/wp\/v2\/comments?post=4890"}],"wp:featuredmedia":[{"embeddable":true,"href":"https:\/\/originshape.com\/es\/wp-json\/wp\/v2\/media\/4891"}],"wp:attachment":[{"href":"https:\/\/originshape.com\/es\/wp-json\/wp\/v2\/media?parent=4890"}],"wp:term":[{"taxonomy":"product_brand","embeddable":true,"href":"https:\/\/originshape.com\/es\/wp-json\/wp\/v2\/product_brand?post=4890"},{"taxonomy":"product_cat","embeddable":true,"href":"https:\/\/originshape.com\/es\/wp-json\/wp\/v2\/product_cat?post=4890"},{"taxonomy":"product_tag","embeddable":true,"href":"https:\/\/originshape.com\/es\/wp-json\/wp\/v2\/product_tag?post=4890"}],"curies":[{"name":"wp","href":"https:\/\/api.w.org\/{rel}","templated":true}]}}