{"id":4898,"date":"2022-12-07T13:30:10","date_gmt":"2022-12-07T13:30:10","guid":{"rendered":"https:\/\/originshape.com\/?post_type=product&#038;p=4898"},"modified":"2023-06-10T19:32:29","modified_gmt":"2023-06-10T19:32:29","slug":"dumbbell-set-rubber-encased-hex-dumbbell-free-weights-dumbbells-set-home-weight-set-with-rack","status":"publish","type":"product","link":"https:\/\/originshape.com\/es\/product\/dumbbell-set-rubber-encased-hex-dumbbell-free-weights-dumbbells-set-home-weight-set-with-rack\/","title":{"rendered":"Dumbbell Set Rubber Encased Hex Dumbbell Free Weights Dumbbells Set Home Weight Set with Rack"},"content":{"rendered":"<h1 class=\"a-size-base-plus a-text-bold\">Sobre este art\u00edculo<\/h1>\n<ul class=\"a-unordered-list a-vertical a-spacing-mini\">\n<li><span class=\"a-list-item\">El juego incluye: un par de mancuernas hexagonales de goma de 5 libras, 8 libras, 10 libras, 12 libras y 15 libras, y un soporte para mancuernas. <\/span><\/li>\n<li><span class=\"a-list-item\">Los cabezales en forma hexagonal evitan que rueden y proporcionan un almacenamiento m\u00e1s f\u00e1cil, el mango ergon\u00f3mico acanalado evita el deslizamiento y proporciona un agarre c\u00f3modo y seguro. <\/span><\/li>\n<li><span class=\"a-list-item\">Hecho de n\u00facleo de hierro fundido s\u00f3lido para una resistencia fiable, el revestimiento de goma ayuda a prevenir da\u00f1os en suelos y equipos. <\/span><\/li>\n<li><span class=\"a-list-item\">El revestimiento de goma ayuda a proteger tus mancuernas del \u00f3xido, ya que las placas de metal no est\u00e1n expuestas a la humedad. Evita que tu suelo se raye. <\/span><\/li>\n<li><span class=\"a-list-item\">Las mancuernas son un gran equipo de entrenamiento, si prefieres hacer ejercicio en la comodidad de tu hogar. Es peque\u00f1o, se puede guardar f\u00e1cilmente en un armario, debajo de la cama, apto para cualquier \u00e1rea de entrenamiento de cualquier tama\u00f1o.<\/span><\/li>\n<\/ul>","protected":false},"excerpt":{"rendered":"<p>Sobre este art\u00edculo El juego incluye: un par de mancuernas hexagonales de goma de 5 libras, 8 libras, 10 libras, 12 libras y 15 libras, y un soporte para mancuernas. Los cabezales en forma hexagonal evitan que rueden y proporcionan un almacenamiento m\u00e1s f\u00e1cil, el mango ergon\u00f3mico acanalado evita el deslizamiento y proporciona un agarre [&hellip;]<\/p>","protected":false},"featured_media":6242,"comment_status":"closed","ping_status":"closed","template":"","meta":[],"product_brand":[],"product_cat":[87,89],"product_tag":[],"class_list":{"0":"post-4898","1":"product","2":"type-product","3":"status-publish","4":"has-post-thumbnail","6":"product_cat-gym-equipments","7":"product_cat-mancuernas","9":"first","10":"instock","11":"taxable","12":"shipping-taxable","13":"product-type-external"},"yoast_head":"<!-- This site is optimized with the Yoast SEO plugin v24.0 - https:\/\/yoast.com\/wordpress\/plugins\/seo\/ -->\n<title>Dumbbell Set Rubber Encased Hex Dumbbell Free Weights Dumbbells Set Home Weight Set with Rack - Origin Shape<\/title>\n<meta name=\"robots\" content=\"index, follow, max-snippet:-1, max-image-preview:large, max-video-preview:-1\" \/>\n<link rel=\"canonical\" href=\"https:\/\/originshape.com\/es\/product\/dumbbell-set-rubber-encased-hex-dumbbell-free-weights-dumbbells-set-home-weight-set-with-rack\/\" \/>\n<meta property=\"og:locale\" content=\"es_ES\" \/>\n<meta property=\"og:type\" content=\"article\" \/>\n<meta property=\"og:title\" content=\"Dumbbell Set Rubber Encased Hex Dumbbell Free Weights Dumbbells Set Home Weight Set with Rack - Origin Shape\" \/>\n<meta property=\"og:description\" content=\"Sobre este art\u00edculo El juego incluye: un par de mancuernas hexagonales de goma de 5 libras, 8 libras, 10 libras, 12 libras y 15 libras, y un soporte para mancuernas. Los cabezales en forma hexagonal evitan que rueden y proporcionan un almacenamiento m\u00e1s f\u00e1cil, el mango ergon\u00f3mico acanalado evita el deslizamiento y proporciona un agarre [&hellip;]\" \/>\n<meta property=\"og:url\" content=\"https:\/\/originshape.com\/es\/product\/dumbbell-set-rubber-encased-hex-dumbbell-free-weights-dumbbells-set-home-weight-set-with-rack\/\" \/>\n<meta property=\"og:site_name\" content=\"Origin Shape\" \/>\n<meta property=\"article:modified_time\" content=\"2023-06-10T19:32:29+00:00\" \/>\n<meta property=\"og:image\" content=\"https:\/\/originshape.com\/wp-content\/uploads\/2022\/12\/Rack-de-mancuernas-1.jpg\" \/>\n\t<meta property=\"og:image:width\" content=\"955\" \/>\n\t<meta property=\"og:image:height\" content=\"1441\" \/>\n\t<meta property=\"og:image:type\" content=\"image\/jpeg\" \/>\n<meta name=\"twitter:label1\" content=\"Est. reading time\" \/>\n\t<meta name=\"twitter:data1\" content=\"1 minuto\" \/>\n<script type=\"application\/ld+json\" class=\"yoast-schema-graph\">{\"@context\":\"https:\/\/schema.org\",\"@graph\":[{\"@type\":\"WebPage\",\"@id\":\"https:\/\/originshape.com\/product\/dumbbell-set-rubber-encased-hex-dumbbell-free-weights-dumbbells-set-home-weight-set-with-rack\/\",\"url\":\"https:\/\/originshape.com\/product\/dumbbell-set-rubber-encased-hex-dumbbell-free-weights-dumbbells-set-home-weight-set-with-rack\/\",\"name\":\"Dumbbell Set Rubber Encased Hex Dumbbell Free Weights Dumbbells Set Home Weight Set with Rack - Origin Shape\",\"isPartOf\":{\"@id\":\"https:\/\/originshape.com\/#website\"},\"primaryImageOfPage\":{\"@id\":\"https:\/\/originshape.com\/product\/dumbbell-set-rubber-encased-hex-dumbbell-free-weights-dumbbells-set-home-weight-set-with-rack\/#primaryimage\"},\"image\":{\"@id\":\"https:\/\/originshape.com\/product\/dumbbell-set-rubber-encased-hex-dumbbell-free-weights-dumbbells-set-home-weight-set-with-rack\/#primaryimage\"},\"thumbnailUrl\":\"https:\/\/originshape.com\/wp-content\/uploads\/2022\/12\/Rack-de-mancuernas-1.jpg\",\"datePublished\":\"2022-12-07T13:30:10+00:00\",\"dateModified\":\"2023-06-10T19:32:29+00:00\",\"breadcrumb\":{\"@id\":\"https:\/\/originshape.com\/product\/dumbbell-set-rubber-encased-hex-dumbbell-free-weights-dumbbells-set-home-weight-set-with-rack\/#breadcrumb\"},\"inLanguage\":\"es-DO\",\"potentialAction\":[{\"@type\":\"ReadAction\",\"target\":[\"https:\/\/originshape.com\/product\/dumbbell-set-rubber-encased-hex-dumbbell-free-weights-dumbbells-set-home-weight-set-with-rack\/\"]}]},{\"@type\":\"ImageObject\",\"inLanguage\":\"es-DO\",\"@id\":\"https:\/\/originshape.com\/product\/dumbbell-set-rubber-encased-hex-dumbbell-free-weights-dumbbells-set-home-weight-set-with-rack\/#primaryimage\",\"url\":\"https:\/\/originshape.com\/wp-content\/uploads\/2022\/12\/Rack-de-mancuernas-1.jpg\",\"contentUrl\":\"https:\/\/originshape.com\/wp-content\/uploads\/2022\/12\/Rack-de-mancuernas-1.jpg\",\"width\":955,\"height\":1441},{\"@type\":\"BreadcrumbList\",\"@id\":\"https:\/\/originshape.com\/product\/dumbbell-set-rubber-encased-hex-dumbbell-free-weights-dumbbells-set-home-weight-set-with-rack\/#breadcrumb\",\"itemListElement\":[{\"@type\":\"ListItem\",\"position\":1,\"name\":\"Home\",\"item\":\"https:\/\/originshape.com\/\"},{\"@type\":\"ListItem\",\"position\":2,\"name\":\"Store clothes\",\"item\":\"https:\/\/originshape.com\/store-2\/\"},{\"@type\":\"ListItem\",\"position\":3,\"name\":\"Dumbbell Set Rubber Encased Hex Dumbbell Free Weights Dumbbells Set Home Weight Set with Rack\"}]},{\"@type\":\"WebSite\",\"@id\":\"https:\/\/originshape.com\/#website\",\"url\":\"https:\/\/originshape.com\/\",\"name\":\"Origin Shape\",\"description\":\"Nutrition and Fitness\",\"publisher\":{\"@id\":\"https:\/\/originshape.com\/#organization\"},\"potentialAction\":[{\"@type\":\"SearchAction\",\"target\":{\"@type\":\"EntryPoint\",\"urlTemplate\":\"https:\/\/originshape.com\/?s={search_term_string}\"},\"query-input\":{\"@type\":\"PropertyValueSpecification\",\"valueRequired\":true,\"valueName\":\"search_term_string\"}}],\"inLanguage\":\"es-DO\"},{\"@type\":\"Organization\",\"@id\":\"https:\/\/originshape.com\/#organization\",\"name\":\"Origin Shape\",\"url\":\"https:\/\/originshape.com\/\",\"logo\":{\"@type\":\"ImageObject\",\"inLanguage\":\"es-DO\",\"@id\":\"https:\/\/originshape.com\/#\/schema\/logo\/image\/\",\"url\":\"https:\/\/originshape.com\/wp-content\/uploads\/2022\/12\/39C56CFB-F744-41B1-9128-E6E7FF57EA6D.png\",\"contentUrl\":\"https:\/\/originshape.com\/wp-content\/uploads\/2022\/12\/39C56CFB-F744-41B1-9128-E6E7FF57EA6D.png\",\"width\":512,\"height\":512,\"caption\":\"Origin Shape\"},\"image\":{\"@id\":\"https:\/\/originshape.com\/#\/schema\/logo\/image\/\"}}]}<\/script>\n<!-- \/ Yoast SEO plugin. -->","yoast_head_json":{"title":"Dumbbell Set Rubber Encased Hex Dumbbell Free Weights Dumbbells Set Home Weight Set with Rack - Origin Shape","robots":{"index":"index","follow":"follow","max-snippet":"max-snippet:-1","max-image-preview":"max-image-preview:large","max-video-preview":"max-video-preview:-1"},"canonical":"https:\/\/originshape.com\/es\/product\/dumbbell-set-rubber-encased-hex-dumbbell-free-weights-dumbbells-set-home-weight-set-with-rack\/","og_locale":"es_ES","og_type":"article","og_title":"Dumbbell Set Rubber Encased Hex Dumbbell Free Weights Dumbbells Set Home Weight Set with Rack - Origin Shape","og_description":"Sobre este art\u00edculo El juego incluye: un par de mancuernas hexagonales de goma de 5 libras, 8 libras, 10 libras, 12 libras y 15 libras, y un soporte para mancuernas. Los cabezales en forma hexagonal evitan que rueden y proporcionan un almacenamiento m\u00e1s f\u00e1cil, el mango ergon\u00f3mico acanalado evita el deslizamiento y proporciona un agarre [&hellip;]","og_url":"https:\/\/originshape.com\/es\/product\/dumbbell-set-rubber-encased-hex-dumbbell-free-weights-dumbbells-set-home-weight-set-with-rack\/","og_site_name":"Origin Shape","article_modified_time":"2023-06-10T19:32:29+00:00","og_image":[{"width":955,"height":1441,"url":"https:\/\/originshape.com\/wp-content\/uploads\/2022\/12\/Rack-de-mancuernas-1.jpg","type":"image\/jpeg"}],"twitter_misc":{"Est. reading time":"1 minuto"},"schema":{"@context":"https:\/\/schema.org","@graph":[{"@type":"WebPage","@id":"https:\/\/originshape.com\/product\/dumbbell-set-rubber-encased-hex-dumbbell-free-weights-dumbbells-set-home-weight-set-with-rack\/","url":"https:\/\/originshape.com\/product\/dumbbell-set-rubber-encased-hex-dumbbell-free-weights-dumbbells-set-home-weight-set-with-rack\/","name":"Dumbbell Set Rubber Encased Hex Dumbbell Free Weights Dumbbells Set Home Weight Set with Rack - Origin Shape","isPartOf":{"@id":"https:\/\/originshape.com\/#website"},"primaryImageOfPage":{"@id":"https:\/\/originshape.com\/product\/dumbbell-set-rubber-encased-hex-dumbbell-free-weights-dumbbells-set-home-weight-set-with-rack\/#primaryimage"},"image":{"@id":"https:\/\/originshape.com\/product\/dumbbell-set-rubber-encased-hex-dumbbell-free-weights-dumbbells-set-home-weight-set-with-rack\/#primaryimage"},"thumbnailUrl":"https:\/\/originshape.com\/wp-content\/uploads\/2022\/12\/Rack-de-mancuernas-1.jpg","datePublished":"2022-12-07T13:30:10+00:00","dateModified":"2023-06-10T19:32:29+00:00","breadcrumb":{"@id":"https:\/\/originshape.com\/product\/dumbbell-set-rubber-encased-hex-dumbbell-free-weights-dumbbells-set-home-weight-set-with-rack\/#breadcrumb"},"inLanguage":"es-DO","potentialAction":[{"@type":"ReadAction","target":["https:\/\/originshape.com\/product\/dumbbell-set-rubber-encased-hex-dumbbell-free-weights-dumbbells-set-home-weight-set-with-rack\/"]}]},{"@type":"ImageObject","inLanguage":"es-DO","@id":"https:\/\/originshape.com\/product\/dumbbell-set-rubber-encased-hex-dumbbell-free-weights-dumbbells-set-home-weight-set-with-rack\/#primaryimage","url":"https:\/\/originshape.com\/wp-content\/uploads\/2022\/12\/Rack-de-mancuernas-1.jpg","contentUrl":"https:\/\/originshape.com\/wp-content\/uploads\/2022\/12\/Rack-de-mancuernas-1.jpg","width":955,"height":1441},{"@type":"BreadcrumbList","@id":"https:\/\/originshape.com\/product\/dumbbell-set-rubber-encased-hex-dumbbell-free-weights-dumbbells-set-home-weight-set-with-rack\/#breadcrumb","itemListElement":[{"@type":"ListItem","position":1,"name":"Home","item":"https:\/\/originshape.com\/"},{"@type":"ListItem","position":2,"name":"Store clothes","item":"https:\/\/originshape.com\/store-2\/"},{"@type":"ListItem","position":3,"name":"Dumbbell Set Rubber Encased Hex Dumbbell Free Weights Dumbbells Set Home Weight Set with Rack"}]},{"@type":"WebSite","@id":"https:\/\/originshape.com\/#website","url":"https:\/\/originshape.com\/","name":"Origin Shape","description":"Nutrition and Fitness","publisher":{"@id":"https:\/\/originshape.com\/#organization"},"potentialAction":[{"@type":"SearchAction","target":{"@type":"EntryPoint","urlTemplate":"https:\/\/originshape.com\/?s={search_term_string}"},"query-input":{"@type":"PropertyValueSpecification","valueRequired":true,"valueName":"search_term_string"}}],"inLanguage":"es-DO"},{"@type":"Organization","@id":"https:\/\/originshape.com\/#organization","name":"Origin Shape","url":"https:\/\/originshape.com\/","logo":{"@type":"ImageObject","inLanguage":"es-DO","@id":"https:\/\/originshape.com\/#\/schema\/logo\/image\/","url":"https:\/\/originshape.com\/wp-content\/uploads\/2022\/12\/39C56CFB-F744-41B1-9128-E6E7FF57EA6D.png","contentUrl":"https:\/\/originshape.com\/wp-content\/uploads\/2022\/12\/39C56CFB-F744-41B1-9128-E6E7FF57EA6D.png","width":512,"height":512,"caption":"Origin Shape"},"image":{"@id":"https:\/\/originshape.com\/#\/schema\/logo\/image\/"}}]}},"jetpack_sharing_enabled":true,"_links":{"self":[{"href":"https:\/\/originshape.com\/es\/wp-json\/wp\/v2\/product\/4898","targetHints":{"allow":["GET"]}}],"collection":[{"href":"https:\/\/originshape.com\/es\/wp-json\/wp\/v2\/product"}],"about":[{"href":"https:\/\/originshape.com\/es\/wp-json\/wp\/v2\/types\/product"}],"replies":[{"embeddable":true,"href":"https:\/\/originshape.com\/es\/wp-json\/wp\/v2\/comments?post=4898"}],"wp:featuredmedia":[{"embeddable":true,"href":"https:\/\/originshape.com\/es\/wp-json\/wp\/v2\/media\/6242"}],"wp:attachment":[{"href":"https:\/\/originshape.com\/es\/wp-json\/wp\/v2\/media?parent=4898"}],"wp:term":[{"taxonomy":"product_brand","embeddable":true,"href":"https:\/\/originshape.com\/es\/wp-json\/wp\/v2\/product_brand?post=4898"},{"taxonomy":"product_cat","embeddable":true,"href":"https:\/\/originshape.com\/es\/wp-json\/wp\/v2\/product_cat?post=4898"},{"taxonomy":"product_tag","embeddable":true,"href":"https:\/\/originshape.com\/es\/wp-json\/wp\/v2\/product_tag?post=4898"}],"curies":[{"name":"wp","href":"https:\/\/api.w.org\/{rel}","templated":true}]}}