{"id":4901,"date":"2022-12-07T13:34:39","date_gmt":"2022-12-07T13:34:39","guid":{"rendered":"https:\/\/originshape.com\/?post_type=product&#038;p=4901"},"modified":"2023-06-10T20:05:55","modified_gmt":"2023-06-10T20:05:55","slug":"juego-de-mancuernas-hexagonales-con-revestimiento-de-goma-y-peso-de-5-a-25-libras","status":"publish","type":"product","link":"https:\/\/originshape.com\/es\/product\/juego-de-mancuernas-hexagonales-con-revestimiento-de-goma-y-peso-de-5-a-25-libras\/","title":{"rendered":"Juego de mancuernas hexagonales con revestimiento de goma y peso de 5 a 25 libras"},"content":{"rendered":"<p id=\"title\" class=\"a-size-large a-spacing-none\"><span id=\"productTitle\" class=\"a-size-large product-title-word-break\">Incluye un soporte con forma de A para almacenamiento, mancuernas hexagonales antideslizante ideales para tonificar los m\u00fasculos, ganar fuerza y perder peso, m\u00faltiples opciones disponibles<\/span><\/p>\n<h1 class=\"a-size-base-plus a-text-bold\">Sobre este art\u00edculo<\/h1>\n<ul class=\"a-unordered-list a-vertical a-spacing-mini\">\n<li><span class=\"a-list-item\">El juego incluye: un par de mancuernas hexagonales de goma de 5 libras, 10 libras, 15 libras, 20 libras y 25 libras (10 en total) con un soporte para mancuernas con forma de A. <\/span><\/li>\n<li><span class=\"a-list-item\">Aviso: este juego se env\u00eda en varias cajas, y puede llegar por separado en diferentes d\u00edas. &#8211; &#8211; <\/span><\/li>\n<li><span class=\"a-list-item\">Dise\u00f1o que ahorra espacio. El dise\u00f1o del soporte en forma de A, con diferentes estantes o niveles, te permite almacenar y guardar tus mancuernas en vertical para ahorrar espacio. F\u00e1cil acceso y almacenamiento de mancuernas. El revestimiento de goma evita que las mancuernas o el estante se rayen. <\/span><\/li>\n<li><span class=\"a-list-item\">Duradero y fiable: el estante est\u00e1 hecho con acero y tiene un acabado de recubrimiento de pintura en polvo de color negro para que sea m\u00e1s duradero. Las cabezas de las mancuernas est\u00e1n hechas de hierro gris ASTM A48 Clase 20 y est\u00e1n unidas entre s\u00ed por un mango de s\u00f3lido acero 1018 enrollado en fr\u00edo, y llevan un revestimiento de goma extremadamente duradero. <\/span><\/li>\n<li><span class=\"a-list-item\">Caracter\u00edsticas: los cabezales, al ser hexagonales, evitan que la mancuerna ruede. El moleteado de profundidad media del mango permite un buen agarre y te permite hacer un uso seguro de las mancuernas. El revestimiento de goma es un acabado duradero y eficaz. Las mancuernas te permiten entrenar grupos de m\u00fasculos espec\u00edficos o entrenar la musculatura completa. Perfectas para todo tipo de entrenamientos, de grupos musculares concretos, con intervalos de alta intensidad o de fuerza.<\/span><\/li>\n<\/ul>","protected":false},"excerpt":{"rendered":"<p>Incluye un soporte con forma de A para almacenamiento, mancuernas hexagonales antideslizante ideales para tonificar los m\u00fasculos, ganar fuerza y perder peso, m\u00faltiples opciones disponibles Sobre este art\u00edculo El juego incluye: un par de mancuernas hexagonales de goma de 5 libras, 10 libras, 15 libras, 20 libras y 25 libras (10 en total) con un [&hellip;]<\/p>","protected":false},"featured_media":4902,"comment_status":"closed","ping_status":"closed","template":"","meta":[],"product_brand":[],"product_cat":[87,89],"product_tag":[],"class_list":{"0":"post-4901","1":"product","2":"type-product","3":"status-publish","4":"has-post-thumbnail","6":"product_cat-gym-equipments","7":"product_cat-mancuernas","9":"first","10":"instock","11":"taxable","12":"shipping-taxable","13":"product-type-external"},"yoast_head":"<!-- This site is optimized with the Yoast SEO plugin v24.0 - https:\/\/yoast.com\/wordpress\/plugins\/seo\/ -->\n<title>Juego de mancuernas hexagonales con revestimiento de goma y peso de 5 a 25 libras - Origin Shape<\/title>\n<meta name=\"robots\" content=\"index, follow, max-snippet:-1, max-image-preview:large, max-video-preview:-1\" \/>\n<link rel=\"canonical\" href=\"https:\/\/originshape.com\/es\/product\/juego-de-mancuernas-hexagonales-con-revestimiento-de-goma-y-peso-de-5-a-25-libras\/\" \/>\n<meta property=\"og:locale\" content=\"es_ES\" \/>\n<meta property=\"og:type\" content=\"article\" \/>\n<meta property=\"og:title\" content=\"Juego de mancuernas hexagonales con revestimiento de goma y peso de 5 a 25 libras - Origin Shape\" \/>\n<meta property=\"og:description\" content=\"Incluye un soporte con forma de A para almacenamiento, mancuernas hexagonales antideslizante ideales para tonificar los m\u00fasculos, ganar fuerza y perder peso, m\u00faltiples opciones disponibles Sobre este art\u00edculo El juego incluye: un par de mancuernas hexagonales de goma de 5 libras, 10 libras, 15 libras, 20 libras y 25 libras (10 en total) con un [&hellip;]\" \/>\n<meta property=\"og:url\" content=\"https:\/\/originshape.com\/es\/product\/juego-de-mancuernas-hexagonales-con-revestimiento-de-goma-y-peso-de-5-a-25-libras\/\" \/>\n<meta property=\"og:site_name\" content=\"Origin Shape\" \/>\n<meta property=\"article:modified_time\" content=\"2023-06-10T20:05:55+00:00\" \/>\n<meta property=\"og:image\" content=\"https:\/\/originshape.com\/wp-content\/uploads\/2022\/12\/rack-de-mancuernas-rojo.jpg\" \/>\n\t<meta property=\"og:image:width\" content=\"1127\" \/>\n\t<meta property=\"og:image:height\" content=\"1500\" \/>\n\t<meta property=\"og:image:type\" content=\"image\/jpeg\" \/>\n<meta name=\"twitter:label1\" content=\"Est. reading time\" \/>\n\t<meta name=\"twitter:data1\" content=\"2 minutos\" \/>\n<script type=\"application\/ld+json\" class=\"yoast-schema-graph\">{\"@context\":\"https:\/\/schema.org\",\"@graph\":[{\"@type\":\"WebPage\",\"@id\":\"https:\/\/originshape.com\/product\/juego-de-mancuernas-hexagonales-con-revestimiento-de-goma-y-peso-de-5-a-25-libras\/\",\"url\":\"https:\/\/originshape.com\/product\/juego-de-mancuernas-hexagonales-con-revestimiento-de-goma-y-peso-de-5-a-25-libras\/\",\"name\":\"Juego de mancuernas hexagonales con revestimiento de goma y peso de 5 a 25 libras - Origin Shape\",\"isPartOf\":{\"@id\":\"https:\/\/originshape.com\/#website\"},\"primaryImageOfPage\":{\"@id\":\"https:\/\/originshape.com\/product\/juego-de-mancuernas-hexagonales-con-revestimiento-de-goma-y-peso-de-5-a-25-libras\/#primaryimage\"},\"image\":{\"@id\":\"https:\/\/originshape.com\/product\/juego-de-mancuernas-hexagonales-con-revestimiento-de-goma-y-peso-de-5-a-25-libras\/#primaryimage\"},\"thumbnailUrl\":\"https:\/\/originshape.com\/wp-content\/uploads\/2022\/12\/rack-de-mancuernas-rojo.jpg\",\"datePublished\":\"2022-12-07T13:34:39+00:00\",\"dateModified\":\"2023-06-10T20:05:55+00:00\",\"breadcrumb\":{\"@id\":\"https:\/\/originshape.com\/product\/juego-de-mancuernas-hexagonales-con-revestimiento-de-goma-y-peso-de-5-a-25-libras\/#breadcrumb\"},\"inLanguage\":\"es-DO\",\"potentialAction\":[{\"@type\":\"ReadAction\",\"target\":[\"https:\/\/originshape.com\/product\/juego-de-mancuernas-hexagonales-con-revestimiento-de-goma-y-peso-de-5-a-25-libras\/\"]}]},{\"@type\":\"ImageObject\",\"inLanguage\":\"es-DO\",\"@id\":\"https:\/\/originshape.com\/product\/juego-de-mancuernas-hexagonales-con-revestimiento-de-goma-y-peso-de-5-a-25-libras\/#primaryimage\",\"url\":\"https:\/\/originshape.com\/wp-content\/uploads\/2022\/12\/rack-de-mancuernas-rojo.jpg\",\"contentUrl\":\"https:\/\/originshape.com\/wp-content\/uploads\/2022\/12\/rack-de-mancuernas-rojo.jpg\",\"width\":1127,\"height\":1500},{\"@type\":\"BreadcrumbList\",\"@id\":\"https:\/\/originshape.com\/product\/juego-de-mancuernas-hexagonales-con-revestimiento-de-goma-y-peso-de-5-a-25-libras\/#breadcrumb\",\"itemListElement\":[{\"@type\":\"ListItem\",\"position\":1,\"name\":\"Home\",\"item\":\"https:\/\/originshape.com\/\"},{\"@type\":\"ListItem\",\"position\":2,\"name\":\"Store clothes\",\"item\":\"https:\/\/originshape.com\/store-2\/\"},{\"@type\":\"ListItem\",\"position\":3,\"name\":\"Juego de mancuernas hexagonales con revestimiento de goma y peso de 5 a 25 libras\"}]},{\"@type\":\"WebSite\",\"@id\":\"https:\/\/originshape.com\/#website\",\"url\":\"https:\/\/originshape.com\/\",\"name\":\"Origin Shape\",\"description\":\"Nutrition and Fitness\",\"publisher\":{\"@id\":\"https:\/\/originshape.com\/#organization\"},\"potentialAction\":[{\"@type\":\"SearchAction\",\"target\":{\"@type\":\"EntryPoint\",\"urlTemplate\":\"https:\/\/originshape.com\/?s={search_term_string}\"},\"query-input\":{\"@type\":\"PropertyValueSpecification\",\"valueRequired\":true,\"valueName\":\"search_term_string\"}}],\"inLanguage\":\"es-DO\"},{\"@type\":\"Organization\",\"@id\":\"https:\/\/originshape.com\/#organization\",\"name\":\"Origin Shape\",\"url\":\"https:\/\/originshape.com\/\",\"logo\":{\"@type\":\"ImageObject\",\"inLanguage\":\"es-DO\",\"@id\":\"https:\/\/originshape.com\/#\/schema\/logo\/image\/\",\"url\":\"https:\/\/originshape.com\/wp-content\/uploads\/2022\/12\/39C56CFB-F744-41B1-9128-E6E7FF57EA6D.png\",\"contentUrl\":\"https:\/\/originshape.com\/wp-content\/uploads\/2022\/12\/39C56CFB-F744-41B1-9128-E6E7FF57EA6D.png\",\"width\":512,\"height\":512,\"caption\":\"Origin Shape\"},\"image\":{\"@id\":\"https:\/\/originshape.com\/#\/schema\/logo\/image\/\"}}]}<\/script>\n<!-- \/ Yoast SEO plugin. -->","yoast_head_json":{"title":"Juego de mancuernas hexagonales con revestimiento de goma y peso de 5 a 25 libras - Origin Shape","robots":{"index":"index","follow":"follow","max-snippet":"max-snippet:-1","max-image-preview":"max-image-preview:large","max-video-preview":"max-video-preview:-1"},"canonical":"https:\/\/originshape.com\/es\/product\/juego-de-mancuernas-hexagonales-con-revestimiento-de-goma-y-peso-de-5-a-25-libras\/","og_locale":"es_ES","og_type":"article","og_title":"Juego de mancuernas hexagonales con revestimiento de goma y peso de 5 a 25 libras - Origin Shape","og_description":"Incluye un soporte con forma de A para almacenamiento, mancuernas hexagonales antideslizante ideales para tonificar los m\u00fasculos, ganar fuerza y perder peso, m\u00faltiples opciones disponibles Sobre este art\u00edculo El juego incluye: un par de mancuernas hexagonales de goma de 5 libras, 10 libras, 15 libras, 20 libras y 25 libras (10 en total) con un [&hellip;]","og_url":"https:\/\/originshape.com\/es\/product\/juego-de-mancuernas-hexagonales-con-revestimiento-de-goma-y-peso-de-5-a-25-libras\/","og_site_name":"Origin Shape","article_modified_time":"2023-06-10T20:05:55+00:00","og_image":[{"width":1127,"height":1500,"url":"https:\/\/originshape.com\/wp-content\/uploads\/2022\/12\/rack-de-mancuernas-rojo.jpg","type":"image\/jpeg"}],"twitter_misc":{"Est. reading time":"2 minutos"},"schema":{"@context":"https:\/\/schema.org","@graph":[{"@type":"WebPage","@id":"https:\/\/originshape.com\/product\/juego-de-mancuernas-hexagonales-con-revestimiento-de-goma-y-peso-de-5-a-25-libras\/","url":"https:\/\/originshape.com\/product\/juego-de-mancuernas-hexagonales-con-revestimiento-de-goma-y-peso-de-5-a-25-libras\/","name":"Juego de mancuernas hexagonales con revestimiento de goma y peso de 5 a 25 libras - Origin Shape","isPartOf":{"@id":"https:\/\/originshape.com\/#website"},"primaryImageOfPage":{"@id":"https:\/\/originshape.com\/product\/juego-de-mancuernas-hexagonales-con-revestimiento-de-goma-y-peso-de-5-a-25-libras\/#primaryimage"},"image":{"@id":"https:\/\/originshape.com\/product\/juego-de-mancuernas-hexagonales-con-revestimiento-de-goma-y-peso-de-5-a-25-libras\/#primaryimage"},"thumbnailUrl":"https:\/\/originshape.com\/wp-content\/uploads\/2022\/12\/rack-de-mancuernas-rojo.jpg","datePublished":"2022-12-07T13:34:39+00:00","dateModified":"2023-06-10T20:05:55+00:00","breadcrumb":{"@id":"https:\/\/originshape.com\/product\/juego-de-mancuernas-hexagonales-con-revestimiento-de-goma-y-peso-de-5-a-25-libras\/#breadcrumb"},"inLanguage":"es-DO","potentialAction":[{"@type":"ReadAction","target":["https:\/\/originshape.com\/product\/juego-de-mancuernas-hexagonales-con-revestimiento-de-goma-y-peso-de-5-a-25-libras\/"]}]},{"@type":"ImageObject","inLanguage":"es-DO","@id":"https:\/\/originshape.com\/product\/juego-de-mancuernas-hexagonales-con-revestimiento-de-goma-y-peso-de-5-a-25-libras\/#primaryimage","url":"https:\/\/originshape.com\/wp-content\/uploads\/2022\/12\/rack-de-mancuernas-rojo.jpg","contentUrl":"https:\/\/originshape.com\/wp-content\/uploads\/2022\/12\/rack-de-mancuernas-rojo.jpg","width":1127,"height":1500},{"@type":"BreadcrumbList","@id":"https:\/\/originshape.com\/product\/juego-de-mancuernas-hexagonales-con-revestimiento-de-goma-y-peso-de-5-a-25-libras\/#breadcrumb","itemListElement":[{"@type":"ListItem","position":1,"name":"Home","item":"https:\/\/originshape.com\/"},{"@type":"ListItem","position":2,"name":"Store clothes","item":"https:\/\/originshape.com\/store-2\/"},{"@type":"ListItem","position":3,"name":"Juego de mancuernas hexagonales con revestimiento de goma y peso de 5 a 25 libras"}]},{"@type":"WebSite","@id":"https:\/\/originshape.com\/#website","url":"https:\/\/originshape.com\/","name":"Origin Shape","description":"Nutrition and Fitness","publisher":{"@id":"https:\/\/originshape.com\/#organization"},"potentialAction":[{"@type":"SearchAction","target":{"@type":"EntryPoint","urlTemplate":"https:\/\/originshape.com\/?s={search_term_string}"},"query-input":{"@type":"PropertyValueSpecification","valueRequired":true,"valueName":"search_term_string"}}],"inLanguage":"es-DO"},{"@type":"Organization","@id":"https:\/\/originshape.com\/#organization","name":"Origin Shape","url":"https:\/\/originshape.com\/","logo":{"@type":"ImageObject","inLanguage":"es-DO","@id":"https:\/\/originshape.com\/#\/schema\/logo\/image\/","url":"https:\/\/originshape.com\/wp-content\/uploads\/2022\/12\/39C56CFB-F744-41B1-9128-E6E7FF57EA6D.png","contentUrl":"https:\/\/originshape.com\/wp-content\/uploads\/2022\/12\/39C56CFB-F744-41B1-9128-E6E7FF57EA6D.png","width":512,"height":512,"caption":"Origin Shape"},"image":{"@id":"https:\/\/originshape.com\/#\/schema\/logo\/image\/"}}]}},"jetpack_sharing_enabled":true,"_links":{"self":[{"href":"https:\/\/originshape.com\/es\/wp-json\/wp\/v2\/product\/4901","targetHints":{"allow":["GET"]}}],"collection":[{"href":"https:\/\/originshape.com\/es\/wp-json\/wp\/v2\/product"}],"about":[{"href":"https:\/\/originshape.com\/es\/wp-json\/wp\/v2\/types\/product"}],"replies":[{"embeddable":true,"href":"https:\/\/originshape.com\/es\/wp-json\/wp\/v2\/comments?post=4901"}],"wp:featuredmedia":[{"embeddable":true,"href":"https:\/\/originshape.com\/es\/wp-json\/wp\/v2\/media\/4902"}],"wp:attachment":[{"href":"https:\/\/originshape.com\/es\/wp-json\/wp\/v2\/media?parent=4901"}],"wp:term":[{"taxonomy":"product_brand","embeddable":true,"href":"https:\/\/originshape.com\/es\/wp-json\/wp\/v2\/product_brand?post=4901"},{"taxonomy":"product_cat","embeddable":true,"href":"https:\/\/originshape.com\/es\/wp-json\/wp\/v2\/product_cat?post=4901"},{"taxonomy":"product_tag","embeddable":true,"href":"https:\/\/originshape.com\/es\/wp-json\/wp\/v2\/product_tag?post=4901"}],"curies":[{"name":"wp","href":"https:\/\/api.w.org\/{rel}","templated":true}]}}