{"id":4904,"date":"2022-12-07T13:38:41","date_gmt":"2022-12-07T13:38:41","guid":{"rendered":"https:\/\/originshape.com\/?post_type=product&#038;p=4904"},"modified":"2023-06-10T20:47:25","modified_gmt":"2023-06-10T20:47:25","slug":"original-peloton-bike","status":"publish","type":"product","link":"https:\/\/originshape.com\/es\/product\/original-peloton-bike\/","title":{"rendered":"Original Peloton Bike"},"content":{"rendered":"<p id=\"title\" class=\"a-size-large a-spacing-none\"><span id=\"productTitle\" class=\"a-size-large product-title-word-break\">Bicicleta est\u00e1tica est\u00e1tica para interiores con pantalla t\u00e1ctil HD inmersiva de 22 pulgadas<\/span><\/p>\n<h1 class=\"a-size-base-plus a-text-bold\">Sobre este art\u00edculo<\/h1>\n<ul class=\"a-unordered-list a-vertical a-spacing-mini\">\n<li><span class=\"a-list-item\">Cardio que cambia el juego: engancha en la bicicleta Peloton para una experiencia de entrenamiento que va m\u00e1s all\u00e1 del ciclismo. Mantente motivado mientras cantas, bailas y escalas la tabla de clasificaci\u00f3n con otros miembros. <\/span><\/li>\n<li><span class=\"a-list-item\">Rastrea tu progreso: utiliza las m\u00e9tricas en pantalla para ver c\u00f3mo est\u00e1s mejorando clase tras clase. Controla tu velocidad, resistencia, frecuencia card\u00edaca y potencia para seguir el plan de entrenamiento del instructor. Y Peloton Bike es compatible con Apple Watch, por lo que puedes cerrar tus anillos con un solo toque. <\/span><\/li>\n<li><span class=\"a-list-item\">Membres\u00eda llena de valor: una membres\u00eda Peloton All-Access debe comprarse por separado para acceder al contenido Peloton en tu bicicleta. Pagar\u00e1s $44\/mes por toda tu casa y obtendr\u00e1s acceso ilimitado a toda nuestra biblioteca de contenido disponible en tu bicicleta y la aplicaci\u00f3n Peloton. Tu cuenta se puede activar durante la configuraci\u00f3n de la bicicleta, requiere wifi. <\/span><\/li>\n<li><span class=\"a-list-item\">Apto para espacios peque\u00f1os: tiene una huella compacta de 4 x 2 pies, y un asiento, manillar y pantalla ajustables, que se inclina para adaptarse a diferentes alturas. Esta bicicleta est\u00e1tica se adapta c\u00f3modamente a tu hogar, ya sea que est\u00e9s bajo en pies cuadrados o trabajando alrededor de muebles. <\/span><\/li>\n<li><span class=\"a-list-item\">Controles y caracter\u00edsticas: Peloton Bike cuenta con pedales compatibles con delta, una perilla de resistencia para control manual, sistema de altavoces est\u00e9reo de 2 canales con 16 vatios de potencia total, pantalla t\u00e1ctil multit\u00e1ctil de 10 puntos, micropuerto USB, conector de auriculares de 0.138\u00a0in, conectividad Bluetooth 4.0, c\u00e1mara frontal de 5 megap\u00edxeles, micr\u00f3fono integrado y botones de volumen arriba y abajo. <\/span><\/li>\n<li><span class=\"a-list-item\">Medidas y requisitos: necesitamos dejar 24 pulgadas en los cuatro lados para almacenar y entrenar en tu bicicleta. Mantener tu bicicleta en una habitaci\u00f3n con una altura m\u00ednima de techo de 8 pies asegurar\u00e1 un espacio adecuado mientras conduces. Dimensiones: 59 pulgadas de largo x 53 pulgadas de alto x 23 pulgadas de ancho; pantalla: 22 pulgadas de diagonal; peso: 135 libras; longitud del cable de alimentaci\u00f3n: 10 pies. <\/span><\/li>\n<li><span class=\"a-list-item\">Contenido de la caja: recibir\u00e1s instrucciones paso a paso para facilitar el montaje. Marco de bicicleta, estabilizadores, manillar, soportes para botellas de agua, pedales, soportes para pesas, pantalla t\u00e1ctil y kit de herramientas est\u00e1n incluidos. Algunas piezas se encuentran en la caja de pantalla t\u00e1ctil. Aseg\u00farate de comprobar ambas casillas para todas las piezas antes de tirarlas. Los zapatos, la alfombrilla y otros accesorios se venden por separado. <\/span><\/li>\n<\/ul>\n<div class=\"a-row a-expander-container a-expander-inline-container\">\n<div class=\"a-expander-content a-expander-extend-content a-expander-content-expanded\" aria-expanded=\"true\">\n<ul class=\"a-unordered-list a-vertical a-spacing-none\">\n<li><span class=\"a-list-item\">Requisitos del usuario: rango de altura: 4&#8217;11&#8221;-6&#8217;5&#8243;; peso m\u00e1ximo: 297 libras; edad m\u00ednima: 14.<\/span><\/li>\n<li><span class=\"a-list-item\">Variedad de clases: explora miles de clases en m\u00e1s de 10 disciplinas que van m\u00e1s all\u00e1 del ciclismo, desde fuerza y yoga hasta meditaci\u00f3n y mucho m\u00e1s. Prueba clases al aire libre en la aplicaci\u00f3n Peloton, boxeo o una experiencia de ciclismo gamificada con Peloton Lanebreak. Membres\u00eda de acceso completo separada.<\/span><\/li>\n<li><span class=\"a-list-item\">Instrumentos motivadores: con una l\u00ednea de m\u00e1s de 50 instructores, encontrar\u00e1s la persona adecuada para ayudarte a superar cada objetivo. Ya sea que est\u00e9s alimentado por energ\u00eda para sentirte bien o una actitud de poder, hay un instructor para motivarte sin importar en qu\u00e9 estado de \u00e1nimo est\u00e9s dentro.<\/span><\/li>\n<\/ul>\n<\/div>\n<\/div>","protected":false},"excerpt":{"rendered":"<p>Bicicleta est\u00e1tica est\u00e1tica para interiores con pantalla t\u00e1ctil HD inmersiva de 22 pulgadas Sobre este art\u00edculo Cardio que cambia el juego: engancha en la bicicleta Peloton para una experiencia de entrenamiento que va m\u00e1s all\u00e1 del ciclismo. Mantente motivado mientras cantas, bailas y escalas la tabla de clasificaci\u00f3n con otros miembros. Rastrea tu progreso: utiliza [&hellip;]<\/p>","protected":false},"featured_media":6240,"comment_status":"closed","ping_status":"closed","template":"","meta":[],"product_brand":[],"product_cat":[90,87],"product_tag":[],"class_list":{"0":"post-4904","1":"product","2":"type-product","3":"status-publish","4":"has-post-thumbnail","6":"product_cat-cardio","7":"product_cat-gym-equipments","9":"first","10":"instock","11":"taxable","12":"shipping-taxable","13":"product-type-external"},"yoast_head":"<!-- This site is optimized with the Yoast SEO plugin v24.0 - https:\/\/yoast.com\/wordpress\/plugins\/seo\/ -->\n<title>\u25b7Original Peloton Bike - Amazon - Origin Shape<\/title>\n<meta name=\"description\" content=\"The best home bike \u2705 Peloton bike - Good Prices. Gym equipment. Best workout routines\ud83d\udeb2 Great for cardio. Spinning. Indoor cycling. Now more...\" \/>\n<meta name=\"robots\" content=\"index, follow, max-snippet:-1, max-image-preview:large, max-video-preview:-1\" \/>\n<link rel=\"canonical\" href=\"https:\/\/originshape.com\/es\/product\/original-peloton-bike\/\" \/>\n<meta property=\"og:locale\" content=\"es_ES\" \/>\n<meta property=\"og:type\" content=\"article\" \/>\n<meta property=\"og:title\" content=\"\u25b7Original Peloton Bike - Amazon - Origin Shape\" \/>\n<meta property=\"og:description\" content=\"The best home bike \u2705 Peloton bike - Good Prices. Gym equipment. Best workout routines\ud83d\udeb2 Great for cardio. Spinning. Indoor cycling. Now more...\" \/>\n<meta property=\"og:url\" content=\"https:\/\/originshape.com\/es\/product\/original-peloton-bike\/\" \/>\n<meta property=\"og:site_name\" content=\"Origin Shape\" \/>\n<meta property=\"article:modified_time\" content=\"2023-06-10T20:47:25+00:00\" \/>\n<meta property=\"og:image\" content=\"https:\/\/originshape.com\/wp-content\/uploads\/2022\/12\/Peloton-1.jpg\" \/>\n\t<meta property=\"og:image:width\" content=\"1326\" \/>\n\t<meta property=\"og:image:height\" content=\"1500\" \/>\n\t<meta property=\"og:image:type\" content=\"image\/jpeg\" \/>\n<meta name=\"twitter:label1\" content=\"Est. reading time\" \/>\n\t<meta name=\"twitter:data1\" content=\"3 minutos\" \/>\n<script type=\"application\/ld+json\" class=\"yoast-schema-graph\">{\"@context\":\"https:\/\/schema.org\",\"@graph\":[{\"@type\":\"WebPage\",\"@id\":\"https:\/\/originshape.com\/product\/original-peloton-bike\/\",\"url\":\"https:\/\/originshape.com\/product\/original-peloton-bike\/\",\"name\":\"\u25b7Original Peloton Bike - Amazon - Origin Shape\",\"isPartOf\":{\"@id\":\"https:\/\/originshape.com\/#website\"},\"primaryImageOfPage\":{\"@id\":\"https:\/\/originshape.com\/product\/original-peloton-bike\/#primaryimage\"},\"image\":{\"@id\":\"https:\/\/originshape.com\/product\/original-peloton-bike\/#primaryimage\"},\"thumbnailUrl\":\"https:\/\/originshape.com\/wp-content\/uploads\/2022\/12\/Peloton-1.jpg\",\"datePublished\":\"2022-12-07T13:38:41+00:00\",\"dateModified\":\"2023-06-10T20:47:25+00:00\",\"description\":\"The best home bike \u2705 Peloton bike - Good Prices. Gym equipment. Best workout routines\ud83d\udeb2 Great for cardio. Spinning. Indoor cycling. Now more...\",\"breadcrumb\":{\"@id\":\"https:\/\/originshape.com\/product\/original-peloton-bike\/#breadcrumb\"},\"inLanguage\":\"es-DO\",\"potentialAction\":[{\"@type\":\"ReadAction\",\"target\":[\"https:\/\/originshape.com\/product\/original-peloton-bike\/\"]}]},{\"@type\":\"ImageObject\",\"inLanguage\":\"es-DO\",\"@id\":\"https:\/\/originshape.com\/product\/original-peloton-bike\/#primaryimage\",\"url\":\"https:\/\/originshape.com\/wp-content\/uploads\/2022\/12\/Peloton-1.jpg\",\"contentUrl\":\"https:\/\/originshape.com\/wp-content\/uploads\/2022\/12\/Peloton-1.jpg\",\"width\":1326,\"height\":1500},{\"@type\":\"BreadcrumbList\",\"@id\":\"https:\/\/originshape.com\/product\/original-peloton-bike\/#breadcrumb\",\"itemListElement\":[{\"@type\":\"ListItem\",\"position\":1,\"name\":\"Home\",\"item\":\"https:\/\/originshape.com\/\"},{\"@type\":\"ListItem\",\"position\":2,\"name\":\"Store clothes\",\"item\":\"https:\/\/originshape.com\/store-2\/\"},{\"@type\":\"ListItem\",\"position\":3,\"name\":\"Original Peloton Bike\"}]},{\"@type\":\"WebSite\",\"@id\":\"https:\/\/originshape.com\/#website\",\"url\":\"https:\/\/originshape.com\/\",\"name\":\"Origin Shape\",\"description\":\"Nutrition and Fitness\",\"publisher\":{\"@id\":\"https:\/\/originshape.com\/#organization\"},\"potentialAction\":[{\"@type\":\"SearchAction\",\"target\":{\"@type\":\"EntryPoint\",\"urlTemplate\":\"https:\/\/originshape.com\/?s={search_term_string}\"},\"query-input\":{\"@type\":\"PropertyValueSpecification\",\"valueRequired\":true,\"valueName\":\"search_term_string\"}}],\"inLanguage\":\"es-DO\"},{\"@type\":\"Organization\",\"@id\":\"https:\/\/originshape.com\/#organization\",\"name\":\"Origin Shape\",\"url\":\"https:\/\/originshape.com\/\",\"logo\":{\"@type\":\"ImageObject\",\"inLanguage\":\"es-DO\",\"@id\":\"https:\/\/originshape.com\/#\/schema\/logo\/image\/\",\"url\":\"https:\/\/originshape.com\/wp-content\/uploads\/2022\/12\/39C56CFB-F744-41B1-9128-E6E7FF57EA6D.png\",\"contentUrl\":\"https:\/\/originshape.com\/wp-content\/uploads\/2022\/12\/39C56CFB-F744-41B1-9128-E6E7FF57EA6D.png\",\"width\":512,\"height\":512,\"caption\":\"Origin Shape\"},\"image\":{\"@id\":\"https:\/\/originshape.com\/#\/schema\/logo\/image\/\"}}]}<\/script>\n<!-- \/ Yoast SEO plugin. -->","yoast_head_json":{"title":"\u25b7Original Peloton Bike - Amazon - Origin Shape","description":"The best home bike \u2705 Peloton bike - Good Prices. Gym equipment. Best workout routines\ud83d\udeb2 Great for cardio. Spinning. Indoor cycling. Now more...","robots":{"index":"index","follow":"follow","max-snippet":"max-snippet:-1","max-image-preview":"max-image-preview:large","max-video-preview":"max-video-preview:-1"},"canonical":"https:\/\/originshape.com\/es\/product\/original-peloton-bike\/","og_locale":"es_ES","og_type":"article","og_title":"\u25b7Original Peloton Bike - Amazon - Origin Shape","og_description":"The best home bike \u2705 Peloton bike - Good Prices. Gym equipment. Best workout routines\ud83d\udeb2 Great for cardio. Spinning. Indoor cycling. Now more...","og_url":"https:\/\/originshape.com\/es\/product\/original-peloton-bike\/","og_site_name":"Origin Shape","article_modified_time":"2023-06-10T20:47:25+00:00","og_image":[{"width":1326,"height":1500,"url":"https:\/\/originshape.com\/wp-content\/uploads\/2022\/12\/Peloton-1.jpg","type":"image\/jpeg"}],"twitter_misc":{"Est. reading time":"3 minutos"},"schema":{"@context":"https:\/\/schema.org","@graph":[{"@type":"WebPage","@id":"https:\/\/originshape.com\/product\/original-peloton-bike\/","url":"https:\/\/originshape.com\/product\/original-peloton-bike\/","name":"\u25b7Original Peloton Bike - Amazon - Origin Shape","isPartOf":{"@id":"https:\/\/originshape.com\/#website"},"primaryImageOfPage":{"@id":"https:\/\/originshape.com\/product\/original-peloton-bike\/#primaryimage"},"image":{"@id":"https:\/\/originshape.com\/product\/original-peloton-bike\/#primaryimage"},"thumbnailUrl":"https:\/\/originshape.com\/wp-content\/uploads\/2022\/12\/Peloton-1.jpg","datePublished":"2022-12-07T13:38:41+00:00","dateModified":"2023-06-10T20:47:25+00:00","description":"The best home bike \u2705 Peloton bike - Good Prices. Gym equipment. Best workout routines\ud83d\udeb2 Great for cardio. Spinning. Indoor cycling. Now more...","breadcrumb":{"@id":"https:\/\/originshape.com\/product\/original-peloton-bike\/#breadcrumb"},"inLanguage":"es-DO","potentialAction":[{"@type":"ReadAction","target":["https:\/\/originshape.com\/product\/original-peloton-bike\/"]}]},{"@type":"ImageObject","inLanguage":"es-DO","@id":"https:\/\/originshape.com\/product\/original-peloton-bike\/#primaryimage","url":"https:\/\/originshape.com\/wp-content\/uploads\/2022\/12\/Peloton-1.jpg","contentUrl":"https:\/\/originshape.com\/wp-content\/uploads\/2022\/12\/Peloton-1.jpg","width":1326,"height":1500},{"@type":"BreadcrumbList","@id":"https:\/\/originshape.com\/product\/original-peloton-bike\/#breadcrumb","itemListElement":[{"@type":"ListItem","position":1,"name":"Home","item":"https:\/\/originshape.com\/"},{"@type":"ListItem","position":2,"name":"Store clothes","item":"https:\/\/originshape.com\/store-2\/"},{"@type":"ListItem","position":3,"name":"Original Peloton Bike"}]},{"@type":"WebSite","@id":"https:\/\/originshape.com\/#website","url":"https:\/\/originshape.com\/","name":"Origin Shape","description":"Nutrition and Fitness","publisher":{"@id":"https:\/\/originshape.com\/#organization"},"potentialAction":[{"@type":"SearchAction","target":{"@type":"EntryPoint","urlTemplate":"https:\/\/originshape.com\/?s={search_term_string}"},"query-input":{"@type":"PropertyValueSpecification","valueRequired":true,"valueName":"search_term_string"}}],"inLanguage":"es-DO"},{"@type":"Organization","@id":"https:\/\/originshape.com\/#organization","name":"Origin Shape","url":"https:\/\/originshape.com\/","logo":{"@type":"ImageObject","inLanguage":"es-DO","@id":"https:\/\/originshape.com\/#\/schema\/logo\/image\/","url":"https:\/\/originshape.com\/wp-content\/uploads\/2022\/12\/39C56CFB-F744-41B1-9128-E6E7FF57EA6D.png","contentUrl":"https:\/\/originshape.com\/wp-content\/uploads\/2022\/12\/39C56CFB-F744-41B1-9128-E6E7FF57EA6D.png","width":512,"height":512,"caption":"Origin Shape"},"image":{"@id":"https:\/\/originshape.com\/#\/schema\/logo\/image\/"}}]}},"jetpack_sharing_enabled":true,"_links":{"self":[{"href":"https:\/\/originshape.com\/es\/wp-json\/wp\/v2\/product\/4904","targetHints":{"allow":["GET"]}}],"collection":[{"href":"https:\/\/originshape.com\/es\/wp-json\/wp\/v2\/product"}],"about":[{"href":"https:\/\/originshape.com\/es\/wp-json\/wp\/v2\/types\/product"}],"replies":[{"embeddable":true,"href":"https:\/\/originshape.com\/es\/wp-json\/wp\/v2\/comments?post=4904"}],"wp:featuredmedia":[{"embeddable":true,"href":"https:\/\/originshape.com\/es\/wp-json\/wp\/v2\/media\/6240"}],"wp:attachment":[{"href":"https:\/\/originshape.com\/es\/wp-json\/wp\/v2\/media?parent=4904"}],"wp:term":[{"taxonomy":"product_brand","embeddable":true,"href":"https:\/\/originshape.com\/es\/wp-json\/wp\/v2\/product_brand?post=4904"},{"taxonomy":"product_cat","embeddable":true,"href":"https:\/\/originshape.com\/es\/wp-json\/wp\/v2\/product_cat?post=4904"},{"taxonomy":"product_tag","embeddable":true,"href":"https:\/\/originshape.com\/es\/wp-json\/wp\/v2\/product_tag?post=4904"}],"curies":[{"name":"wp","href":"https:\/\/api.w.org\/{rel}","templated":true}]}}