{"id":4908,"date":"2022-12-07T13:52:14","date_gmt":"2022-12-07T13:52:14","guid":{"rendered":"https:\/\/originshape.com\/?post_type=product&#038;p=4908"},"modified":"2023-06-10T19:19:26","modified_gmt":"2023-06-10T19:19:26","slug":"altas-strength-maquina-smith","status":"publish","type":"product","link":"https:\/\/originshape.com\/es\/product\/altas-strength-maquina-smith\/","title":{"rendered":"ALTAS STRENGTH M\u00e1quina Smith"},"content":{"rendered":"<p id=\"title\" class=\"a-size-large a-spacing-none\"><span id=\"productTitle\" class=\"a-size-large product-title-word-break\">Para gimnasio en casa con sistema de polea, estante para sentadillas, barra de dominadas, parte superior del cuerpo, entrenamiento de fuerza, desarrollador de piernas, equipo de fitness comercial, accesorios incluidos 3058<\/span><\/p>\n<h1 class=\"a-size-base-plus a-text-bold\">Sobre este art\u00edculo<\/h1>\n<ul class=\"a-unordered-list a-vertical a-spacing-mini\">\n<li><span class=\"a-list-item\">Equipo de entrenamiento de fuerza todo en uno: ALTAS STRENGTH 3058 combina un estante de potencia, entrenador funcional, m\u00e1quina Smith, estaci\u00f3n de inmersi\u00f3n, estaci\u00f3n de ment\u00f3n, entrenador de n\u00facleo, fila baja y prensa de piernas en una m\u00e1quina compacta multiestaci\u00f3n <\/span><\/li>\n<li><span class=\"a-list-item\">Dise\u00f1ado en Canad\u00e1 &#8211; Ideal para cuando: tu espacio de entrenamiento es limitado, quieres saltar el viaje al gimnasio, entrenar de forma privada y segura, acceso a un gimnasio comercial en casa, quieres una soluci\u00f3n completa todo en uno. <\/span><\/li>\n<li><span class=\"a-list-item\">Estante ol\u00edmpico de peso libre: participa en un intenso levantamiento de pesas o entrenamiento de fuerza directamente en la comodidad de tu hogar Incluye 6 clavijas de placa de peso integradas en el marco, lo que te permite organizar pesos\/barras en la m\u00e1quina para una f\u00e1cil accesibilidad. (Incluye 440.9\u00a0lbs de peso en la parte posterior, pero no incluye placa de peso) <\/span><\/li>\n<li><span class=\"a-list-item\">M\u00e1quina comercial para gimnasio en casa: este vers\u00e1til sistema de peso para gimnasio en casa est\u00e1 dise\u00f1ado con brazos de presi\u00f3n de doble acci\u00f3n. Los brazos de presi\u00f3n te permiten realizar una variedad de ejercicios de brazo y pecho para desarrollar tus b\u00edceps, tr\u00edceps, pectorales y otros grupos musculares. <\/span><\/li>\n<li><span class=\"a-list-item\">Entrenamientos para desarrolladores de piernas: con un desarrollador de piernas de doble funci\u00f3n, esta unidad viene con un punto de pivote que facilita la forma adecuada del cuerpo durante los entrenamientos, lo que permite el m\u00e1ximo efecto en grupos musculares espec\u00edficos.<\/span><\/li>\n<\/ul>","protected":false},"excerpt":{"rendered":"<p>Para gimnasio en casa con sistema de polea, estante para sentadillas, barra de dominadas, parte superior del cuerpo, entrenamiento de fuerza, desarrollador de piernas, equipo de fitness comercial, accesorios incluidos 3058 Sobre este art\u00edculo Equipo de entrenamiento de fuerza todo en uno: ALTAS STRENGTH 3058 combina un estante de potencia, entrenador funcional, m\u00e1quina Smith, estaci\u00f3n [&hellip;]<\/p>","protected":false},"featured_media":6246,"comment_status":"closed","ping_status":"closed","template":"","meta":[],"product_brand":[],"product_cat":[87,91],"product_tag":[],"class_list":{"0":"post-4908","1":"product","2":"type-product","3":"status-publish","4":"has-post-thumbnail","6":"product_cat-gym-equipments","7":"product_cat-jaulas","9":"first","10":"instock","11":"taxable","12":"shipping-taxable","13":"product-type-external"},"yoast_head":"<!-- This site is optimized with the Yoast SEO plugin v24.0 - https:\/\/yoast.com\/wordpress\/plugins\/seo\/ -->\n<title>ALTAS STRENGTH M\u00e1quina Smith - Origin Shape<\/title>\n<meta name=\"robots\" content=\"index, follow, max-snippet:-1, max-image-preview:large, max-video-preview:-1\" \/>\n<link rel=\"canonical\" href=\"https:\/\/originshape.com\/es\/product\/altas-strength-maquina-smith\/\" \/>\n<meta property=\"og:locale\" content=\"es_ES\" \/>\n<meta property=\"og:type\" content=\"article\" \/>\n<meta property=\"og:title\" content=\"ALTAS STRENGTH M\u00e1quina Smith - Origin Shape\" \/>\n<meta property=\"og:description\" content=\"Para gimnasio en casa con sistema de polea, estante para sentadillas, barra de dominadas, parte superior del cuerpo, entrenamiento de fuerza, desarrollador de piernas, equipo de fitness comercial, accesorios incluidos 3058 Sobre este art\u00edculo Equipo de entrenamiento de fuerza todo en uno: ALTAS STRENGTH 3058 combina un estante de potencia, entrenador funcional, m\u00e1quina Smith, estaci\u00f3n [&hellip;]\" \/>\n<meta property=\"og:url\" content=\"https:\/\/originshape.com\/es\/product\/altas-strength-maquina-smith\/\" \/>\n<meta property=\"og:site_name\" content=\"Origin Shape\" \/>\n<meta property=\"article:modified_time\" content=\"2023-06-10T19:19:26+00:00\" \/>\n<meta property=\"og:image\" content=\"https:\/\/originshape.com\/wp-content\/uploads\/2022\/12\/Smith-machine-1.jpg\" \/>\n\t<meta property=\"og:image:width\" content=\"1143\" \/>\n\t<meta property=\"og:image:height\" content=\"1363\" \/>\n\t<meta property=\"og:image:type\" content=\"image\/jpeg\" \/>\n<meta name=\"twitter:label1\" content=\"Est. reading time\" \/>\n\t<meta name=\"twitter:data1\" content=\"2 minutos\" \/>\n<script type=\"application\/ld+json\" class=\"yoast-schema-graph\">{\"@context\":\"https:\/\/schema.org\",\"@graph\":[{\"@type\":\"WebPage\",\"@id\":\"https:\/\/originshape.com\/product\/altas-strength-maquina-smith\/\",\"url\":\"https:\/\/originshape.com\/product\/altas-strength-maquina-smith\/\",\"name\":\"ALTAS STRENGTH M\u00e1quina Smith - Origin Shape\",\"isPartOf\":{\"@id\":\"https:\/\/originshape.com\/#website\"},\"primaryImageOfPage\":{\"@id\":\"https:\/\/originshape.com\/product\/altas-strength-maquina-smith\/#primaryimage\"},\"image\":{\"@id\":\"https:\/\/originshape.com\/product\/altas-strength-maquina-smith\/#primaryimage\"},\"thumbnailUrl\":\"https:\/\/originshape.com\/wp-content\/uploads\/2022\/12\/Smith-machine-1.jpg\",\"datePublished\":\"2022-12-07T13:52:14+00:00\",\"dateModified\":\"2023-06-10T19:19:26+00:00\",\"breadcrumb\":{\"@id\":\"https:\/\/originshape.com\/product\/altas-strength-maquina-smith\/#breadcrumb\"},\"inLanguage\":\"es-DO\",\"potentialAction\":[{\"@type\":\"ReadAction\",\"target\":[\"https:\/\/originshape.com\/product\/altas-strength-maquina-smith\/\"]}]},{\"@type\":\"ImageObject\",\"inLanguage\":\"es-DO\",\"@id\":\"https:\/\/originshape.com\/product\/altas-strength-maquina-smith\/#primaryimage\",\"url\":\"https:\/\/originshape.com\/wp-content\/uploads\/2022\/12\/Smith-machine-1.jpg\",\"contentUrl\":\"https:\/\/originshape.com\/wp-content\/uploads\/2022\/12\/Smith-machine-1.jpg\",\"width\":1143,\"height\":1363},{\"@type\":\"BreadcrumbList\",\"@id\":\"https:\/\/originshape.com\/product\/altas-strength-maquina-smith\/#breadcrumb\",\"itemListElement\":[{\"@type\":\"ListItem\",\"position\":1,\"name\":\"Home\",\"item\":\"https:\/\/originshape.com\/\"},{\"@type\":\"ListItem\",\"position\":2,\"name\":\"Store clothes\",\"item\":\"https:\/\/originshape.com\/store-2\/\"},{\"@type\":\"ListItem\",\"position\":3,\"name\":\"ALTAS STRENGTH M\u00e1quina Smith\"}]},{\"@type\":\"WebSite\",\"@id\":\"https:\/\/originshape.com\/#website\",\"url\":\"https:\/\/originshape.com\/\",\"name\":\"Origin Shape\",\"description\":\"Nutrition and Fitness\",\"publisher\":{\"@id\":\"https:\/\/originshape.com\/#organization\"},\"potentialAction\":[{\"@type\":\"SearchAction\",\"target\":{\"@type\":\"EntryPoint\",\"urlTemplate\":\"https:\/\/originshape.com\/?s={search_term_string}\"},\"query-input\":{\"@type\":\"PropertyValueSpecification\",\"valueRequired\":true,\"valueName\":\"search_term_string\"}}],\"inLanguage\":\"es-DO\"},{\"@type\":\"Organization\",\"@id\":\"https:\/\/originshape.com\/#organization\",\"name\":\"Origin Shape\",\"url\":\"https:\/\/originshape.com\/\",\"logo\":{\"@type\":\"ImageObject\",\"inLanguage\":\"es-DO\",\"@id\":\"https:\/\/originshape.com\/#\/schema\/logo\/image\/\",\"url\":\"https:\/\/originshape.com\/wp-content\/uploads\/2022\/12\/39C56CFB-F744-41B1-9128-E6E7FF57EA6D.png\",\"contentUrl\":\"https:\/\/originshape.com\/wp-content\/uploads\/2022\/12\/39C56CFB-F744-41B1-9128-E6E7FF57EA6D.png\",\"width\":512,\"height\":512,\"caption\":\"Origin Shape\"},\"image\":{\"@id\":\"https:\/\/originshape.com\/#\/schema\/logo\/image\/\"}}]}<\/script>\n<!-- \/ Yoast SEO plugin. -->","yoast_head_json":{"title":"ALTAS STRENGTH M\u00e1quina Smith - Origin Shape","robots":{"index":"index","follow":"follow","max-snippet":"max-snippet:-1","max-image-preview":"max-image-preview:large","max-video-preview":"max-video-preview:-1"},"canonical":"https:\/\/originshape.com\/es\/product\/altas-strength-maquina-smith\/","og_locale":"es_ES","og_type":"article","og_title":"ALTAS STRENGTH M\u00e1quina Smith - Origin Shape","og_description":"Para gimnasio en casa con sistema de polea, estante para sentadillas, barra de dominadas, parte superior del cuerpo, entrenamiento de fuerza, desarrollador de piernas, equipo de fitness comercial, accesorios incluidos 3058 Sobre este art\u00edculo Equipo de entrenamiento de fuerza todo en uno: ALTAS STRENGTH 3058 combina un estante de potencia, entrenador funcional, m\u00e1quina Smith, estaci\u00f3n [&hellip;]","og_url":"https:\/\/originshape.com\/es\/product\/altas-strength-maquina-smith\/","og_site_name":"Origin Shape","article_modified_time":"2023-06-10T19:19:26+00:00","og_image":[{"width":1143,"height":1363,"url":"https:\/\/originshape.com\/wp-content\/uploads\/2022\/12\/Smith-machine-1.jpg","type":"image\/jpeg"}],"twitter_misc":{"Est. reading time":"2 minutos"},"schema":{"@context":"https:\/\/schema.org","@graph":[{"@type":"WebPage","@id":"https:\/\/originshape.com\/product\/altas-strength-maquina-smith\/","url":"https:\/\/originshape.com\/product\/altas-strength-maquina-smith\/","name":"ALTAS STRENGTH M\u00e1quina Smith - Origin Shape","isPartOf":{"@id":"https:\/\/originshape.com\/#website"},"primaryImageOfPage":{"@id":"https:\/\/originshape.com\/product\/altas-strength-maquina-smith\/#primaryimage"},"image":{"@id":"https:\/\/originshape.com\/product\/altas-strength-maquina-smith\/#primaryimage"},"thumbnailUrl":"https:\/\/originshape.com\/wp-content\/uploads\/2022\/12\/Smith-machine-1.jpg","datePublished":"2022-12-07T13:52:14+00:00","dateModified":"2023-06-10T19:19:26+00:00","breadcrumb":{"@id":"https:\/\/originshape.com\/product\/altas-strength-maquina-smith\/#breadcrumb"},"inLanguage":"es-DO","potentialAction":[{"@type":"ReadAction","target":["https:\/\/originshape.com\/product\/altas-strength-maquina-smith\/"]}]},{"@type":"ImageObject","inLanguage":"es-DO","@id":"https:\/\/originshape.com\/product\/altas-strength-maquina-smith\/#primaryimage","url":"https:\/\/originshape.com\/wp-content\/uploads\/2022\/12\/Smith-machine-1.jpg","contentUrl":"https:\/\/originshape.com\/wp-content\/uploads\/2022\/12\/Smith-machine-1.jpg","width":1143,"height":1363},{"@type":"BreadcrumbList","@id":"https:\/\/originshape.com\/product\/altas-strength-maquina-smith\/#breadcrumb","itemListElement":[{"@type":"ListItem","position":1,"name":"Home","item":"https:\/\/originshape.com\/"},{"@type":"ListItem","position":2,"name":"Store clothes","item":"https:\/\/originshape.com\/store-2\/"},{"@type":"ListItem","position":3,"name":"ALTAS STRENGTH M\u00e1quina Smith"}]},{"@type":"WebSite","@id":"https:\/\/originshape.com\/#website","url":"https:\/\/originshape.com\/","name":"Origin Shape","description":"Nutrition and Fitness","publisher":{"@id":"https:\/\/originshape.com\/#organization"},"potentialAction":[{"@type":"SearchAction","target":{"@type":"EntryPoint","urlTemplate":"https:\/\/originshape.com\/?s={search_term_string}"},"query-input":{"@type":"PropertyValueSpecification","valueRequired":true,"valueName":"search_term_string"}}],"inLanguage":"es-DO"},{"@type":"Organization","@id":"https:\/\/originshape.com\/#organization","name":"Origin Shape","url":"https:\/\/originshape.com\/","logo":{"@type":"ImageObject","inLanguage":"es-DO","@id":"https:\/\/originshape.com\/#\/schema\/logo\/image\/","url":"https:\/\/originshape.com\/wp-content\/uploads\/2022\/12\/39C56CFB-F744-41B1-9128-E6E7FF57EA6D.png","contentUrl":"https:\/\/originshape.com\/wp-content\/uploads\/2022\/12\/39C56CFB-F744-41B1-9128-E6E7FF57EA6D.png","width":512,"height":512,"caption":"Origin Shape"},"image":{"@id":"https:\/\/originshape.com\/#\/schema\/logo\/image\/"}}]}},"jetpack_sharing_enabled":true,"_links":{"self":[{"href":"https:\/\/originshape.com\/es\/wp-json\/wp\/v2\/product\/4908","targetHints":{"allow":["GET"]}}],"collection":[{"href":"https:\/\/originshape.com\/es\/wp-json\/wp\/v2\/product"}],"about":[{"href":"https:\/\/originshape.com\/es\/wp-json\/wp\/v2\/types\/product"}],"replies":[{"embeddable":true,"href":"https:\/\/originshape.com\/es\/wp-json\/wp\/v2\/comments?post=4908"}],"wp:featuredmedia":[{"embeddable":true,"href":"https:\/\/originshape.com\/es\/wp-json\/wp\/v2\/media\/6246"}],"wp:attachment":[{"href":"https:\/\/originshape.com\/es\/wp-json\/wp\/v2\/media?parent=4908"}],"wp:term":[{"taxonomy":"product_brand","embeddable":true,"href":"https:\/\/originshape.com\/es\/wp-json\/wp\/v2\/product_brand?post=4908"},{"taxonomy":"product_cat","embeddable":true,"href":"https:\/\/originshape.com\/es\/wp-json\/wp\/v2\/product_cat?post=4908"},{"taxonomy":"product_tag","embeddable":true,"href":"https:\/\/originshape.com\/es\/wp-json\/wp\/v2\/product_tag?post=4908"}],"curies":[{"name":"wp","href":"https:\/\/api.w.org\/{rel}","templated":true}]}}