{"id":4919,"date":"2022-12-07T15:15:46","date_gmt":"2022-12-07T15:15:46","guid":{"rendered":"https:\/\/originshape.com\/?post_type=product&#038;p=4919"},"modified":"2023-06-10T20:10:20","modified_gmt":"2023-06-10T20:10:20","slug":"maquina-de-remo-interior-concept2-modelo-d-con-pm5","status":"publish","type":"product","link":"https:\/\/originshape.com\/es\/product\/maquina-de-remo-interior-concept2-modelo-d-con-pm5\/","title":{"rendered":"M\u00e1quina de remo interior Concept2 Modelo D con PM5"},"content":{"rendered":"<h1 class=\"a-size-base-plus a-text-bold\">Sobre este art\u00edculo<\/h1>\n<ul class=\"a-unordered-list a-vertical a-spacing-mini\">\n<li><span class=\"a-list-item\">El ejercicio es un interior de remo es un eficaz cuerpo, bajo impacto. El dise\u00f1o del volante minimiza el ruido al tiempo que maximiza un tacto suave <\/span><\/li>\n<li><span class=\"a-list-item\">Incluye monitor de rendimiento 5, que te da datos precisos, comparables para todos los registros de datos; ajustable brazo para monitor <\/span><\/li>\n<li><span class=\"a-list-item\">Altura del asiento 14 pulgadas, cadena niquelada, reposapi\u00e9s ajustable y mango ergon\u00f3mico <\/span><\/li>\n<li><span class=\"a-list-item\">F\u00e1cilmente se separa en 2\u00a0piezas para almacenamiento; ruedas lo hacen m\u00f3vil <\/span><\/li>\n<li><span class=\"a-list-item\">Requiere espacio de 9\u00a0x 4 ft; Capacidad de 500 libras<\/span><\/li>\n<\/ul>","protected":false},"excerpt":{"rendered":"<p>Sobre este art\u00edculo El ejercicio es un interior de remo es un eficaz cuerpo, bajo impacto. El dise\u00f1o del volante minimiza el ruido al tiempo que maximiza un tacto suave Incluye monitor de rendimiento 5, que te da datos precisos, comparables para todos los registros de datos; ajustable brazo para monitor Altura del asiento 14 [&hellip;]<\/p>","protected":false},"featured_media":4920,"comment_status":"closed","ping_status":"closed","template":"","meta":[],"product_brand":[],"product_cat":[90,87],"product_tag":[],"class_list":{"0":"post-4919","1":"product","2":"type-product","3":"status-publish","4":"has-post-thumbnail","6":"product_cat-cardio","7":"product_cat-gym-equipments","9":"first","10":"instock","11":"taxable","12":"shipping-taxable","13":"product-type-external"},"yoast_head":"<!-- This site is optimized with the Yoast SEO plugin v24.0 - https:\/\/yoast.com\/wordpress\/plugins\/seo\/ -->\n<title>M\u00e1quina de remo interior Concept2 Modelo D con PM5 - Origin Shape<\/title>\n<meta name=\"robots\" content=\"index, follow, max-snippet:-1, max-image-preview:large, max-video-preview:-1\" \/>\n<link rel=\"canonical\" href=\"https:\/\/originshape.com\/es\/product\/maquina-de-remo-interior-concept2-modelo-d-con-pm5\/\" \/>\n<meta property=\"og:locale\" content=\"es_ES\" \/>\n<meta property=\"og:type\" content=\"article\" \/>\n<meta property=\"og:title\" content=\"M\u00e1quina de remo interior Concept2 Modelo D con PM5 - Origin Shape\" \/>\n<meta property=\"og:description\" content=\"Sobre este art\u00edculo El ejercicio es un interior de remo es un eficaz cuerpo, bajo impacto. El dise\u00f1o del volante minimiza el ruido al tiempo que maximiza un tacto suave Incluye monitor de rendimiento 5, que te da datos precisos, comparables para todos los registros de datos; ajustable brazo para monitor Altura del asiento 14 [&hellip;]\" \/>\n<meta property=\"og:url\" content=\"https:\/\/originshape.com\/es\/product\/maquina-de-remo-interior-concept2-modelo-d-con-pm5\/\" \/>\n<meta property=\"og:site_name\" content=\"Origin Shape\" \/>\n<meta property=\"article:modified_time\" content=\"2023-06-10T20:10:20+00:00\" \/>\n<meta property=\"og:image\" content=\"https:\/\/originshape.com\/wp-content\/uploads\/2022\/12\/ROWER.jpg\" \/>\n\t<meta property=\"og:image:width\" content=\"925\" \/>\n\t<meta property=\"og:image:height\" content=\"539\" \/>\n\t<meta property=\"og:image:type\" content=\"image\/jpeg\" \/>\n<meta name=\"twitter:label1\" content=\"Est. reading time\" \/>\n\t<meta name=\"twitter:data1\" content=\"1 minuto\" \/>\n<script type=\"application\/ld+json\" class=\"yoast-schema-graph\">{\"@context\":\"https:\/\/schema.org\",\"@graph\":[{\"@type\":\"WebPage\",\"@id\":\"https:\/\/originshape.com\/product\/maquina-de-remo-interior-concept2-modelo-d-con-pm5\/\",\"url\":\"https:\/\/originshape.com\/product\/maquina-de-remo-interior-concept2-modelo-d-con-pm5\/\",\"name\":\"M\u00e1quina de remo interior Concept2 Modelo D con PM5 - Origin Shape\",\"isPartOf\":{\"@id\":\"https:\/\/originshape.com\/#website\"},\"primaryImageOfPage\":{\"@id\":\"https:\/\/originshape.com\/product\/maquina-de-remo-interior-concept2-modelo-d-con-pm5\/#primaryimage\"},\"image\":{\"@id\":\"https:\/\/originshape.com\/product\/maquina-de-remo-interior-concept2-modelo-d-con-pm5\/#primaryimage\"},\"thumbnailUrl\":\"https:\/\/originshape.com\/wp-content\/uploads\/2022\/12\/ROWER.jpg\",\"datePublished\":\"2022-12-07T15:15:46+00:00\",\"dateModified\":\"2023-06-10T20:10:20+00:00\",\"breadcrumb\":{\"@id\":\"https:\/\/originshape.com\/product\/maquina-de-remo-interior-concept2-modelo-d-con-pm5\/#breadcrumb\"},\"inLanguage\":\"es-DO\",\"potentialAction\":[{\"@type\":\"ReadAction\",\"target\":[\"https:\/\/originshape.com\/product\/maquina-de-remo-interior-concept2-modelo-d-con-pm5\/\"]}]},{\"@type\":\"ImageObject\",\"inLanguage\":\"es-DO\",\"@id\":\"https:\/\/originshape.com\/product\/maquina-de-remo-interior-concept2-modelo-d-con-pm5\/#primaryimage\",\"url\":\"https:\/\/originshape.com\/wp-content\/uploads\/2022\/12\/ROWER.jpg\",\"contentUrl\":\"https:\/\/originshape.com\/wp-content\/uploads\/2022\/12\/ROWER.jpg\",\"width\":925,\"height\":539},{\"@type\":\"BreadcrumbList\",\"@id\":\"https:\/\/originshape.com\/product\/maquina-de-remo-interior-concept2-modelo-d-con-pm5\/#breadcrumb\",\"itemListElement\":[{\"@type\":\"ListItem\",\"position\":1,\"name\":\"Home\",\"item\":\"https:\/\/originshape.com\/\"},{\"@type\":\"ListItem\",\"position\":2,\"name\":\"Store clothes\",\"item\":\"https:\/\/originshape.com\/store-2\/\"},{\"@type\":\"ListItem\",\"position\":3,\"name\":\"M\u00e1quina de remo interior Concept2 Modelo D con PM5\"}]},{\"@type\":\"WebSite\",\"@id\":\"https:\/\/originshape.com\/#website\",\"url\":\"https:\/\/originshape.com\/\",\"name\":\"Origin Shape\",\"description\":\"Nutrition and Fitness\",\"publisher\":{\"@id\":\"https:\/\/originshape.com\/#organization\"},\"potentialAction\":[{\"@type\":\"SearchAction\",\"target\":{\"@type\":\"EntryPoint\",\"urlTemplate\":\"https:\/\/originshape.com\/?s={search_term_string}\"},\"query-input\":{\"@type\":\"PropertyValueSpecification\",\"valueRequired\":true,\"valueName\":\"search_term_string\"}}],\"inLanguage\":\"es-DO\"},{\"@type\":\"Organization\",\"@id\":\"https:\/\/originshape.com\/#organization\",\"name\":\"Origin Shape\",\"url\":\"https:\/\/originshape.com\/\",\"logo\":{\"@type\":\"ImageObject\",\"inLanguage\":\"es-DO\",\"@id\":\"https:\/\/originshape.com\/#\/schema\/logo\/image\/\",\"url\":\"https:\/\/originshape.com\/wp-content\/uploads\/2022\/12\/39C56CFB-F744-41B1-9128-E6E7FF57EA6D.png\",\"contentUrl\":\"https:\/\/originshape.com\/wp-content\/uploads\/2022\/12\/39C56CFB-F744-41B1-9128-E6E7FF57EA6D.png\",\"width\":512,\"height\":512,\"caption\":\"Origin Shape\"},\"image\":{\"@id\":\"https:\/\/originshape.com\/#\/schema\/logo\/image\/\"}}]}<\/script>\n<!-- \/ Yoast SEO plugin. -->","yoast_head_json":{"title":"M\u00e1quina de remo interior Concept2 Modelo D con PM5 - Origin Shape","robots":{"index":"index","follow":"follow","max-snippet":"max-snippet:-1","max-image-preview":"max-image-preview:large","max-video-preview":"max-video-preview:-1"},"canonical":"https:\/\/originshape.com\/es\/product\/maquina-de-remo-interior-concept2-modelo-d-con-pm5\/","og_locale":"es_ES","og_type":"article","og_title":"M\u00e1quina de remo interior Concept2 Modelo D con PM5 - Origin Shape","og_description":"Sobre este art\u00edculo El ejercicio es un interior de remo es un eficaz cuerpo, bajo impacto. El dise\u00f1o del volante minimiza el ruido al tiempo que maximiza un tacto suave Incluye monitor de rendimiento 5, que te da datos precisos, comparables para todos los registros de datos; ajustable brazo para monitor Altura del asiento 14 [&hellip;]","og_url":"https:\/\/originshape.com\/es\/product\/maquina-de-remo-interior-concept2-modelo-d-con-pm5\/","og_site_name":"Origin Shape","article_modified_time":"2023-06-10T20:10:20+00:00","og_image":[{"width":925,"height":539,"url":"https:\/\/originshape.com\/wp-content\/uploads\/2022\/12\/ROWER.jpg","type":"image\/jpeg"}],"twitter_misc":{"Est. reading time":"1 minuto"},"schema":{"@context":"https:\/\/schema.org","@graph":[{"@type":"WebPage","@id":"https:\/\/originshape.com\/product\/maquina-de-remo-interior-concept2-modelo-d-con-pm5\/","url":"https:\/\/originshape.com\/product\/maquina-de-remo-interior-concept2-modelo-d-con-pm5\/","name":"M\u00e1quina de remo interior Concept2 Modelo D con PM5 - Origin Shape","isPartOf":{"@id":"https:\/\/originshape.com\/#website"},"primaryImageOfPage":{"@id":"https:\/\/originshape.com\/product\/maquina-de-remo-interior-concept2-modelo-d-con-pm5\/#primaryimage"},"image":{"@id":"https:\/\/originshape.com\/product\/maquina-de-remo-interior-concept2-modelo-d-con-pm5\/#primaryimage"},"thumbnailUrl":"https:\/\/originshape.com\/wp-content\/uploads\/2022\/12\/ROWER.jpg","datePublished":"2022-12-07T15:15:46+00:00","dateModified":"2023-06-10T20:10:20+00:00","breadcrumb":{"@id":"https:\/\/originshape.com\/product\/maquina-de-remo-interior-concept2-modelo-d-con-pm5\/#breadcrumb"},"inLanguage":"es-DO","potentialAction":[{"@type":"ReadAction","target":["https:\/\/originshape.com\/product\/maquina-de-remo-interior-concept2-modelo-d-con-pm5\/"]}]},{"@type":"ImageObject","inLanguage":"es-DO","@id":"https:\/\/originshape.com\/product\/maquina-de-remo-interior-concept2-modelo-d-con-pm5\/#primaryimage","url":"https:\/\/originshape.com\/wp-content\/uploads\/2022\/12\/ROWER.jpg","contentUrl":"https:\/\/originshape.com\/wp-content\/uploads\/2022\/12\/ROWER.jpg","width":925,"height":539},{"@type":"BreadcrumbList","@id":"https:\/\/originshape.com\/product\/maquina-de-remo-interior-concept2-modelo-d-con-pm5\/#breadcrumb","itemListElement":[{"@type":"ListItem","position":1,"name":"Home","item":"https:\/\/originshape.com\/"},{"@type":"ListItem","position":2,"name":"Store clothes","item":"https:\/\/originshape.com\/store-2\/"},{"@type":"ListItem","position":3,"name":"M\u00e1quina de remo interior Concept2 Modelo D con PM5"}]},{"@type":"WebSite","@id":"https:\/\/originshape.com\/#website","url":"https:\/\/originshape.com\/","name":"Origin Shape","description":"Nutrition and Fitness","publisher":{"@id":"https:\/\/originshape.com\/#organization"},"potentialAction":[{"@type":"SearchAction","target":{"@type":"EntryPoint","urlTemplate":"https:\/\/originshape.com\/?s={search_term_string}"},"query-input":{"@type":"PropertyValueSpecification","valueRequired":true,"valueName":"search_term_string"}}],"inLanguage":"es-DO"},{"@type":"Organization","@id":"https:\/\/originshape.com\/#organization","name":"Origin Shape","url":"https:\/\/originshape.com\/","logo":{"@type":"ImageObject","inLanguage":"es-DO","@id":"https:\/\/originshape.com\/#\/schema\/logo\/image\/","url":"https:\/\/originshape.com\/wp-content\/uploads\/2022\/12\/39C56CFB-F744-41B1-9128-E6E7FF57EA6D.png","contentUrl":"https:\/\/originshape.com\/wp-content\/uploads\/2022\/12\/39C56CFB-F744-41B1-9128-E6E7FF57EA6D.png","width":512,"height":512,"caption":"Origin Shape"},"image":{"@id":"https:\/\/originshape.com\/#\/schema\/logo\/image\/"}}]}},"jetpack_sharing_enabled":true,"_links":{"self":[{"href":"https:\/\/originshape.com\/es\/wp-json\/wp\/v2\/product\/4919","targetHints":{"allow":["GET"]}}],"collection":[{"href":"https:\/\/originshape.com\/es\/wp-json\/wp\/v2\/product"}],"about":[{"href":"https:\/\/originshape.com\/es\/wp-json\/wp\/v2\/types\/product"}],"replies":[{"embeddable":true,"href":"https:\/\/originshape.com\/es\/wp-json\/wp\/v2\/comments?post=4919"}],"wp:featuredmedia":[{"embeddable":true,"href":"https:\/\/originshape.com\/es\/wp-json\/wp\/v2\/media\/4920"}],"wp:attachment":[{"href":"https:\/\/originshape.com\/es\/wp-json\/wp\/v2\/media?parent=4919"}],"wp:term":[{"taxonomy":"product_brand","embeddable":true,"href":"https:\/\/originshape.com\/es\/wp-json\/wp\/v2\/product_brand?post=4919"},{"taxonomy":"product_cat","embeddable":true,"href":"https:\/\/originshape.com\/es\/wp-json\/wp\/v2\/product_cat?post=4919"},{"taxonomy":"product_tag","embeddable":true,"href":"https:\/\/originshape.com\/es\/wp-json\/wp\/v2\/product_tag?post=4919"}],"curies":[{"name":"wp","href":"https:\/\/api.w.org\/{rel}","templated":true}]}}