{"id":5085,"date":"2022-12-19T19:40:04","date_gmt":"2022-12-19T19:40:04","guid":{"rendered":"https:\/\/originshape.com\/?post_type=product&#038;p=5085"},"modified":"2023-06-10T19:54:50","modified_gmt":"2023-06-10T19:54:50","slug":"glant-barra-de-gimnasia-para-ninos-ninas-y-jovenes","status":"publish","type":"product","link":"https:\/\/originshape.com\/es\/product\/glant-barra-de-gimnasia-para-ninos-ninas-y-jovenes\/","title":{"rendered":"GLANT Barra de gimnasia para ni\u00f1os, ni\u00f1as y j\u00f3venes"},"content":{"rendered":"<h3 id=\"title\" class=\"a-size-large a-spacing-none\"><span id=\"productTitle\" class=\"a-size-large product-title-word-break\">Altura ajustable de 3 a 5 pies, equipo de gimnasio en casa, ideal para entrenamiento en interiores y en casa, 1 a 4 niveles, capacidad de peso de 300 libras<\/span><\/h3>\n<h1>Sobre este articulo<\/h1>\n<ul class=\"a-unordered-list a-vertical a-spacing-mini\">\n<li><span class=\"a-list-item\">Seguridad y durabilidad: las barras horizontales cuentan con 2 barras transversales inferiores, 2 barras transversales cortas, una base de 6 puntos y tapas de goma que ofrecen seguridad y estabilidad. La barra de entrenamiento de gimnasia cuenta con material de resina de alta calidad y construcci\u00f3n de acero s\u00f3lido acabado en recubrimiento en polvo para un rendimiento anticorrosi\u00f3n superior y una larga durabilidad. (300 libras. capacidad de carga) <\/span><\/li>\n<li><span class=\"a-list-item\">Entrenamiento profesional de gimnasia: cuando comienzas a entrenar, la base grande y las tapas de goma antideslizantes proporcionan una mejor seguridad y los rieles de resina proporcionan una sensaci\u00f3n c\u00f3moda. El entrenamiento en la barra horizontal no solo puede mejorar el equilibrio de tus hijos, sino que tambi\u00e9n hace que el cuerpo se estire bien y se vuelva m\u00e1s flexible. Ideal para gimnastas de nivel 1-4 y menos de 140 libras, puedes estar seguro de que tus futuros acr\u00f3bates entrenar\u00e1n de forma segura. <\/span><\/li>\n<li><span class=\"a-list-item\">Altura ajustable: la barra de gimnasia se puede ajustar f\u00e1cilmente hacia arriba o hacia abajo en altura, de 37.5 a 55.5 pulgadas con 11 niveles, es perfecta para j\u00f3venes gimnastas y usuarios de cualquier edad y altura, ya que se puede ajustar a su altura a medida que crecen, la estructura de bloqueo fuerte protege a tus hijos para una seguridad al 100%, deja que el entrenamiento de gimnasia sea m\u00e1s perfecto <\/span><\/li>\n<li><span class=\"a-list-item\">F\u00e1cil de montar: nuestro equipo de gimnasia de grado profesional es muy f\u00e1cil de montar y operar, dise\u00f1ado intuitivamente, las instrucciones son f\u00e1ciles de entender, puedes configurarlo en minutos independientemente de si quieres usarlo en casa o en la arena de gimnasia, siendo capaz de hacer ejercicio o mejorar la capacidad en su comodidad de su hogar en cualquier momento <\/span><\/li>\n<li><span class=\"a-list-item\">Regalo sorprendente para tus hijos: esta barra de entrenamiento puede soportar columpios de ni\u00f1os, cuerda de escalada y escalera, es el mejor regalo para ni\u00f1os en cumplea\u00f1os de ni\u00f1os\/adolescentes\/j\u00f3venes, Halloween, d\u00eda de Acci\u00f3n de Gracias, Navidad, etc<\/span><\/li>\n<\/ul>","protected":false},"excerpt":{"rendered":"<p>Altura ajustable de 3 a 5 pies, equipo de gimnasio en casa, ideal para entrenamiento en interiores y en casa, 1 a 4 niveles, capacidad de peso de 300 libras Sobre este articulo Seguridad y durabilidad: las barras horizontales cuentan con 2 barras transversales inferiores, 2 barras transversales cortas, una base de 6 puntos y [&hellip;]<\/p>","protected":false},"featured_media":5086,"comment_status":"closed","ping_status":"closed","template":"","meta":[],"product_brand":[],"product_cat":[88,87,91],"product_tag":[],"class_list":{"0":"post-5085","1":"product","2":"type-product","3":"status-publish","4":"has-post-thumbnail","6":"product_cat-accesorios-amaz","7":"product_cat-gym-equipments","8":"product_cat-jaulas","10":"first","11":"instock","12":"taxable","13":"shipping-taxable","14":"product-type-external"},"yoast_head":"<!-- This site is optimized with the Yoast SEO plugin v24.0 - https:\/\/yoast.com\/wordpress\/plugins\/seo\/ -->\n<title>GLANT Barra de gimnasia para ni\u00f1os, ni\u00f1as y j\u00f3venes - Origin Shape<\/title>\n<meta name=\"robots\" content=\"index, follow, max-snippet:-1, max-image-preview:large, max-video-preview:-1\" \/>\n<link rel=\"canonical\" href=\"https:\/\/originshape.com\/es\/product\/glant-barra-de-gimnasia-para-ninos-ninas-y-jovenes\/\" \/>\n<meta property=\"og:locale\" content=\"es_ES\" \/>\n<meta property=\"og:type\" content=\"article\" \/>\n<meta property=\"og:title\" content=\"GLANT Barra de gimnasia para ni\u00f1os, ni\u00f1as y j\u00f3venes - Origin Shape\" \/>\n<meta property=\"og:description\" content=\"Altura ajustable de 3 a 5 pies, equipo de gimnasio en casa, ideal para entrenamiento en interiores y en casa, 1 a 4 niveles, capacidad de peso de 300 libras Sobre este articulo Seguridad y durabilidad: las barras horizontales cuentan con 2 barras transversales inferiores, 2 barras transversales cortas, una base de 6 puntos y [&hellip;]\" \/>\n<meta property=\"og:url\" content=\"https:\/\/originshape.com\/es\/product\/glant-barra-de-gimnasia-para-ninos-ninas-y-jovenes\/\" \/>\n<meta property=\"og:site_name\" content=\"Origin Shape\" \/>\n<meta property=\"article:modified_time\" content=\"2023-06-10T19:54:50+00:00\" \/>\n<meta property=\"og:image\" content=\"https:\/\/originshape.com\/wp-content\/uploads\/2022\/12\/barra-de-gimnasia.jpg\" \/>\n\t<meta property=\"og:image:width\" content=\"950\" \/>\n\t<meta property=\"og:image:height\" content=\"948\" \/>\n\t<meta property=\"og:image:type\" content=\"image\/jpeg\" \/>\n<meta name=\"twitter:label1\" content=\"Est. reading time\" \/>\n\t<meta name=\"twitter:data1\" content=\"2 minutos\" \/>\n<script type=\"application\/ld+json\" class=\"yoast-schema-graph\">{\"@context\":\"https:\/\/schema.org\",\"@graph\":[{\"@type\":\"WebPage\",\"@id\":\"https:\/\/originshape.com\/product\/glant-barra-de-gimnasia-para-ninos-ninas-y-jovenes\/\",\"url\":\"https:\/\/originshape.com\/product\/glant-barra-de-gimnasia-para-ninos-ninas-y-jovenes\/\",\"name\":\"GLANT Barra de gimnasia para ni\u00f1os, ni\u00f1as y j\u00f3venes - Origin Shape\",\"isPartOf\":{\"@id\":\"https:\/\/originshape.com\/#website\"},\"primaryImageOfPage\":{\"@id\":\"https:\/\/originshape.com\/product\/glant-barra-de-gimnasia-para-ninos-ninas-y-jovenes\/#primaryimage\"},\"image\":{\"@id\":\"https:\/\/originshape.com\/product\/glant-barra-de-gimnasia-para-ninos-ninas-y-jovenes\/#primaryimage\"},\"thumbnailUrl\":\"https:\/\/originshape.com\/wp-content\/uploads\/2022\/12\/barra-de-gimnasia.jpg\",\"datePublished\":\"2022-12-19T19:40:04+00:00\",\"dateModified\":\"2023-06-10T19:54:50+00:00\",\"breadcrumb\":{\"@id\":\"https:\/\/originshape.com\/product\/glant-barra-de-gimnasia-para-ninos-ninas-y-jovenes\/#breadcrumb\"},\"inLanguage\":\"es-DO\",\"potentialAction\":[{\"@type\":\"ReadAction\",\"target\":[\"https:\/\/originshape.com\/product\/glant-barra-de-gimnasia-para-ninos-ninas-y-jovenes\/\"]}]},{\"@type\":\"ImageObject\",\"inLanguage\":\"es-DO\",\"@id\":\"https:\/\/originshape.com\/product\/glant-barra-de-gimnasia-para-ninos-ninas-y-jovenes\/#primaryimage\",\"url\":\"https:\/\/originshape.com\/wp-content\/uploads\/2022\/12\/barra-de-gimnasia.jpg\",\"contentUrl\":\"https:\/\/originshape.com\/wp-content\/uploads\/2022\/12\/barra-de-gimnasia.jpg\",\"width\":950,\"height\":948},{\"@type\":\"BreadcrumbList\",\"@id\":\"https:\/\/originshape.com\/product\/glant-barra-de-gimnasia-para-ninos-ninas-y-jovenes\/#breadcrumb\",\"itemListElement\":[{\"@type\":\"ListItem\",\"position\":1,\"name\":\"Home\",\"item\":\"https:\/\/originshape.com\/\"},{\"@type\":\"ListItem\",\"position\":2,\"name\":\"Store clothes\",\"item\":\"https:\/\/originshape.com\/store-2\/\"},{\"@type\":\"ListItem\",\"position\":3,\"name\":\"GLANT Barra de gimnasia para ni\u00f1os, ni\u00f1as y j\u00f3venes\"}]},{\"@type\":\"WebSite\",\"@id\":\"https:\/\/originshape.com\/#website\",\"url\":\"https:\/\/originshape.com\/\",\"name\":\"Origin Shape\",\"description\":\"Nutrition and Fitness\",\"publisher\":{\"@id\":\"https:\/\/originshape.com\/#organization\"},\"potentialAction\":[{\"@type\":\"SearchAction\",\"target\":{\"@type\":\"EntryPoint\",\"urlTemplate\":\"https:\/\/originshape.com\/?s={search_term_string}\"},\"query-input\":{\"@type\":\"PropertyValueSpecification\",\"valueRequired\":true,\"valueName\":\"search_term_string\"}}],\"inLanguage\":\"es-DO\"},{\"@type\":\"Organization\",\"@id\":\"https:\/\/originshape.com\/#organization\",\"name\":\"Origin Shape\",\"url\":\"https:\/\/originshape.com\/\",\"logo\":{\"@type\":\"ImageObject\",\"inLanguage\":\"es-DO\",\"@id\":\"https:\/\/originshape.com\/#\/schema\/logo\/image\/\",\"url\":\"https:\/\/originshape.com\/wp-content\/uploads\/2022\/12\/39C56CFB-F744-41B1-9128-E6E7FF57EA6D.png\",\"contentUrl\":\"https:\/\/originshape.com\/wp-content\/uploads\/2022\/12\/39C56CFB-F744-41B1-9128-E6E7FF57EA6D.png\",\"width\":512,\"height\":512,\"caption\":\"Origin Shape\"},\"image\":{\"@id\":\"https:\/\/originshape.com\/#\/schema\/logo\/image\/\"}}]}<\/script>\n<!-- \/ Yoast SEO plugin. -->","yoast_head_json":{"title":"GLANT Barra de gimnasia para ni\u00f1os, ni\u00f1as y j\u00f3venes - Origin Shape","robots":{"index":"index","follow":"follow","max-snippet":"max-snippet:-1","max-image-preview":"max-image-preview:large","max-video-preview":"max-video-preview:-1"},"canonical":"https:\/\/originshape.com\/es\/product\/glant-barra-de-gimnasia-para-ninos-ninas-y-jovenes\/","og_locale":"es_ES","og_type":"article","og_title":"GLANT Barra de gimnasia para ni\u00f1os, ni\u00f1as y j\u00f3venes - Origin Shape","og_description":"Altura ajustable de 3 a 5 pies, equipo de gimnasio en casa, ideal para entrenamiento en interiores y en casa, 1 a 4 niveles, capacidad de peso de 300 libras Sobre este articulo Seguridad y durabilidad: las barras horizontales cuentan con 2 barras transversales inferiores, 2 barras transversales cortas, una base de 6 puntos y [&hellip;]","og_url":"https:\/\/originshape.com\/es\/product\/glant-barra-de-gimnasia-para-ninos-ninas-y-jovenes\/","og_site_name":"Origin Shape","article_modified_time":"2023-06-10T19:54:50+00:00","og_image":[{"width":950,"height":948,"url":"https:\/\/originshape.com\/wp-content\/uploads\/2022\/12\/barra-de-gimnasia.jpg","type":"image\/jpeg"}],"twitter_misc":{"Est. reading time":"2 minutos"},"schema":{"@context":"https:\/\/schema.org","@graph":[{"@type":"WebPage","@id":"https:\/\/originshape.com\/product\/glant-barra-de-gimnasia-para-ninos-ninas-y-jovenes\/","url":"https:\/\/originshape.com\/product\/glant-barra-de-gimnasia-para-ninos-ninas-y-jovenes\/","name":"GLANT Barra de gimnasia para ni\u00f1os, ni\u00f1as y j\u00f3venes - Origin Shape","isPartOf":{"@id":"https:\/\/originshape.com\/#website"},"primaryImageOfPage":{"@id":"https:\/\/originshape.com\/product\/glant-barra-de-gimnasia-para-ninos-ninas-y-jovenes\/#primaryimage"},"image":{"@id":"https:\/\/originshape.com\/product\/glant-barra-de-gimnasia-para-ninos-ninas-y-jovenes\/#primaryimage"},"thumbnailUrl":"https:\/\/originshape.com\/wp-content\/uploads\/2022\/12\/barra-de-gimnasia.jpg","datePublished":"2022-12-19T19:40:04+00:00","dateModified":"2023-06-10T19:54:50+00:00","breadcrumb":{"@id":"https:\/\/originshape.com\/product\/glant-barra-de-gimnasia-para-ninos-ninas-y-jovenes\/#breadcrumb"},"inLanguage":"es-DO","potentialAction":[{"@type":"ReadAction","target":["https:\/\/originshape.com\/product\/glant-barra-de-gimnasia-para-ninos-ninas-y-jovenes\/"]}]},{"@type":"ImageObject","inLanguage":"es-DO","@id":"https:\/\/originshape.com\/product\/glant-barra-de-gimnasia-para-ninos-ninas-y-jovenes\/#primaryimage","url":"https:\/\/originshape.com\/wp-content\/uploads\/2022\/12\/barra-de-gimnasia.jpg","contentUrl":"https:\/\/originshape.com\/wp-content\/uploads\/2022\/12\/barra-de-gimnasia.jpg","width":950,"height":948},{"@type":"BreadcrumbList","@id":"https:\/\/originshape.com\/product\/glant-barra-de-gimnasia-para-ninos-ninas-y-jovenes\/#breadcrumb","itemListElement":[{"@type":"ListItem","position":1,"name":"Home","item":"https:\/\/originshape.com\/"},{"@type":"ListItem","position":2,"name":"Store clothes","item":"https:\/\/originshape.com\/store-2\/"},{"@type":"ListItem","position":3,"name":"GLANT Barra de gimnasia para ni\u00f1os, ni\u00f1as y j\u00f3venes"}]},{"@type":"WebSite","@id":"https:\/\/originshape.com\/#website","url":"https:\/\/originshape.com\/","name":"Origin Shape","description":"Nutrition and Fitness","publisher":{"@id":"https:\/\/originshape.com\/#organization"},"potentialAction":[{"@type":"SearchAction","target":{"@type":"EntryPoint","urlTemplate":"https:\/\/originshape.com\/?s={search_term_string}"},"query-input":{"@type":"PropertyValueSpecification","valueRequired":true,"valueName":"search_term_string"}}],"inLanguage":"es-DO"},{"@type":"Organization","@id":"https:\/\/originshape.com\/#organization","name":"Origin Shape","url":"https:\/\/originshape.com\/","logo":{"@type":"ImageObject","inLanguage":"es-DO","@id":"https:\/\/originshape.com\/#\/schema\/logo\/image\/","url":"https:\/\/originshape.com\/wp-content\/uploads\/2022\/12\/39C56CFB-F744-41B1-9128-E6E7FF57EA6D.png","contentUrl":"https:\/\/originshape.com\/wp-content\/uploads\/2022\/12\/39C56CFB-F744-41B1-9128-E6E7FF57EA6D.png","width":512,"height":512,"caption":"Origin Shape"},"image":{"@id":"https:\/\/originshape.com\/#\/schema\/logo\/image\/"}}]}},"jetpack_sharing_enabled":true,"_links":{"self":[{"href":"https:\/\/originshape.com\/es\/wp-json\/wp\/v2\/product\/5085","targetHints":{"allow":["GET"]}}],"collection":[{"href":"https:\/\/originshape.com\/es\/wp-json\/wp\/v2\/product"}],"about":[{"href":"https:\/\/originshape.com\/es\/wp-json\/wp\/v2\/types\/product"}],"replies":[{"embeddable":true,"href":"https:\/\/originshape.com\/es\/wp-json\/wp\/v2\/comments?post=5085"}],"wp:featuredmedia":[{"embeddable":true,"href":"https:\/\/originshape.com\/es\/wp-json\/wp\/v2\/media\/5086"}],"wp:attachment":[{"href":"https:\/\/originshape.com\/es\/wp-json\/wp\/v2\/media?parent=5085"}],"wp:term":[{"taxonomy":"product_brand","embeddable":true,"href":"https:\/\/originshape.com\/es\/wp-json\/wp\/v2\/product_brand?post=5085"},{"taxonomy":"product_cat","embeddable":true,"href":"https:\/\/originshape.com\/es\/wp-json\/wp\/v2\/product_cat?post=5085"},{"taxonomy":"product_tag","embeddable":true,"href":"https:\/\/originshape.com\/es\/wp-json\/wp\/v2\/product_tag?post=5085"}],"curies":[{"name":"wp","href":"https:\/\/api.w.org\/{rel}","templated":true}]}}