{"id":5093,"date":"2022-12-19T19:57:33","date_gmt":"2022-12-19T19:57:33","guid":{"rendered":"https:\/\/originshape.com\/?post_type=product&#038;p=5093"},"modified":"2023-06-09T00:00:02","modified_gmt":"2023-06-09T00:00:02","slug":"designs-for-health-hcl-de-betaina-con-pesina","status":"publish","type":"product","link":"https:\/\/originshape.com\/es\/product\/designs-for-health-hcl-de-betaina-con-pesina\/","title":{"rendered":"Designs for Health HCl de beta\u00edna con pesina"},"content":{"rendered":"<h3 id=\"title\" class=\"a-size-large a-spacing-none\"><span id=\"productTitle\" class=\"a-size-large product-title-word-break\">750 mg de hidrocloruro de beta\u00edna + enzima digestiva de prote\u00ednas, suplemento sin OMG para apoyar la funci\u00f3n digestiva (120 c\u00e1psulas)<\/span><\/h3>\n<h1 class=\"a-size-base-plus a-text-bold\">Sobre este art\u00edculo<\/h1>\n<ul class=\"a-unordered-list a-vertical a-spacing-mini\">\n<li><span class=\"a-list-item\">Requiere para la absorci\u00f3n adecuada de nutrientes: Beta\u00edna HCl es una excelente fuente de \u00e1cido clorh\u00eddrico, que es producido por las c\u00e9lulas parietales del est\u00f3mago. Se requiere \u00e1cido clorh\u00eddrico para la absorci\u00f3n adecuada de nutrientes, incluyendo vitamina B12 y minerales como calcio, magnesio, zinc, hierro y selenio. * <\/span><\/li>\n<li><span class=\"a-list-item\">Apoya la funci\u00f3n digestiva: Betaine HCl proporciona 750 mg de clorhidrato de beta\u00edna junto con pepsina, una enzima digestiva de prote\u00edna clave producida en el est\u00f3mago. Este producto es ideal para aquellos que buscan apoyar la funci\u00f3n digestiva del est\u00f3mago. Tomar una c\u00e1psula antes de una comida ayuda a la digesti\u00f3n, especialmente la digesti\u00f3n de alimentos que contienen prote\u00ednas, y apoya la asimilaci\u00f3n de nutrientes. * <\/span><\/li>\n<li><span class=\"a-list-item\">Entrega mejorada: este producto estaba anteriormente en forma de tableta. Sin embargo, hemos actualizado a una c\u00e1psula. Este cambio garantiza la entrega de beta\u00edna HCl y pepsina al est\u00f3mago donde se necesitan para iniciar la digesti\u00f3n. * <\/span><\/li>\n<li><span class=\"a-list-item\">Productos siempre puros y eficaces: este producto no es OMG y no contiene gluten, l\u00e1cteos o soja. DFH est\u00e1 pasando a botellas de vidrio tintado. Adem\u00e1s de ser m\u00e1s ecol\u00f3gico, el vidrio tintado ofrece una mayor barrera contra la humedad y el ox\u00edgeno, lo que ayuda a proteger la viabilidad de los nutrientes. * <\/span><\/li>\n<li><span class=\"a-list-item\">M\u00e1s de 50.000 m\u00e9dicos de acuerdo &#8211; Designs for Health es la elecci\u00f3n del m\u00e9dico para suplementos de fuerza profesionales de alta calidad desde 1989. Nuestra filosof\u00eda &#8220;Science First&#8221; garantiza que nuestros productos se basen en las investigaciones m\u00e1s recientes y utilicen ingredientes crudos de la m\u00e1s alta calidad.<\/span><\/li>\n<\/ul>","protected":false},"excerpt":{"rendered":"<p>750 mg de hidrocloruro de beta\u00edna + enzima digestiva de prote\u00ednas, suplemento sin OMG para apoyar la funci\u00f3n digestiva (120 c\u00e1psulas) Sobre este art\u00edculo Requiere para la absorci\u00f3n adecuada de nutrientes: Beta\u00edna HCl es una excelente fuente de \u00e1cido clorh\u00eddrico, que es producido por las c\u00e9lulas parietales del est\u00f3mago. Se requiere \u00e1cido clorh\u00eddrico para la [&hellip;]<\/p>","protected":false},"featured_media":5094,"comment_status":"open","ping_status":"closed","template":"","meta":[],"product_brand":[],"product_cat":[97,86],"product_tag":[],"class_list":{"0":"post-5093","1":"product","2":"type-product","3":"status-publish","4":"has-post-thumbnail","6":"product_cat-specialty-supplements","7":"product_cat-suplementos","9":"first","10":"instock","11":"taxable","12":"shipping-taxable","13":"product-type-external"},"yoast_head":"<!-- This site is optimized with the Yoast SEO plugin v24.0 - https:\/\/yoast.com\/wordpress\/plugins\/seo\/ -->\n<title>Designs for Health HCl de beta\u00edna con pesina - Origin Shape<\/title>\n<meta name=\"robots\" content=\"index, follow, max-snippet:-1, max-image-preview:large, max-video-preview:-1\" \/>\n<link rel=\"canonical\" href=\"https:\/\/originshape.com\/es\/product\/designs-for-health-hcl-de-betaina-con-pesina\/\" \/>\n<meta property=\"og:locale\" content=\"es_ES\" \/>\n<meta property=\"og:type\" content=\"article\" \/>\n<meta property=\"og:title\" content=\"Designs for Health HCl de beta\u00edna con pesina - Origin Shape\" \/>\n<meta property=\"og:description\" content=\"750 mg de hidrocloruro de beta\u00edna + enzima digestiva de prote\u00ednas, suplemento sin OMG para apoyar la funci\u00f3n digestiva (120 c\u00e1psulas) Sobre este art\u00edculo Requiere para la absorci\u00f3n adecuada de nutrientes: Beta\u00edna HCl es una excelente fuente de \u00e1cido clorh\u00eddrico, que es producido por las c\u00e9lulas parietales del est\u00f3mago. Se requiere \u00e1cido clorh\u00eddrico para la [&hellip;]\" \/>\n<meta property=\"og:url\" content=\"https:\/\/originshape.com\/es\/product\/designs-for-health-hcl-de-betaina-con-pesina\/\" \/>\n<meta property=\"og:site_name\" content=\"Origin Shape\" \/>\n<meta property=\"article:modified_time\" content=\"2023-06-09T00:00:02+00:00\" \/>\n<meta property=\"og:image\" content=\"https:\/\/originshape.com\/wp-content\/uploads\/2022\/12\/betaine-HCL.jpg\" \/>\n\t<meta property=\"og:image:width\" content=\"254\" \/>\n\t<meta property=\"og:image:height\" content=\"481\" \/>\n\t<meta property=\"og:image:type\" content=\"image\/jpeg\" \/>\n<meta name=\"twitter:label1\" content=\"Est. reading time\" \/>\n\t<meta name=\"twitter:data1\" content=\"2 minutos\" \/>\n<script type=\"application\/ld+json\" class=\"yoast-schema-graph\">{\"@context\":\"https:\/\/schema.org\",\"@graph\":[{\"@type\":\"WebPage\",\"@id\":\"https:\/\/originshape.com\/product\/designs-for-health-hcl-de-betaina-con-pesina\/\",\"url\":\"https:\/\/originshape.com\/product\/designs-for-health-hcl-de-betaina-con-pesina\/\",\"name\":\"Designs for Health HCl de beta\u00edna con pesina - Origin Shape\",\"isPartOf\":{\"@id\":\"https:\/\/originshape.com\/#website\"},\"primaryImageOfPage\":{\"@id\":\"https:\/\/originshape.com\/product\/designs-for-health-hcl-de-betaina-con-pesina\/#primaryimage\"},\"image\":{\"@id\":\"https:\/\/originshape.com\/product\/designs-for-health-hcl-de-betaina-con-pesina\/#primaryimage\"},\"thumbnailUrl\":\"https:\/\/originshape.com\/wp-content\/uploads\/2022\/12\/betaine-HCL.jpg\",\"datePublished\":\"2022-12-19T19:57:33+00:00\",\"dateModified\":\"2023-06-09T00:00:02+00:00\",\"breadcrumb\":{\"@id\":\"https:\/\/originshape.com\/product\/designs-for-health-hcl-de-betaina-con-pesina\/#breadcrumb\"},\"inLanguage\":\"es-DO\",\"potentialAction\":[{\"@type\":\"ReadAction\",\"target\":[\"https:\/\/originshape.com\/product\/designs-for-health-hcl-de-betaina-con-pesina\/\"]}]},{\"@type\":\"ImageObject\",\"inLanguage\":\"es-DO\",\"@id\":\"https:\/\/originshape.com\/product\/designs-for-health-hcl-de-betaina-con-pesina\/#primaryimage\",\"url\":\"https:\/\/originshape.com\/wp-content\/uploads\/2022\/12\/betaine-HCL.jpg\",\"contentUrl\":\"https:\/\/originshape.com\/wp-content\/uploads\/2022\/12\/betaine-HCL.jpg\",\"width\":254,\"height\":481},{\"@type\":\"BreadcrumbList\",\"@id\":\"https:\/\/originshape.com\/product\/designs-for-health-hcl-de-betaina-con-pesina\/#breadcrumb\",\"itemListElement\":[{\"@type\":\"ListItem\",\"position\":1,\"name\":\"Home\",\"item\":\"https:\/\/originshape.com\/\"},{\"@type\":\"ListItem\",\"position\":2,\"name\":\"Store clothes\",\"item\":\"https:\/\/originshape.com\/store-2\/\"},{\"@type\":\"ListItem\",\"position\":3,\"name\":\"Designs for Health HCl de beta\u00edna con pesina\"}]},{\"@type\":\"WebSite\",\"@id\":\"https:\/\/originshape.com\/#website\",\"url\":\"https:\/\/originshape.com\/\",\"name\":\"Origin Shape\",\"description\":\"Nutrition and Fitness\",\"publisher\":{\"@id\":\"https:\/\/originshape.com\/#organization\"},\"potentialAction\":[{\"@type\":\"SearchAction\",\"target\":{\"@type\":\"EntryPoint\",\"urlTemplate\":\"https:\/\/originshape.com\/?s={search_term_string}\"},\"query-input\":{\"@type\":\"PropertyValueSpecification\",\"valueRequired\":true,\"valueName\":\"search_term_string\"}}],\"inLanguage\":\"es-DO\"},{\"@type\":\"Organization\",\"@id\":\"https:\/\/originshape.com\/#organization\",\"name\":\"Origin Shape\",\"url\":\"https:\/\/originshape.com\/\",\"logo\":{\"@type\":\"ImageObject\",\"inLanguage\":\"es-DO\",\"@id\":\"https:\/\/originshape.com\/#\/schema\/logo\/image\/\",\"url\":\"https:\/\/originshape.com\/wp-content\/uploads\/2022\/12\/39C56CFB-F744-41B1-9128-E6E7FF57EA6D.png\",\"contentUrl\":\"https:\/\/originshape.com\/wp-content\/uploads\/2022\/12\/39C56CFB-F744-41B1-9128-E6E7FF57EA6D.png\",\"width\":512,\"height\":512,\"caption\":\"Origin Shape\"},\"image\":{\"@id\":\"https:\/\/originshape.com\/#\/schema\/logo\/image\/\"}}]}<\/script>\n<!-- \/ Yoast SEO plugin. -->","yoast_head_json":{"title":"Designs for Health HCl de beta\u00edna con pesina - Origin Shape","robots":{"index":"index","follow":"follow","max-snippet":"max-snippet:-1","max-image-preview":"max-image-preview:large","max-video-preview":"max-video-preview:-1"},"canonical":"https:\/\/originshape.com\/es\/product\/designs-for-health-hcl-de-betaina-con-pesina\/","og_locale":"es_ES","og_type":"article","og_title":"Designs for Health HCl de beta\u00edna con pesina - Origin Shape","og_description":"750 mg de hidrocloruro de beta\u00edna + enzima digestiva de prote\u00ednas, suplemento sin OMG para apoyar la funci\u00f3n digestiva (120 c\u00e1psulas) Sobre este art\u00edculo Requiere para la absorci\u00f3n adecuada de nutrientes: Beta\u00edna HCl es una excelente fuente de \u00e1cido clorh\u00eddrico, que es producido por las c\u00e9lulas parietales del est\u00f3mago. Se requiere \u00e1cido clorh\u00eddrico para la [&hellip;]","og_url":"https:\/\/originshape.com\/es\/product\/designs-for-health-hcl-de-betaina-con-pesina\/","og_site_name":"Origin Shape","article_modified_time":"2023-06-09T00:00:02+00:00","og_image":[{"width":254,"height":481,"url":"https:\/\/originshape.com\/wp-content\/uploads\/2022\/12\/betaine-HCL.jpg","type":"image\/jpeg"}],"twitter_misc":{"Est. reading time":"2 minutos"},"schema":{"@context":"https:\/\/schema.org","@graph":[{"@type":"WebPage","@id":"https:\/\/originshape.com\/product\/designs-for-health-hcl-de-betaina-con-pesina\/","url":"https:\/\/originshape.com\/product\/designs-for-health-hcl-de-betaina-con-pesina\/","name":"Designs for Health HCl de beta\u00edna con pesina - Origin Shape","isPartOf":{"@id":"https:\/\/originshape.com\/#website"},"primaryImageOfPage":{"@id":"https:\/\/originshape.com\/product\/designs-for-health-hcl-de-betaina-con-pesina\/#primaryimage"},"image":{"@id":"https:\/\/originshape.com\/product\/designs-for-health-hcl-de-betaina-con-pesina\/#primaryimage"},"thumbnailUrl":"https:\/\/originshape.com\/wp-content\/uploads\/2022\/12\/betaine-HCL.jpg","datePublished":"2022-12-19T19:57:33+00:00","dateModified":"2023-06-09T00:00:02+00:00","breadcrumb":{"@id":"https:\/\/originshape.com\/product\/designs-for-health-hcl-de-betaina-con-pesina\/#breadcrumb"},"inLanguage":"es-DO","potentialAction":[{"@type":"ReadAction","target":["https:\/\/originshape.com\/product\/designs-for-health-hcl-de-betaina-con-pesina\/"]}]},{"@type":"ImageObject","inLanguage":"es-DO","@id":"https:\/\/originshape.com\/product\/designs-for-health-hcl-de-betaina-con-pesina\/#primaryimage","url":"https:\/\/originshape.com\/wp-content\/uploads\/2022\/12\/betaine-HCL.jpg","contentUrl":"https:\/\/originshape.com\/wp-content\/uploads\/2022\/12\/betaine-HCL.jpg","width":254,"height":481},{"@type":"BreadcrumbList","@id":"https:\/\/originshape.com\/product\/designs-for-health-hcl-de-betaina-con-pesina\/#breadcrumb","itemListElement":[{"@type":"ListItem","position":1,"name":"Home","item":"https:\/\/originshape.com\/"},{"@type":"ListItem","position":2,"name":"Store clothes","item":"https:\/\/originshape.com\/store-2\/"},{"@type":"ListItem","position":3,"name":"Designs for Health HCl de beta\u00edna con pesina"}]},{"@type":"WebSite","@id":"https:\/\/originshape.com\/#website","url":"https:\/\/originshape.com\/","name":"Origin Shape","description":"Nutrition and Fitness","publisher":{"@id":"https:\/\/originshape.com\/#organization"},"potentialAction":[{"@type":"SearchAction","target":{"@type":"EntryPoint","urlTemplate":"https:\/\/originshape.com\/?s={search_term_string}"},"query-input":{"@type":"PropertyValueSpecification","valueRequired":true,"valueName":"search_term_string"}}],"inLanguage":"es-DO"},{"@type":"Organization","@id":"https:\/\/originshape.com\/#organization","name":"Origin Shape","url":"https:\/\/originshape.com\/","logo":{"@type":"ImageObject","inLanguage":"es-DO","@id":"https:\/\/originshape.com\/#\/schema\/logo\/image\/","url":"https:\/\/originshape.com\/wp-content\/uploads\/2022\/12\/39C56CFB-F744-41B1-9128-E6E7FF57EA6D.png","contentUrl":"https:\/\/originshape.com\/wp-content\/uploads\/2022\/12\/39C56CFB-F744-41B1-9128-E6E7FF57EA6D.png","width":512,"height":512,"caption":"Origin Shape"},"image":{"@id":"https:\/\/originshape.com\/#\/schema\/logo\/image\/"}}]}},"jetpack_sharing_enabled":true,"_links":{"self":[{"href":"https:\/\/originshape.com\/es\/wp-json\/wp\/v2\/product\/5093","targetHints":{"allow":["GET"]}}],"collection":[{"href":"https:\/\/originshape.com\/es\/wp-json\/wp\/v2\/product"}],"about":[{"href":"https:\/\/originshape.com\/es\/wp-json\/wp\/v2\/types\/product"}],"replies":[{"embeddable":true,"href":"https:\/\/originshape.com\/es\/wp-json\/wp\/v2\/comments?post=5093"}],"wp:featuredmedia":[{"embeddable":true,"href":"https:\/\/originshape.com\/es\/wp-json\/wp\/v2\/media\/5094"}],"wp:attachment":[{"href":"https:\/\/originshape.com\/es\/wp-json\/wp\/v2\/media?parent=5093"}],"wp:term":[{"taxonomy":"product_brand","embeddable":true,"href":"https:\/\/originshape.com\/es\/wp-json\/wp\/v2\/product_brand?post=5093"},{"taxonomy":"product_cat","embeddable":true,"href":"https:\/\/originshape.com\/es\/wp-json\/wp\/v2\/product_cat?post=5093"},{"taxonomy":"product_tag","embeddable":true,"href":"https:\/\/originshape.com\/es\/wp-json\/wp\/v2\/product_tag?post=5093"}],"curies":[{"name":"wp","href":"https:\/\/api.w.org\/{rel}","templated":true}]}}