{"id":6809,"date":"2023-05-14T17:58:46","date_gmt":"2023-05-14T17:58:46","guid":{"rendered":"https:\/\/originshape.com\/?post_type=product&#038;p=6809"},"modified":"2023-05-14T21:50:58","modified_gmt":"2023-05-14T21:50:58","slug":"origin-transformation","status":"publish","type":"product","link":"https:\/\/originshape.com\/es\/product\/origin-transformation\/","title":{"rendered":"Origin Transformation"},"content":{"rendered":"<p style=\"text-align: center;\"><strong>TRANSFORMACION ORIGIN<\/strong><\/p>\n<p style=\"text-align: center;\">Intensivo Origin<\/p>\n<p style=\"text-align: center;\">Incluye:<\/p>\n<p style=\"text-align: center;\">Plan Nutricional (Libre de costo)<\/p>\n<p style=\"text-align: center;\">-Evaluaci\u00f3n f\u00edsica y antropom\u00e9trica<\/p>\n<p style=\"text-align: center;\">-3 secciones de entrenamiento personalizado por semana<\/p>\n<p style=\"text-align: center;\">-Sugerencia Suplementaria<\/p>\n<p style=\"text-align: center;\">-Grupo de apoyo y seguimiento<\/p>\n<p style=\"text-align: center;\">Duraci\u00f3n: 12 semanas<\/p>\n<p style=\"text-align: center;\">Inversi\u00f3n <em><strong>US$ 697.00<\/strong><\/em><\/p>\n<p style=\"text-align: center;\">*Secci\u00f3n adicional extra por d\u00eda US$20.00<\/p>\n<p style=\"text-align: center;\">OPCIONES DE PAGO<\/p>\n<p style=\"text-align: center;\">Pago Cuatrimestral: 10% Descuento<\/p>\n<p style=\"text-align: center;\">Pago Anual: 20% Descuento<\/p>\n<p style=\"text-align: center;\"><a href=\"https:\/\/originshape.com\/es\/consultation-appo\/\">Book Now<\/a><\/p>","protected":false},"excerpt":{"rendered":"<p>ORIGIN TRANSFORMATION Intensive Origin Includes: -Nutritional plan \u00a0( FREE COST ) -Anthropometric and Physical Evaluation -3 sections of personalized training per week -Supplementary Suggestion -Support group and Follow-up Duration: 12 weeks Investment US$ 697.00 *Single day or additional US$ 20.00 PAYMENT OPTION Quarterly Payment: 10% Discount Annual Payment: 20% Discount Book Now<\/p>","protected":false},"featured_media":5078,"comment_status":"open","ping_status":"closed","template":"","meta":[],"product_brand":[],"product_cat":[154,133],"product_tag":[],"class_list":{"0":"post-6809","1":"product","2":"type-product","3":"status-publish","4":"has-post-thumbnail","6":"product_cat-funnel","7":"product_cat-services","9":"first","10":"instock","11":"taxable","12":"shipping-taxable","13":"purchasable","14":"product-type-simple"},"yoast_head":"<!-- This site is optimized with the Yoast SEO plugin v24.0 - https:\/\/yoast.com\/wordpress\/plugins\/seo\/ -->\n<title>Origin Transformation - Origin Shape<\/title>\n<meta name=\"robots\" content=\"index, follow, max-snippet:-1, max-image-preview:large, max-video-preview:-1\" \/>\n<link rel=\"canonical\" href=\"https:\/\/originshape.com\/es\/product\/origin-transformation\/\" \/>\n<meta property=\"og:locale\" content=\"es_ES\" \/>\n<meta property=\"og:type\" content=\"article\" \/>\n<meta property=\"og:title\" content=\"Origin Transformation - Origin Shape\" \/>\n<meta property=\"og:description\" content=\"ORIGIN TRANSFORMATION Intensive Origin Includes: -Nutritional plan \u00a0( FREE COST ) -Anthropometric and Physical Evaluation -3 sections of personalized training per week -Supplementary Suggestion -Support group and Follow-up Duration: 12 weeks Investment US$ 697.00 *Single day or additional US$ 20.00 PAYMENT OPTION Quarterly Payment: 10% Discount Annual Payment: 20% Discount Book Now\" \/>\n<meta property=\"og:url\" content=\"https:\/\/originshape.com\/es\/product\/origin-transformation\/\" \/>\n<meta property=\"og:site_name\" content=\"Origin Shape\" \/>\n<meta property=\"article:modified_time\" content=\"2023-05-14T21:50:58+00:00\" \/>\n<meta property=\"og:image\" content=\"https:\/\/originshape.com\/wp-content\/uploads\/2022\/12\/EN.jpeg\" \/>\n\t<meta property=\"og:image:width\" content=\"1\" \/>\n\t<meta property=\"og:image:height\" content=\"1\" \/>\n\t<meta property=\"og:image:type\" content=\"image\/jpeg\" \/>\n<meta name=\"twitter:label1\" content=\"Est. reading time\" \/>\n\t<meta name=\"twitter:data1\" content=\"1 minuto\" \/>\n<script type=\"application\/ld+json\" class=\"yoast-schema-graph\">{\"@context\":\"https:\/\/schema.org\",\"@graph\":[{\"@type\":\"WebPage\",\"@id\":\"https:\/\/originshape.com\/product\/origin-transformation\/\",\"url\":\"https:\/\/originshape.com\/product\/origin-transformation\/\",\"name\":\"Origin Transformation - Origin Shape\",\"isPartOf\":{\"@id\":\"https:\/\/originshape.com\/#website\"},\"primaryImageOfPage\":{\"@id\":\"https:\/\/originshape.com\/product\/origin-transformation\/#primaryimage\"},\"image\":{\"@id\":\"https:\/\/originshape.com\/product\/origin-transformation\/#primaryimage\"},\"thumbnailUrl\":\"https:\/\/originshape.com\/wp-content\/uploads\/2022\/12\/EN.jpeg\",\"datePublished\":\"2023-05-14T17:58:46+00:00\",\"dateModified\":\"2023-05-14T21:50:58+00:00\",\"breadcrumb\":{\"@id\":\"https:\/\/originshape.com\/product\/origin-transformation\/#breadcrumb\"},\"inLanguage\":\"es-DO\",\"potentialAction\":[{\"@type\":\"ReadAction\",\"target\":[\"https:\/\/originshape.com\/product\/origin-transformation\/\"]}]},{\"@type\":\"ImageObject\",\"inLanguage\":\"es-DO\",\"@id\":\"https:\/\/originshape.com\/product\/origin-transformation\/#primaryimage\",\"url\":\"https:\/\/originshape.com\/wp-content\/uploads\/2022\/12\/EN.jpeg\",\"contentUrl\":\"https:\/\/originshape.com\/wp-content\/uploads\/2022\/12\/EN.jpeg\"},{\"@type\":\"BreadcrumbList\",\"@id\":\"https:\/\/originshape.com\/product\/origin-transformation\/#breadcrumb\",\"itemListElement\":[{\"@type\":\"ListItem\",\"position\":1,\"name\":\"Home\",\"item\":\"https:\/\/originshape.com\/\"},{\"@type\":\"ListItem\",\"position\":2,\"name\":\"Store clothes\",\"item\":\"https:\/\/originshape.com\/store-2\/\"},{\"@type\":\"ListItem\",\"position\":3,\"name\":\"Origin Transformation\"}]},{\"@type\":\"WebSite\",\"@id\":\"https:\/\/originshape.com\/#website\",\"url\":\"https:\/\/originshape.com\/\",\"name\":\"Origin Shape\",\"description\":\"Nutrition and Fitness\",\"publisher\":{\"@id\":\"https:\/\/originshape.com\/#organization\"},\"potentialAction\":[{\"@type\":\"SearchAction\",\"target\":{\"@type\":\"EntryPoint\",\"urlTemplate\":\"https:\/\/originshape.com\/?s={search_term_string}\"},\"query-input\":{\"@type\":\"PropertyValueSpecification\",\"valueRequired\":true,\"valueName\":\"search_term_string\"}}],\"inLanguage\":\"es-DO\"},{\"@type\":\"Organization\",\"@id\":\"https:\/\/originshape.com\/#organization\",\"name\":\"Origin Shape\",\"url\":\"https:\/\/originshape.com\/\",\"logo\":{\"@type\":\"ImageObject\",\"inLanguage\":\"es-DO\",\"@id\":\"https:\/\/originshape.com\/#\/schema\/logo\/image\/\",\"url\":\"https:\/\/originshape.com\/wp-content\/uploads\/2022\/12\/39C56CFB-F744-41B1-9128-E6E7FF57EA6D.png\",\"contentUrl\":\"https:\/\/originshape.com\/wp-content\/uploads\/2022\/12\/39C56CFB-F744-41B1-9128-E6E7FF57EA6D.png\",\"width\":512,\"height\":512,\"caption\":\"Origin Shape\"},\"image\":{\"@id\":\"https:\/\/originshape.com\/#\/schema\/logo\/image\/\"}}]}<\/script>\n<!-- \/ Yoast SEO plugin. -->","yoast_head_json":{"title":"Origin Transformation - Origin Shape","robots":{"index":"index","follow":"follow","max-snippet":"max-snippet:-1","max-image-preview":"max-image-preview:large","max-video-preview":"max-video-preview:-1"},"canonical":"https:\/\/originshape.com\/es\/product\/origin-transformation\/","og_locale":"es_ES","og_type":"article","og_title":"Origin Transformation - Origin Shape","og_description":"ORIGIN TRANSFORMATION Intensive Origin Includes: -Nutritional plan \u00a0( FREE COST ) -Anthropometric and Physical Evaluation -3 sections of personalized training per week -Supplementary Suggestion -Support group and Follow-up Duration: 12 weeks Investment US$ 697.00 *Single day or additional US$ 20.00 PAYMENT OPTION Quarterly Payment: 10% Discount Annual Payment: 20% Discount Book Now","og_url":"https:\/\/originshape.com\/es\/product\/origin-transformation\/","og_site_name":"Origin Shape","article_modified_time":"2023-05-14T21:50:58+00:00","og_image":[{"url":"https:\/\/originshape.com\/wp-content\/uploads\/2022\/12\/EN.jpeg","width":1,"height":1,"type":"image\/jpeg"}],"twitter_misc":{"Est. reading time":"1 minuto"},"schema":{"@context":"https:\/\/schema.org","@graph":[{"@type":"WebPage","@id":"https:\/\/originshape.com\/product\/origin-transformation\/","url":"https:\/\/originshape.com\/product\/origin-transformation\/","name":"Origin Transformation - Origin Shape","isPartOf":{"@id":"https:\/\/originshape.com\/#website"},"primaryImageOfPage":{"@id":"https:\/\/originshape.com\/product\/origin-transformation\/#primaryimage"},"image":{"@id":"https:\/\/originshape.com\/product\/origin-transformation\/#primaryimage"},"thumbnailUrl":"https:\/\/originshape.com\/wp-content\/uploads\/2022\/12\/EN.jpeg","datePublished":"2023-05-14T17:58:46+00:00","dateModified":"2023-05-14T21:50:58+00:00","breadcrumb":{"@id":"https:\/\/originshape.com\/product\/origin-transformation\/#breadcrumb"},"inLanguage":"es-DO","potentialAction":[{"@type":"ReadAction","target":["https:\/\/originshape.com\/product\/origin-transformation\/"]}]},{"@type":"ImageObject","inLanguage":"es-DO","@id":"https:\/\/originshape.com\/product\/origin-transformation\/#primaryimage","url":"https:\/\/originshape.com\/wp-content\/uploads\/2022\/12\/EN.jpeg","contentUrl":"https:\/\/originshape.com\/wp-content\/uploads\/2022\/12\/EN.jpeg"},{"@type":"BreadcrumbList","@id":"https:\/\/originshape.com\/product\/origin-transformation\/#breadcrumb","itemListElement":[{"@type":"ListItem","position":1,"name":"Home","item":"https:\/\/originshape.com\/"},{"@type":"ListItem","position":2,"name":"Store clothes","item":"https:\/\/originshape.com\/store-2\/"},{"@type":"ListItem","position":3,"name":"Origin Transformation"}]},{"@type":"WebSite","@id":"https:\/\/originshape.com\/#website","url":"https:\/\/originshape.com\/","name":"Origin Shape","description":"Nutrition and Fitness","publisher":{"@id":"https:\/\/originshape.com\/#organization"},"potentialAction":[{"@type":"SearchAction","target":{"@type":"EntryPoint","urlTemplate":"https:\/\/originshape.com\/?s={search_term_string}"},"query-input":{"@type":"PropertyValueSpecification","valueRequired":true,"valueName":"search_term_string"}}],"inLanguage":"es-DO"},{"@type":"Organization","@id":"https:\/\/originshape.com\/#organization","name":"Origin Shape","url":"https:\/\/originshape.com\/","logo":{"@type":"ImageObject","inLanguage":"es-DO","@id":"https:\/\/originshape.com\/#\/schema\/logo\/image\/","url":"https:\/\/originshape.com\/wp-content\/uploads\/2022\/12\/39C56CFB-F744-41B1-9128-E6E7FF57EA6D.png","contentUrl":"https:\/\/originshape.com\/wp-content\/uploads\/2022\/12\/39C56CFB-F744-41B1-9128-E6E7FF57EA6D.png","width":512,"height":512,"caption":"Origin Shape"},"image":{"@id":"https:\/\/originshape.com\/#\/schema\/logo\/image\/"}}]}},"jetpack_sharing_enabled":true,"_links":{"self":[{"href":"https:\/\/originshape.com\/es\/wp-json\/wp\/v2\/product\/6809","targetHints":{"allow":["GET"]}}],"collection":[{"href":"https:\/\/originshape.com\/es\/wp-json\/wp\/v2\/product"}],"about":[{"href":"https:\/\/originshape.com\/es\/wp-json\/wp\/v2\/types\/product"}],"replies":[{"embeddable":true,"href":"https:\/\/originshape.com\/es\/wp-json\/wp\/v2\/comments?post=6809"}],"wp:featuredmedia":[{"embeddable":true,"href":"https:\/\/originshape.com\/es\/wp-json\/wp\/v2\/media\/5078"}],"wp:attachment":[{"href":"https:\/\/originshape.com\/es\/wp-json\/wp\/v2\/media?parent=6809"}],"wp:term":[{"taxonomy":"product_brand","embeddable":true,"href":"https:\/\/originshape.com\/es\/wp-json\/wp\/v2\/product_brand?post=6809"},{"taxonomy":"product_cat","embeddable":true,"href":"https:\/\/originshape.com\/es\/wp-json\/wp\/v2\/product_cat?post=6809"},{"taxonomy":"product_tag","embeddable":true,"href":"https:\/\/originshape.com\/es\/wp-json\/wp\/v2\/product_tag?post=6809"}],"curies":[{"name":"wp","href":"https:\/\/api.w.org\/{rel}","templated":true}]}}