{"id":6811,"date":"2023-05-14T18:32:26","date_gmt":"2023-05-14T18:32:26","guid":{"rendered":"https:\/\/originshape.com\/?post_type=product&#038;p=6811"},"modified":"2023-05-14T21:50:45","modified_gmt":"2023-05-14T21:50:45","slug":"origin-habits","status":"publish","type":"product","link":"https:\/\/originshape.com\/es\/product\/origin-habits\/","title":{"rendered":"Origin Habits"},"content":{"rendered":"<section class=\"av_textblock_section av-lharjv2k-5d20688ea6a1614c78acd4e15cdf31a9\">\n<div class=\"avia_textblock av_inherit_color\">\n<p style=\"text-align: center;\"><strong>ORIGIN HABITS<\/strong><\/p>\n<p style=\"text-align: center;\">Incluye:<\/p>\n<p style=\"text-align: center;\">-Evaluaci\u00f3n f\u00edsica y antropom\u00e9trica<\/p>\n<p style=\"text-align: center;\">\u2013 Origin Membership &amp;\u00a0Origin App<\/p>\n<p style=\"text-align: center;\">\u2013 Personalized Nutritional plan ( FREE COST )<\/p>\n<p style=\"text-align: center;\">-1 secci\u00f3n de entrenamiento personalizado por semana<\/p>\n<p style=\"text-align: center;\">-Sugerencia Suplementaria<\/p>\n<p style=\"text-align: center;\">-Grupo de apoyo y seguimiento<\/p>\n<p style=\"text-align: center;\">Duracion: 3 Meses<\/p>\n<h3 style=\"text-align: center;\"><strong><em>Bonus*\u00a0<\/em><\/strong><\/h3>\n<p style=\"text-align: center;\"><em>\u2013 Inscription<\/em><\/p>\n<p style=\"text-align: center;\"><a style=\"font-size: 28px; font-weight: 600;\" href=\"https:\/\/originshape.com\/es\/consultation-appo\/\"><strong><em>RESERVA YA!<\/em><\/strong><\/a><\/p>\n<\/div>\n<\/section>","protected":false},"excerpt":{"rendered":"<p>ORIGIN HABITS Includes: -Anthropometric and Physical Evaluation \u2013 Origin Membership &amp;\u00a0Origin App \u2013 Personalized Nutritional plan ( FREE COST ) -1 section of personalized training per week -Supplementary Suggestion -Support group and Follow-up Duration: 3 Months Bonus*\u00a0 \u2013 Inscription BOOK NOW<\/p>","protected":false},"featured_media":5076,"comment_status":"open","ping_status":"closed","template":"","meta":[],"product_brand":[],"product_cat":[154,133],"product_tag":[],"class_list":{"0":"post-6811","1":"product","2":"type-product","3":"status-publish","4":"has-post-thumbnail","6":"product_cat-funnel","7":"product_cat-services","9":"first","10":"instock","11":"taxable","12":"shipping-taxable","13":"purchasable","14":"product-type-simple"},"yoast_head":"<!-- This site is optimized with the Yoast SEO plugin v24.0 - https:\/\/yoast.com\/wordpress\/plugins\/seo\/ -->\n<title>Origin Habits - Origin Shape<\/title>\n<meta name=\"robots\" content=\"index, follow, max-snippet:-1, max-image-preview:large, max-video-preview:-1\" \/>\n<link rel=\"canonical\" href=\"https:\/\/originshape.com\/es\/product\/origin-habits\/\" \/>\n<meta property=\"og:locale\" content=\"es_ES\" \/>\n<meta property=\"og:type\" content=\"article\" \/>\n<meta property=\"og:title\" content=\"Origin Habits - Origin Shape\" \/>\n<meta property=\"og:description\" content=\"ORIGIN HABITS Includes: -Anthropometric and Physical Evaluation \u2013 Origin Membership &amp;\u00a0Origin App \u2013 Personalized Nutritional plan ( FREE COST ) -1 section of personalized training per week -Supplementary Suggestion -Support group and Follow-up Duration: 3 Months Bonus*\u00a0 \u2013 Inscription BOOK NOW\" \/>\n<meta property=\"og:url\" content=\"https:\/\/originshape.com\/es\/product\/origin-habits\/\" \/>\n<meta property=\"og:site_name\" content=\"Origin Shape\" \/>\n<meta property=\"article:modified_time\" content=\"2023-05-14T21:50:45+00:00\" \/>\n<meta property=\"og:image\" content=\"https:\/\/originshape.com\/wp-content\/uploads\/2022\/12\/FE6439AD-027E-450B-8701-4E172D3DEAE4-824x1030.jpeg\" \/>\n\t<meta property=\"og:image:width\" content=\"824\" \/>\n\t<meta property=\"og:image:height\" content=\"1030\" \/>\n\t<meta property=\"og:image:type\" content=\"image\/jpeg\" \/>\n<meta name=\"twitter:label1\" content=\"Est. reading time\" \/>\n\t<meta name=\"twitter:data1\" content=\"1 minuto\" \/>\n<script type=\"application\/ld+json\" class=\"yoast-schema-graph\">{\"@context\":\"https:\/\/schema.org\",\"@graph\":[{\"@type\":\"WebPage\",\"@id\":\"https:\/\/originshape.com\/product\/origin-habits\/\",\"url\":\"https:\/\/originshape.com\/product\/origin-habits\/\",\"name\":\"Origin Habits - Origin Shape\",\"isPartOf\":{\"@id\":\"https:\/\/originshape.com\/#website\"},\"primaryImageOfPage\":{\"@id\":\"https:\/\/originshape.com\/product\/origin-habits\/#primaryimage\"},\"image\":{\"@id\":\"https:\/\/originshape.com\/product\/origin-habits\/#primaryimage\"},\"thumbnailUrl\":\"https:\/\/originshape.com\/wp-content\/uploads\/2022\/12\/FE6439AD-027E-450B-8701-4E172D3DEAE4-scaled.jpeg\",\"datePublished\":\"2023-05-14T18:32:26+00:00\",\"dateModified\":\"2023-05-14T21:50:45+00:00\",\"breadcrumb\":{\"@id\":\"https:\/\/originshape.com\/product\/origin-habits\/#breadcrumb\"},\"inLanguage\":\"es-DO\",\"potentialAction\":[{\"@type\":\"ReadAction\",\"target\":[\"https:\/\/originshape.com\/product\/origin-habits\/\"]}]},{\"@type\":\"ImageObject\",\"inLanguage\":\"es-DO\",\"@id\":\"https:\/\/originshape.com\/product\/origin-habits\/#primaryimage\",\"url\":\"https:\/\/originshape.com\/wp-content\/uploads\/2022\/12\/FE6439AD-027E-450B-8701-4E172D3DEAE4-scaled.jpeg\",\"contentUrl\":\"https:\/\/originshape.com\/wp-content\/uploads\/2022\/12\/FE6439AD-027E-450B-8701-4E172D3DEAE4-scaled.jpeg\",\"width\":1638,\"height\":2048},{\"@type\":\"BreadcrumbList\",\"@id\":\"https:\/\/originshape.com\/product\/origin-habits\/#breadcrumb\",\"itemListElement\":[{\"@type\":\"ListItem\",\"position\":1,\"name\":\"Home\",\"item\":\"https:\/\/originshape.com\/\"},{\"@type\":\"ListItem\",\"position\":2,\"name\":\"Store clothes\",\"item\":\"https:\/\/originshape.com\/store-2\/\"},{\"@type\":\"ListItem\",\"position\":3,\"name\":\"Origin Habits\"}]},{\"@type\":\"WebSite\",\"@id\":\"https:\/\/originshape.com\/#website\",\"url\":\"https:\/\/originshape.com\/\",\"name\":\"Origin Shape\",\"description\":\"Nutrition and Fitness\",\"publisher\":{\"@id\":\"https:\/\/originshape.com\/#organization\"},\"potentialAction\":[{\"@type\":\"SearchAction\",\"target\":{\"@type\":\"EntryPoint\",\"urlTemplate\":\"https:\/\/originshape.com\/?s={search_term_string}\"},\"query-input\":{\"@type\":\"PropertyValueSpecification\",\"valueRequired\":true,\"valueName\":\"search_term_string\"}}],\"inLanguage\":\"es-DO\"},{\"@type\":\"Organization\",\"@id\":\"https:\/\/originshape.com\/#organization\",\"name\":\"Origin Shape\",\"url\":\"https:\/\/originshape.com\/\",\"logo\":{\"@type\":\"ImageObject\",\"inLanguage\":\"es-DO\",\"@id\":\"https:\/\/originshape.com\/#\/schema\/logo\/image\/\",\"url\":\"https:\/\/originshape.com\/wp-content\/uploads\/2022\/12\/39C56CFB-F744-41B1-9128-E6E7FF57EA6D.png\",\"contentUrl\":\"https:\/\/originshape.com\/wp-content\/uploads\/2022\/12\/39C56CFB-F744-41B1-9128-E6E7FF57EA6D.png\",\"width\":512,\"height\":512,\"caption\":\"Origin Shape\"},\"image\":{\"@id\":\"https:\/\/originshape.com\/#\/schema\/logo\/image\/\"}}]}<\/script>\n<!-- \/ Yoast SEO plugin. -->","yoast_head_json":{"title":"Origin Habits - Origin Shape","robots":{"index":"index","follow":"follow","max-snippet":"max-snippet:-1","max-image-preview":"max-image-preview:large","max-video-preview":"max-video-preview:-1"},"canonical":"https:\/\/originshape.com\/es\/product\/origin-habits\/","og_locale":"es_ES","og_type":"article","og_title":"Origin Habits - Origin Shape","og_description":"ORIGIN HABITS Includes: -Anthropometric and Physical Evaluation \u2013 Origin Membership &amp;\u00a0Origin App \u2013 Personalized Nutritional plan ( FREE COST ) -1 section of personalized training per week -Supplementary Suggestion -Support group and Follow-up Duration: 3 Months Bonus*\u00a0 \u2013 Inscription BOOK NOW","og_url":"https:\/\/originshape.com\/es\/product\/origin-habits\/","og_site_name":"Origin Shape","article_modified_time":"2023-05-14T21:50:45+00:00","og_image":[{"width":824,"height":1030,"url":"https:\/\/originshape.com\/wp-content\/uploads\/2022\/12\/FE6439AD-027E-450B-8701-4E172D3DEAE4-824x1030.jpeg","type":"image\/jpeg"}],"twitter_misc":{"Est. reading time":"1 minuto"},"schema":{"@context":"https:\/\/schema.org","@graph":[{"@type":"WebPage","@id":"https:\/\/originshape.com\/product\/origin-habits\/","url":"https:\/\/originshape.com\/product\/origin-habits\/","name":"Origin Habits - Origin Shape","isPartOf":{"@id":"https:\/\/originshape.com\/#website"},"primaryImageOfPage":{"@id":"https:\/\/originshape.com\/product\/origin-habits\/#primaryimage"},"image":{"@id":"https:\/\/originshape.com\/product\/origin-habits\/#primaryimage"},"thumbnailUrl":"https:\/\/originshape.com\/wp-content\/uploads\/2022\/12\/FE6439AD-027E-450B-8701-4E172D3DEAE4-scaled.jpeg","datePublished":"2023-05-14T18:32:26+00:00","dateModified":"2023-05-14T21:50:45+00:00","breadcrumb":{"@id":"https:\/\/originshape.com\/product\/origin-habits\/#breadcrumb"},"inLanguage":"es-DO","potentialAction":[{"@type":"ReadAction","target":["https:\/\/originshape.com\/product\/origin-habits\/"]}]},{"@type":"ImageObject","inLanguage":"es-DO","@id":"https:\/\/originshape.com\/product\/origin-habits\/#primaryimage","url":"https:\/\/originshape.com\/wp-content\/uploads\/2022\/12\/FE6439AD-027E-450B-8701-4E172D3DEAE4-scaled.jpeg","contentUrl":"https:\/\/originshape.com\/wp-content\/uploads\/2022\/12\/FE6439AD-027E-450B-8701-4E172D3DEAE4-scaled.jpeg","width":1638,"height":2048},{"@type":"BreadcrumbList","@id":"https:\/\/originshape.com\/product\/origin-habits\/#breadcrumb","itemListElement":[{"@type":"ListItem","position":1,"name":"Home","item":"https:\/\/originshape.com\/"},{"@type":"ListItem","position":2,"name":"Store clothes","item":"https:\/\/originshape.com\/store-2\/"},{"@type":"ListItem","position":3,"name":"Origin Habits"}]},{"@type":"WebSite","@id":"https:\/\/originshape.com\/#website","url":"https:\/\/originshape.com\/","name":"Origin Shape","description":"Nutrition and Fitness","publisher":{"@id":"https:\/\/originshape.com\/#organization"},"potentialAction":[{"@type":"SearchAction","target":{"@type":"EntryPoint","urlTemplate":"https:\/\/originshape.com\/?s={search_term_string}"},"query-input":{"@type":"PropertyValueSpecification","valueRequired":true,"valueName":"search_term_string"}}],"inLanguage":"es-DO"},{"@type":"Organization","@id":"https:\/\/originshape.com\/#organization","name":"Origin Shape","url":"https:\/\/originshape.com\/","logo":{"@type":"ImageObject","inLanguage":"es-DO","@id":"https:\/\/originshape.com\/#\/schema\/logo\/image\/","url":"https:\/\/originshape.com\/wp-content\/uploads\/2022\/12\/39C56CFB-F744-41B1-9128-E6E7FF57EA6D.png","contentUrl":"https:\/\/originshape.com\/wp-content\/uploads\/2022\/12\/39C56CFB-F744-41B1-9128-E6E7FF57EA6D.png","width":512,"height":512,"caption":"Origin Shape"},"image":{"@id":"https:\/\/originshape.com\/#\/schema\/logo\/image\/"}}]}},"jetpack_sharing_enabled":true,"_links":{"self":[{"href":"https:\/\/originshape.com\/es\/wp-json\/wp\/v2\/product\/6811","targetHints":{"allow":["GET"]}}],"collection":[{"href":"https:\/\/originshape.com\/es\/wp-json\/wp\/v2\/product"}],"about":[{"href":"https:\/\/originshape.com\/es\/wp-json\/wp\/v2\/types\/product"}],"replies":[{"embeddable":true,"href":"https:\/\/originshape.com\/es\/wp-json\/wp\/v2\/comments?post=6811"}],"wp:featuredmedia":[{"embeddable":true,"href":"https:\/\/originshape.com\/es\/wp-json\/wp\/v2\/media\/5076"}],"wp:attachment":[{"href":"https:\/\/originshape.com\/es\/wp-json\/wp\/v2\/media?parent=6811"}],"wp:term":[{"taxonomy":"product_brand","embeddable":true,"href":"https:\/\/originshape.com\/es\/wp-json\/wp\/v2\/product_brand?post=6811"},{"taxonomy":"product_cat","embeddable":true,"href":"https:\/\/originshape.com\/es\/wp-json\/wp\/v2\/product_cat?post=6811"},{"taxonomy":"product_tag","embeddable":true,"href":"https:\/\/originshape.com\/es\/wp-json\/wp\/v2\/product_tag?post=6811"}],"curies":[{"name":"wp","href":"https:\/\/api.w.org\/{rel}","templated":true}]}}